{"id":2184,"date":"2022-08-31T11:26:43","date_gmt":"2022-08-31T10:26:43","guid":{"rendered":"https:\/\/facetours.ma\/?post_type=product&#038;p=2184"},"modified":"2025-10-31T13:06:47","modified_gmt":"2025-10-31T12:06:47","slug":"tour-montgolfiere-marrakech","status":"publish","type":"product","link":"https:\/\/facetours.ma\/fr\/meilleures-circuits-au-maroc\/tour-montgolfiere-marrakech\/","title":{"rendered":"Tour en montgolfi\u00e8re \u00e0 Marrakech: une exp\u00e9rience unique"},"content":{"rendered":"<div class=\"wpb-content-wrapper\"><p>[vc_row][vc_column][vc_column_text]<\/p>\n<p style=\"text-align: center;\"><strong>Tour en montgolfi\u00e8re \u00e0 Marrakech : une aventure inoubliable et unique<\/strong><\/p>\n<p data-start=\"213\" data-end=\"725\">Vivez une <strong data-start=\"223\" data-end=\"267\">exp\u00e9rience unique au-dessus de Marrakech<\/strong> avec notre tour en montgolfi\u00e8re, une aventure magique qui combine adr\u00e9naline et \u00e9merveillement. Au lever du soleil, vous d\u00e9collerez dans une montgolfi\u00e8re s\u00e9curis\u00e9e et confortable, survolant les <strong data-start=\"462\" data-end=\"553\">palmeraies luxuriantes, les villages berb\u00e8res traditionnels et les montagnes de l\u2019Atlas<\/strong>. Admirez la ville rouge et ses environs depuis les airs, et profitez de <strong data-start=\"626\" data-end=\"661\">panoramas spectaculaires \u00e0 360\u00b0<\/strong>, parfaits pour la photographie et les souvenirs inoubliables.<\/p>\n<p data-start=\"727\" data-end=\"1151\">Chaque vol est guid\u00e9 par des pilotes exp\u00e9riment\u00e9s, avec tout le mat\u00e9riel de s\u00e9curit\u00e9 n\u00e9cessaire. \u00c0 l\u2019atterrissage, c\u00e9l\u00e9brez votre aventure avec une <strong data-start=\"875\" data-end=\"928\">c\u00e9r\u00e9monie traditionnelle et un toast au champagne<\/strong>, pour une exp\u00e9rience compl\u00e8te et m\u00e9morable. Que vous soyez voyageur solo, en couple ou en famille, ce tour en montgolfi\u00e8re vous promet <strong data-start=\"1064\" data-end=\"1148\">des moments inoubliables et une perspective unique sur Marrakech et ses environs<\/strong>.<\/p>\n<hr data-start=\"1153\" data-end=\"1156\" \/>\n<h3 data-start=\"1158\" data-end=\"1180\"><strong data-start=\"1162\" data-end=\"1178\">Points forts<\/strong><\/h3>\n<ul data-start=\"1181\" data-end=\"1553\">\n<li data-start=\"1181\" data-end=\"1285\">\n<p data-start=\"1183\" data-end=\"1285\"><strong data-start=\"1183\" data-end=\"1217\">Vue panoramique exceptionnelle<\/strong> sur Marrakech, les montagnes de l\u2019Atlas et les villages berb\u00e8res.<\/p>\n<\/li>\n<li data-start=\"1286\" data-end=\"1355\">\n<p data-start=\"1288\" data-end=\"1355\"><strong data-start=\"1288\" data-end=\"1314\">Vol au lever du soleil<\/strong> pour des couleurs et lumi\u00e8res uniques.<\/p>\n<\/li>\n<li data-start=\"1356\" data-end=\"1406\">\n<p data-start=\"1358\" data-end=\"1406\"><strong data-start=\"1358\" data-end=\"1403\">Pilotes professionnels et s\u00e9curit\u00e9 totale<\/strong>.<\/p>\n<\/li>\n<li data-start=\"1407\" data-end=\"1483\">\n<p data-start=\"1409\" data-end=\"1483\"><strong data-start=\"1409\" data-end=\"1459\">C\u00e9r\u00e9monie traditionnelle et toast au champagne<\/strong> apr\u00e8s l\u2019atterrissage.<\/p>\n<\/li>\n<li data-start=\"1484\" data-end=\"1553\">\n<p data-start=\"1486\" data-end=\"1553\">Convient pour <strong data-start=\"1500\" data-end=\"1522\">tous les voyageurs<\/strong>, solos, couples ou familles.<\/p>\n<\/li>\n<\/ul>\n<hr data-start=\"1555\" data-end=\"1558\" \/>\n<h3 data-start=\"1560\" data-end=\"1592\"><strong data-start=\"1564\" data-end=\"1590\">Informations pratiques<\/strong><\/h3>\n<ul data-start=\"1593\" data-end=\"1996\">\n<li data-start=\"1593\" data-end=\"1694\">\n<p data-start=\"1595\" data-end=\"1694\"><strong data-start=\"1595\" data-end=\"1612\">Dur\u00e9e du tour<\/strong> : 1 \u00e0 1h30 en vol, pr\u00e9voir 3 \u00e0 4 heures au total avec transfert et pr\u00e9paration.<\/p>\n<\/li>\n<li data-start=\"1695\" data-end=\"1791\">\n<p data-start=\"1697\" data-end=\"1791\"><strong data-start=\"1697\" data-end=\"1715\">Lieu de d\u00e9part<\/strong> : points de rendez-vous \u00e0 Marrakech, transfert inclus depuis votre h\u00f4tel.<\/p>\n<\/li>\n<li data-start=\"1792\" data-end=\"1848\">\n<p data-start=\"1794\" data-end=\"1848\"><strong data-start=\"1794\" data-end=\"1804\">Saison<\/strong> : toute l\u2019ann\u00e9e, vols au lever du soleil.<\/p>\n<\/li>\n<li data-start=\"1849\" data-end=\"1911\">\n<p data-start=\"1851\" data-end=\"1911\"><strong data-start=\"1851\" data-end=\"1866\">\u00c2ge minimum<\/strong> : 6 ans (enfants accompagn\u00e9s d\u2019un adulte).<\/p>\n<\/li>\n<li data-start=\"1912\" data-end=\"1996\">\n<p data-start=\"1914\" data-end=\"1996\"><strong data-start=\"1914\" data-end=\"1938\">V\u00eatements conseill\u00e9s<\/strong> : v\u00eatements chauds et confortables, chaussures ferm\u00e9es.<\/p>\n<\/li>\n<\/ul>\n<table class=\"table table-bordered tours-tabs__table\" style=\"height: 233px;\" width=\"862\">\n<tbody>\n<tr>\n<td><strong>Inclus<\/strong><\/td>\n<td>\n<table class=\"table table-bordered\" style=\"height: 62px;\" width=\"300\">\n<tbody>\n<tr>\n<td><i class=\"fa fa-check icon-tick icon-tick--on\"><\/i>Transfert depuis l&#8217;h\u00f4tel\/riad aller-retour.<\/td>\n<\/tr>\n<tr>\n<td><i class=\"fa fa-check icon-tick icon-tick--on\"><\/i>Vol en montgolfi\u00e8re de 60 minutes.<\/td>\n<\/tr>\n<tr>\n<td><i class=\"fa fa-check icon-tick icon-tick--on\"><\/i>Petit-d\u00e9jeuner.<\/td>\n<\/tr>\n<\/tbody>\n<\/table>\n<\/td>\n<\/tr>\n<tr>\n<td><b>Non inclus<\/b><\/td>\n<td>\n<table class=\"table table-bordered\" style=\"height: 62px;\" width=\"300\">\n<tbody>\n<tr>\n<td><i class=\"fa fa-times icon-tick icon-tick--off\"><\/i>Boissons.<\/td>\n<\/tr>\n<tr>\n<td><i class=\"fa fa-times icon-tick icon-tick--off\"><\/i>Pourboire.<\/td>\n<\/tr>\n<\/tbody>\n<\/table>\n<\/td>\n<\/tr>\n<\/tbody>\n<\/table>\n<p>[\/vc_column_text][\/vc_column][\/vc_row]<\/p>\n<\/div>","protected":false},"excerpt":{"rendered":"<p>D\u00e9butez le matin par un vol d&#8217;aventure pour observer le lever du soleil, depuis un point haut, et capturer les montagnes du Haut Atlas, des vues incroyables des villages berb\u00e8res, des vall\u00e9es et des diff\u00e9rentes couleurs des paysages.<\/p>\n","protected":false},"featured_media":1675,"template":"","meta":[],"product_brand":[],"product_cat":[101],"product_tag":[],"class_list":{"0":"post-2184","1":"product","2":"type-product","3":"status-publish","4":"has-post-thumbnail","6":"product_cat-activites-a-marrakech","7":"tour_category-activites-a-marrakech","9":"first","10":"instock","11":"shipping-taxable","12":"purchasable","13":"product-type-tour"},"_links":{"self":[{"href":"https:\/\/facetours.ma\/fr\/wp-json\/wp\/v2\/product\/2184","targetHints":{"allow":["GET"]}}],"collection":[{"href":"https:\/\/facetours.ma\/fr\/wp-json\/wp\/v2\/product"}],"about":[{"href":"https:\/\/facetours.ma\/fr\/wp-json\/wp\/v2\/types\/product"}],"wp:featuredmedia":[{"embeddable":true,"href":"https:\/\/facetours.ma\/fr\/wp-json\/wp\/v2\/media\/1675"}],"wp:attachment":[{"href":"https:\/\/facetours.ma\/fr\/wp-json\/wp\/v2\/media?parent=2184"}],"wp:term":[{"taxonomy":"product_brand","embeddable":true,"href":"https:\/\/facetours.ma\/fr\/wp-json\/wp\/v2\/product_brand?post=2184"},{"taxonomy":"product_cat","embeddable":true,"href":"https:\/\/facetours.ma\/fr\/wp-json\/wp\/v2\/product_cat?post=2184"},{"taxonomy":"product_tag","embeddable":true,"href":"https:\/\/facetours.ma\/fr\/wp-json\/wp\/v2\/product_tag?post=2184"}],"curies":[{"name":"wp","href":"https:\/\/api.w.org\/{rel}","templated":true}]}}