{"id":2182,"date":"2022-08-31T11:30:33","date_gmt":"2022-08-31T10:30:33","guid":{"rendered":"https:\/\/facetours.ma\/?post_type=product&#038;p=2182"},"modified":"2025-10-31T13:00:32","modified_gmt":"2025-10-31T12:00:32","slug":"promenade-caleche-marrakech","status":"publish","type":"product","link":"https:\/\/facetours.ma\/fr\/meilleures-circuits-au-maroc\/promenade-caleche-marrakech\/","title":{"rendered":"Promenade en Cal\u00e8che \u00e0 Marrakech"},"content":{"rendered":"<div class=\"wpb-content-wrapper\"><p>[vc_row][vc_column][vc_column_text]<\/p>\n<p style=\"text-align: center;\"><strong>Promenade en Cal\u00e8che \u00e0 Marrakech<\/strong><\/p>\n<p data-start=\"149\" data-end=\"721\">D\u00e9couvrez <strong data-start=\"186\" data-end=\"199\">Marrakech<\/strong> d\u2019une mani\u00e8re <strong data-start=\"214\" data-end=\"242\">authentique et relaxante<\/strong> gr\u00e2ce \u00e0 une <strong data-start=\"255\" data-end=\"294\">promenade en cal\u00e8che traditionnelle<\/strong> \u00e0 travers la ville. Parcourez les <strong data-start=\"329\" data-end=\"361\">ruelles anim\u00e9es de la m\u00e9dina<\/strong>, admirez les <strong data-start=\"375\" data-end=\"397\">palais historiques<\/strong>, les <strong data-start=\"403\" data-end=\"425\">jardins luxuriants<\/strong> et les <strong data-start=\"433\" data-end=\"450\">souks color\u00e9s<\/strong> tout en profitant du confort d\u2019une <strong data-start=\"486\" data-end=\"534\">cal\u00e8che tir\u00e9e par des chevaux bien entra\u00een\u00e9s<\/strong>. Cette exp\u00e9rience unique vous permet de <strong data-start=\"575\" data-end=\"631\">vivre l\u2019atmosph\u00e8re de Marrakech \u00e0 un rythme paisible<\/strong>, id\u00e9ale pour <strong data-start=\"645\" data-end=\"679\" data-is-only-node=\"\">familles, couples ou voyageurs<\/strong> souhaitant explorer la ville autrement.<\/p>\n<p data-start=\"723\" data-end=\"743\"><strong data-start=\"723\" data-end=\"741\">Points forts :<\/strong><\/p>\n<ul data-start=\"744\" data-end=\"967\">\n<li data-start=\"744\" data-end=\"820\">\n<p data-start=\"746\" data-end=\"820\"><strong data-start=\"746\" data-end=\"782\">D\u00e9couverte paisible de Marrakech<\/strong> \u00e0 bord d\u2019une cal\u00e8che traditionnelle<\/p>\n<\/li>\n<li data-start=\"821\" data-end=\"894\">\n<p data-start=\"823\" data-end=\"894\"><strong data-start=\"823\" data-end=\"861\">Visite des monuments embl\u00e9matiques<\/strong> et des <strong data-start=\"869\" data-end=\"892\">jardins de la ville<\/strong><\/p>\n<\/li>\n<li data-start=\"895\" data-end=\"967\">\n<p data-start=\"897\" data-end=\"967\"><strong data-start=\"897\" data-end=\"937\">Exp\u00e9rience culturelle et authentique<\/strong> adapt\u00e9e \u00e0 <strong data-start=\"948\" data-end=\"965\">tous les \u00e2ges<\/strong><\/p>\n<\/li>\n<\/ul>\n<p data-start=\"969\" data-end=\"999\"><strong data-start=\"969\" data-end=\"997\">Informations pratiques :<\/strong><\/p>\n<ul data-start=\"1000\" data-end=\"1355\">\n<li data-start=\"1000\" data-end=\"1051\">\n<p data-start=\"1002\" data-end=\"1051\"><strong data-start=\"1002\" data-end=\"1013\">Dur\u00e9e :<\/strong> 1 \u00e0 2 heures selon votre itin\u00e9raire<\/p>\n<\/li>\n<li data-start=\"1052\" data-end=\"1108\">\n<p data-start=\"1054\" data-end=\"1108\"><strong data-start=\"1054\" data-end=\"1066\">D\u00e9part :<\/strong> Place Jemaa el-Fna ou h\u00f4tel sur demande<\/p>\n<\/li>\n<li data-start=\"1109\" data-end=\"1199\">\n<p data-start=\"1111\" data-end=\"1199\"><strong data-start=\"1111\" data-end=\"1122\">Heure :<\/strong> Disponible <strong data-start=\"1134\" data-end=\"1165\">toute la journ\u00e9e et le soir<\/strong> pour admirer la ville illumin\u00e9e<\/p>\n<\/li>\n<li data-start=\"1200\" data-end=\"1272\">\n<p data-start=\"1202\" data-end=\"1272\"><strong data-start=\"1202\" data-end=\"1214\">Inclus :<\/strong> Cal\u00e8che priv\u00e9e avec chauffeur, couverture si n\u00e9cessaire<\/p>\n<\/li>\n<li data-start=\"1273\" data-end=\"1355\">\n<p data-start=\"1275\" data-end=\"1355\"><strong data-start=\"1275\" data-end=\"1289\">Conseils :<\/strong> Apportez un appareil photo et portez des v\u00eatements confortables.<\/p>\n<\/li>\n<\/ul>\n<table class=\"table table-bordered tours-tabs__table\" style=\"height: 233px;\" width=\"862\">\n<tbody>\n<tr>\n<td><strong>Inclus<\/strong><\/td>\n<td>\n<table class=\"table table-bordered\" style=\"height: 62px;\" width=\"300\">\n<tbody>\n<tr>\n<td><i class=\"fa fa-check icon-tick icon-tick--on\"><\/i>Transfert depuis la place Jamaa El Fna, aller-retour.<\/td>\n<\/tr>\n<tr>\n<td><i class=\"fa fa-check icon-tick icon-tick--on\"><\/i>Balade en cal\u00e8che.<\/td>\n<\/tr>\n<\/tbody>\n<\/table>\n<\/td>\n<\/tr>\n<tr>\n<td><b>Non inclus<\/b><\/td>\n<td>\n<table class=\"table table-bordered\" style=\"height: 62px;\" width=\"300\">\n<tbody>\n<tr>\n<td><i class=\"fa fa-times icon-tick icon-tick--off\"><\/i>Boissons.<\/td>\n<\/tr>\n<tr>\n<td><i class=\"fa fa-times icon-tick icon-tick--off\"><\/i>Pourboires.<\/td>\n<\/tr>\n<\/tbody>\n<\/table>\n<\/td>\n<\/tr>\n<\/tbody>\n<\/table>\n<p>[\/vc_column_text][\/vc_column][\/vc_row]<\/p>\n<\/div>","protected":false},"excerpt":{"rendered":"<p>D\u00e9couvrez Marrakech en cal\u00e8che et explorez la ville rouge et ses monuments, ses vieux et nouveaux b\u00e2timents aux couleurs vari\u00e9es pour admirer la ville de Marrakech, et profitez de cette exp\u00e9rience en vous promenant dans les rues de Marrakech.<\/p>\n","protected":false},"featured_media":1660,"template":"","meta":[],"product_brand":[],"product_cat":[101],"product_tag":[],"class_list":{"0":"post-2182","1":"product","2":"type-product","3":"status-publish","4":"has-post-thumbnail","6":"product_cat-activites-a-marrakech","7":"tour_category-activites-a-marrakech","9":"first","10":"instock","11":"shipping-taxable","12":"purchasable","13":"product-type-tour"},"_links":{"self":[{"href":"https:\/\/facetours.ma\/fr\/wp-json\/wp\/v2\/product\/2182","targetHints":{"allow":["GET"]}}],"collection":[{"href":"https:\/\/facetours.ma\/fr\/wp-json\/wp\/v2\/product"}],"about":[{"href":"https:\/\/facetours.ma\/fr\/wp-json\/wp\/v2\/types\/product"}],"wp:featuredmedia":[{"embeddable":true,"href":"https:\/\/facetours.ma\/fr\/wp-json\/wp\/v2\/media\/1660"}],"wp:attachment":[{"href":"https:\/\/facetours.ma\/fr\/wp-json\/wp\/v2\/media?parent=2182"}],"wp:term":[{"taxonomy":"product_brand","embeddable":true,"href":"https:\/\/facetours.ma\/fr\/wp-json\/wp\/v2\/product_brand?post=2182"},{"taxonomy":"product_cat","embeddable":true,"href":"https:\/\/facetours.ma\/fr\/wp-json\/wp\/v2\/product_cat?post=2182"},{"taxonomy":"product_tag","embeddable":true,"href":"https:\/\/facetours.ma\/fr\/wp-json\/wp\/v2\/product_tag?post=2182"}],"curies":[{"name":"wp","href":"https:\/\/api.w.org\/{rel}","templated":true}]}}