{"id":2180,"date":"2022-08-31T11:34:39","date_gmt":"2022-08-31T10:34:39","guid":{"rendered":"https:\/\/facetours.ma\/?post_type=product&#038;p=2180"},"modified":"2025-10-31T12:55:45","modified_gmt":"2025-10-31T11:55:45","slug":"soiree-fantasia-marrakech","status":"publish","type":"product","link":"https:\/\/facetours.ma\/fr\/meilleures-circuits-au-maroc\/soiree-fantasia-marrakech\/","title":{"rendered":"Soir\u00e9e D\u00eener Spectacle Fantasia  \u00e0 Marrakech"},"content":{"rendered":"<div class=\"wpb-content-wrapper\"><p>[vc_row][vc_column][vc_column_text]<\/p>\n<p style=\"text-align: center;\"><strong>Soir\u00e9e Fantasia Royale \u00e0 Marrakech<\/strong><\/p>\n<article class=\"text-token-text-primary w-full focus:outline-none [--shadow-height:45px] has-data-writing-block:pointer-events-none has-data-writing-block:-mt-(--shadow-height) has-data-writing-block:pt-(--shadow-height) [&amp;:has([data-writing-block])&gt;*]:pointer-events-auto [content-visibility:auto] supports-[content-visibility:auto]:[contain-intrinsic-size:auto_100lvh] scroll-mt-[calc(var(--header-height)+min(200px,max(70px,20svh)))]\" dir=\"auto\" tabindex=\"-1\" data-turn-id=\"212c859f-33ad-4387-8800-175d17e6c7a8\" data-testid=\"conversation-turn-122\" data-scroll-anchor=\"false\" data-turn=\"assistant\">\n<div class=\"text-base my-auto mx-auto [--thread-content-margin:--spacing(4)] thread-sm:[--thread-content-margin:--spacing(6)] thread-lg:[--thread-content-margin:--spacing(16)] px-(--thread-content-margin)\">\n<div class=\"[--thread-content-max-width:40rem] thread-lg:[--thread-content-max-width:48rem] mx-auto max-w-(--thread-content-max-width) flex-1 group\/turn-messages focus-visible:outline-hidden relative flex w-full min-w-0 flex-col agent-turn\" tabindex=\"-1\">\n<div class=\"flex max-w-full flex-col grow\">\n<div class=\"min-h-8 text-message relative flex w-full flex-col items-end gap-2 text-start break-words whitespace-normal [.text-message+&amp;]:mt-1\" dir=\"auto\" data-message-author-role=\"assistant\" data-message-id=\"212c859f-33ad-4387-8800-175d17e6c7a8\" data-message-model-slug=\"gpt-5-mini\">\n<div class=\"flex w-full flex-col gap-1 empty:hidden first:pt-[1px]\">\n<div class=\"markdown prose dark:prose-invert w-full break-words light markdown-new-styling\">\n<p data-start=\"61\" data-end=\"562\">D\u00e9couvrez la <strong data-start=\"101\" data-end=\"134\">magie de la culture marocaine<\/strong> lors de notre Soir\u00e9e D\u00eener-Spectacle Fantasia \u00e0 Marrakech. Savourez un d\u00eener traditionnel marocain dans un cadre enchanteur tout en assistant \u00e0 un <strong data-start=\"282\" data-end=\"318\">spectacle \u00e9questre \u00e9poustouflant<\/strong>, incluant cavaliers, chevaux arabes, musique traditionnelle et danses folkloriques. Une exp\u00e9rience immersive et festive, parfaite pour les couples, familles ou groupes d\u2019amis, offrant des souvenirs inoubliables sous les \u00e9toiles de Marrakech.<\/p>\n<p data-start=\"564\" data-end=\"584\"><strong data-start=\"564\" data-end=\"582\">Points forts :<\/strong><\/p>\n<ul data-start=\"585\" data-end=\"803\">\n<li data-start=\"585\" data-end=\"631\">\n<p data-start=\"587\" data-end=\"631\">D\u00eener marocain authentique et buffet vari\u00e9<\/p>\n<\/li>\n<li data-start=\"632\" data-end=\"678\">\n<p data-start=\"634\" data-end=\"678\">Spectacle \u00e9questre Fantasia impressionnant<\/p>\n<\/li>\n<li data-start=\"679\" data-end=\"716\">\n<p data-start=\"681\" data-end=\"716\">Musique et danses traditionnelles<\/p>\n<\/li>\n<li data-start=\"717\" data-end=\"753\">\n<p data-start=\"719\" data-end=\"753\">Ambiance conviviale et familiale<\/p>\n<\/li>\n<li data-start=\"754\" data-end=\"803\">\n<p data-start=\"756\" data-end=\"803\">Possibilit\u00e9 de photos et souvenirs m\u00e9morables<\/p>\n<\/li>\n<\/ul>\n<p data-start=\"805\" data-end=\"835\"><strong data-start=\"805\" data-end=\"833\">Informations pratiques :<\/strong><\/p>\n<ul data-start=\"836\" data-end=\"989\">\n<li data-start=\"836\" data-end=\"864\">\n<p data-start=\"838\" data-end=\"864\">Dur\u00e9e : environ 4 heures<\/p>\n<\/li>\n<li data-start=\"865\" data-end=\"913\">\n<p data-start=\"867\" data-end=\"913\">D\u00e9part depuis votre h\u00f4tel \u00e0 Marrakech inclus<\/p>\n<\/li>\n<li data-start=\"914\" data-end=\"947\">\n<p data-start=\"916\" data-end=\"947\">Tenue confortable recommand\u00e9e<\/p>\n<\/li>\n<li data-start=\"948\" data-end=\"989\">\n<p data-start=\"950\" data-end=\"989\">Accessible aux enfants et aux adultes<\/p>\n<\/li>\n<\/ul>\n<\/div>\n<\/div>\n<\/div>\n<\/div>\n<\/div>\n<\/div>\n<\/article>\n<article class=\"text-token-text-primary w-full focus:outline-none [--shadow-height:45px] has-data-writing-block:pointer-events-none has-data-writing-block:-mt-(--shadow-height) has-data-writing-block:pt-(--shadow-height) [&amp;:has([data-writing-block])&gt;*]:pointer-events-auto [content-visibility:auto] supports-[content-visibility:auto]:[contain-intrinsic-size:auto_100lvh] scroll-mt-[calc(var(--header-height)+min(200px,max(70px,20svh)))]\" dir=\"auto\" tabindex=\"-1\" data-turn-id=\"request-69030ea9-8a48-8330-83bd-184260e7c375-0\" data-testid=\"conversation-turn-124\" data-scroll-anchor=\"true\" data-turn=\"assistant\">\n<div class=\"text-base my-auto mx-auto pb-10 [--thread-content-margin:--spacing(4)] thread-sm:[--thread-content-margin:--spacing(6)] thread-lg:[--thread-content-margin:--spacing(16)] px-(--thread-content-margin)\">\n<div class=\"[--thread-content-max-width:40rem] thread-lg:[--thread-content-max-width:48rem] mx-auto max-w-(--thread-content-max-width) flex-1 group\/turn-messages focus-visible:outline-hidden relative flex w-full min-w-0 flex-col agent-turn\" tabindex=\"-1\">\n<div class=\"flex max-w-full flex-col grow\">\n<div class=\"min-h-8 text-message relative flex w-full flex-col items-end gap-2 text-start break-words whitespace-normal [.text-message+&amp;]:mt-1\" dir=\"auto\" data-message-author-role=\"assistant\" data-message-id=\"36b8b866-9055-44eb-ab8e-ddd08ac029c4\" data-message-model-slug=\"gpt-5-mini\">\n<div class=\"flex w-full flex-col gap-1 empty:hidden first:pt-[1px]\">\n<div class=\"markdown prose dark:prose-invert w-full break-words light markdown-new-styling\">\n<p data-start=\"61\" data-end=\"562\">\n<\/p><\/div>\n<\/div>\n<\/div>\n<\/div>\n<\/div>\n<\/div>\n<\/article>\n<table class=\"table table-bordered tours-tabs__table\" style=\"height: 233px;\" width=\"862\">\n<tbody>\n<tr>\n<td><strong>Inclus<\/strong><\/td>\n<td>\n<table class=\"table table-bordered\" style=\"height: 62px;\" width=\"300\">\n<tbody>\n<tr>\n<td><i class=\"fa fa-check icon-tick icon-tick--on\"><\/i>Transfert aller-retour depuis l&#8217;h\u00f4tel\/riad.<\/td>\n<\/tr>\n<tr>\n<td><i class=\"fa fa-check icon-tick icon-tick--on\"><\/i>Animation folklorique locale.<\/td>\n<\/tr>\n<tr>\n<td><i class=\"fa fa-check icon-tick icon-tick--on\"><\/i>D\u00eener.<\/td>\n<\/tr>\n<\/tbody>\n<\/table>\n<\/td>\n<\/tr>\n<tr>\n<td><b>Non inclus<\/b><\/td>\n<td>\n<table class=\"table table-bordered\" style=\"height: 62px;\" width=\"300\">\n<tbody>\n<tr>\n<td><i class=\"fa fa-times icon-tick icon-tick--off\"><\/i>Boissons.<\/td>\n<\/tr>\n<tr>\n<td><i class=\"fa fa-times icon-tick icon-tick--off\"><\/i>Pourboire.<\/td>\n<\/tr>\n<\/tbody>\n<\/table>\n<\/td>\n<\/tr>\n<\/tbody>\n<\/table>\n<p>[\/vc_column_text][\/vc_column][\/vc_row]<\/p>\n<\/div>","protected":false},"excerpt":{"rendered":"<p>Passez un moment fabuleux \u00e0 la soir\u00e9e Fantasia chez Ali avec un spectacle d&#8217;animation au c\u0153ur de la ville rouge, o\u00f9 vous pourrez admirer des acrobates, des cracheurs de feu, des danseuses du ventre et un spectacle \u00e9questre.<\/p>\n","protected":false},"featured_media":2026,"template":"","meta":[],"product_brand":[],"product_cat":[101],"product_tag":[],"class_list":{"0":"post-2180","1":"product","2":"type-product","3":"status-publish","4":"has-post-thumbnail","6":"product_cat-activites-a-marrakech","7":"tour_category-activites-a-marrakech","9":"first","10":"instock","11":"shipping-taxable","12":"purchasable","13":"product-type-tour"},"_links":{"self":[{"href":"https:\/\/facetours.ma\/fr\/wp-json\/wp\/v2\/product\/2180","targetHints":{"allow":["GET"]}}],"collection":[{"href":"https:\/\/facetours.ma\/fr\/wp-json\/wp\/v2\/product"}],"about":[{"href":"https:\/\/facetours.ma\/fr\/wp-json\/wp\/v2\/types\/product"}],"wp:featuredmedia":[{"embeddable":true,"href":"https:\/\/facetours.ma\/fr\/wp-json\/wp\/v2\/media\/2026"}],"wp:attachment":[{"href":"https:\/\/facetours.ma\/fr\/wp-json\/wp\/v2\/media?parent=2180"}],"wp:term":[{"taxonomy":"product_brand","embeddable":true,"href":"https:\/\/facetours.ma\/fr\/wp-json\/wp\/v2\/product_brand?post=2180"},{"taxonomy":"product_cat","embeddable":true,"href":"https:\/\/facetours.ma\/fr\/wp-json\/wp\/v2\/product_cat?post=2180"},{"taxonomy":"product_tag","embeddable":true,"href":"https:\/\/facetours.ma\/fr\/wp-json\/wp\/v2\/product_tag?post=2180"}],"curies":[{"name":"wp","href":"https:\/\/api.w.org\/{rel}","templated":true}]}}