{"id":2175,"date":"2022-08-31T11:40:24","date_gmt":"2022-08-31T10:40:24","guid":{"rendered":"https:\/\/facetours.ma\/?post_type=product&#038;p=2175"},"modified":"2025-10-31T12:43:45","modified_gmt":"2025-10-31T11:43:45","slug":"promenade-chameaux-marrakech","status":"publish","type":"product","link":"https:\/\/facetours.ma\/fr\/meilleures-circuits-au-maroc\/promenade-chameaux-marrakech\/","title":{"rendered":"Promenade en chameaux \u00e0 marrakech"},"content":{"rendered":"<div class=\"wpb-content-wrapper\"><p>[vc_row][vc_column][vc_column_text]<\/p>\n<p style=\"text-align: center;\"><strong>Promenade \u00e0 dos de chameau \u00e0 Marrakech<\/strong><\/p>\n<p data-start=\"54\" data-end=\"581\">Vivez une exp\u00e9rience inoubliable \u00e0 Marrakech avec une promenade \u00e0 dos de chameau \u00e0 travers les magnifiques paysages de la Palmeraie. Accompagn\u00e9 d\u2019un guide exp\u00e9riment\u00e9, explorez les palmiers luxuriants, les villages traditionnels et les dunes environnantes, tout en profitant de vues panoramiques sur la ville et l\u2019Atlas. Cette activit\u00e9 conviviale et authentique est id\u00e9ale pour les couples, les familles et les groupes, offrant un moment de d\u00e9tente et de d\u00e9couverte au c\u0153ur de la culture marocaine.<\/p>\n<p data-start=\"583\" data-end=\"603\"><strong data-start=\"583\" data-end=\"601\">Points forts :<\/strong><\/p>\n<ul data-start=\"604\" data-end=\"831\">\n<li data-start=\"604\" data-end=\"656\">\n<p data-start=\"606\" data-end=\"656\">Balade guid\u00e9e \u00e0 dos de chameau dans la Palmeraie<\/p>\n<\/li>\n<li data-start=\"657\" data-end=\"720\">\n<p data-start=\"659\" data-end=\"720\">Vues panoramiques sur Marrakech et les montagnes de l\u2019Atlas<\/p>\n<\/li>\n<li data-start=\"721\" data-end=\"769\">\n<p data-start=\"723\" data-end=\"769\">Activit\u00e9 adapt\u00e9e aux familles et aux couples<\/p>\n<\/li>\n<li data-start=\"770\" data-end=\"831\">\n<p data-start=\"772\" data-end=\"831\">D\u00e9couverte de la vie rurale et des villages traditionnels<\/p>\n<\/li>\n<\/ul>\n<p data-start=\"833\" data-end=\"863\"><strong data-start=\"833\" data-end=\"861\">Informations pratiques :<\/strong><\/p>\n<ul data-start=\"864\" data-end=\"1073\">\n<li data-start=\"864\" data-end=\"918\">\n<p data-start=\"866\" data-end=\"918\">Dur\u00e9e : 1 \u00e0 2 heures selon le choix de l\u2019excursion<\/p>\n<\/li>\n<li data-start=\"919\" data-end=\"950\">\n<p data-start=\"921\" data-end=\"950\">Heure : matin ou apr\u00e8s-midi<\/p>\n<\/li>\n<li data-start=\"951\" data-end=\"1016\">\n<p data-start=\"953\" data-end=\"1016\">Inclut : guide professionnel, chameau, boisson traditionnelle<\/p>\n<\/li>\n<li data-start=\"1017\" data-end=\"1073\">\n<p data-start=\"1019\" data-end=\"1073\">Tenue conseill\u00e9e : v\u00eatements confortables et chapeau<\/p>\n<\/li>\n<\/ul>\n<table class=\"table table-bordered tours-tabs__table\" style=\"height: 233px;\" width=\"862\">\n<tbody>\n<tr>\n<td><strong>Inclus<\/strong><\/td>\n<td>\n<table class=\"table table-bordered\" style=\"height: 62px;\" width=\"300\">\n<tbody>\n<tr>\n<td><i class=\"fa fa-check icon-tick icon-tick--on\"><\/i>Transfert aller-retour.<\/td>\n<\/tr>\n<tr>\n<td><i class=\"fa fa-check icon-tick icon-tick--on\"><\/i>Balade \u00e0 dos de chameau priv\u00e9e.<\/td>\n<\/tr>\n<\/tbody>\n<\/table>\n<\/td>\n<\/tr>\n<tr>\n<td><b>Non inclus<\/b><\/td>\n<td>\n<table class=\"table table-bordered\" style=\"height: 62px;\" width=\"300\">\n<tbody>\n<tr>\n<td><i class=\"fa fa-times icon-tick icon-tick--off\"><\/i>Boissons.<\/td>\n<\/tr>\n<tr>\n<td><i class=\"fa fa-times icon-tick icon-tick--off\"><\/i>Pourboire.<\/td>\n<\/tr>\n<\/tbody>\n<\/table>\n<\/td>\n<\/tr>\n<\/tbody>\n<\/table>\n<p>[\/vc_column_text][\/vc_column][\/vc_row]<\/p>\n<\/div>","protected":false},"excerpt":{"rendered":"<p>Chevauchez un chameau et d\u00e9couvrez la palmeraie et les plaines d\u00e9sertiques de la ville de Marrakech. Profitez de 2 heures parmi les palmiers en admirant les diff\u00e9rentes couleurs, les circuits d&#8217;aventure et certains endroits secrets \u00e9tonnants dans la ville rouge.<\/p>\n","protected":false},"featured_media":1882,"template":"","meta":[],"product_brand":[],"product_cat":[101],"product_tag":[],"class_list":{"0":"post-2175","1":"product","2":"type-product","3":"status-publish","4":"has-post-thumbnail","6":"product_cat-activites-a-marrakech","7":"tour_category-activites-a-marrakech","9":"first","10":"instock","11":"shipping-taxable","12":"purchasable","13":"product-type-tour"},"_links":{"self":[{"href":"https:\/\/facetours.ma\/fr\/wp-json\/wp\/v2\/product\/2175","targetHints":{"allow":["GET"]}}],"collection":[{"href":"https:\/\/facetours.ma\/fr\/wp-json\/wp\/v2\/product"}],"about":[{"href":"https:\/\/facetours.ma\/fr\/wp-json\/wp\/v2\/types\/product"}],"wp:featuredmedia":[{"embeddable":true,"href":"https:\/\/facetours.ma\/fr\/wp-json\/wp\/v2\/media\/1882"}],"wp:attachment":[{"href":"https:\/\/facetours.ma\/fr\/wp-json\/wp\/v2\/media?parent=2175"}],"wp:term":[{"taxonomy":"product_brand","embeddable":true,"href":"https:\/\/facetours.ma\/fr\/wp-json\/wp\/v2\/product_brand?post=2175"},{"taxonomy":"product_cat","embeddable":true,"href":"https:\/\/facetours.ma\/fr\/wp-json\/wp\/v2\/product_cat?post=2175"},{"taxonomy":"product_tag","embeddable":true,"href":"https:\/\/facetours.ma\/fr\/wp-json\/wp\/v2\/product_tag?post=2175"}],"curies":[{"name":"wp","href":"https:\/\/api.w.org\/{rel}","templated":true}]}}