{"id":2172,"date":"2022-08-31T11:44:39","date_gmt":"2022-08-31T10:44:39","guid":{"rendered":"https:\/\/facetours.ma\/?post_type=product&#038;p=2172"},"modified":"2025-10-31T12:38:56","modified_gmt":"2025-10-31T11:38:56","slug":"cours-cuisine-marrakech","status":"publish","type":"product","link":"https:\/\/facetours.ma\/fr\/meilleures-circuits-au-maroc\/cours-cuisine-marrakech\/","title":{"rendered":"Exp\u00e9rience de cours de cuisine de marrakech"},"content":{"rendered":"<div class=\"wpb-content-wrapper\"><p>[vc_row][vc_column][vc_column_text]<\/p>\n<p><strong>Exp\u00e9rience de cours de cuisine marocaine \u00e0 Marrakech \u2013 D\u00e9couvrez les secrets de la gastronomie traditionnel<\/strong><\/p>\n<p data-start=\"269\" data-end=\"1196\">Plongez au c\u0153ur de la culture marocaine \u00e0 travers une <strong data-start=\"323\" data-end=\"371\">exp\u00e9rience culinaire authentique \u00e0 Marrakech<\/strong>. Accompagn\u00e9 d\u2019un <strong data-start=\"389\" data-end=\"413\">chef local passionn\u00e9<\/strong>, vous apprendrez \u00e0 pr\u00e9parer les plats les plus embl\u00e9matiques du Maroc, comme le <strong data-start=\"494\" data-end=\"504\">tajine<\/strong>, le <strong data-start=\"509\" data-end=\"521\">couscous<\/strong> ou les <strong data-start=\"529\" data-end=\"555\">p\u00e2tisseries marocaines<\/strong>. Apr\u00e8s un passage par le <strong data-start=\"581\" data-end=\"604\">march\u00e9 traditionnel<\/strong> pour choisir des produits frais et \u00e9pices parfum\u00e9es, vous rejoindrez une <strong data-start=\"678\" data-end=\"707\">cuisine marocaine typique<\/strong> o\u00f9 vous d\u00e9couvrirez les secrets des <strong data-start=\"744\" data-end=\"765\">m\u00e9langes d\u2019\u00e9pices<\/strong>, des <strong data-start=\"771\" data-end=\"796\">techniques de cuisson<\/strong> et de la <strong data-start=\"806\" data-end=\"837\">pr\u00e9sentation traditionnelle<\/strong>.<br data-start=\"838\" data-end=\"841\" \/>\u00c0 la fin du cours, savourez le fruit de votre travail autour d\u2019un <strong data-start=\"907\" data-end=\"926\">repas convivial<\/strong>, accompagn\u00e9 de <strong data-start=\"942\" data-end=\"961\">th\u00e9 \u00e0 la menthe<\/strong> et de <strong data-start=\"968\" data-end=\"988\">douceurs locales<\/strong>, dans une ambiance chaleureuse et authentique. Cette activit\u00e9 est id\u00e9ale pour les amateurs de gastronomie, les familles, et tous ceux qui souhaitent vivre une <strong data-start=\"1148\" data-end=\"1195\">exp\u00e9rience culturelle immersive \u00e0 Marrakech<\/strong>.<\/p>\n<hr data-start=\"1198\" data-end=\"1201\" \/>\n<h3 data-start=\"1203\" data-end=\"1229\">\u2b50 <strong data-start=\"1209\" data-end=\"1227\">Points forts :<\/strong><\/h3>\n<ul data-start=\"1230\" data-end=\"1563\">\n<li data-start=\"1230\" data-end=\"1307\">\n<p data-start=\"1232\" data-end=\"1307\">Apprenez \u00e0 cuisiner des plats marocains traditionnels avec un chef local.<\/p>\n<\/li>\n<li data-start=\"1308\" data-end=\"1379\">\n<p data-start=\"1310\" data-end=\"1379\">Visite du march\u00e9 pour d\u00e9couvrir les \u00e9pices et ingr\u00e9dients typiques.<\/p>\n<\/li>\n<li data-start=\"1380\" data-end=\"1426\">\n<p data-start=\"1382\" data-end=\"1426\">D\u00e9gustation conviviale des plats pr\u00e9par\u00e9s.<\/p>\n<\/li>\n<li data-start=\"1427\" data-end=\"1507\">\n<p data-start=\"1429\" data-end=\"1507\">Activit\u00e9 interactive, parfaite pour les couples, familles ou groupes d\u2019amis.<\/p>\n<\/li>\n<li data-start=\"1508\" data-end=\"1563\">\n<p data-start=\"1510\" data-end=\"1563\">Cadre authentique dans une maison ou riad marocain.<\/p>\n<\/li>\n<\/ul>\n<hr data-start=\"1565\" data-end=\"1568\" \/>\n<h3 data-start=\"1570\" data-end=\"1607\">\u2139\ufe0f <strong data-start=\"1577\" data-end=\"1605\">Informations pratiques :<\/strong><\/h3>\n<ul data-start=\"1608\" data-end=\"1920\">\n<li data-start=\"1608\" data-end=\"1671\">\n<p data-start=\"1610\" data-end=\"1671\">\ud83d\udccd <strong data-start=\"1613\" data-end=\"1623\">Lieu :<\/strong> Marrakech (transfert aller-retour disponible)<\/p>\n<\/li>\n<li data-start=\"1672\" data-end=\"1706\">\n<p data-start=\"1674\" data-end=\"1706\">\u23f0 <strong data-start=\"1676\" data-end=\"1687\">Dur\u00e9e :<\/strong> Environ 4 heures<\/p>\n<\/li>\n<li data-start=\"1707\" data-end=\"1800\">\n<p data-start=\"1709\" data-end=\"1800\">\ud83d\udc69\u200d\ud83c\udf73 <strong data-start=\"1715\" data-end=\"1727\">Inclus :<\/strong> Ingr\u00e9dients, mat\u00e9riel de cuisine, repas, boissons, encadrement du chef<\/p>\n<\/li>\n<li data-start=\"1801\" data-end=\"1859\">\n<p data-start=\"1803\" data-end=\"1859\">\ud83d\udc55 <strong data-start=\"1806\" data-end=\"1821\">\u00c0 pr\u00e9voir :<\/strong> Tenue confortable et appareil photo<\/p>\n<\/li>\n<li data-start=\"1860\" data-end=\"1920\">\n<p data-start=\"1862\" data-end=\"1920\">\ud83d\udd52 <strong data-start=\"1865\" data-end=\"1877\">D\u00e9part :<\/strong> Matin ou apr\u00e8s-midi, selon disponibilit\u00e9<\/p>\n<\/li>\n<\/ul>\n<table class=\"table table-bordered tours-tabs__table\" style=\"height: 233px;\" width=\"862\">\n<tbody>\n<tr>\n<td><strong>Inclus<\/strong><\/td>\n<td>\n<table class=\"table table-bordered\" style=\"height: 62px;\" width=\"300\">\n<tbody>\n<tr>\n<td><i class=\"fa fa-check icon-tick icon-tick--on\"><\/i>Transfert depuis l&#8217;h\u00f4tel\/riad aller-retour.<\/td>\n<\/tr>\n<tr>\n<td><i class=\"fa fa-check icon-tick icon-tick--on\"><\/i>Session de cours de cuisine.<\/td>\n<\/tr>\n<tr>\n<td><i class=\"fa fa-check icon-tick icon-tick--on\"><\/i>D\u00e9jeuner.<\/td>\n<\/tr>\n<tr>\n<td><i class=\"fa fa-check icon-tick icon-tick--on\"><\/i>Boissons.<\/td>\n<\/tr>\n<\/tbody>\n<\/table>\n<\/td>\n<\/tr>\n<tr>\n<td><b>Non inclus<\/b><\/td>\n<td>\n<table class=\"table table-bordered\" style=\"height: 62px;\" width=\"300\">\n<tbody>\n<tr>\n<td><i class=\"fa fa-times icon-tick icon-tick--off\"><\/i>Pourboire.<\/td>\n<\/tr>\n<\/tbody>\n<\/table>\n<\/td>\n<\/tr>\n<\/tbody>\n<\/table>\n<p>[\/vc_column_text][\/vc_column][\/vc_row]<\/p>\n<\/div>","protected":false},"excerpt":{"rendered":"<p>Nous vous d\u00e9voilerons les secrets de la plus pure tradition gastronomique marocaine, vous donnerons des astuces et vous apprendrons \u00e0 cuisiner des plats marocains tels que le tajine, le th\u00e9, le couscous et toute la cuisine marocaine.<\/p>\n","protected":false},"featured_media":2028,"template":"","meta":[],"product_brand":[],"product_cat":[101],"product_tag":[],"class_list":{"0":"post-2172","1":"product","2":"type-product","3":"status-publish","4":"has-post-thumbnail","6":"product_cat-activites-a-marrakech","7":"tour_category-activites-a-marrakech","9":"first","10":"instock","11":"shipping-taxable","12":"purchasable","13":"product-type-tour"},"_links":{"self":[{"href":"https:\/\/facetours.ma\/fr\/wp-json\/wp\/v2\/product\/2172","targetHints":{"allow":["GET"]}}],"collection":[{"href":"https:\/\/facetours.ma\/fr\/wp-json\/wp\/v2\/product"}],"about":[{"href":"https:\/\/facetours.ma\/fr\/wp-json\/wp\/v2\/types\/product"}],"wp:featuredmedia":[{"embeddable":true,"href":"https:\/\/facetours.ma\/fr\/wp-json\/wp\/v2\/media\/2028"}],"wp:attachment":[{"href":"https:\/\/facetours.ma\/fr\/wp-json\/wp\/v2\/media?parent=2172"}],"wp:term":[{"taxonomy":"product_brand","embeddable":true,"href":"https:\/\/facetours.ma\/fr\/wp-json\/wp\/v2\/product_brand?post=2172"},{"taxonomy":"product_cat","embeddable":true,"href":"https:\/\/facetours.ma\/fr\/wp-json\/wp\/v2\/product_cat?post=2172"},{"taxonomy":"product_tag","embeddable":true,"href":"https:\/\/facetours.ma\/fr\/wp-json\/wp\/v2\/product_tag?post=2172"}],"curies":[{"name":"wp","href":"https:\/\/api.w.org\/{rel}","templated":true}]}}