{"id":2156,"date":"2022-08-31T11:47:35","date_gmt":"2022-08-31T10:47:35","guid":{"rendered":"https:\/\/facetours.ma\/?post_type=product&#038;p=2156"},"modified":"2025-10-31T10:05:10","modified_gmt":"2025-10-31T09:05:10","slug":"diner-luxe-camp-desert-agafay","status":"publish","type":"product","link":"https:\/\/facetours.ma\/fr\/meilleures-circuits-au-maroc\/diner-luxe-camp-desert-agafay\/","title":{"rendered":"Bivouac de luxe dans le d\u00e9sert d\u2019Agafay"},"content":{"rendered":"<div class=\"wpb-content-wrapper\"><p>[vc_row][vc_column][vc_column_text]<\/p>\n<p data-start=\"215\" data-end=\"315\"><strong data-start=\"219\" data-end=\"313\">Soir\u00e9e magique et d\u00eener au bivouac de luxe du d\u00e9sert d\u2019Agafay \u2013 Une exp\u00e9rience inoubliable<\/strong><\/p>\n<article class=\"text-token-text-primary w-full focus:outline-none [--shadow-height:45px] has-data-writing-block:pointer-events-none has-data-writing-block:-mt-(--shadow-height) has-data-writing-block:pt-(--shadow-height) [&amp;:has([data-writing-block])&gt;*]:pointer-events-auto [content-visibility:auto] supports-[content-visibility:auto]:[contain-intrinsic-size:auto_100lvh] scroll-mt-[calc(var(--header-height)+min(200px,max(70px,20svh)))]\" dir=\"auto\" tabindex=\"-1\" data-turn-id=\"request-69030ea9-8a48-8330-83bd-184260e7c375-5\" data-testid=\"conversation-turn-106\" data-scroll-anchor=\"false\" data-turn=\"assistant\">\n<div class=\"text-base my-auto mx-auto [--thread-content-margin:--spacing(4)] thread-sm:[--thread-content-margin:--spacing(6)] thread-lg:[--thread-content-margin:--spacing(16)] px-(--thread-content-margin)\">\n<div class=\"[--thread-content-max-width:40rem] thread-lg:[--thread-content-max-width:48rem] mx-auto max-w-(--thread-content-max-width) flex-1 group\/turn-messages focus-visible:outline-hidden relative flex w-full min-w-0 flex-col agent-turn\" tabindex=\"-1\">\n<div class=\"flex max-w-full flex-col grow\">\n<div class=\"min-h-8 text-message relative flex w-full flex-col items-end gap-2 text-start break-words whitespace-normal [.text-message+&amp;]:mt-1\" dir=\"auto\" data-message-author-role=\"assistant\" data-message-id=\"8fa941b5-4c03-4bec-8ad0-e1c2c83ec9e7\" data-message-model-slug=\"gpt-5\">\n<div class=\"flex w-full flex-col gap-1 empty:hidden first:pt-[1px]\">\n<div class=\"markdown prose dark:prose-invert w-full break-words light markdown-new-styling\">\n<p data-start=\"254\" data-end=\"1153\">Vivez une <strong data-start=\"264\" data-end=\"310\">soir\u00e9e inoubliable dans le d\u00e9sert d\u2019Agafay<\/strong>, \u00e0 seulement quelques kilom\u00e8tres de Marrakech. Profitez d\u2019un <strong data-start=\"372\" data-end=\"418\">d\u00eener de luxe dans un camp berb\u00e8re \u00e9l\u00e9gant<\/strong>, au c\u0153ur d\u2019un paysage d\u00e9sertique fascinant. \u00c0 votre arriv\u00e9e, vous serez accueilli chaleureusement avec du <strong data-start=\"525\" data-end=\"557\">th\u00e9 \u00e0 la menthe traditionnel<\/strong> et des p\u00e2tisseries marocaines, avant de vous installer confortablement sous une tente illumin\u00e9e par des lanternes.<br data-start=\"672\" data-end=\"675\" \/>Savourez un <strong data-start=\"687\" data-end=\"719\">repas gastronomique marocain<\/strong>, compos\u00e9 de tajines savoureux, de couscous parfum\u00e9s et de grillades fines, tout en \u00e9coutant la <strong data-start=\"815\" data-end=\"855\">musique gnawa et les chants berb\u00e8res<\/strong> qui animent la soir\u00e9e. Le coucher du soleil sur les collines dor\u00e9es d\u2019Agafay cr\u00e9e une atmosph\u00e8re romantique et paisible, id\u00e9ale pour les couples et les voyageurs en qu\u00eate d\u2019authenticit\u00e9.<br data-start=\"1042\" data-end=\"1045\" \/>Cette exp\u00e9rience m\u00eale <strong data-start=\"1067\" data-end=\"1094\">luxe, culture et nature<\/strong>, pour une immersion totale dans l\u2019art de vivre marocain.<\/p>\n<hr data-start=\"1155\" data-end=\"1158\" \/>\n<h3 data-start=\"1160\" data-end=\"1187\">\ud83d\udcab <strong data-start=\"1167\" data-end=\"1185\">Points forts :<\/strong><\/h3>\n<ul data-start=\"1188\" data-end=\"1460\">\n<li data-start=\"1188\" data-end=\"1245\">\n<p data-start=\"1190\" data-end=\"1245\">D\u00eener gastronomique dans un cadre d\u00e9sertique f\u00e9erique<\/p>\n<\/li>\n<li data-start=\"1246\" data-end=\"1304\">\n<p data-start=\"1248\" data-end=\"1304\">Coucher du soleil spectaculaire sur le d\u00e9sert d\u2019Agafay<\/p>\n<\/li>\n<li data-start=\"1305\" data-end=\"1350\">\n<p data-start=\"1307\" data-end=\"1350\">Animation musicale traditionnelle berb\u00e8re<\/p>\n<\/li>\n<li data-start=\"1351\" data-end=\"1407\">\n<p data-start=\"1353\" data-end=\"1407\">Camp de luxe avec ambiance romantique et authentique<\/p>\n<\/li>\n<li data-start=\"1408\" data-end=\"1460\">\n<p data-start=\"1410\" data-end=\"1460\">Accueil marocain chaleureux avec th\u00e9 et douceurs<\/p>\n<\/li>\n<\/ul>\n<hr data-start=\"1462\" data-end=\"1465\" \/>\n<h3 data-start=\"1467\" data-end=\"1504\">\ud83d\udd53 <strong data-start=\"1474\" data-end=\"1502\">Informations pratiques :<\/strong><\/h3>\n<ul data-start=\"1505\" data-end=\"1838\">\n<li data-start=\"1505\" data-end=\"1565\">\n<p data-start=\"1507\" data-end=\"1565\">\ud83d\udccd <strong data-start=\"1510\" data-end=\"1520\">Lieu :<\/strong> D\u00e9sert d\u2019Agafay, \u00e0 40 minutes de Marrakech<\/p>\n<\/li>\n<li data-start=\"1566\" data-end=\"1637\">\n<p data-start=\"1568\" data-end=\"1637\">\ud83d\udd52 <strong data-start=\"1571\" data-end=\"1582\">Dur\u00e9e :<\/strong> Environ 4 \u00e0 5 heures (transfert aller-retour inclus)<\/p>\n<\/li>\n<li data-start=\"1638\" data-end=\"1708\">\n<p data-start=\"1640\" data-end=\"1708\">\ud83d\ude97 <strong data-start=\"1643\" data-end=\"1658\">Transfert :<\/strong> Disponible depuis votre h\u00e9bergement \u00e0 Marrakech<\/p>\n<\/li>\n<li data-start=\"1709\" data-end=\"1776\">\n<p data-start=\"1711\" data-end=\"1776\">\ud83c\udf7d\ufe0f <strong data-start=\"1715\" data-end=\"1733\">Repas inclus :<\/strong> D\u00eener complet + boissons non alcoolis\u00e9es<\/p>\n<\/li>\n<li data-start=\"1777\" data-end=\"1838\">\n<p data-start=\"1779\" data-end=\"1838\">\ud83d\udc55 <strong data-start=\"1782\" data-end=\"1795\">Conseil :<\/strong> Pr\u00e9voyez une veste l\u00e9g\u00e8re pour la soir\u00e9e<\/p>\n<\/li>\n<\/ul>\n<hr data-start=\"1840\" data-end=\"1843\" \/>\n<\/div>\n<\/div>\n<\/div>\n<\/div>\n<\/div>\n<\/div>\n<\/article>\n<article class=\"text-token-text-primary w-full focus:outline-none [--shadow-height:45px] has-data-writing-block:pointer-events-none has-data-writing-block:-mt-(--shadow-height) has-data-writing-block:pt-(--shadow-height) [&amp;:has([data-writing-block])&gt;*]:pointer-events-auto scroll-mt-(--header-height)\" dir=\"auto\" tabindex=\"-1\" data-turn-id=\"75bcbe67-80dc-4715-b377-cdf34e8226df\" data-testid=\"conversation-turn-107\" data-scroll-anchor=\"false\" data-turn=\"user\">\n<div class=\"text-base my-auto mx-auto pt-12 [--thread-content-margin:--spacing(4)] thread-sm:[--thread-content-margin:--spacing(6)] thread-lg:[--thread-content-margin:--spacing(16)] px-(--thread-content-margin)\">\n<div class=\"[--thread-content-max-width:40rem] thread-lg:[--thread-content-max-width:48rem] mx-auto max-w-(--thread-content-max-width) flex-1 group\/turn-messages focus-visible:outline-hidden relative flex w-full min-w-0 flex-col\" tabindex=\"-1\">\n<div class=\"flex max-w-full flex-col grow\">\n<div class=\"min-h-8 text-message relative flex w-full flex-col items-end gap-2 text-start break-words whitespace-normal [.text-message+&amp;]:mt-1\" dir=\"auto\" data-message-author-role=\"user\" data-message-id=\"75bcbe67-80dc-4715-b377-cdf34e8226df\">\n<div class=\"flex w-full flex-col gap-1 empty:hidden items-end rtl:items-start\">\n<div class=\"user-message-bubble-color relative rounded-[18px] px-4 py-1.5 data-[multiline]:py-3 max-w-[var(--user-chat-width,70%)]\">\n<div class=\"whitespace-pre-wrap\"><\/div>\n<\/div>\n<\/div>\n<\/div>\n<\/div>\n<\/div>\n<\/div>\n<\/article>\n<table class=\"table table-bordered tours-tabs__table\" style=\"height: 233px;\" width=\"862\">\n<tbody>\n<tr>\n<td><strong>Inclus<\/strong><\/td>\n<td>\n<table class=\"table table-bordered\" style=\"height: 62px;\" width=\"300\">\n<tbody>\n<tr>\n<td><i class=\"fa fa-check icon-tick icon-tick--on\"><\/i>Transfert depuis l&#8217;h\u00f4tel\/riad aller-retour.<\/td>\n<\/tr>\n<tr>\n<td><i class=\"fa fa-check icon-tick icon-tick--on\"><\/i>D\u00eener.<\/td>\n<\/tr>\n<tr>\n<td><i class=\"fa fa-check icon-tick icon-tick--on\"><\/i>Une nuit en chambre de luxe en DP (demi-pension).<\/td>\n<\/tr>\n<tr>\n<td><i class=\"fa fa-check icon-tick icon-tick--on\"><\/i>Th\u00e9.<\/td>\n<\/tr>\n<\/tbody>\n<\/table>\n<\/td>\n<\/tr>\n<tr>\n<td><b>Non inclus<\/b><\/td>\n<td>\n<table class=\"table table-bordered\" style=\"height: 62px;\" width=\"300\">\n<tbody>\n<tr>\n<td><i class=\"fa fa-times icon-tick icon-tick--off\"><\/i>Pourboire.<\/td>\n<\/tr>\n<tr>\n<td><i class=\"fa fa-times icon-tick icon-tick--off\"><\/i>Boissons.<\/td>\n<\/tr>\n<\/tbody>\n<\/table>\n<\/td>\n<\/tr>\n<\/tbody>\n<\/table>\n<p>[\/vc_column_text][\/vc_column][\/vc_row]<\/p>\n<\/div>","protected":false},"excerpt":{"rendered":"<p>Passer une nuit sp\u00e9ciale dans le d\u00e9sert d&#8217;Agafay est une exp\u00e9rience unique et inoubliable, o\u00f9 l&#8217;on peut admirer le coucher de soleil sur le d\u00e9sert du Maroc. C&#8217;est une soir\u00e9e particuli\u00e8re dans le d\u00e9sert d&#8217;Agafay, dans la r\u00e9gion de Marrakech.<\/p>\n","protected":false},"featured_media":1977,"template":"","meta":[],"product_brand":[],"product_cat":[101],"product_tag":[],"class_list":{"0":"post-2156","1":"product","2":"type-product","3":"status-publish","4":"has-post-thumbnail","6":"product_cat-activites-a-marrakech","7":"tour_category-activites-a-marrakech","9":"first","10":"instock","11":"shipping-taxable","12":"product-type-tour"},"_links":{"self":[{"href":"https:\/\/facetours.ma\/fr\/wp-json\/wp\/v2\/product\/2156","targetHints":{"allow":["GET"]}}],"collection":[{"href":"https:\/\/facetours.ma\/fr\/wp-json\/wp\/v2\/product"}],"about":[{"href":"https:\/\/facetours.ma\/fr\/wp-json\/wp\/v2\/types\/product"}],"wp:featuredmedia":[{"embeddable":true,"href":"https:\/\/facetours.ma\/fr\/wp-json\/wp\/v2\/media\/1977"}],"wp:attachment":[{"href":"https:\/\/facetours.ma\/fr\/wp-json\/wp\/v2\/media?parent=2156"}],"wp:term":[{"taxonomy":"product_brand","embeddable":true,"href":"https:\/\/facetours.ma\/fr\/wp-json\/wp\/v2\/product_brand?post=2156"},{"taxonomy":"product_cat","embeddable":true,"href":"https:\/\/facetours.ma\/fr\/wp-json\/wp\/v2\/product_cat?post=2156"},{"taxonomy":"product_tag","embeddable":true,"href":"https:\/\/facetours.ma\/fr\/wp-json\/wp\/v2\/product_tag?post=2156"}],"curies":[{"name":"wp","href":"https:\/\/api.w.org\/{rel}","templated":true}]}}