{"id":2152,"date":"2022-08-31T10:06:58","date_gmt":"2022-08-31T09:06:58","guid":{"rendered":"https:\/\/facetours.ma\/?post_type=product&#038;p=2152"},"modified":"2025-10-31T09:33:58","modified_gmt":"2025-10-31T08:33:58","slug":"tour-montgolfiere-agadir","status":"publish","type":"product","link":"https:\/\/facetours.ma\/fr\/meilleures-circuits-au-maroc\/tour-montgolfiere-agadir\/","title":{"rendered":"Tour en montgolfi\u00e8re d&#8217;Agadir: une exp\u00e9rience unique"},"content":{"rendered":"<div class=\"wpb-content-wrapper\"><p>[vc_row][vc_column][vc_column_text]<\/p>\n<p><strong>Tour en montgolfi\u00e8re d\u2019Agadir \u2013 Une exp\u00e9rience unique au-dessus du Maroc<\/strong><\/p>\n<p data-start=\"374\" data-end=\"730\">Vivez une <strong data-start=\"384\" data-end=\"410\">exp\u00e9rience inoubliable<\/strong> avec le <strong data-start=\"419\" data-end=\"452\">tour en montgolfi\u00e8re d\u2019Agadir<\/strong>, une aventure magique qui vous permet de contempler le <strong data-start=\"508\" data-end=\"528\">Maroc vu du ciel<\/strong>. D\u00e8s les premi\u00e8res lueurs du matin, embarquez pour un <strong data-start=\"583\" data-end=\"616\">vol paisible et spectaculaire<\/strong> au-dessus des <strong data-start=\"631\" data-end=\"655\">montagnes de l\u2019Atlas<\/strong>, des <strong data-start=\"661\" data-end=\"684\">vall\u00e9es verdoyantes<\/strong> et des <strong data-start=\"692\" data-end=\"727\">villages berb\u00e8res traditionnels<\/strong>.<\/p>\n<p data-start=\"732\" data-end=\"1144\">Apr\u00e8s un transfert depuis votre h\u00f4tel, vous serez accueilli par une \u00e9quipe professionnelle qui vous expliquera le d\u00e9roulement du vol et vous invitera \u00e0 assister au <strong data-start=\"896\" data-end=\"938\">gonflage majestueux de la montgolfi\u00e8re<\/strong>, un moment fascinant. Une fois dans les airs, laissez-vous emporter par la <strong data-start=\"1014\" data-end=\"1037\">s\u00e9r\u00e9nit\u00e9 du silence<\/strong> et admirez la <strong data-start=\"1052\" data-end=\"1088\">lumi\u00e8re dor\u00e9e du lever du soleil<\/strong> qui \u00e9claire les paysages d\u2019Agadir et de ses environs.<\/p>\n<p data-start=\"1146\" data-end=\"1437\">\u00c0 l\u2019atterrissage, un <strong data-start=\"1167\" data-end=\"1206\">petit-d\u00e9jeuner berb\u00e8re traditionnel<\/strong> vous attend, servi dans une tente au c\u0153ur de la nature. Cette exp\u00e9rience allie <strong data-start=\"1286\" data-end=\"1326\">aventure, romantisme et authenticit\u00e9<\/strong>, id\u00e9ale pour les couples, les familles ou les voyageurs \u00e0 la recherche d\u2019un moment d\u2019\u00e9vasion hors du commun.<\/p>\n<hr data-start=\"1439\" data-end=\"1442\" \/>\n<h3 data-start=\"1444\" data-end=\"1471\">\ud83d\udcab <strong data-start=\"1451\" data-end=\"1469\">Points forts :<\/strong><\/h3>\n<ul data-start=\"1472\" data-end=\"1717\">\n<li data-start=\"1472\" data-end=\"1532\">\n<p data-start=\"1474\" data-end=\"1532\"><strong data-start=\"1474\" data-end=\"1508\">Vue panoramique exceptionnelle<\/strong> sur Agadir et l\u2019Atlas<\/p>\n<\/li>\n<li data-start=\"1533\" data-end=\"1579\">\n<p data-start=\"1535\" data-end=\"1579\"><strong data-start=\"1535\" data-end=\"1577\">Exp\u00e9rience paisible au lever du soleil<\/strong><\/p>\n<\/li>\n<li data-start=\"1580\" data-end=\"1630\">\n<p data-start=\"1582\" data-end=\"1630\"><strong data-start=\"1582\" data-end=\"1628\">Petit-d\u00e9jeuner berb\u00e8re inclus apr\u00e8s le vol<\/strong><\/p>\n<\/li>\n<li data-start=\"1631\" data-end=\"1682\">\n<p data-start=\"1633\" data-end=\"1682\"><strong data-start=\"1633\" data-end=\"1680\">\u00c9quipe professionnelle et s\u00e9curit\u00e9 garantie<\/strong><\/p>\n<\/li>\n<li data-start=\"1683\" data-end=\"1717\">\n<p data-start=\"1685\" data-end=\"1717\"><strong data-start=\"1685\" data-end=\"1715\">Moments photo inoubliables<\/strong><\/p>\n<\/li>\n<\/ul>\n<hr data-start=\"1719\" data-end=\"1722\" \/>\n<h3 data-start=\"1724\" data-end=\"1761\">\ud83d\udccb <strong data-start=\"1731\" data-end=\"1759\">Informations pratiques :<\/strong><\/h3>\n<ul data-start=\"1762\" data-end=\"2146\">\n<li data-start=\"1762\" data-end=\"1827\">\n<p data-start=\"1764\" data-end=\"1827\"><strong data-start=\"1764\" data-end=\"1782\">Dur\u00e9e totale :<\/strong> Environ 4 \u00e0 5 heures (dont 1 heure de vol)<\/p>\n<\/li>\n<li data-start=\"1828\" data-end=\"1884\">\n<p data-start=\"1830\" data-end=\"1884\"><strong data-start=\"1830\" data-end=\"1842\">D\u00e9part :<\/strong> T\u00f4t le matin (avant le lever du soleil)<\/p>\n<\/li>\n<li data-start=\"1885\" data-end=\"1932\">\n<p data-start=\"1887\" data-end=\"1932\"><strong data-start=\"1887\" data-end=\"1897\">Lieu :<\/strong> Zone rurale \u00e0 proximit\u00e9 d\u2019Agadir<\/p>\n<\/li>\n<li data-start=\"1933\" data-end=\"2029\">\n<p data-start=\"1935\" data-end=\"2029\"><strong data-start=\"1935\" data-end=\"1947\">Inclus :<\/strong> Transfert h\u00f4tel, vol en montgolfi\u00e8re, petit-d\u00e9jeuner berb\u00e8re, certificat de vol<\/p>\n<\/li>\n<li data-start=\"2030\" data-end=\"2091\">\n<p data-start=\"2032\" data-end=\"2091\"><strong data-start=\"2032\" data-end=\"2047\">\u00c0 pr\u00e9voir :<\/strong> V\u00eatements confortables et chauds le matin<\/p>\n<\/li>\n<li data-start=\"2092\" data-end=\"2146\">\n<p data-start=\"2094\" data-end=\"2146\"><strong data-start=\"2094\" data-end=\"2119\">Langues disponibles :<\/strong> Fran\u00e7ais, anglais, arabe<\/p>\n<\/li>\n<\/ul>\n<hr data-start=\"2148\" data-end=\"2151\" \/>\n<table class=\"table table-bordered tours-tabs__table\" style=\"height: 233px;\" width=\"862\">\n<tbody>\n<tr>\n<td><strong>Inclus<\/strong><\/td>\n<td>\n<table class=\"table table-bordered\" style=\"height: 62px;\" width=\"300\">\n<tbody>\n<tr>\n<td><i class=\"fa fa-check icon-tick icon-tick--on\"><\/i>Transfert depuis l&#8217;h\u00f4tel\/riad aller-retour.<\/td>\n<\/tr>\n<tr>\n<td><i class=\"fa fa-check icon-tick icon-tick--on\"><\/i>Vol en montgolfi\u00e8re de 60 minutes.<\/td>\n<\/tr>\n<tr>\n<td><i class=\"fa fa-check icon-tick icon-tick--on\"><\/i>Petit-d\u00e9jeuner.<\/td>\n<\/tr>\n<\/tbody>\n<\/table>\n<\/td>\n<\/tr>\n<tr>\n<td><b>Non inclus<\/b><\/td>\n<td>\n<table class=\"table table-bordered\" style=\"height: 62px;\" width=\"300\">\n<tbody>\n<tr>\n<td><i class=\"fa fa-times icon-tick icon-tick--off\"><\/i>Boissons.<\/td>\n<\/tr>\n<tr>\n<td><i class=\"fa fa-times icon-tick icon-tick--off\"><\/i>Pourboire.<\/td>\n<\/tr>\n<\/tbody>\n<\/table>\n<\/td>\n<\/tr>\n<\/tbody>\n<\/table>\n<p>[\/vc_column_text][\/vc_column][\/vc_row]<\/p>\n<\/div>","protected":false},"excerpt":{"rendered":"<p>R\u00e9servez le vol d&#8217;aventure pour admirer le lever du soleil depuis un point \u00e9lev\u00e9 et capturer les montagnes du Haut Atlas, les vues incroyables des villages berb\u00e8res, des vall\u00e9es et les diff\u00e9rentes couleurs du paysage, avec un d\u00e9licieux petit-d\u00e9jeuner inclus.<\/p>\n","protected":false},"featured_media":1675,"template":"","meta":[],"product_brand":[],"product_cat":[100],"product_tag":[],"class_list":{"0":"post-2152","1":"product","2":"type-product","3":"status-publish","4":"has-post-thumbnail","6":"product_cat-activites-a-agadir","7":"tour_category-activites-a-agadir","9":"first","10":"instock","11":"shipping-taxable","12":"purchasable","13":"product-type-tour"},"_links":{"self":[{"href":"https:\/\/facetours.ma\/fr\/wp-json\/wp\/v2\/product\/2152","targetHints":{"allow":["GET"]}}],"collection":[{"href":"https:\/\/facetours.ma\/fr\/wp-json\/wp\/v2\/product"}],"about":[{"href":"https:\/\/facetours.ma\/fr\/wp-json\/wp\/v2\/types\/product"}],"wp:featuredmedia":[{"embeddable":true,"href":"https:\/\/facetours.ma\/fr\/wp-json\/wp\/v2\/media\/1675"}],"wp:attachment":[{"href":"https:\/\/facetours.ma\/fr\/wp-json\/wp\/v2\/media?parent=2152"}],"wp:term":[{"taxonomy":"product_brand","embeddable":true,"href":"https:\/\/facetours.ma\/fr\/wp-json\/wp\/v2\/product_brand?post=2152"},{"taxonomy":"product_cat","embeddable":true,"href":"https:\/\/facetours.ma\/fr\/wp-json\/wp\/v2\/product_cat?post=2152"},{"taxonomy":"product_tag","embeddable":true,"href":"https:\/\/facetours.ma\/fr\/wp-json\/wp\/v2\/product_tag?post=2152"}],"curies":[{"name":"wp","href":"https:\/\/api.w.org\/{rel}","templated":true}]}}