{"id":2150,"date":"2022-08-31T10:14:31","date_gmt":"2022-08-31T09:14:31","guid":{"rendered":"https:\/\/facetours.ma\/?post_type=product&#038;p=2150"},"modified":"2025-10-31T09:20:24","modified_gmt":"2025-10-31T08:20:24","slug":"randonnee-chameau-cheval-agadir","status":"publish","type":"product","link":"https:\/\/facetours.ma\/fr\/meilleures-circuits-au-maroc\/randonnee-chameau-cheval-agadir\/","title":{"rendered":"Randonnee \u00e0 dos de chameau et de cheval \u00e0 Agadir"},"content":{"rendered":"<div class=\"wpb-content-wrapper\"><p>[vc_row][vc_column][vc_column_text]<\/p>\n<p><strong>Randonn\u00e9e \u00e0 dos de chameau et de cheval \u00e0 Agadir \u2013 Balade entre plage, dunes et nature<\/strong><\/p>\n<p data-start=\"414\" data-end=\"814\">Vivez une exp\u00e9rience authentique avec une <strong data-start=\"456\" data-end=\"508\">randonn\u00e9e \u00e0 dos de chameau ou de cheval \u00e0 Agadir<\/strong>, une activit\u00e9 incontournable pour explorer la beaut\u00e9 naturelle de la r\u00e9gion !<br data-start=\"586\" data-end=\"589\" \/>Cette balade paisible vous emm\u00e8ne \u00e0 travers les <strong data-start=\"637\" data-end=\"654\">plages dor\u00e9es<\/strong>, les <strong data-start=\"660\" data-end=\"678\">dunes sauvages<\/strong> et les <strong data-start=\"686\" data-end=\"709\">for\u00eats d\u2019eucalyptus<\/strong> de la r\u00e9gion du Souss, offrant un moment de <strong data-start=\"754\" data-end=\"811\">d\u00e9tente, de d\u00e9couverte et de connexion avec la nature<\/strong>.<\/p>\n<p data-start=\"816\" data-end=\"1143\">Accompagn\u00e9 par des <strong data-start=\"835\" data-end=\"865\">guides locaux exp\u00e9riment\u00e9s<\/strong>, vous partirez pour une <strong data-start=\"890\" data-end=\"929\">aventure adapt\u00e9e \u00e0 tous les niveaux<\/strong>, que vous soyez d\u00e9butant ou cavalier confirm\u00e9. La promenade peut se faire <strong data-start=\"1004\" data-end=\"1040\">au lever ou au coucher du soleil<\/strong>, lorsque la lumi\u00e8re dor\u00e9e sublime les paysages d\u2019Agadir \u2014 un moment magique \u00e0 immortaliser en photo.<\/p>\n<p data-start=\"1145\" data-end=\"1451\">La <strong data-start=\"1148\" data-end=\"1178\">randonn\u00e9e \u00e0 dos de chameau<\/strong> offre une touche traditionnelle et exotique, tandis que la <strong data-start=\"1238\" data-end=\"1257\">balade \u00e0 cheval<\/strong> s\u00e9duit par sa libert\u00e9 et sa fluidit\u00e9. Dans les deux cas, c\u2019est une <strong data-start=\"1325\" data-end=\"1361\">exp\u00e9rience typiquement marocaine<\/strong>, id\u00e9ale pour couples, familles et petits groupes souhaitant d\u00e9couvrir Agadir autrement.<\/p>\n<hr data-start=\"1453\" data-end=\"1456\" \/>\n<h3 data-start=\"1458\" data-end=\"1485\">\ud83c\udf05 <strong data-start=\"1465\" data-end=\"1483\">Points forts :<\/strong><\/h3>\n<ul data-start=\"1486\" data-end=\"1757\">\n<li data-start=\"1486\" data-end=\"1537\">\n<p data-start=\"1488\" data-end=\"1537\"><strong data-start=\"1488\" data-end=\"1535\">Balade paisible entre plage, dunes et for\u00eat<\/strong><\/p>\n<\/li>\n<li data-start=\"1538\" data-end=\"1597\">\n<p data-start=\"1540\" data-end=\"1597\"><strong data-start=\"1540\" data-end=\"1573\">Choix entre chameau ou cheval<\/strong> selon vos pr\u00e9f\u00e9rences<\/p>\n<\/li>\n<li data-start=\"1598\" data-end=\"1657\">\n<p data-start=\"1600\" data-end=\"1657\"><strong data-start=\"1600\" data-end=\"1636\">Exp\u00e9rience authentique marocaine<\/strong> avec guides locaux<\/p>\n<\/li>\n<li data-start=\"1658\" data-end=\"1702\">\n<p data-start=\"1660\" data-end=\"1702\"><strong data-start=\"1660\" data-end=\"1700\">Vue panoramique au coucher du soleil<\/strong><\/p>\n<\/li>\n<li data-start=\"1703\" data-end=\"1757\">\n<p data-start=\"1705\" data-end=\"1757\"><strong data-start=\"1705\" data-end=\"1755\">Activit\u00e9 id\u00e9ale pour couples, familles et amis<\/strong><\/p>\n<\/li>\n<\/ul>\n<hr data-start=\"1759\" data-end=\"1762\" \/>\n<h3 data-start=\"1764\" data-end=\"1801\">\ud83d\udccb <strong data-start=\"1771\" data-end=\"1799\">Informations pratiques :<\/strong><\/h3>\n<ul data-start=\"1802\" data-end=\"2133\">\n<li data-start=\"1802\" data-end=\"1834\">\n<p data-start=\"1804\" data-end=\"1834\"><strong data-start=\"1804\" data-end=\"1815\">Dur\u00e9e :<\/strong> Environ 2 heures<\/p>\n<\/li>\n<li data-start=\"1835\" data-end=\"1889\">\n<p data-start=\"1837\" data-end=\"1889\"><strong data-start=\"1837\" data-end=\"1857\">Lieu de d\u00e9part :<\/strong> Zone rurale ou plage d\u2019Agadir<\/p>\n<\/li>\n<li data-start=\"1890\" data-end=\"1935\">\n<p data-start=\"1892\" data-end=\"1935\"><strong data-start=\"1892\" data-end=\"1906\">Horaires :<\/strong> Matin ou coucher du soleil<\/p>\n<\/li>\n<li data-start=\"1936\" data-end=\"2017\">\n<p data-start=\"1938\" data-end=\"2017\"><strong data-start=\"1938\" data-end=\"1950\">Inclus :<\/strong> Transfert h\u00f4tel, guide, chameau ou cheval, pause th\u00e9 \u00e0 la menthe<\/p>\n<\/li>\n<li data-start=\"2018\" data-end=\"2079\">\n<p data-start=\"2020\" data-end=\"2079\"><strong data-start=\"2020\" data-end=\"2035\">\u00c0 pr\u00e9voir :<\/strong> Tenue confortable, chapeau, cr\u00e8me solaire<\/p>\n<\/li>\n<li data-start=\"2080\" data-end=\"2133\">\n<p data-start=\"2082\" data-end=\"2133\"><strong data-start=\"2082\" data-end=\"2094\">Niveau :<\/strong> Accessible \u00e0 tous, enfants bienvenus<\/p>\n<\/li>\n<\/ul>\n<hr data-start=\"2135\" data-end=\"2138\" \/>\n<table class=\"table table-bordered tours-tabs__table\" style=\"height: 233px;\" width=\"862\">\n<tbody>\n<tr>\n<td><strong>Inclus<\/strong><\/td>\n<td>\n<table class=\"table table-bordered\" style=\"height: 62px;\" width=\"300\">\n<tbody>\n<tr>\n<td><i class=\"fa fa-check icon-tick icon-tick--on\"><\/i>Transport avec chauffeur.<\/td>\n<\/tr>\n<tr>\n<td><i class=\"fa fa-check icon-tick icon-tick--on\"><\/i>Balade priv\u00e9e \u00e0 dos de chameau.<\/td>\n<\/tr>\n<\/tbody>\n<\/table>\n<\/td>\n<\/tr>\n<tr>\n<td><b>Non inclus<\/b><\/td>\n<td>\n<table class=\"table table-bordered\" style=\"height: 62px;\" width=\"300\">\n<tbody>\n<tr>\n<td><i class=\"fa fa-times icon-tick icon-tick--off\"><\/i>Boissons.<\/td>\n<\/tr>\n<tr>\n<td><i class=\"fa fa-times icon-tick icon-tick--off\"><\/i>Pourboire.<\/td>\n<\/tr>\n<\/tbody>\n<\/table>\n<\/td>\n<\/tr>\n<\/tbody>\n<\/table>\n<p>[\/vc_column_text][\/vc_column][\/vc_row]<\/p>\n<\/div>","protected":false},"excerpt":{"rendered":"<p data-start=\"1892\" data-end=\"1935\">Profitez d\u2019une <strong data-start=\"2381\" data-end=\"2415\">randonn\u00e9e authentique \u00e0 Agadir<\/strong> sur un <strong data-start=\"2423\" data-end=\"2447\">chameau ou un cheval<\/strong>, guid\u00e9e par des locaux \u00e0 travers des paysages magnifiques<\/p>\n","protected":false},"featured_media":1930,"template":"","meta":[],"product_brand":[],"product_cat":[100],"product_tag":[],"class_list":{"0":"post-2150","1":"product","2":"type-product","3":"status-publish","4":"has-post-thumbnail","6":"product_cat-activites-a-agadir","7":"tour_category-activites-a-agadir","9":"first","10":"instock","11":"shipping-taxable","12":"product-type-tour"},"_links":{"self":[{"href":"https:\/\/facetours.ma\/fr\/wp-json\/wp\/v2\/product\/2150","targetHints":{"allow":["GET"]}}],"collection":[{"href":"https:\/\/facetours.ma\/fr\/wp-json\/wp\/v2\/product"}],"about":[{"href":"https:\/\/facetours.ma\/fr\/wp-json\/wp\/v2\/types\/product"}],"wp:featuredmedia":[{"embeddable":true,"href":"https:\/\/facetours.ma\/fr\/wp-json\/wp\/v2\/media\/1930"}],"wp:attachment":[{"href":"https:\/\/facetours.ma\/fr\/wp-json\/wp\/v2\/media?parent=2150"}],"wp:term":[{"taxonomy":"product_brand","embeddable":true,"href":"https:\/\/facetours.ma\/fr\/wp-json\/wp\/v2\/product_brand?post=2150"},{"taxonomy":"product_cat","embeddable":true,"href":"https:\/\/facetours.ma\/fr\/wp-json\/wp\/v2\/product_cat?post=2150"},{"taxonomy":"product_tag","embeddable":true,"href":"https:\/\/facetours.ma\/fr\/wp-json\/wp\/v2\/product_tag?post=2150"}],"curies":[{"name":"wp","href":"https:\/\/api.w.org\/{rel}","templated":true}]}}