{"id":2147,"date":"2022-08-31T10:21:29","date_gmt":"2022-08-31T09:21:29","guid":{"rendered":"https:\/\/facetours.ma\/?post_type=product&#038;p=2147"},"modified":"2025-10-31T09:05:02","modified_gmt":"2025-10-31T08:05:02","slug":"tour-bateau-agadir","status":"publish","type":"product","link":"https:\/\/facetours.ma\/fr\/meilleures-circuits-au-maroc\/tour-bateau-agadir\/","title":{"rendered":"Agadir Balade en Bateau"},"content":{"rendered":"<div class=\"wpb-content-wrapper\"><p>[vc_row][vc_column][vc_column_text]<\/p>\n<p><strong>\u00a0 \u00a0 \u00a0Agadir Boat Tour \u2013 Croisi\u00e8re sur l\u2019Oc\u00e9an Atlantique<\/strong><\/p>\n<p data-start=\"329\" data-end=\"602\">Embarquez pour une <strong data-start=\"348\" data-end=\"377\">balade en bateau \u00e0 Agadir<\/strong> et profitez d\u2019une <strong data-start=\"396\" data-end=\"459\">croisi\u00e8re paisible le long de la magnifique c\u00f4te atlantique<\/strong>. Que vous soyez en couple, en famille ou entre amis, cette excursion en mer vous offre un moment de <strong data-start=\"560\" data-end=\"599\">d\u00e9tente, de soleil et de d\u00e9couverte<\/strong>.<\/p>\n<p data-start=\"604\" data-end=\"911\">Depuis le port de plaisance d\u2019Agadir, naviguez le long de la baie et admirez la <strong data-start=\"684\" data-end=\"751\">vue panoramique sur la Kasbah, la Marina et les falaises dor\u00e9es<\/strong>. Pendant la croisi\u00e8re, profitez de <strong data-start=\"787\" data-end=\"806\">pauses baignade<\/strong>, de moments de <strong data-start=\"822\" data-end=\"846\">p\u00eache traditionnelle<\/strong> et d\u2019un <strong data-start=\"855\" data-end=\"900\">d\u00e9jeuner \u00e0 bord compos\u00e9 de poissons frais<\/strong> grill\u00e9s.<\/p>\n<p data-start=\"913\" data-end=\"1203\">L\u2019activit\u00e9 est encadr\u00e9e par une <strong data-start=\"945\" data-end=\"993\">\u00e9quipe locale professionnelle et sympathique<\/strong>, qui veille \u00e0 votre confort et s\u00e9curit\u00e9 tout au long de l\u2019excursion. Cette <strong data-start=\"1069\" data-end=\"1092\">exp\u00e9rience maritime<\/strong> est une fa\u00e7on id\u00e9ale de <strong data-start=\"1117\" data-end=\"1147\">d\u00e9couvrir Agadir autrement<\/strong>, entre <strong data-start=\"1155\" data-end=\"1200\">plaisir, aventure et d\u00e9tente au grand air<\/strong>.<\/p>\n<hr data-start=\"1205\" data-end=\"1208\" \/>\n<h3 data-start=\"1210\" data-end=\"1234\"><strong data-start=\"1214\" data-end=\"1232\">Points forts :<\/strong><\/h3>\n<ul data-start=\"1235\" data-end=\"1490\">\n<li data-start=\"1235\" data-end=\"1285\">\n<p data-start=\"1237\" data-end=\"1285\"><strong data-start=\"1237\" data-end=\"1283\">Croisi\u00e8re panoramique sur la baie d\u2019Agadir<\/strong><\/p>\n<\/li>\n<li data-start=\"1286\" data-end=\"1333\">\n<p data-start=\"1288\" data-end=\"1333\"><strong data-start=\"1288\" data-end=\"1331\">Possibilit\u00e9 de baignade et p\u00eache en mer<\/strong><\/p>\n<\/li>\n<li data-start=\"1334\" data-end=\"1377\">\n<p data-start=\"1336\" data-end=\"1377\"><strong data-start=\"1336\" data-end=\"1375\">D\u00e9jeuner \u00e0 bord avec poisson grill\u00e9<\/strong><\/p>\n<\/li>\n<li data-start=\"1378\" data-end=\"1431\">\n<p data-start=\"1380\" data-end=\"1431\"><strong data-start=\"1380\" data-end=\"1429\">Ambiance conviviale et \u00e9quipe professionnelle<\/strong><\/p>\n<\/li>\n<li data-start=\"1432\" data-end=\"1490\">\n<p data-start=\"1434\" data-end=\"1490\"><strong data-start=\"1434\" data-end=\"1488\">Vue imprenable sur la Kasbah et la c\u00f4te atlantique<\/strong><\/p>\n<\/li>\n<\/ul>\n<hr data-start=\"1492\" data-end=\"1495\" \/>\n<h3 data-start=\"1497\" data-end=\"1531\"><strong data-start=\"1501\" data-end=\"1529\">Informations pratiques :<\/strong><\/h3>\n<ul data-start=\"1532\" data-end=\"1850\">\n<li data-start=\"1532\" data-end=\"1564\">\n<p data-start=\"1534\" data-end=\"1564\"><strong data-start=\"1534\" data-end=\"1546\">D\u00e9part :<\/strong> Marina d\u2019Agadir<\/p>\n<\/li>\n<li data-start=\"1565\" data-end=\"1601\">\n<p data-start=\"1567\" data-end=\"1601\"><strong data-start=\"1567\" data-end=\"1578\">Dur\u00e9e :<\/strong> Environ 3 \u00e0 4 heures<\/p>\n<\/li>\n<li data-start=\"1602\" data-end=\"1648\">\n<p data-start=\"1604\" data-end=\"1648\"><strong data-start=\"1604\" data-end=\"1618\">Horaires :<\/strong> D\u00e9parts matin et apr\u00e8s-midi<\/p>\n<\/li>\n<li data-start=\"1649\" data-end=\"1721\">\n<p data-start=\"1651\" data-end=\"1721\"><strong data-start=\"1651\" data-end=\"1663\">Inclus :<\/strong> Transfert h\u00f4tel, balade en bateau, d\u00e9jeuner et boissons<\/p>\n<\/li>\n<li data-start=\"1722\" data-end=\"1783\">\n<p data-start=\"1724\" data-end=\"1783\"><strong data-start=\"1724\" data-end=\"1739\">\u00c0 pr\u00e9voir :<\/strong> Cr\u00e8me solaire, maillot de bain, serviette<\/p>\n<\/li>\n<li data-start=\"1784\" data-end=\"1850\">\n<p data-start=\"1786\" data-end=\"1850\"><strong data-start=\"1786\" data-end=\"1807\">Accessible \u00e0 tous<\/strong>, id\u00e9al pour couples, familles ou groupes<\/p>\n<\/li>\n<\/ul>\n<hr data-start=\"1852\" data-end=\"1855\" \/>\n<table class=\"table table-bordered tours-tabs__table\" style=\"height: 233px;\" width=\"862\">\n<tbody>\n<tr>\n<td><strong>Inclus<\/strong><\/td>\n<td>\n<table class=\"table table-bordered\" style=\"height: 62px;\" width=\"300\">\n<tbody>\n<tr>\n<td><i class=\"fa fa-check icon-tick icon-tick--on\"><\/i>Transfert depuis l&#8217;h\u00f4tel\/riad aller-retour.<\/td>\n<\/tr>\n<tr>\n<td><i class=\"fa fa-check icon-tick icon-tick--on\"><\/i>Excursion en bateau.<\/td>\n<\/tr>\n<tr>\n<td><i class=\"fa fa-check icon-tick icon-tick--on\"><\/i>Boissons &amp; d\u00e9jeuner barbecue de poisson.<\/td>\n<\/tr>\n<tr>\n<td><i class=\"fa fa-check icon-tick icon-tick--on\"><\/i>Fruits de saison.<\/td>\n<\/tr>\n<\/tbody>\n<\/table>\n<\/td>\n<\/tr>\n<tr>\n<td><b>Non inclus<\/b><\/td>\n<td>\n<table class=\"table table-bordered\" style=\"height: 62px;\" width=\"300\">\n<tbody>\n<tr>\n<td><i class=\"fa fa-times icon-tick icon-tick--off\"><\/i>Boissons.<\/td>\n<\/tr>\n<tr>\n<td><i class=\"fa fa-times icon-tick icon-tick--off\"><\/i>Pourboire.<\/td>\n<\/tr>\n<\/tbody>\n<\/table>\n<\/td>\n<\/tr>\n<\/tbody>\n<\/table>\n<p>[\/vc_column_text][\/vc_column][\/vc_row]<\/p>\n<\/div>","protected":false},"excerpt":{"rendered":"<p>Agadir Bateau Tour \u2013 Croisi\u00e8re sur l\u2019Oc\u00e9an Atlantique<\/p>\n<p data-start=\"329\" data-end=\"602\">Embarquez pour une <strong data-start=\"348\" data-end=\"377\">balade en bateau \u00e0 Agadir<\/strong> et profitez d\u2019une <strong data-start=\"396\" data-end=\"459\">croisi\u00e8re paisible le long de la magnifique c\u00f4te atlantique<\/strong>. Que vous soyez en couple, en famille ou entre amis, cette excursion en mer vous offre un moment de <strong data-start=\"560\" data-end=\"599\">d\u00e9tente, de soleil et de d\u00e9couverte<\/strong>.<\/p>\n<p data-start=\"604\" data-end=\"911\">Depuis le port de plaisance d\u2019Agadir, naviguez le long de la baie et admirez la <strong data-start=\"684\" data-end=\"751\">vue panoramique sur la Kasbah, la Marina et les falaises dor\u00e9es<\/strong>. Pendant la croisi\u00e8re, profitez de <strong data-start=\"787\" data-end=\"806\">pauses baignade<\/strong>, de moments de <strong data-start=\"822\" data-end=\"846\">p\u00eache traditionnelle<\/strong> et d\u2019un <strong data-start=\"855\" data-end=\"900\">d\u00e9jeuner \u00e0 bord compos\u00e9 de poissons frais<\/strong> grill\u00e9s.<\/p>\n<p data-start=\"913\" data-end=\"1203\">L\u2019activit\u00e9 est encadr\u00e9e par une <strong data-start=\"945\" data-end=\"993\">\u00e9quipe locale professionnelle et sympathique<\/strong>, qui veille \u00e0 votre confort et s\u00e9curit\u00e9 tout au long de l\u2019excursion. Cette <strong data-start=\"1069\" data-end=\"1092\">exp\u00e9rience maritime<\/strong> est une fa\u00e7on id\u00e9ale de <strong data-start=\"1117\" data-end=\"1147\">d\u00e9couvrir Agadir autrement<\/strong>, entre <strong data-start=\"1155\" data-end=\"1200\">plaisir, aventure et d\u00e9tente au grand air<\/strong>.<\/p>\n<hr data-start=\"1205\" data-end=\"1208\" \/>\n<h3 data-start=\"1210\" data-end=\"1234\"><strong data-start=\"1214\" data-end=\"1232\">Points forts :<\/strong><\/h3>\n<ul data-start=\"1235\" data-end=\"1490\">\n<li data-start=\"1235\" data-end=\"1285\">\n<p data-start=\"1237\" data-end=\"1285\"><strong data-start=\"1237\" data-end=\"1283\">Croisi\u00e8re panoramique sur la baie d\u2019Agadir<\/strong><\/p>\n<\/li>\n<li data-start=\"1286\" data-end=\"1333\">\n<p data-start=\"1288\" data-end=\"1333\"><strong data-start=\"1288\" data-end=\"1331\">Possibilit\u00e9 de baignade et p\u00eache en mer<\/strong><\/p>\n<\/li>\n<li data-start=\"1334\" data-end=\"1377\">\n<p data-start=\"1336\" data-end=\"1377\"><strong data-start=\"1336\" data-end=\"1375\">D\u00e9jeuner \u00e0 bord avec poisson grill\u00e9<\/strong><\/p>\n<\/li>\n<li data-start=\"1378\" data-end=\"1431\">\n<p data-start=\"1380\" data-end=\"1431\"><strong data-start=\"1380\" data-end=\"1429\">Ambiance conviviale et \u00e9quipe professionnelle<\/strong><\/p>\n<\/li>\n<li data-start=\"1432\" data-end=\"1490\">\n<p data-start=\"1434\" data-end=\"1490\"><strong data-start=\"1434\" data-end=\"1488\">Vue imprenable sur la Kasbah et la c\u00f4te atlantique<\/strong><\/p>\n<\/li>\n<\/ul>\n<hr data-start=\"1492\" data-end=\"1495\" \/>\n<h3 data-start=\"1497\" data-end=\"1531\"><strong data-start=\"1501\" data-end=\"1529\">Informations pratiques :<\/strong><\/h3>\n<ul data-start=\"1532\" data-end=\"1850\">\n<li data-start=\"1532\" data-end=\"1564\">\n<p data-start=\"1534\" data-end=\"1564\"><strong data-start=\"1534\" data-end=\"1546\">D\u00e9part :<\/strong> Marina d\u2019Agadir<\/p>\n<\/li>\n<li data-start=\"1565\" data-end=\"1601\">\n<p data-start=\"1567\" data-end=\"1601\"><strong data-start=\"1567\" data-end=\"1578\">Dur\u00e9e :<\/strong> Environ 3 \u00e0 4 heures<\/p>\n<\/li>\n<li data-start=\"1602\" data-end=\"1648\">\n<p data-start=\"1604\" data-end=\"1648\"><strong data-start=\"1604\" data-end=\"1618\">Horaires :<\/strong> D\u00e9parts matin et apr\u00e8s-midi<\/p>\n<\/li>\n<li data-start=\"1649\" data-end=\"1721\">\n<p data-start=\"1651\" data-end=\"1721\"><strong data-start=\"1651\" data-end=\"1663\">Inclus :<\/strong> Transfert h\u00f4tel, balade en bateau, d\u00e9jeuner et boissons<\/p>\n<\/li>\n<li data-start=\"1722\" data-end=\"1783\">\n<p data-start=\"1724\" data-end=\"1783\"><strong data-start=\"1724\" data-end=\"1739\">\u00c0 pr\u00e9voir :<\/strong> Cr\u00e8me solaire, maillot de bain, serviette<\/p>\n<\/li>\n<li data-start=\"1784\" data-end=\"1850\">\n<p data-start=\"1786\" data-end=\"1850\"><strong data-start=\"1786\" data-end=\"1807\">Accessible \u00e0 tous<\/strong>, id\u00e9al pour couples, familles ou groupes<\/p>\n<\/li>\n<\/ul>\n","protected":false},"featured_media":1852,"template":"","meta":[],"product_brand":[],"product_cat":[100],"product_tag":[],"class_list":{"0":"post-2147","1":"product","2":"type-product","3":"status-publish","4":"has-post-thumbnail","6":"product_cat-activites-a-agadir","7":"tour_category-activites-a-agadir","9":"first","10":"instock","11":"shipping-taxable","12":"purchasable","13":"product-type-tour"},"_links":{"self":[{"href":"https:\/\/facetours.ma\/fr\/wp-json\/wp\/v2\/product\/2147","targetHints":{"allow":["GET"]}}],"collection":[{"href":"https:\/\/facetours.ma\/fr\/wp-json\/wp\/v2\/product"}],"about":[{"href":"https:\/\/facetours.ma\/fr\/wp-json\/wp\/v2\/types\/product"}],"wp:featuredmedia":[{"embeddable":true,"href":"https:\/\/facetours.ma\/fr\/wp-json\/wp\/v2\/media\/1852"}],"wp:attachment":[{"href":"https:\/\/facetours.ma\/fr\/wp-json\/wp\/v2\/media?parent=2147"}],"wp:term":[{"taxonomy":"product_brand","embeddable":true,"href":"https:\/\/facetours.ma\/fr\/wp-json\/wp\/v2\/product_brand?post=2147"},{"taxonomy":"product_cat","embeddable":true,"href":"https:\/\/facetours.ma\/fr\/wp-json\/wp\/v2\/product_cat?post=2147"},{"taxonomy":"product_tag","embeddable":true,"href":"https:\/\/facetours.ma\/fr\/wp-json\/wp\/v2\/product_tag?post=2147"}],"curies":[{"name":"wp","href":"https:\/\/api.w.org\/{rel}","templated":true}]}}