{"id":2145,"date":"2022-08-31T10:26:41","date_gmt":"2022-08-31T09:26:41","guid":{"rendered":"https:\/\/facetours.ma\/?post_type=product&#038;p=2145"},"modified":"2025-10-31T00:34:43","modified_gmt":"2025-10-30T23:34:43","slug":"soiree-fantasia-agadir","status":"publish","type":"product","link":"https:\/\/facetours.ma\/fr\/meilleures-circuits-au-maroc\/soiree-fantasia-agadir\/","title":{"rendered":"Soir\u00e9e D\u00eener Spectacle Fantasia \u00e0 Agadir"},"content":{"rendered":"<div class=\"wpb-content-wrapper\"><p>[vc_row][vc_column][vc_column_text]<\/p>\n<p><strong>Soir\u00e9e D\u00eener Spectacle Fantasia \u00e0 Agadir \u2013 Tradition et \u00c9merveillement<\/strong><\/p>\n<p data-start=\"242\" data-end=\"584\">Vivez une <strong data-start=\"252\" data-end=\"279\">soir\u00e9e magique \u00e0 Agadir<\/strong> avec le <strong data-start=\"288\" data-end=\"316\">D\u00eener Spectacle Fantasia<\/strong>, une exp\u00e9rience incontournable pour d\u00e9couvrir la <strong data-start=\"366\" data-end=\"406\">culture et les traditions marocaines<\/strong>. Profitez d\u2019un <strong data-start=\"422\" data-end=\"452\">d\u00eener typiquement marocain<\/strong> servi dans une ambiance chaleureuse, accompagn\u00e9 de <strong data-start=\"504\" data-end=\"581\">musique traditionnelle, danses et performances \u00e9questres impressionnantes<\/strong>.<\/p>\n<p data-start=\"586\" data-end=\"879\">Le spectacle met en avant <strong data-start=\"612\" data-end=\"647\">les cavaliers et chevaux arabes<\/strong>, illustrant la <strong data-start=\"663\" data-end=\"675\">Fantasia<\/strong>, une d\u00e9monstration ancestrale de bravoure et de pr\u00e9cision qui \u00e9merveille petits et grands. Vous serez transport\u00e9 dans l\u2019univers <strong data-start=\"804\" data-end=\"828\">authentique du Maroc<\/strong>, entre gastronomie, musique et spectacle vivant.<\/p>\n<p data-start=\"881\" data-end=\"1079\">C\u2019est une exp\u00e9rience id\u00e9ale pour <strong data-start=\"914\" data-end=\"953\">familles, couples et groupes d\u2019amis<\/strong>, offrant <strong data-start=\"963\" data-end=\"1037\">une soir\u00e9e compl\u00e8te alliant culture, divertissement et saveurs locales<\/strong>, dans un cadre confortable et s\u00e9curis\u00e9.<\/p>\n<hr data-start=\"1081\" data-end=\"1084\" \/>\n<h3 data-start=\"1086\" data-end=\"1110\"><strong data-start=\"1090\" data-end=\"1108\">Points forts :<\/strong><\/h3>\n<ul data-start=\"1111\" data-end=\"1466\">\n<li data-start=\"1111\" data-end=\"1192\">\n<p data-start=\"1113\" data-end=\"1192\"><strong data-start=\"1113\" data-end=\"1157\">Spectacle \u00e9questre Fantasia traditionnel<\/strong> avec cavaliers et chevaux arabes<\/p>\n<\/li>\n<li data-start=\"1193\" data-end=\"1262\">\n<p data-start=\"1195\" data-end=\"1262\"><strong data-start=\"1195\" data-end=\"1221\">D\u00eener marocain complet<\/strong> avec plats typiques et saveurs locales<\/p>\n<\/li>\n<li data-start=\"1263\" data-end=\"1324\">\n<p data-start=\"1265\" data-end=\"1324\"><strong data-start=\"1265\" data-end=\"1309\">Ambiance musicale et danses folkloriques<\/strong> authentiques<\/p>\n<\/li>\n<li data-start=\"1325\" data-end=\"1405\">\n<p data-start=\"1327\" data-end=\"1405\"><strong data-start=\"1327\" data-end=\"1365\">Exp\u00e9rience adapt\u00e9e \u00e0 tous les \u00e2ges<\/strong> et id\u00e9ale pour les groupes et couples<\/p>\n<\/li>\n<li data-start=\"1406\" data-end=\"1466\">\n<p data-start=\"1408\" data-end=\"1466\"><strong data-start=\"1408\" data-end=\"1440\">Lieu s\u00e9curis\u00e9 et confortable<\/strong> avec service de qualit\u00e9<\/p>\n<\/li>\n<\/ul>\n<hr data-start=\"1468\" data-end=\"1471\" \/>\n<h3 data-start=\"1473\" data-end=\"1507\"><strong data-start=\"1477\" data-end=\"1505\">Informations pratiques :<\/strong><\/h3>\n<ul data-start=\"1508\" data-end=\"1944\">\n<li data-start=\"1508\" data-end=\"1573\">\n<p data-start=\"1510\" data-end=\"1573\"><strong data-start=\"1510\" data-end=\"1524\">Horaires :<\/strong> D\u00e9but du d\u00eener \u00e0 19h30, dur\u00e9e environ 3 heures<\/p>\n<\/li>\n<li data-start=\"1574\" data-end=\"1650\">\n<p data-start=\"1576\" data-end=\"1650\"><strong data-start=\"1576\" data-end=\"1586\">Lieu :<\/strong> Agadir, dans un espace sp\u00e9cialement am\u00e9nag\u00e9 pour le spectacle<\/p>\n<\/li>\n<li data-start=\"1651\" data-end=\"1720\">\n<p data-start=\"1653\" data-end=\"1720\"><strong data-start=\"1653\" data-end=\"1668\">Transport :<\/strong> Navette disponible sur demande depuis votre h\u00f4tel<\/p>\n<\/li>\n<li data-start=\"1721\" data-end=\"1796\">\n<p data-start=\"1723\" data-end=\"1796\"><strong data-start=\"1723\" data-end=\"1740\">R\u00e9servation :<\/strong> Billets \u00e0 l\u2019avance recommand\u00e9s pour garantir la place<\/p>\n<\/li>\n<li data-start=\"1797\" data-end=\"1864\">\n<p data-start=\"1799\" data-end=\"1864\"><strong data-start=\"1799\" data-end=\"1811\">Inclus :<\/strong> D\u00eener complet, spectacle.<\/p>\n<\/li>\n<li data-start=\"1865\" data-end=\"1944\">\n<p data-start=\"1867\" data-end=\"1944\"><strong data-start=\"1867\" data-end=\"1883\">Non inclus :<\/strong> Boissons alcoolis\u00e9es, souvenirs et photos professionnelles<\/p>\n<\/li>\n<\/ul>\n<table class=\"table table-bordered tours-tabs__table\" style=\"height: 233px;\" width=\"862\">\n<tbody>\n<tr>\n<td><strong>Inclus<\/strong><\/td>\n<td>\n<table class=\"table table-bordered\" style=\"height: 62px;\" width=\"300\">\n<tbody>\n<tr>\n<td><i class=\"fa fa-check icon-tick icon-tick--on\"><\/i>Transport avec chauffeur.<\/td>\n<\/tr>\n<tr>\n<td><i class=\"fa fa-check icon-tick icon-tick--on\"><\/i>Spectacle et d\u00eener.<\/td>\n<\/tr>\n<\/tbody>\n<\/table>\n<\/td>\n<\/tr>\n<tr>\n<td><b>Non inclus<\/b><\/td>\n<td>\n<table class=\"table table-bordered\" style=\"height: 62px;\" width=\"300\">\n<tbody>\n<tr>\n<td><i class=\"fa fa-times icon-tick icon-tick--off\"><\/i>Boissons.<\/td>\n<\/tr>\n<tr>\n<td><i class=\"fa fa-times icon-tick icon-tick--off\"><\/i>Pourboire.<\/td>\n<\/tr>\n<\/tbody>\n<\/table>\n<\/td>\n<\/tr>\n<\/tbody>\n<\/table>\n<p>[\/vc_column_text][\/vc_column][\/vc_row]<\/p>\n<\/div>","protected":false},"excerpt":{"rendered":"<p>Passez une agr\u00e9able et fabuleuse nuit de Fantasia avec une cuisine berb\u00e8re traditionnelle, un groupe de musiciens, un spectacle d&#8217;acrobates, de cracheurs de feu, de danse du ventre et de spectacles \u00e9questres. C&#8217;est une exp\u00e9rience unique, le spectacle de Fantasia d&#8217;Agadir.<\/p>\n","protected":false},"featured_media":1970,"template":"","meta":[],"product_brand":[],"product_cat":[100],"product_tag":[],"class_list":{"0":"post-2145","1":"product","2":"type-product","3":"status-publish","4":"has-post-thumbnail","6":"product_cat-activites-a-agadir","7":"tour_category-activites-a-agadir","9":"first","10":"instock","11":"virtual","12":"purchasable","13":"product-type-tour"},"_links":{"self":[{"href":"https:\/\/facetours.ma\/fr\/wp-json\/wp\/v2\/product\/2145","targetHints":{"allow":["GET"]}}],"collection":[{"href":"https:\/\/facetours.ma\/fr\/wp-json\/wp\/v2\/product"}],"about":[{"href":"https:\/\/facetours.ma\/fr\/wp-json\/wp\/v2\/types\/product"}],"wp:featuredmedia":[{"embeddable":true,"href":"https:\/\/facetours.ma\/fr\/wp-json\/wp\/v2\/media\/1970"}],"wp:attachment":[{"href":"https:\/\/facetours.ma\/fr\/wp-json\/wp\/v2\/media?parent=2145"}],"wp:term":[{"taxonomy":"product_brand","embeddable":true,"href":"https:\/\/facetours.ma\/fr\/wp-json\/wp\/v2\/product_brand?post=2145"},{"taxonomy":"product_cat","embeddable":true,"href":"https:\/\/facetours.ma\/fr\/wp-json\/wp\/v2\/product_cat?post=2145"},{"taxonomy":"product_tag","embeddable":true,"href":"https:\/\/facetours.ma\/fr\/wp-json\/wp\/v2\/product_tag?post=2145"}],"curies":[{"name":"wp","href":"https:\/\/api.w.org\/{rel}","templated":true}]}}