{"id":2132,"date":"2022-08-31T10:32:08","date_gmt":"2022-08-31T09:32:08","guid":{"rendered":"https:\/\/facetours.ma\/?post_type=product&#038;p=2132"},"modified":"2025-10-31T00:26:25","modified_gmt":"2025-10-30T23:26:25","slug":"telepherique-agadir","status":"publish","type":"product","link":"https:\/\/facetours.ma\/fr\/meilleures-circuits-au-maroc\/telepherique-agadir\/","title":{"rendered":"T\u00e9l\u00e9ph\u00e9rique d\u2019Agadir \u2013 Vues Panoramiques"},"content":{"rendered":"<div class=\"wpb-content-wrapper\"><p>[vc_row][vc_column][vc_column_text]<\/p>\n<p><strong>T\u00e9l\u00e9ph\u00e9rique d\u2019Agadir \u2013 Vues Panoramiques et Visite de la Kasbah Oufella<\/strong><\/p>\n<p data-start=\"210\" data-end=\"518\">D\u00e9couvrez <strong data-start=\"220\" data-end=\"246\">Agadir depuis les airs<\/strong> gr\u00e2ce au <strong data-start=\"256\" data-end=\"281\">t\u00e9l\u00e9ph\u00e9rique d\u2019Agadir<\/strong>, une exp\u00e9rience incontournable pour tous les visiteurs. Le trajet vous emm\u00e8ne du <strong data-start=\"363\" data-end=\"379\">front de mer<\/strong> jusqu\u2019\u00e0 la <strong data-start=\"391\" data-end=\"409\">Kasbah Oufella<\/strong>, perch\u00e9e sur les hauteurs, offrant des <strong data-start=\"449\" data-end=\"515\">vues spectaculaires sur la baie, les plages dor\u00e9es et la ville<\/strong>.<\/p>\n<p data-start=\"520\" data-end=\"851\">Profitez d\u2019une <strong data-start=\"535\" data-end=\"605\">balade unique combinant aventure, d\u00e9tente et d\u00e9couverte culturelle<\/strong>, id\u00e9ale pour <strong data-start=\"619\" data-end=\"658\">familles, couples et voyageurs solo<\/strong>. En haut, explorez les <strong data-start=\"682\" data-end=\"719\">vestiges historiques de la Kasbah<\/strong>, apprenez-en davantage sur son pass\u00e9 et capturez des <strong data-start=\"773\" data-end=\"794\">photos m\u00e9morables<\/strong> avec l\u2019<strong data-start=\"802\" data-end=\"848\">oc\u00e9an Atlantique et Agadir en arri\u00e8re-plan<\/strong>.<\/p>\n<p data-start=\"853\" data-end=\"1162\">Le t\u00e9l\u00e9ph\u00e9rique garantit une <strong data-start=\"882\" data-end=\"931\">exp\u00e9rience s\u00fbre, confortable et enrichissante<\/strong>, accessible \u00e0 tous les \u00e2ges, et constitue une \u00e9tape parfaite pour compl\u00e9ter votre visite de la ville. C\u2019est une occasion unique de <strong data-start=\"1063\" data-end=\"1123\">combiner panoramas exceptionnels et immersion culturelle<\/strong> dans un cadre naturel spectaculaire.<\/p>\n<p data-start=\"1164\" data-end=\"1184\"><strong data-start=\"1164\" data-end=\"1182\">Points forts :<\/strong><\/p>\n<ul data-start=\"1185\" data-end=\"1475\">\n<li data-start=\"1185\" data-end=\"1269\">\n<p data-start=\"1187\" data-end=\"1269\"><strong data-start=\"1187\" data-end=\"1215\">Vues panoramiques \u00e0 360\u00b0<\/strong> sur Agadir, l\u2019oc\u00e9an Atlantique et les plages dor\u00e9es<\/p>\n<\/li>\n<li data-start=\"1270\" data-end=\"1331\">\n<p data-start=\"1272\" data-end=\"1331\"><strong data-start=\"1272\" data-end=\"1301\">Acc\u00e8s \u00e0 la Kasbah Oufella<\/strong> et ses vestiges historiques<\/p>\n<\/li>\n<li data-start=\"1332\" data-end=\"1407\">\n<p data-start=\"1334\" data-end=\"1407\"><strong data-start=\"1334\" data-end=\"1372\">Exp\u00e9rience adapt\u00e9e \u00e0 tous les \u00e2ges<\/strong>, id\u00e9ale pour familles et couples<\/p>\n<\/li>\n<li data-start=\"1408\" data-end=\"1475\">\n<p data-start=\"1410\" data-end=\"1475\"><strong data-start=\"1410\" data-end=\"1440\">Moments photo inoubliables<\/strong> avec des panoramas exceptionnels<\/p>\n<\/li>\n<\/ul>\n<p data-start=\"1477\" data-end=\"1507\"><strong data-start=\"1477\" data-end=\"1505\">Informations pratiques :<\/strong><\/p>\n<ul data-start=\"1508\" data-end=\"1744\">\n<li data-start=\"1508\" data-end=\"1550\">\n<p data-start=\"1510\" data-end=\"1550\">Horaires : 9h00 \u2013 19h00 tous les jours<\/p>\n<\/li>\n<li data-start=\"1551\" data-end=\"1608\">\n<p data-start=\"1553\" data-end=\"1608\">Dur\u00e9e : 1 \u00e0 2 heures selon l\u2019exploration de la Kasbah<\/p>\n<\/li>\n<li data-start=\"1609\" data-end=\"1665\">\n<p data-start=\"1611\" data-end=\"1665\">Acc\u00e8s : Centre-ville d\u2019Agadir, facilement accessible<\/p>\n<\/li>\n<li data-start=\"1666\" data-end=\"1744\">\n<p data-start=\"1668\" data-end=\"1744\">Tarifs : Adultes et enfants, billetterie sur place ou r\u00e9servation en ligne<\/p>\n<\/li>\n<\/ul>\n<p>&nbsp;<\/p>\n<table class=\"table table-bordered tours-tabs__table\" style=\"height: 233px;\" width=\"862\">\n<tbody>\n<tr>\n<td><strong>Inclus<\/strong><\/td>\n<td>\n<table class=\"table table-bordered\" style=\"height: 62px;\" width=\"300\">\n<tbody>\n<tr>\n<td><i class=\"fa fa-check icon-tick icon-tick--on\"><\/i>Transport avec chauffeur.<\/td>\n<\/tr>\n<tr>\n<td><i class=\"fa fa-check icon-tick icon-tick--on\"><\/i>Billet de t\u00e9l\u00e9ph\u00e9rique.<\/td>\n<\/tr>\n<tr>\n<td><i class=\"fa fa-check icon-tick icon-tick--on\"><\/i>Visite de la Kasbah Oufella.<\/td>\n<\/tr>\n<tr>\n<td><i class=\"fa fa-check icon-tick icon-tick--on\"><\/i>Guide touristique.<\/td>\n<\/tr>\n<\/tbody>\n<\/table>\n<\/td>\n<\/tr>\n<tr>\n<td><b>Non inclus<\/b><\/td>\n<td>\n<table class=\"table table-bordered\" style=\"height: 62px;\" width=\"300\">\n<tbody>\n<tr>\n<td><i class=\"fa fa-times icon-tick icon-tick--off\"><\/i>Boissons.<\/td>\n<\/tr>\n<tr>\n<td><i class=\"fa fa-times icon-tick icon-tick--off\"><\/i>Pourboire.<\/td>\n<\/tr>\n<\/tbody>\n<\/table>\n<\/td>\n<\/tr>\n<\/tbody>\n<\/table>\n<p>[\/vc_column_text][\/vc_column][\/vc_row]<\/p>\n<\/div>","protected":false},"excerpt":{"rendered":"<p>Vivez une exp\u00e9rience unique avec le t\u00e9l\u00e9ph\u00e9rique d\u2019Agadir, offrant panoramas sur l\u2019oc\u00e9an Atlantique et acc\u00e8s aux vestiges historiques de la Kasbah Oufella.<\/p>\n","protected":false},"featured_media":1958,"template":"","meta":[],"product_brand":[],"product_cat":[100],"product_tag":[],"class_list":{"0":"post-2132","1":"product","2":"type-product","3":"status-publish","4":"has-post-thumbnail","6":"product_cat-activites-a-agadir","7":"tour_category-activites-a-agadir","9":"first","10":"instock","11":"shipping-taxable","12":"purchasable","13":"product-type-tour"},"_links":{"self":[{"href":"https:\/\/facetours.ma\/fr\/wp-json\/wp\/v2\/product\/2132","targetHints":{"allow":["GET"]}}],"collection":[{"href":"https:\/\/facetours.ma\/fr\/wp-json\/wp\/v2\/product"}],"about":[{"href":"https:\/\/facetours.ma\/fr\/wp-json\/wp\/v2\/types\/product"}],"wp:featuredmedia":[{"embeddable":true,"href":"https:\/\/facetours.ma\/fr\/wp-json\/wp\/v2\/media\/1958"}],"wp:attachment":[{"href":"https:\/\/facetours.ma\/fr\/wp-json\/wp\/v2\/media?parent=2132"}],"wp:term":[{"taxonomy":"product_brand","embeddable":true,"href":"https:\/\/facetours.ma\/fr\/wp-json\/wp\/v2\/product_brand?post=2132"},{"taxonomy":"product_cat","embeddable":true,"href":"https:\/\/facetours.ma\/fr\/wp-json\/wp\/v2\/product_cat?post=2132"},{"taxonomy":"product_tag","embeddable":true,"href":"https:\/\/facetours.ma\/fr\/wp-json\/wp\/v2\/product_tag?post=2132"}],"curies":[{"name":"wp","href":"https:\/\/api.w.org\/{rel}","templated":true}]}}