{"id":2131,"date":"2022-08-31T10:36:10","date_gmt":"2022-08-31T09:36:10","guid":{"rendered":"https:\/\/facetours.ma\/?post_type=product&#038;p=2131"},"modified":"2025-10-31T00:16:51","modified_gmt":"2025-10-30T23:16:51","slug":"crocoparc-agadir","status":"publish","type":"product","link":"https:\/\/facetours.ma\/fr\/meilleures-circuits-au-maroc\/crocoparc-agadir\/","title":{"rendered":"Visite du Crocoparc Agadir \u2013 \u00c0 la d\u00e9couverte des crocodiles du Nil"},"content":{"rendered":"<div class=\"wpb-content-wrapper\"><p>[vc_row][vc_column][vc_column_text]<\/p>\n<h3 data-start=\"0\" data-end=\"70\">\ud83d\udc0a <strong data-start=\"7\" data-end=\"68\">Crocoparc Agadir \u2013 Une Aventure Naturelle Unique au Maroc<\/strong><\/h3>\n<p data-start=\"72\" data-end=\"596\">Plongez dans une exp\u00e9rience captivante au <strong data-start=\"141\" data-end=\"161\">Crocoparc Agadir<\/strong>, le premier parc de crocodiles du Maroc, situ\u00e9 \u00e0 seulement quelques kilom\u00e8tres du centre-ville. Ce v\u00e9ritable <strong data-start=\"271\" data-end=\"290\">jardin tropical<\/strong> abrite plus de <strong data-start=\"306\" data-end=\"331\" data-is-only-node=\"\">300 crocodiles du Nil<\/strong>, \u00e9voluant dans un environnement naturel et s\u00e9curis\u00e9. D\u00e8s votre arriv\u00e9e, vous serez \u00e9merveill\u00e9 par l\u2019atmosph\u00e8re exotique du parc, ses <strong data-start=\"465\" data-end=\"488\">plantes luxuriantes<\/strong>, ses <strong data-start=\"494\" data-end=\"523\">bassins d\u2019eau cristalline<\/strong>, et ses <strong data-start=\"532\" data-end=\"552\">espaces ombrag\u00e9s<\/strong> propices \u00e0 la d\u00e9tente et \u00e0 la d\u00e9couverte.<\/p>\n<p data-start=\"598\" data-end=\"1083\">Le Crocoparc ne se limite pas seulement \u00e0 l\u2019observation des reptiles ; il propose \u00e9galement un <strong data-start=\"693\" data-end=\"725\">voyage \u00e9ducatif et sensoriel<\/strong> \u00e0 travers la biodiversit\u00e9 marocaine et africaine. Vous y d\u00e9couvrirez diff\u00e9rentes esp\u00e8ces de reptiles, comme les cam\u00e9l\u00e9ons, iguanes et tortues, tout en apprenant sur leur mode de vie et leur pr\u00e9servation. Des panneaux explicatifs et des zones d\u2019observation am\u00e9nag\u00e9es permettent une <strong data-start=\"1007\" data-end=\"1040\">visite immersive et s\u00e9curis\u00e9e<\/strong>, id\u00e9ale pour les enfants et les adultes.<\/p>\n<p data-start=\"1085\" data-end=\"1469\">Entre nature, aventure et p\u00e9dagogie, le Crocoparc d\u2019Agadir est une <strong data-start=\"1152\" data-end=\"1177\">sortie incontournable<\/strong> pour les familles, les amoureux des animaux et les passionn\u00e9s de nature. Apr\u00e8s la visite, vous pourrez profiter d\u2019un moment de d\u00e9tente dans le <strong data-start=\"1321\" data-end=\"1341\">caf\u00e9 panoramique<\/strong>, fl\u00e2ner dans la <strong data-start=\"1358\" data-end=\"1383\">boutique de souvenirs<\/strong>, ou encore capturer de magnifiques photos souvenirs entour\u00e9s de la flore tropicale.<\/p>\n<p data-start=\"1471\" data-end=\"1641\" data-is-last-node=\"\" data-is-only-node=\"\">Que vous soyez en couple, en famille ou entre amis, le <strong data-start=\"1526\" data-end=\"1548\">Crocoparc d\u2019Agadir<\/strong> promet une journ\u00e9e m\u00e9morable alliant <strong data-start=\"1586\" data-end=\"1640\">divertissement, d\u00e9couverte et respect de la nature<\/strong>.<\/p>\n<hr data-start=\"692\" data-end=\"695\" \/>\n<h3 data-start=\"0\" data-end=\"45\">\ud83c\udf3f <strong data-start=\"7\" data-end=\"43\">Points forts du Crocoparc Agadir<\/strong><\/h3>\n<ul data-start=\"47\" data-end=\"690\">\n<li data-start=\"47\" data-end=\"169\">\n<p data-start=\"49\" data-end=\"169\">\ud83d\udc0a <strong data-start=\"52\" data-end=\"91\">Premier parc de crocodiles au Maroc<\/strong> \u2013 D\u00e9couvrez plus de <strong data-start=\"112\" data-end=\"137\">300 crocodiles du Nil<\/strong> dans un cadre naturel unique.<\/p>\n<\/li>\n<li data-start=\"170\" data-end=\"291\">\n<p data-start=\"172\" data-end=\"291\">\ud83c\udf3a <strong data-start=\"175\" data-end=\"205\">Jardin botanique luxuriant<\/strong> \u2013 Promenez-vous parmi des plantes exotiques, des cascades et des bassins tropicaux.<\/p>\n<\/li>\n<li data-start=\"292\" data-end=\"442\">\n<p data-start=\"294\" data-end=\"442\">\ud83d\udc68\u200d\ud83d\udc69\u200d\ud83d\udc67\u200d\ud83d\udc66 <strong data-start=\"306\" data-end=\"345\">Sortie id\u00e9ale pour toute la famille<\/strong> \u2013 Une exp\u00e9rience \u00e0 la fois <strong data-start=\"373\" data-end=\"403\">\u00e9ducative et divertissante<\/strong>, adapt\u00e9e aux enfants et aux adultes.<\/p>\n<\/li>\n<li data-start=\"443\" data-end=\"572\">\n<p data-start=\"445\" data-end=\"572\">\ud83d\udcf8 <strong data-start=\"448\" data-end=\"475\">Nombreuses zones photos<\/strong> \u2013 Capturez des souvenirs incroyables avec des vues imprenables sur les crocodiles et la flore.<\/p>\n<\/li>\n<li data-start=\"573\" data-end=\"690\">\n<p data-start=\"575\" data-end=\"690\">\u2615 <strong data-start=\"577\" data-end=\"611\">Espace d\u00e9tente et restauration<\/strong> \u2013 Profitez d\u2019un caf\u00e9 panoramique et d\u2019une boutique souvenir apr\u00e8s la visite.<\/p>\n<\/li>\n<\/ul>\n<hr data-start=\"692\" data-end=\"695\" \/>\n<h3 data-start=\"697\" data-end=\"732\">\u2139\ufe0f <strong data-start=\"704\" data-end=\"730\">Informations pratiques<\/strong><\/h3>\n<ul data-start=\"734\" data-end=\"1247\">\n<li data-start=\"734\" data-end=\"814\">\n<p data-start=\"736\" data-end=\"814\">\ud83d\udccd <strong data-start=\"739\" data-end=\"756\">Emplacement :<\/strong> Route de Marrakech, \u00e0 environ 15 km du centre d\u2019Agadir.<\/p>\n<\/li>\n<li data-start=\"815\" data-end=\"899\">\n<p data-start=\"817\" data-end=\"899\">\ud83d\udd52 <strong data-start=\"820\" data-end=\"834\">Horaires :<\/strong> Ouvert tous les jours de 10h00 \u00e0 18h00 (jusqu\u2019\u00e0 19h00 en \u00e9t\u00e9).<\/p>\n<\/li>\n<li data-start=\"900\" data-end=\"1007\">\n<p data-start=\"902\" data-end=\"1007\">\ud83d\udcb0 <strong data-start=\"905\" data-end=\"917\">Entr\u00e9e :<\/strong> Billets disponibles sur place ou via les agences locales (tarifs r\u00e9duits pour enfants).<\/p>\n<\/li>\n<li data-start=\"1008\" data-end=\"1107\">\n<p data-start=\"1010\" data-end=\"1107\">\ud83d\ude97 <strong data-start=\"1013\" data-end=\"1024\">Acc\u00e8s :<\/strong> Facilement accessible en voiture, taxi ou transfert organis\u00e9 depuis votre h\u00f4tel.<\/p>\n<\/li>\n<li data-start=\"1108\" data-end=\"1160\">\n<p data-start=\"1110\" data-end=\"1160\">\u23f3 <strong data-start=\"1112\" data-end=\"1136\">Dur\u00e9e de la visite :<\/strong> Environ 2 \u00e0 3 heures.<\/p>\n<\/li>\n<li data-start=\"1161\" data-end=\"1247\">\n<p data-start=\"1163\" data-end=\"1247\">\ud83d\udc5f <strong data-start=\"1166\" data-end=\"1179\">Conseil :<\/strong> Pr\u00e9voyez des chaussures confortables et de l\u2019eau, surtout en \u00e9t\u00e9.<\/p>\n<\/li>\n<\/ul>\n<table class=\"table table-bordered tours-tabs__table\" style=\"height: 233px;\" width=\"862\">\n<tbody>\n<tr>\n<td><strong>Inclus<\/strong><\/td>\n<td>\n<table class=\"table table-bordered\" style=\"height: 62px;\" width=\"300\">\n<tbody>\n<tr>\n<td><i class=\"fa fa-check icon-tick icon-tick--on\"><\/i>Transport avec chauffeur.<\/td>\n<\/tr>\n<tr>\n<td><i class=\"fa fa-check icon-tick icon-tick--on\"><\/i>Billet d&#8217;entr\u00e9e.<\/td>\n<\/tr>\n<tr>\n<td><i class=\"fa fa-check icon-tick icon-tick--on\"><\/i>Visite de Crocoparc.<\/td>\n<\/tr>\n<tr>\n<td><i class=\"fa fa-check icon-tick icon-tick--on\"><\/i>Guide touristique.<\/td>\n<\/tr>\n<\/tbody>\n<\/table>\n<\/td>\n<\/tr>\n<tr>\n<td><b>Non inclus<\/b><\/td>\n<td>\n<table class=\"table table-bordered\" style=\"height: 62px;\" width=\"300\">\n<tbody>\n<tr>\n<td><i class=\"fa fa-times icon-tick icon-tick--off\"><\/i>Boissons.<\/td>\n<\/tr>\n<tr>\n<td><i class=\"fa fa-times icon-tick icon-tick--off\"><\/i>Pourboire.<\/td>\n<\/tr>\n<\/tbody>\n<\/table>\n<\/td>\n<\/tr>\n<\/tbody>\n<\/table>\n<p>[\/vc_column_text][\/vc_column][\/vc_row]<\/p>\n<\/div>","protected":false},"excerpt":{"rendered":"<p>D\u00e9couvrez le <strong data-start=\"13\" data-end=\"35\">Crocoparc d\u2019Agadir<\/strong>, un lieu unique abritant plus de 300 crocodiles du Nil dans un magnifique jardin exotique. Une visite fascinante et \u00e9ducative pour toute la famille au c\u0153ur d\u2019Agadir.<\/p>\n","protected":false},"featured_media":1962,"template":"","meta":[],"product_brand":[],"product_cat":[100],"product_tag":[],"class_list":{"0":"post-2131","1":"product","2":"type-product","3":"status-publish","4":"has-post-thumbnail","6":"product_cat-activites-a-agadir","7":"tour_category-activites-a-agadir","9":"first","10":"instock","11":"virtual","12":"purchasable","13":"product-type-tour"},"_links":{"self":[{"href":"https:\/\/facetours.ma\/fr\/wp-json\/wp\/v2\/product\/2131","targetHints":{"allow":["GET"]}}],"collection":[{"href":"https:\/\/facetours.ma\/fr\/wp-json\/wp\/v2\/product"}],"about":[{"href":"https:\/\/facetours.ma\/fr\/wp-json\/wp\/v2\/types\/product"}],"wp:featuredmedia":[{"embeddable":true,"href":"https:\/\/facetours.ma\/fr\/wp-json\/wp\/v2\/media\/1962"}],"wp:attachment":[{"href":"https:\/\/facetours.ma\/fr\/wp-json\/wp\/v2\/media?parent=2131"}],"wp:term":[{"taxonomy":"product_brand","embeddable":true,"href":"https:\/\/facetours.ma\/fr\/wp-json\/wp\/v2\/product_brand?post=2131"},{"taxonomy":"product_cat","embeddable":true,"href":"https:\/\/facetours.ma\/fr\/wp-json\/wp\/v2\/product_cat?post=2131"},{"taxonomy":"product_tag","embeddable":true,"href":"https:\/\/facetours.ma\/fr\/wp-json\/wp\/v2\/product_tag?post=2131"}],"curies":[{"name":"wp","href":"https:\/\/api.w.org\/{rel}","templated":true}]}}