{"id":2573,"date":"2022-09-26T11:44:12","date_gmt":"2022-09-26T10:44:12","guid":{"rendered":"https:\/\/facetours.ma\/?page_id=2573"},"modified":"2025-11-04T19:06:19","modified_gmt":"2025-11-04T18:06:19","slug":"a-propos-de-nous","status":"publish","type":"page","link":"https:\/\/facetours.ma\/fr\/a-propos-de-nous\/","title":{"rendered":"\u00c0 propos de nous"},"content":{"rendered":"<div class=\"wpb-content-wrapper\"><p>[vc_row][vc_column]<div class=\"title title--big title--center title--decoration-bottom-center\">\n\t\t\t<div class=\"title__subtitle\">\u00c0 propos de nous<\/div>\n\t\t<h2 class=\"title__primary\">Qui sommes-nous ?<\/h2>\n<\/div>\n[vc_column_text css=&#8221;&#8221;]Face tours est une agence de voyage, de tourisme, un tour op\u00e9rateur et une agence de transport bas\u00e9e \u00e0 Agadir, Casablanca, Marrakech, F\u00e8s, Tanger, Ouarzazate et Rabat au Maroc. C&#8217;est un leader parmi les bureaux de tourisme r\u00e9ceptif et le partenaire id\u00e9al pour ceux qui choisissent le Royaume comme destination.<\/p>\n<p>Nous organisons et proposons des circuits, excursions, excursions d&#8217;une journ\u00e9e et transferts a\u00e9roport, voyages d&#8217;affaires, voyages de noces, mariages, Nouvel An, s\u00e9minaires, groupes sp\u00e9ciaux et petits groupes pour groupes, circuits priv\u00e9s, familles, \u00e9tudiants, c\u00e9libataires avec une location de v\u00e9hicules de luxe, comprenant des 4&#215;4 modernes, bus et minibus \u00e9quip\u00e9s de climatisation.<\/p>\n<p>Face tours op\u00e8re depuis treize ans, assistant et conseillant nos clients. Nos chauffeurs professionnels sont actifs et vous assistent dans une atmosph\u00e8re sereine. Nous vous garantissons des prix d\u00e9fiant toute concurrence et imbattables. Notre objectif est de vous satisfaire !<\/p>\n<p>Envie de faire partie de cette aventure unique et inoubliable ? N&#8217;h\u00e9sitez pas \u00e0 <a href=\"https:\/\/facetours.ma\/contact-us\/\">nous contacter<\/a>[\/vc_column_text][\/vc_column][\/vc_row][vc_row][vc_column]<div class=\"title title--center title--underline title--decoration-bottom-center\">\n\t\t\t<div class=\"title__subtitle\">Service<\/div>\n\t\t<h2 class=\"title__primary\">Nos services<\/h2>\n<\/div>\n[vc_row_inner equal_height=&#8221;yes&#8221; content_placement=&#8221;middle&#8221;][vc_column_inner width=&#8221;1\/2&#8243;][vc_single_image image=&#8221;933&#8243; img_size=&#8221;large&#8221;][\/vc_column_inner][vc_column_inner width=&#8221;1\/2&#8243;][vc_column_text css=&#8221;&#8221;]<\/p>\n<h2>Circuits au Maroc<\/h2>\n<p>D\u00e9couvrez avec notre agence de voyage tous les circuits au Maroc tels que : circuit des villes imp\u00e9riales, grands tours et circuits du d\u00e9sert, circuit du nord au d\u00e9part de Rabat, Casablanca, Agadir, Marrakech, Tanger et F\u00e8s, et circuits de 3 jours de Marrakech \u00e0 Merzouga, 3 jours de Marrakech \u00e0 F\u00e8s via Merzouga, 3 jours de F\u00e8s \u00e0 Marrakech via Merzouga, et circuit de 2 jours \u00e0 Zagora au d\u00e9part de Marrakech.[\/vc_column_text]<a href=\"https:\/\/facetours.ma\/fr\/circuit-touristique-maroc\/\" class=\"atbtn\">Plus d&#039;infos<\/a>[\/vc_column_inner][\/vc_row_inner][vc_row_inner equal_height=&#8221;yes&#8221; content_placement=&#8221;middle&#8221; css=&#8221;.vc_custom_1624140099063{margin-bottom: 40px !important;}&#8221; el_class=&#8221;vc_col-lg-push-6&#8243;][vc_column_inner el_class=&#8221;vc_col-lg-push-6&#8243; width=&#8221;1\/2&#8243;][vc_single_image image=&#8221;871&#8243; img_size=&#8221;large&#8221;][\/vc_column_inner][vc_column_inner el_class=&#8221;vc_col-lg-pull-6&#8243; width=&#8221;1\/2&#8243;][vc_column_text css=&#8221;&#8221;]<\/p>\n<h2>Excursions \u00e0 la journ\u00e9e<\/h2>\n<p>Nous vous proposons les excursions \u00e0 la journ\u00e9e les plus populaires au d\u00e9part de F\u00e8s, Agadir &amp; Taghazout, Marrakech, Rabat, Casablanca pour explorer l&#8217;authenticit\u00e9 du Maroc, sa culture et son histoire, ses coutumes, ses paysages magnifiques et les montagnes de l&#8217;Atlas, le patrimoine islamique et juif, et nous vous montrons \u00e9galement quelques points forts de l&#8217;excursion d&#8217;une journ\u00e9e avec des exp\u00e9riences uniques.[\/vc_column_text]<a href=\"https:\/\/facetours.ma\/fr\/excursions-une-journee-maroc\/\" class=\"atbtn\">Plus d&#039;infos<\/a>[\/vc_column_inner][\/vc_row_inner][vc_row_inner equal_height=&#8221;yes&#8221; content_placement=&#8221;middle&#8221; css=&#8221;.vc_custom_1624140201129{margin-bottom: 40px !important;}&#8221;][vc_column_inner width=&#8221;1\/2&#8243;][vc_single_image image=&#8221;769&#8243; img_size=&#8221;large&#8221;][\/vc_column_inner][vc_column_inner width=&#8221;1\/2&#8243;][vc_column_text css=&#8221;&#8221;]<\/p>\n<h2>Activit\u00e9s \u00e0 Marrakech &amp; Agadir<\/h2>\n<p>D\u00e9couvrez les activit\u00e9s \u00e0 Marrakech &amp; Agadir pour voir toutes les r\u00e9gions et faire les meilleures attractions de ces belles villes du Maroc. Dans ces deux villes c\u00e9l\u00e8bres, nous vous proposons des activit\u00e9s populaires et en vogue telles que : quad &amp; buggy, d\u00eener de luxe dans le d\u00e9sert d&#8217;Agafay, cours de cuisine, balade \u00e0 dos de chameau, soir\u00e9e fantasia, montgolfi\u00e8re, balade en cal\u00e8che, sandboarding, excursion au monde des dauphins, visite de Crocoparc, excursion en bateau et balade \u00e0 cheval et \u00e0 chameau.[\/vc_column_text]<a href=\"https:\/\/facetours.ma\/fr\/activites-maroc\/\" class=\"atbtn\">Plus d&#039;infos<\/a>[\/vc_column_inner][\/vc_row_inner][\/vc_column][\/vc_row][vc_row][vc_column][vc_row_inner equal_height=&#8221;yes&#8221; content_placement=&#8221;middle&#8221; css=&#8221;.vc_custom_1624140099063{margin-bottom: 40px !important;}&#8221; el_class=&#8221;vc_col-lg-push-6&#8243;][vc_column_inner el_class=&#8221;vc_col-lg-push-6&#8243; width=&#8221;1\/2&#8243;][vc_single_image image=&#8221;576&#8243; img_size=&#8221;large&#8221;][\/vc_column_inner][vc_column_inner el_class=&#8221;vc_col-lg-pull-6&#8243; width=&#8221;1\/2&#8243;][vc_column_text css=&#8221;&#8221;]<\/p>\n<h2>Transferts priv\u00e9s a\u00e9roport<\/h2>\n<p>Face tours propose des transferts priv\u00e9s a\u00e9roportuaires, des services de navette, de chauffeur et de taxi, des services de minibus et 4&#215;4 climatis\u00e9s, au d\u00e9part des a\u00e9roports de Casablanca Mohamed V, Agadir Al Massira, Marrakech El Menara, F\u00e8s Saiss, Tanger Ibn Batouta, Essaouira Mogador et Ouarzazate.[\/vc_column_text]<a href=\"https:\/\/facetours.ma\/fr\/transferts-prives-aeroport-maroc\/\" class=\"atbtn\">Plus d&#039;infos<\/a>[\/vc_column_inner][\/vc_row_inner][\/vc_column][\/vc_row]<\/p>\n<\/div>","protected":false},"excerpt":{"rendered":"<p>[vc_row][vc_column][vc_column_text css=&#8221;&#8221;]Face tours est une agence de voyage, de tourisme, un tour op\u00e9rateur et une agence de transport bas\u00e9e \u00e0 Agadir, Casablanca, Marrakech, F\u00e8s, Tanger, Ouarzazate et Rabat au Maroc. C&#8217;est un leader parmi les bureaux de tourisme r\u00e9ceptif et le partenaire id\u00e9al pour ceux qui choisissent le Royaume comme destination. Nous organisons et proposons<\/p>\n<div class=\"padding-top text-center\"><a href=\"https:\/\/facetours.ma\/fr\/a-propos-de-nous\/\" class=\"atbtn atbtn--medium atbtn--rounded atbtn--transparent\">Read more<i class=\"atbtn__icon atbtn__icon--right fa fa-long-arrow-right\"><\/i><\/a><\/div>\n","protected":false},"author":1,"featured_media":0,"parent":0,"menu_order":0,"comment_status":"closed","ping_status":"closed","template":"","meta":{"footnotes":""},"class_list":["post-2573","page","type-page","status-publish","hentry"],"_links":{"self":[{"href":"https:\/\/facetours.ma\/fr\/wp-json\/wp\/v2\/pages\/2573","targetHints":{"allow":["GET"]}}],"collection":[{"href":"https:\/\/facetours.ma\/fr\/wp-json\/wp\/v2\/pages"}],"about":[{"href":"https:\/\/facetours.ma\/fr\/wp-json\/wp\/v2\/types\/page"}],"author":[{"embeddable":true,"href":"https:\/\/facetours.ma\/fr\/wp-json\/wp\/v2\/users\/1"}],"replies":[{"embeddable":true,"href":"https:\/\/facetours.ma\/fr\/wp-json\/wp\/v2\/comments?post=2573"}],"version-history":[{"count":2,"href":"https:\/\/facetours.ma\/fr\/wp-json\/wp\/v2\/pages\/2573\/revisions"}],"predecessor-version":[{"id":4380,"href":"https:\/\/facetours.ma\/fr\/wp-json\/wp\/v2\/pages\/2573\/revisions\/4380"}],"wp:attachment":[{"href":"https:\/\/facetours.ma\/fr\/wp-json\/wp\/v2\/media?parent=2573"}],"curies":[{"name":"wp","href":"https:\/\/api.w.org\/{rel}","templated":true}]}}