{"id":2522,"date":"2022-09-20T18:40:35","date_gmt":"2022-09-20T17:40:35","guid":{"rendered":"https:\/\/facetours.ma\/?page_id=2522"},"modified":"2024-05-03T10:44:05","modified_gmt":"2024-05-03T09:44:05","slug":"circuits-sur-mesure","status":"publish","type":"page","link":"https:\/\/facetours.ma\/fr\/circuits-sur-mesure\/","title":{"rendered":"Les Circuits sur mesure"},"content":{"rendered":"<div class=\"wpb-content-wrapper\"><p>[vc_row el_class=&#8221;margin-bottom&#8221; css=&#8221;.vc_custom_1573499681594{margin-bottom: 40px !important;}&#8221;][vc_column offset=&#8221;vc_col-md-6&#8243;]<div class=\"title\">\n\t\t\t<div class=\"title__subtitle\">Pour le meilleur devis<\/div>\n\t\t<h2 class=\"title__primary\">Personnalisez votre itin\u00e9raire au Maroc<\/h2>\n<\/div>\n[vc_column_text]<strong style=\"text-align: center;\">Nous personnalisons<\/strong><br \/>\nIl n&#8217;y a pas de formule, nous vous \u00e9coutons simplement et nous le r\u00e9alisons[\/vc_column_text][vc_column_text]<strong>Nous planifions avec expertise<\/strong><br \/>\nDe votre itin\u00e9raire aux petits d\u00e9tails, nous nous occupons de tout pour vous. [\/vc_column_text][vc_column_text]<strong>Nous ne nous contentons pas<\/strong><br \/>\nNous peaufinons votre itin\u00e9raire jusqu&#8217;\u00e0 ce que vous soyez satisfait[\/vc_column_text][\/vc_column][vc_column offset=&#8221;vc_col-md-6&#8243;][vc_empty_space height=&#8221;40px&#8221; el_class=&#8221;visible-sm visible-xs&#8221;]\n<div class=\"wpcf7 no-js\" id=\"wpcf7-f2525-o1\" lang=\"en-US\" dir=\"ltr\" data-wpcf7-id=\"2525\">\n<div class=\"screen-reader-response\"><p role=\"status\" aria-live=\"polite\" aria-atomic=\"true\"><\/p> <ul><\/ul><\/div>\n<form action=\"\/fr\/wp-json\/wp\/v2\/pages\/2522#wpcf7-f2525-o1\" method=\"post\" class=\"wpcf7-form init\" aria-label=\"Contact form\" novalidate=\"novalidate\" data-status=\"init\">\n<fieldset class=\"hidden-fields-container\"><input type=\"hidden\" name=\"_wpcf7\" value=\"2525\" \/><input type=\"hidden\" name=\"_wpcf7_version\" value=\"6.1.4\" \/><input type=\"hidden\" name=\"_wpcf7_locale\" value=\"en_US\" \/><input type=\"hidden\" name=\"_wpcf7_unit_tag\" value=\"wpcf7-f2525-o1\" \/><input type=\"hidden\" name=\"_wpcf7_container_post\" value=\"0\" \/><input type=\"hidden\" name=\"_wpcf7_posted_data_hash\" value=\"\" \/>\n<\/fieldset>\n<div class=\"form-contact\">\n\t<div class=\"form-contact__fields-short\">\n\t\t<div class=\"form-contact__item-short\">\n\t\t\t<p><span class=\"wpcf7-form-control-wrap\" data-name=\"first-name\"><input size=\"40\" maxlength=\"400\" class=\"wpcf7-form-control wpcf7-text wpcf7-validates-as-required\" aria-required=\"true\" aria-invalid=\"false\" placeholder=\"Pr\u00e9nom *\" value=\"\" type=\"text\" name=\"first-name\" \/><\/span>\n\t\t\t<\/p>\n\t\t<\/div>\n\t\t<div class=\"form-contact__item-short\">\n\t\t\t<p><span class=\"wpcf7-form-control-wrap\" data-name=\"last-name\"><input size=\"40\" maxlength=\"400\" class=\"wpcf7-form-control wpcf7-text wpcf7-validates-as-required\" aria-required=\"true\" aria-invalid=\"false\" placeholder=\"Nom *\" value=\"\" type=\"text\" name=\"last-name\" \/><\/span>\n\t\t\t<\/p>\n\t\t<\/div>\n\t<\/div>\n\t<div class=\"form-contact__fields-short\">\n\t\t<div class=\"form-contact__item-short\">\n\t\t\t<p><span class=\"wpcf7-form-control-wrap\" data-name=\"phone\"><input size=\"40\" maxlength=\"400\" class=\"wpcf7-form-control wpcf7-text\" aria-invalid=\"false\" placeholder=\"T\u00e9l\u00e9phone\" value=\"\" type=\"text\" name=\"phone\" \/><\/span>\n\t\t\t<\/p>\n\t\t<\/div>\n\t\t<div class=\"form-contact__item-short\">\n\t\t\t<p><span class=\"wpcf7-form-control-wrap\" data-name=\"your-email\"><input size=\"40\" maxlength=\"400\" class=\"wpcf7-form-control wpcf7-email wpcf7-validates-as-required wpcf7-text wpcf7-validates-as-email\" aria-required=\"true\" aria-invalid=\"false\" placeholder=\"E-mail *\" value=\"\" type=\"email\" name=\"your-email\" \/><\/span>\n\t\t\t<\/p>\n\t\t<\/div>\n\t<\/div>\n\t<div class=\"form-contact__fields-short\">\n\t\t<div class=\"form-contact__item-short\">\n\t\t\t<p><span class=\"wpcf7-form-control-wrap\" data-name=\"country\"><input size=\"40\" maxlength=\"400\" class=\"wpcf7-form-control wpcf7-text wpcf7-validates-as-required\" aria-required=\"true\" aria-invalid=\"false\" placeholder=\"Pays *\" value=\"\" type=\"text\" name=\"country\" \/><\/span>\n\t\t\t<\/p>\n\t\t<\/div>\n\t\t<div class=\"form-contact__item-short\">\n\t\t\t<p><span class=\"wpcf7-form-control-wrap\" data-name=\"city\"><input size=\"40\" maxlength=\"400\" class=\"wpcf7-form-control wpcf7-text\" aria-invalid=\"false\" placeholder=\"Ville\" value=\"\" type=\"text\" name=\"city\" \/><\/span>\n\t\t\t<\/p>\n\t\t<\/div>\n\t<\/div>\n\t<div class=\"form-contact__fields-short\">\n\t\t<div class=\"form-contact__item-short\">\n\t\t\t<p><span class=\"wpcf7-form-control-wrap\" data-name=\"persons\"><input size=\"40\" maxlength=\"400\" class=\"wpcf7-form-control wpcf7-text wpcf7-validates-as-required\" aria-required=\"true\" aria-invalid=\"false\" placeholder=\"Nombre de voyageurs *\" value=\"\" type=\"text\" name=\"persons\" \/><\/span>\n\t\t\t<\/p>\n\t\t<\/div>\n\t\t<div class=\"form-contact__item-short\">\n\t\t\t<p><span class=\"wpcf7-form-control-wrap\" data-name=\"date-55\"><input class=\"wpcf7-form-control wpcf7-date wpcf7-validates-as-date\" aria-invalid=\"false\" value=\"\" type=\"date\" name=\"date-55\" \/><\/span>\n\t\t\t<\/p>\n\t\t<\/div>\n\t<\/div>\n\t<div class=\"form-contact__fields-short\">\n\t\t<p><strong>Villes\/Activit\u00e9s d'int\u00e9r\u00eat<\/strong><br \/>\nO\u00f9 souhaitez-vous aller ? Que voudriez-vous voir ?<br \/>\n<span class=\"wpcf7-form-control-wrap\" data-name=\"cities-of-interest\"><span class=\"wpcf7-form-control wpcf7-checkbox\"><span class=\"wpcf7-list-item first\"><label><input type=\"checkbox\" name=\"cities-of-interest[]\" value=\"Agadir\" \/><span class=\"wpcf7-list-item-label\">Agadir<\/span><\/label><\/span><span class=\"wpcf7-list-item\"><label><input type=\"checkbox\" name=\"cities-of-interest[]\" value=\"Casablanca\" \/><span class=\"wpcf7-list-item-label\">Casablanca<\/span><\/label><\/span><span class=\"wpcf7-list-item\"><label><input type=\"checkbox\" name=\"cities-of-interest[]\" value=\"Chefchaouen\" \/><span class=\"wpcf7-list-item-label\">Chefchaouen<\/span><\/label><\/span><span class=\"wpcf7-list-item\"><label><input type=\"checkbox\" name=\"cities-of-interest[]\" value=\"Dakhla\" \/><span class=\"wpcf7-list-item-label\">Dakhla<\/span><\/label><\/span><span class=\"wpcf7-list-item\"><label><input type=\"checkbox\" name=\"cities-of-interest[]\" value=\"Essaouira\" \/><span class=\"wpcf7-list-item-label\">Essaouira<\/span><\/label><\/span><span class=\"wpcf7-list-item\"><label><input type=\"checkbox\" name=\"cities-of-interest[]\" value=\"F\u00e8s\" \/><span class=\"wpcf7-list-item-label\">F\u00e8s<\/span><\/label><\/span><span class=\"wpcf7-list-item\"><label><input type=\"checkbox\" name=\"cities-of-interest[]\" value=\"Marrakech\" \/><span class=\"wpcf7-list-item-label\">Marrakech<\/span><\/label><\/span><span class=\"wpcf7-list-item\"><label><input type=\"checkbox\" name=\"cities-of-interest[]\" value=\"Mekn\u00e8s\" \/><span class=\"wpcf7-list-item-label\">Mekn\u00e8s<\/span><\/label><\/span><span class=\"wpcf7-list-item\"><label><input type=\"checkbox\" name=\"cities-of-interest[]\" value=\"Merzouga\" \/><span class=\"wpcf7-list-item-label\">Merzouga<\/span><\/label><\/span><span class=\"wpcf7-list-item\"><label><input type=\"checkbox\" name=\"cities-of-interest[]\" value=\"Ouarzazate\" \/><span class=\"wpcf7-list-item-label\">Ouarzazate<\/span><\/label><\/span><span class=\"wpcf7-list-item\"><label><input type=\"checkbox\" name=\"cities-of-interest[]\" value=\"Rabat\" \/><span class=\"wpcf7-list-item-label\">Rabat<\/span><\/label><\/span><span class=\"wpcf7-list-item last\"><label><input type=\"checkbox\" name=\"cities-of-interest[]\" value=\"Tanger\" \/><span class=\"wpcf7-list-item-label\">Tanger<\/span><\/label><\/span><\/span><\/span>\n\t\t<\/p>\n\t<\/div>\n\t<div class=\"vc_empty_space\" style=\"height: 10px\">\n\t\t<p><span class=\"vc_empty_space_inner\"> <\/span>\n\t\t<\/p>\n\t<\/div>\n\t<p><span class=\"wpcf7-form-control-wrap\" data-name=\"your-message\"><textarea cols=\"0\" rows=\"0\" maxlength=\"2000\" class=\"wpcf7-form-control wpcf7-textarea\" aria-invalid=\"false\" placeholder=\"Merci de nous faire part de tout autre \u00e9l\u00e9ment important pour la planification de votre visite, comme les voyages avec des enfants, les besoins alimentaires, les handicaps, etc.\" name=\"your-message\"><\/textarea><\/span><br \/>\n<button type=\"submit\" class=\"button button--style1 button--with-icon\"><i class=\"fa fa-paper-plane\"><\/i>Envoyer<\/button>\n\t<\/p>\n<\/div><div class=\"wpcf7-response-output\" aria-hidden=\"true\"><\/div>\n<\/form>\n<\/div>\n[\/vc_column][\/vc_row]<\/p>\n<\/div>","protected":false},"excerpt":{"rendered":"<p>[vc_row el_class=&#8221;margin-bottom&#8221; css=&#8221;.vc_custom_1573499681594{margin-bottom: 40px !important;}&#8221;][vc_column offset=&#8221;vc_col-md-6&#8243;][vc_column_text]Nous personnalisons Il n&#8217;y a pas de formule, nous vous \u00e9coutons simplement et nous le r\u00e9alisons[\/vc_column_text][vc_column_text]Nous planifions avec expertise De votre itin\u00e9raire aux petits d\u00e9tails, nous nous occupons de tout pour vous. [\/vc_column_text][vc_column_text]Nous ne nous contentons pas Nous peaufinons votre itin\u00e9raire jusqu&#8217;\u00e0 ce que vous soyez satisfait[\/vc_column_text][\/vc_column][vc_column offset=&#8221;vc_col-md-6&#8243;][vc_empty_space height=&#8221;40px&#8221; el_class=&#8221;visible-sm<\/p>\n<div class=\"padding-top text-center\"><a href=\"https:\/\/facetours.ma\/fr\/circuits-sur-mesure\/\" class=\"atbtn atbtn--medium atbtn--rounded atbtn--transparent\">Read more<i class=\"atbtn__icon atbtn__icon--right fa fa-long-arrow-right\"><\/i><\/a><\/div>\n","protected":false},"author":1,"featured_media":0,"parent":0,"menu_order":0,"comment_status":"closed","ping_status":"closed","template":"","meta":{"footnotes":""},"class_list":["post-2522","page","type-page","status-publish","hentry"],"_links":{"self":[{"href":"https:\/\/facetours.ma\/fr\/wp-json\/wp\/v2\/pages\/2522","targetHints":{"allow":["GET"]}}],"collection":[{"href":"https:\/\/facetours.ma\/fr\/wp-json\/wp\/v2\/pages"}],"about":[{"href":"https:\/\/facetours.ma\/fr\/wp-json\/wp\/v2\/types\/page"}],"author":[{"embeddable":true,"href":"https:\/\/facetours.ma\/fr\/wp-json\/wp\/v2\/users\/1"}],"replies":[{"embeddable":true,"href":"https:\/\/facetours.ma\/fr\/wp-json\/wp\/v2\/comments?post=2522"}],"version-history":[{"count":4,"href":"https:\/\/facetours.ma\/fr\/wp-json\/wp\/v2\/pages\/2522\/revisions"}],"predecessor-version":[{"id":2527,"href":"https:\/\/facetours.ma\/fr\/wp-json\/wp\/v2\/pages\/2522\/revisions\/2527"}],"wp:attachment":[{"href":"https:\/\/facetours.ma\/fr\/wp-json\/wp\/v2\/media?parent=2522"}],"curies":[{"name":"wp","href":"https:\/\/api.w.org\/{rel}","templated":true}]}}