{"id":2495,"date":"2022-08-26T13:35:18","date_gmt":"2022-08-26T12:35:18","guid":{"rendered":"https:\/\/facetours.ma\/?page_id=2495"},"modified":"2024-05-02T20:14:04","modified_gmt":"2024-05-02T19:14:04","slug":"circuits-au-depart-de-casablanca-explorez-le-maroc","status":"publish","type":"page","link":"https:\/\/facetours.ma\/fr\/circuits-au-depart-de-casablanca-explorez-le-maroc\/","title":{"rendered":"Circuits au D\u00e9part de Casablanca : Explorez le Maroc"},"content":{"rendered":"<div class=\"wpb-content-wrapper\"><p>[vc_row][vc_column]<div class=\"title title--center\">\n\t\t\t<div class=\"title__subtitle\">Aventure Inoubliable!<\/div>\n\t\t<h2 class=\"title__primary\">D\u00e9couvrez la Beaut\u00e9 du Maroc au D\u00e9part de Casablanca<\/h2>\n<\/div>\n[vc_column_text css=&#8221;&#8221;]Embarquez pour un voyage enchanteur au c\u0153ur du Maroc avec nos <strong>Circuits au D\u00e9part de Casablanca : Explorez le Maroc<\/strong> soigneusement s\u00e9lectionn\u00e9s. D\u00e9couvrez le m\u00e9lange envo\u00fbtant de charme traditionnel et de modernit\u00e9 alors que vous vous plongez dans la culture vibrante, les paysages majestueux et les tr\u00e9sors anciens de cette destination captivante.[\/vc_column_text]<div class=\"title title--big title--center\">\n\t\t<h2 class=\"title__primary\">Explorez des Circuits Personnalis\u00e9s au D\u00e9part de Casablanca<\/h2>\n<\/div>\n\n<div class=\"atlist\">\n\t\t<div class=\"atlist__item margin-bottom\">\n\t\t<div class=\"atlist__item__image\">\n\t\t<a class=\"atlist__item__image-wrap\" href=\"https:\/\/facetours.ma\/fr\/meilleures-circuits-au-maroc\/grand-tour-circuit-desert-au-depart-de-casablanca\/\"><img loading=\"lazy\" decoding=\"async\" width=\"720\" height=\"566\" src=\"https:\/\/facetours.ma\/wp-content\/uploads\/2022\/08\/Merzouga-sand-dunes-min-720x566.jpg\" class=\"attachment-thumb_tour_box size-thumb_tour_box wp-post-image\" alt=\"\" \/><\/a>\t\t\t\t\t\t<\/div>\n\t\t<div class=\"atlist__item__content\">\n\t\t\t<div class=\"atlist__item__content__items\">\n\t\t\t\t<div class=\"atlist__item__content__item\">\n\t\t\t\t\t<h2 class=\"atlist__item__title\"><a href=\"https:\/\/facetours.ma\/fr\/meilleures-circuits-au-maroc\/grand-tour-circuit-desert-au-depart-de-casablanca\/\">Circuit Grand Tour Et D\u00e9sert au D\u00e9part de Casablanca<\/a><\/h2>\n\t\t\t\t\t\t\t\t\t\t\t<div class=\"atlist__item__description\">Un tour du d\u00e9sert depuis Casablanca vous permet d'explorer les paysages divers du Maroc. Profitez d'une balade \u00e0 dos de chameau dans les dunes pour voir le coucher et le lever du soleil.<\/div>\n\t\t\t\t\t\t\t\t\t<\/div>\n\t\t\t\t<div class=\"atlist__item__content__item atlist__item__content__item--alternative\">\n\t\t\t\t\t\n\t\t\t\t\t<div class=\"atlist__item__read-more\"><a href=\"https:\/\/facetours.ma\/fr\/meilleures-circuits-au-maroc\/grand-tour-circuit-desert-au-depart-de-casablanca\/\" class=\"atbtn atbtn--small atbtn--rounded atbtn--light\">Tour details<\/a><\/div>\n\t\t\t\t<\/div>\n\t\t\t<\/div>\n\t\t\t<div class=\"atlist__item__attributes\"><div class=\"item-attributes item-attributes--style2\"><div class=\"item-attributes__item\"><div class=\"item-attributes__item__content\"><div class=\"item-attributes__item__content__item item-attributes__item__content__item--text\"><span><\/span><\/div><\/div><\/div><div class=\"item-attributes__item\"><div class=\"item-attributes__item__content\"><div class=\"item-attributes__item__content__item item-attributes__item__content__item--text\"><span>Fran\u00e7ais, anglais, allemand et arabe<\/span><\/div><\/div><\/div><\/div><\/div>\t\t<\/div>\n\t<\/div>\n\t\t<div class=\"atlist__item margin-bottom\">\n\t\t<div class=\"atlist__item__image\">\n\t\t<a class=\"atlist__item__image-wrap\" href=\"https:\/\/facetours.ma\/fr\/meilleures-circuits-au-maroc\/villes-imperiales-au-depart-de-casablanca\/\"><img loading=\"lazy\" decoding=\"async\" width=\"720\" height=\"566\" src=\"https:\/\/facetours.ma\/wp-content\/uploads\/2022\/08\/mosque-hassan-II-casablanca-11-22-4-720x566.jpg\" class=\"attachment-thumb_tour_box size-thumb_tour_box wp-post-image\" alt=\"\" \/><\/a>\t\t\t\t\t\t<\/div>\n\t\t<div class=\"atlist__item__content\">\n\t\t\t<div class=\"atlist__item__content__items\">\n\t\t\t\t<div class=\"atlist__item__content__item\">\n\t\t\t\t\t<h2 class=\"atlist__item__title\"><a href=\"https:\/\/facetours.ma\/fr\/meilleures-circuits-au-maroc\/villes-imperiales-au-depart-de-casablanca\/\">Circuit des villes imp\u00e9riales au d\u00e9part de Casablanca<\/a><\/h2>\n\t\t\t\t\t\t\t\t\t\t\t<div class=\"atlist__item__description\">D\u00e9couvrez un superbe itin\u00e9raire de tour imp\u00e9rial de 8 jours \u00e0 partir de Casablanca, visitant Rabat, Mekn\u00e8s, F\u00e8s et Marrakech avec leurs vieilles M\u00e9dinas.<\/div>\n\t\t\t\t\t\t\t\t\t<\/div>\n\t\t\t\t<div class=\"atlist__item__content__item atlist__item__content__item--alternative\">\n\t\t\t\t\t\n\t\t\t\t\t<div class=\"atlist__item__read-more\"><a href=\"https:\/\/facetours.ma\/fr\/meilleures-circuits-au-maroc\/villes-imperiales-au-depart-de-casablanca\/\" class=\"atbtn atbtn--small atbtn--rounded atbtn--light\">Tour details<\/a><\/div>\n\t\t\t\t<\/div>\n\t\t\t<\/div>\n\t\t\t<div class=\"atlist__item__attributes\"><div class=\"item-attributes item-attributes--style2\"><div class=\"item-attributes__item\"><div class=\"item-attributes__item__content\"><div class=\"item-attributes__item__content__item item-attributes__item__content__item--text\"><span>7 jours<\/span><\/div><\/div><\/div><div class=\"item-attributes__item\"><div class=\"item-attributes__item__content\"><div class=\"item-attributes__item__content__item item-attributes__item__content__item--text\"><span>Fran\u00e7ais, anglais, allemand et arabe<\/span><\/div><\/div><\/div><\/div><\/div>\t\t<\/div>\n\t<\/div>\n\t\t<div class=\"atlist__item margin-bottom\">\n\t\t<div class=\"atlist__item__image\">\n\t\t<a class=\"atlist__item__image-wrap\" href=\"https:\/\/facetours.ma\/fr\/meilleures-circuits-au-maroc\/circuit-du-nord-du-maroc-au-depart-de-casablanca\/\"><img loading=\"lazy\" decoding=\"async\" width=\"720\" height=\"566\" src=\"https:\/\/facetours.ma\/wp-content\/uploads\/2022\/08\/Chefchaouen-upstairs-of-old-medina-min-720x566.jpg\" class=\"attachment-thumb_tour_box size-thumb_tour_box wp-post-image\" alt=\"\" \/><\/a>\t\t\t\t\t\t<\/div>\n\t\t<div class=\"atlist__item__content\">\n\t\t\t<div class=\"atlist__item__content__items\">\n\t\t\t\t<div class=\"atlist__item__content__item\">\n\t\t\t\t\t<h2 class=\"atlist__item__title\"><a href=\"https:\/\/facetours.ma\/fr\/meilleures-circuits-au-maroc\/circuit-du-nord-du-maroc-au-depart-de-casablanca\/\">Circuit du nord du Maroc au d\u00e9part de Casablanca<\/a><\/h2>\n\t\t\t\t\t\t\t\t\t\t\t<div class=\"atlist__item__description\">D\u00e9couvrez le tour nordique de Casablanca en 7 jours et 6 nuits ! Explorez les villes imp\u00e9riales de Rabat, Mekn\u00e8s et F\u00e8s, ainsi que les joyaux du nord : Chefchaouen, T\u00e9touan et Tanger.<\/div>\n\t\t\t\t\t\t\t\t\t<\/div>\n\t\t\t\t<div class=\"atlist__item__content__item atlist__item__content__item--alternative\">\n\t\t\t\t\t\n\t\t\t\t\t<div class=\"atlist__item__read-more\"><a href=\"https:\/\/facetours.ma\/fr\/meilleures-circuits-au-maroc\/circuit-du-nord-du-maroc-au-depart-de-casablanca\/\" class=\"atbtn atbtn--small atbtn--rounded atbtn--light\">Tour details<\/a><\/div>\n\t\t\t\t<\/div>\n\t\t\t<\/div>\n\t\t\t<div class=\"atlist__item__attributes\"><div class=\"item-attributes item-attributes--style2\"><div class=\"item-attributes__item\"><div class=\"item-attributes__item__content\"><div class=\"item-attributes__item__content__item item-attributes__item__content__item--text\"><span>7 jours<\/span><\/div><\/div><\/div><div class=\"item-attributes__item\"><div class=\"item-attributes__item__content\"><div class=\"item-attributes__item__content__item item-attributes__item__content__item--text\"><span>Fran\u00e7ais, anglais, allemand et arabe<\/span><\/div><\/div><\/div><\/div><\/div>\t\t<\/div>\n\t<\/div>\n<\/div>[vc_empty_space height=&#8221;64px&#8221;]<div id=\"swiper1\" class=\"tours-type\">\n\t<div class=\"title title--big title--center title--underline title--decoration-bottom-center\">\n\t\t<h2 class=\"title__primary\">Choisissez votre destination de d\u00e9part<\/h2>\n<\/div>\n\t<div class=\"tours-type__slider\">\n\t\t<div class=\"tours-type__slider__controls\">\n\t\t\t<a class=\"tours-type__slider__prev\" href=\"#\" aria-label=\"Previous slider\"><i class=\"fa fa-chevron-left\"><\/i><\/a>\n\t\t\t<a class=\"tours-type__slider__next\" href=\"#\" aria-label=\"Next slider\"><i class=\"fa fa-chevron-right\"><\/i><\/a>\n\t\t<\/div>\n\n\t\t<div class=\"swiper-container swiper-slider\">\n\t\t\t<div class=\"swiper-wrapper\">\n\t\t\t\t\t\t\t\t\t\t\t<div class=\"swiper-slide tours-type__item\">\n\t\t\t\t\t<a href=\"https:\/\/facetours.ma\/fr\/categorie-de-tour\/circuits-a-partir-de-fes\/\" class=\"tours-type__item__image\"><img loading=\"lazy\" decoding=\"async\" src=\"https:\/\/facetours.ma\/wp-content\/uploads\/2022\/08\/Fez-gate-royal-palace-4-min.jpg\" alt=\"Circuits \u00e0 partir de Fes\" width=\"600\" height=\"600\" \/><\/a>\n\t\t\t\t\t<div class=\"tours-type__item__title\">Circuits \u00e0 partir de Fes<\/div>\n\t\t\t\t<\/div>\n\t\t\t\t\t\t\t\t\t\t\t<div class=\"swiper-slide tours-type__item\">\n\t\t\t\t\t<a href=\"https:\/\/facetours.ma\/fr\/categorie-de-tour\/circuits-a-partir-de-marrakech\/\" class=\"tours-type__item__image\"><img loading=\"lazy\" decoding=\"async\" src=\"https:\/\/facetours.ma\/wp-content\/uploads\/2022\/08\/Marrakech-Bahia-palace-square-2-min.jpg\" alt=\"Circuits \u00e0 partir de Marrakech\" width=\"600\" height=\"600\" \/><\/a>\n\t\t\t\t\t<div class=\"tours-type__item__title\">Circuits \u00e0 partir de Marrakech<\/div>\n\t\t\t\t<\/div>\n\t\t\t\t\t\t\t\t\t\t\t<div class=\"swiper-slide tours-type__item\">\n\t\t\t\t\t<a href=\"https:\/\/facetours.ma\/fr\/categorie-de-tour\/circuits-a-partir-de-rabat\/\" class=\"tours-type__item__image\"><img loading=\"lazy\" decoding=\"async\" src=\"https:\/\/facetours.ma\/wp-content\/uploads\/2022\/08\/tour-hassan-rabat-day-trip-from-casablanca-1.jpg\" alt=\"Circuits \u00e0 partir de Rabat\" width=\"600\" height=\"600\" \/><\/a>\n\t\t\t\t\t<div class=\"tours-type__item__title\">Circuits \u00e0 partir de Rabat<\/div>\n\t\t\t\t<\/div>\n\t\t\t\t\t\t\t\t\t\t\t<div class=\"swiper-slide tours-type__item\">\n\t\t\t\t\t<a href=\"https:\/\/facetours.ma\/fr\/categorie-de-tour\/circuits-a-partir-de-tanger\/\" class=\"tours-type__item__image\"><img loading=\"lazy\" decoding=\"async\" src=\"https:\/\/facetours.ma\/wp-content\/uploads\/2022\/11\/Tangier-grand-socco-square-min.jpg\" alt=\"Circuits \u00e0 partir de Tanger\" width=\"600\" height=\"600\" \/><\/a>\n\t\t\t\t\t<div class=\"tours-type__item__title\">Circuits \u00e0 partir de Tanger<\/div>\n\t\t\t\t<\/div>\n\t\t\t\t\t\t\t\t\t\t\t<div class=\"swiper-slide tours-type__item\">\n\t\t\t\t\t<a href=\"https:\/\/facetours.ma\/fr\/categorie-de-tour\/circuits-au-depart-agadir\/\" class=\"tours-type__item__image\"><img loading=\"lazy\" decoding=\"async\" src=\"https:\/\/facetours.ma\/wp-content\/uploads\/2022\/08\/Agadir-Ksbah-Oufella-min.jpg\" alt=\"Circuits au d\u00e9part d&#039;Agadir\" width=\"600\" height=\"600\" \/><\/a>\n\t\t\t\t\t<div class=\"tours-type__item__title\">Circuits au d\u00e9part d&#039;Agadir<\/div>\n\t\t\t\t<\/div>\n\t\t\t\t\t\t<\/div>\n\t\t<\/div>\n\t<\/div>\n<\/div>\n[\/vc_column][\/vc_row]<\/p>\n<\/div>","protected":false},"excerpt":{"rendered":"<p>[vc_row][vc_column][vc_column_text css=&#8221;&#8221;]Embarquez pour un voyage enchanteur au c\u0153ur du Maroc avec nos Circuits au D\u00e9part de Casablanca : Explorez le Maroc soigneusement s\u00e9lectionn\u00e9s. D\u00e9couvrez le m\u00e9lange envo\u00fbtant de charme traditionnel et de modernit\u00e9 alors que vous vous plongez dans la culture vibrante, les paysages majestueux et les tr\u00e9sors anciens de cette destination captivante.[\/vc_column_text][vc_empty_space height=&#8221;64px&#8221;][\/vc_column][\/vc_row]<\/p>\n","protected":false},"author":1,"featured_media":0,"parent":0,"menu_order":0,"comment_status":"closed","ping_status":"closed","template":"","meta":{"footnotes":""},"class_list":["post-2495","page","type-page","status-publish","hentry"],"_links":{"self":[{"href":"https:\/\/facetours.ma\/fr\/wp-json\/wp\/v2\/pages\/2495","targetHints":{"allow":["GET"]}}],"collection":[{"href":"https:\/\/facetours.ma\/fr\/wp-json\/wp\/v2\/pages"}],"about":[{"href":"https:\/\/facetours.ma\/fr\/wp-json\/wp\/v2\/types\/page"}],"author":[{"embeddable":true,"href":"https:\/\/facetours.ma\/fr\/wp-json\/wp\/v2\/users\/1"}],"replies":[{"embeddable":true,"href":"https:\/\/facetours.ma\/fr\/wp-json\/wp\/v2\/comments?post=2495"}],"version-history":[{"count":9,"href":"https:\/\/facetours.ma\/fr\/wp-json\/wp\/v2\/pages\/2495\/revisions"}],"predecessor-version":[{"id":2513,"href":"https:\/\/facetours.ma\/fr\/wp-json\/wp\/v2\/pages\/2495\/revisions\/2513"}],"wp:attachment":[{"href":"https:\/\/facetours.ma\/fr\/wp-json\/wp\/v2\/media?parent=2495"}],"curies":[{"name":"wp","href":"https:\/\/api.w.org\/{rel}","templated":true}]}}