{"id":2474,"date":"2022-08-26T09:59:13","date_gmt":"2022-08-26T08:59:13","guid":{"rendered":"https:\/\/facetours.ma\/?page_id=2474"},"modified":"2025-11-10T15:56:10","modified_gmt":"2025-11-10T14:56:10","slug":"circuits-au-depart-de-tanger","status":"publish","type":"page","link":"https:\/\/facetours.ma\/fr\/circuits-au-depart-de-tanger\/","title":{"rendered":"Explorez les meilleurs circuits au d\u00e9part de Tanger"},"content":{"rendered":"<div class=\"wpb-content-wrapper\"><p>[vc_row][vc_column][vc_column_text css=&#8221;&#8221;]<\/p>\n<p data-start=\"47\" data-end=\"428\"><strong data-start=\"47\" data-end=\"98\">\u00a0 \u00a0 \u00a0 \u00a0 \u00a0 \u00a0 \u00a0 \u00a0 \u00a0Bienvenue \u00e0 la porte des aventures marocaines !<\/strong><br data-start=\"98\" data-end=\"101\" \/>Si vous r\u00eavez d\u2019un voyage inoubliable \u00e0 travers des paysages captivants, une histoire mill\u00e9naire et une culture vibrante, <strong data-start=\"223\" data-end=\"254\">ne cherchez pas plus loin !<\/strong> Face Tours vous invite \u00e0 d\u00e9couvrir <strong data-start=\"290\" data-end=\"349\">une s\u00e9lection exclusive de circuits au d\u00e9part de Tanger<\/strong>, soigneusement con\u00e7us pour vous plonger au c\u0153ur de l\u2019authenticit\u00e9 marocaine.<\/p>\n<p data-start=\"430\" data-end=\"825\">Explorez les <strong data-start=\"443\" data-end=\"477\">villes imp\u00e9riales majestueuses<\/strong>, les <strong data-start=\"483\" data-end=\"503\">montagnes du Rif<\/strong>, les <strong data-start=\"509\" data-end=\"529\">m\u00e9dinas color\u00e9es<\/strong>, et laissez-vous s\u00e9duire par la <strong data-start=\"562\" data-end=\"581\">magie du Sahara<\/strong> et l\u2019hospitalit\u00e9 chaleureuse de ses habitants.<br data-start=\"628\" data-end=\"631\" \/>Que vous soyez amateur de <strong data-start=\"657\" data-end=\"694\" data-is-only-node=\"\">culture, d\u2019aventure ou de d\u00e9tente<\/strong>, nos circuits promettent <strong data-start=\"720\" data-end=\"768\">une exp\u00e9rience unique, s\u00fbre et personnalis\u00e9e<\/strong>, encadr\u00e9e par des guides professionnels et passionn\u00e9s.<\/p>\n<p data-start=\"827\" data-end=\"1017\">Avec <strong data-start=\"832\" data-end=\"846\">Face Tours<\/strong>, chaque itin\u00e9raire devient une <strong data-start=\"878\" data-end=\"902\">aventure inoubliable<\/strong>, m\u00ealant <strong data-start=\"911\" data-end=\"946\">d\u00e9couverte, confort et \u00e9motions<\/strong> \u2014 une v\u00e9ritable invitation \u00e0 vivre le Maroc dans toute sa splendeur.<\/p>\n<p>[\/vc_column_text]<div class=\"title title--big title--center\">\n\t\t\t<div class=\"title__subtitle\">Circuits personnalis\u00e9s<\/div>\n\t\t<h2 class=\"title__primary\">D\u00e9couvrez nos offres exclusives<\/h2>\n<\/div>\n\n<div class=\"atgrid\">\n\t<div class=\"row atgrid__row\">\n\t\t\t\t\t<div class=\"col-md-4 col-xs-6 atgrid__item-wrap\">\n\t\t\t<div class=\"atgrid__item\">\n\t\t\t\t<div class=\"atgrid__item__top\">\n\t\t\t\t\t<a href=\"https:\/\/facetours.ma\/fr\/meilleures-circuits-au-maroc\/grand-tour-circuit-desert-au-depart-tanger\/\" class=\"atgrid__item__top__image\"><img loading=\"lazy\" decoding=\"async\" width=\"360\" height=\"240\" src=\"https:\/\/facetours.ma\/wp-content\/uploads\/2022\/08\/small-group-mosque-hassan-II-11-22-360x240.jpg\" class=\"attachment-thumb_tour_listing_small size-thumb_tour_listing_small wp-post-image\" alt=\"\" srcset=\"https:\/\/facetours.ma\/wp-content\/uploads\/2022\/08\/small-group-mosque-hassan-II-11-22-360x240.jpg 360w, https:\/\/facetours.ma\/wp-content\/uploads\/2022\/08\/small-group-mosque-hassan-II-11-22-531x354.jpg 531w, https:\/\/facetours.ma\/wp-content\/uploads\/2022\/08\/small-group-mosque-hassan-II-11-22-180x120.jpg 180w, https:\/\/facetours.ma\/wp-content\/uploads\/2022\/08\/small-group-mosque-hassan-II-11-22-600x400.jpg 600w, https:\/\/facetours.ma\/wp-content\/uploads\/2022\/08\/small-group-mosque-hassan-II-11-22-300x200.jpg 300w, https:\/\/facetours.ma\/wp-content\/uploads\/2022\/08\/small-group-mosque-hassan-II-11-22-768x512.jpg 768w, https:\/\/facetours.ma\/wp-content\/uploads\/2022\/08\/small-group-mosque-hassan-II-11-22.jpg 849w\" sizes=\"auto, (max-width: 360px) 100vw, 360px\" \/><\/a>\t\t\t\t\t\t\t\t\t\t\t\t\t\t<\/div>\n\t\t\t\t<div class=\"atgrid__item__content\">\n\t\t\t\t\t<h3 class=\"atgrid__item__title\"><a href=\"https:\/\/facetours.ma\/fr\/meilleures-circuits-au-maroc\/grand-tour-circuit-desert-au-depart-tanger\/\">Circuit grand Tour et D\u00e9sert au D\u00e9part de Tanger<\/a><\/h3>\n\t\t\t\t\t\t\t\t\t<div class=\"atgrid__item__description\">D\u00e9couvrez les villes imp\u00e9riales de Marrakech, F\u00e8s, Mekn\u00e8s et Rabat lors d\u2019un grand circuit de 12 jours et 11 nuits au d\u00e9part de Tanger. Vivez des moments magiques dans le d\u00e9sert de Merzouga,<\/div>\n\t\t\t\t\t\t\t\t<\/div>\n\t\t\t\t<div class=\"item-attributes\">\n\t\t\t\t\t<div class=\"item-attributes__item\"><div class=\"item-attributes__item__content\"><div class=\"item-attributes__item__content__item item-attributes__item__content__item--text\"><span>12 jours<\/span><\/div><\/div><\/div><div class=\"item-attributes__item\"><div class=\"item-attributes__item__content\"><div class=\"item-attributes__item__content__item item-attributes__item__content__item--text\"><span>Fran\u00e7ais, anglais, allemand et arabe<\/span><\/div><\/div><\/div>\t\t\t\t\t<div class=\"item-attributes__item\"><a href=\"https:\/\/facetours.ma\/fr\/meilleures-circuits-au-maroc\/grand-tour-circuit-desert-au-depart-tanger\/\" class=\"item-attributes__link\" aria-label=\"View the tour\"><i class=\"fa fa-eye\"><\/i><\/a><\/div>\n\t\t\t\t<\/div>\n\t\t\t<\/div>\n\t\t<\/div>\n\t\t\t\t\t<div class=\"col-md-4 col-xs-6 atgrid__item-wrap\">\n\t\t\t<div class=\"atgrid__item\">\n\t\t\t\t<div class=\"atgrid__item__top\">\n\t\t\t\t\t<a href=\"https:\/\/facetours.ma\/fr\/meilleures-circuits-au-maroc\/circuit-du-nord-au-depart-de-tanger\/\" class=\"atgrid__item__top__image\"><img loading=\"lazy\" decoding=\"async\" width=\"360\" height=\"240\" src=\"https:\/\/facetours.ma\/wp-content\/uploads\/2022\/08\/Chefchaouen-old-medina-4-min-360x240.jpg\" class=\"attachment-thumb_tour_listing_small size-thumb_tour_listing_small wp-post-image\" alt=\"\" srcset=\"https:\/\/facetours.ma\/wp-content\/uploads\/2022\/08\/Chefchaouen-old-medina-4-min-360x240.jpg 360w, https:\/\/facetours.ma\/wp-content\/uploads\/2022\/08\/Chefchaouen-old-medina-4-min-531x354.jpg 531w, https:\/\/facetours.ma\/wp-content\/uploads\/2022\/08\/Chefchaouen-old-medina-4-min-180x120.jpg 180w, https:\/\/facetours.ma\/wp-content\/uploads\/2022\/08\/Chefchaouen-old-medina-4-min-600x400.jpg 600w, https:\/\/facetours.ma\/wp-content\/uploads\/2022\/08\/Chefchaouen-old-medina-4-min-300x200.jpg 300w, https:\/\/facetours.ma\/wp-content\/uploads\/2022\/08\/Chefchaouen-old-medina-4-min-768x512.jpg 768w, https:\/\/facetours.ma\/wp-content\/uploads\/2022\/08\/Chefchaouen-old-medina-4-min-720x480.jpg 720w, https:\/\/facetours.ma\/wp-content\/uploads\/2022\/08\/Chefchaouen-old-medina-4-min.jpg 849w\" sizes=\"auto, (max-width: 360px) 100vw, 360px\" \/><\/a>\t\t\t\t\t\t\t\t\t\t\t\t\t\t<\/div>\n\t\t\t\t<div class=\"atgrid__item__content\">\n\t\t\t\t\t<h3 class=\"atgrid__item__title\"><a href=\"https:\/\/facetours.ma\/fr\/meilleures-circuits-au-maroc\/circuit-du-nord-au-depart-de-tanger\/\">Circuit du Nord au d\u00e9part de Tanger<\/a><\/h3>\n\t\t\t\t\t\t\t\t\t<div class=\"atgrid__item__description\">D\u00e9couvrez le nord du Maroc et explorez les villes embl\u00e9matiques de Tanger, T\u00e9touan et Chefchaouen lors d\u2019un voyage de r\u00eave. Partez \u00e9galement \u00e0 la d\u00e9couverte de Volubilis, Mekn\u00e8s, Casablanca et Rabat, pour un<\/div>\n\t\t\t\t\t\t\t\t<\/div>\n\t\t\t\t<div class=\"item-attributes\">\n\t\t\t\t\t<div class=\"item-attributes__item\"><div class=\"item-attributes__item__content\"><div class=\"item-attributes__item__content__item item-attributes__item__content__item--text\"><span>6 jours<\/span><\/div><\/div><\/div><div class=\"item-attributes__item\"><div class=\"item-attributes__item__content\"><div class=\"item-attributes__item__content__item item-attributes__item__content__item--text\"><span>Fran\u00e7ais, anglais, allemand et arabe<\/span><\/div><\/div><\/div>\t\t\t\t\t<div class=\"item-attributes__item\"><a href=\"https:\/\/facetours.ma\/fr\/meilleures-circuits-au-maroc\/circuit-du-nord-au-depart-de-tanger\/\" class=\"item-attributes__link\" aria-label=\"View the tour\"><i class=\"fa fa-eye\"><\/i><\/a><\/div>\n\t\t\t\t<\/div>\n\t\t\t<\/div>\n\t\t<\/div>\n\t\t\t<div class=\"atgrid__row-separator clearfix visible-sm visible-xs\"><\/div>\t\t<div class=\"col-md-4 col-xs-6 atgrid__item-wrap\">\n\t\t\t<div class=\"atgrid__item\">\n\t\t\t\t<div class=\"atgrid__item__top\">\n\t\t\t\t\t<a href=\"https:\/\/facetours.ma\/fr\/meilleures-circuits-au-maroc\/circuit-villes-imperiales-depart-tanger\/\" class=\"atgrid__item__top__image\"><img loading=\"lazy\" decoding=\"async\" width=\"360\" height=\"240\" src=\"https:\/\/facetours.ma\/wp-content\/uploads\/2022\/08\/Meknes-Moulay-ismail-5-min-360x240.jpg\" class=\"attachment-thumb_tour_listing_small size-thumb_tour_listing_small wp-post-image\" alt=\"\" srcset=\"https:\/\/facetours.ma\/wp-content\/uploads\/2022\/08\/Meknes-Moulay-ismail-5-min-360x240.jpg 360w, https:\/\/facetours.ma\/wp-content\/uploads\/2022\/08\/Meknes-Moulay-ismail-5-min-531x354.jpg 531w, https:\/\/facetours.ma\/wp-content\/uploads\/2022\/08\/Meknes-Moulay-ismail-5-min-180x120.jpg 180w, https:\/\/facetours.ma\/wp-content\/uploads\/2022\/08\/Meknes-Moulay-ismail-5-min-600x400.jpg 600w, https:\/\/facetours.ma\/wp-content\/uploads\/2022\/08\/Meknes-Moulay-ismail-5-min-300x200.jpg 300w, https:\/\/facetours.ma\/wp-content\/uploads\/2022\/08\/Meknes-Moulay-ismail-5-min-768x512.jpg 768w, https:\/\/facetours.ma\/wp-content\/uploads\/2022\/08\/Meknes-Moulay-ismail-5-min-720x480.jpg 720w, https:\/\/facetours.ma\/wp-content\/uploads\/2022\/08\/Meknes-Moulay-ismail-5-min.jpg 849w\" sizes=\"auto, (max-width: 360px) 100vw, 360px\" \/><\/a>\t\t\t\t\t\t\t\t\t\t\t\t\t\t<\/div>\n\t\t\t\t<div class=\"atgrid__item__content\">\n\t\t\t\t\t<h3 class=\"atgrid__item__title\"><a href=\"https:\/\/facetours.ma\/fr\/meilleures-circuits-au-maroc\/circuit-villes-imperiales-depart-tanger\/\">D\u00e9couvrez le tour des villes imp\u00e9riales depuis Tanger<\/a><\/h3>\n\t\t\t\t\t\t\t\t\t<div class=\"atgrid__item__description\">D\u00e9couvrez les villes imp\u00e9riales du Maroc lors d\u2019un circuit de 8 jours et 7 nuits au d\u00e9part de Tanger. De Rabat \u00e0 Marrakech, en passant par Casablanca, F\u00e8s et Mekn\u00e8s, explorez ces joyaux<\/div>\n\t\t\t\t\t\t\t\t<\/div>\n\t\t\t\t<div class=\"item-attributes\">\n\t\t\t\t\t<div class=\"item-attributes__item\"><div class=\"item-attributes__item__content\"><div class=\"item-attributes__item__content__item item-attributes__item__content__item--text\"><span>8 jours<\/span><\/div><\/div><\/div><div class=\"item-attributes__item\"><div class=\"item-attributes__item__content\"><div class=\"item-attributes__item__content__item item-attributes__item__content__item--text\"><span>Fran\u00e7ais, anglais, allemand et arabe<\/span><\/div><\/div><\/div>\t\t\t\t\t<div class=\"item-attributes__item\"><a href=\"https:\/\/facetours.ma\/fr\/meilleures-circuits-au-maroc\/circuit-villes-imperiales-depart-tanger\/\" class=\"item-attributes__link\" aria-label=\"View the tour\"><i class=\"fa fa-eye\"><\/i><\/a><\/div>\n\t\t\t\t<\/div>\n\t\t\t<\/div>\n\t\t<\/div>\n\t\t\t<\/div>\n<\/div>\n[vc_empty_space height=&#8221;64px&#8221;]<div id=\"swiper1\" class=\"tours-type\">\n\t<div class=\"title title--big title--center title--underline title--decoration-bottom-center\">\n\t\t<h2 class=\"title__primary\">D\u00e9couvrez le Maroc avec nos circuits sur mesure<\/h2>\n<\/div>\n\t<div class=\"tours-type__slider\">\n\t\t<div class=\"tours-type__slider__controls\">\n\t\t\t<a class=\"tours-type__slider__prev\" href=\"#\" aria-label=\"Previous slider\"><i class=\"fa fa-chevron-left\"><\/i><\/a>\n\t\t\t<a class=\"tours-type__slider__next\" href=\"#\" aria-label=\"Next slider\"><i class=\"fa fa-chevron-right\"><\/i><\/a>\n\t\t<\/div>\n\n\t\t<div class=\"swiper-container swiper-slider\">\n\t\t\t<div class=\"swiper-wrapper\">\n\t\t\t\t\t\t\t\t\t\t\t<div class=\"swiper-slide tours-type__item\">\n\t\t\t\t\t<a href=\"https:\/\/facetours.ma\/fr\/categorie-de-tour\/circuits-a-partir-de-casablanca\/\" class=\"tours-type__item__image\"><img loading=\"lazy\" decoding=\"async\" src=\"https:\/\/facetours.ma\/wp-content\/uploads\/2022\/08\/Hassan-II-mosque-Casablanca-min.jpg\" alt=\"Circuits \u00e0 partir de Casablanca\" width=\"600\" height=\"600\" \/><\/a>\n\t\t\t\t\t<div class=\"tours-type__item__title\">Circuits \u00e0 partir de Casablanca<\/div>\n\t\t\t\t<\/div>\n\t\t\t\t\t\t\t\t\t\t\t<div class=\"swiper-slide tours-type__item\">\n\t\t\t\t\t<a href=\"https:\/\/facetours.ma\/fr\/categorie-de-tour\/circuits-a-partir-de-fes\/\" class=\"tours-type__item__image\"><img loading=\"lazy\" decoding=\"async\" src=\"https:\/\/facetours.ma\/wp-content\/uploads\/2022\/08\/Fez-gate-royal-palace-4-min.jpg\" alt=\"Circuits \u00e0 partir de Fes\" width=\"600\" height=\"600\" \/><\/a>\n\t\t\t\t\t<div class=\"tours-type__item__title\">Circuits \u00e0 partir de Fes<\/div>\n\t\t\t\t<\/div>\n\t\t\t\t\t\t\t\t\t\t\t<div class=\"swiper-slide tours-type__item\">\n\t\t\t\t\t<a href=\"https:\/\/facetours.ma\/fr\/categorie-de-tour\/circuits-a-partir-de-marrakech\/\" class=\"tours-type__item__image\"><img loading=\"lazy\" decoding=\"async\" src=\"https:\/\/facetours.ma\/wp-content\/uploads\/2022\/08\/Marrakech-Bahia-palace-square-2-min.jpg\" alt=\"Circuits \u00e0 partir de Marrakech\" width=\"600\" height=\"600\" \/><\/a>\n\t\t\t\t\t<div class=\"tours-type__item__title\">Circuits \u00e0 partir de Marrakech<\/div>\n\t\t\t\t<\/div>\n\t\t\t\t\t\t\t\t\t\t\t<div class=\"swiper-slide tours-type__item\">\n\t\t\t\t\t<a href=\"https:\/\/facetours.ma\/fr\/categorie-de-tour\/circuits-a-partir-de-rabat\/\" class=\"tours-type__item__image\"><img loading=\"lazy\" decoding=\"async\" src=\"https:\/\/facetours.ma\/wp-content\/uploads\/2022\/08\/tour-hassan-rabat-day-trip-from-casablanca-1.jpg\" alt=\"Circuits \u00e0 partir de Rabat\" width=\"600\" height=\"600\" \/><\/a>\n\t\t\t\t\t<div class=\"tours-type__item__title\">Circuits \u00e0 partir de Rabat<\/div>\n\t\t\t\t<\/div>\n\t\t\t\t\t\t\t\t\t\t\t<div class=\"swiper-slide tours-type__item\">\n\t\t\t\t\t<a href=\"https:\/\/facetours.ma\/fr\/categorie-de-tour\/circuits-au-depart-agadir\/\" class=\"tours-type__item__image\"><img loading=\"lazy\" decoding=\"async\" src=\"https:\/\/facetours.ma\/wp-content\/uploads\/2022\/08\/Agadir-Ksbah-Oufella-min.jpg\" alt=\"Circuits au d\u00e9part d&#039;Agadir\" width=\"600\" height=\"600\" \/><\/a>\n\t\t\t\t\t<div class=\"tours-type__item__title\">Circuits au d\u00e9part d&#039;Agadir<\/div>\n\t\t\t\t<\/div>\n\t\t\t\t\t\t<\/div>\n\t\t<\/div>\n\t<\/div>\n<\/div>\n[\/vc_column][\/vc_row]<\/p>\n<\/div>","protected":false},"excerpt":{"rendered":"<p>[vc_row][vc_column][vc_column_text css=&#8221;&#8221;] \u00a0 \u00a0 \u00a0 \u00a0 \u00a0 \u00a0 \u00a0 \u00a0 \u00a0Bienvenue \u00e0 la porte des aventures marocaines !Si vous r\u00eavez d\u2019un voyage inoubliable \u00e0 travers des paysages captivants, une histoire mill\u00e9naire et une culture vibrante, ne cherchez pas plus loin ! Face Tours vous invite \u00e0 d\u00e9couvrir une s\u00e9lection exclusive de circuits au d\u00e9part de<\/p>\n<div class=\"padding-top text-center\"><a href=\"https:\/\/facetours.ma\/fr\/meilleures-circuits-au-maroc\/circuit-villes-imperiales-depart-tanger\/\" class=\"atbtn atbtn--medium atbtn--rounded atbtn--transparent\">Read more<i class=\"atbtn__icon atbtn__icon--right fa fa-long-arrow-right\"><\/i><\/a><\/div>\n","protected":false},"author":1,"featured_media":0,"parent":0,"menu_order":0,"comment_status":"closed","ping_status":"closed","template":"","meta":{"footnotes":""},"class_list":["post-2474","page","type-page","status-publish","hentry"],"_links":{"self":[{"href":"https:\/\/facetours.ma\/fr\/wp-json\/wp\/v2\/pages\/2474","targetHints":{"allow":["GET"]}}],"collection":[{"href":"https:\/\/facetours.ma\/fr\/wp-json\/wp\/v2\/pages"}],"about":[{"href":"https:\/\/facetours.ma\/fr\/wp-json\/wp\/v2\/types\/page"}],"author":[{"embeddable":true,"href":"https:\/\/facetours.ma\/fr\/wp-json\/wp\/v2\/users\/1"}],"replies":[{"embeddable":true,"href":"https:\/\/facetours.ma\/fr\/wp-json\/wp\/v2\/comments?post=2474"}],"version-history":[{"count":15,"href":"https:\/\/facetours.ma\/fr\/wp-json\/wp\/v2\/pages\/2474\/revisions"}],"predecessor-version":[{"id":4408,"href":"https:\/\/facetours.ma\/fr\/wp-json\/wp\/v2\/pages\/2474\/revisions\/4408"}],"wp:attachment":[{"href":"https:\/\/facetours.ma\/fr\/wp-json\/wp\/v2\/media?parent=2474"}],"curies":[{"name":"wp","href":"https:\/\/api.w.org\/{rel}","templated":true}]}}