{"id":2390,"date":"2022-08-27T10:31:01","date_gmt":"2022-08-27T09:31:01","guid":{"rendered":"https:\/\/facetours.ma\/?page_id=2390"},"modified":"2025-11-08T14:46:11","modified_gmt":"2025-11-08T13:46:11","slug":"circuits-depart-agadir","status":"publish","type":"page","link":"https:\/\/facetours.ma\/fr\/circuits-depart-agadir\/","title":{"rendered":"Circuits au d\u00e9part d&#8217;Agadir"},"content":{"rendered":"<div class=\"wpb-content-wrapper\"><p>[vc_row][vc_column]<div class=\"title title--big title--center\">\n\t\t<h2 class=\"title__primary\">D\u00e9couvrez les Circuits Captivants au D\u00e9part d&#039;Agadir<\/h2>\n<\/div>\n[vc_column_text css=&#8221;&#8221;]<strong data-start=\"95\" data-end=\"140\">D\u00e9couvrez les circuits au d\u00e9part d\u2019Agadir<\/strong> propos\u00e9s par <strong data-start=\"154\" data-end=\"168\">Face Tours<\/strong>, offrant une grande diversit\u00e9 d\u2019exp\u00e9riences pour explorer les merveilles du Maroc. Parmi les itin\u00e9raires propos\u00e9s, retrouvez des <strong data-start=\"298\" data-end=\"341\">voyages captivants vers le nord du pays<\/strong>, les <strong data-start=\"347\" data-end=\"368\">villes imp\u00e9riales<\/strong>, le <strong data-start=\"373\" data-end=\"421\" data-is-only-node=\"\">grand tour du Maroc avec le d\u00e9sert du Sahara<\/strong>, ainsi que des <strong data-start=\"437\" data-end=\"499\">excursions inoubliables vers Merzouga, Zagora ou Essaouira<\/strong>.<br data-start=\"500\" data-end=\"503\" \/>Nos circuits sont accompagn\u00e9s de <strong data-start=\"536\" data-end=\"576\">guides professionnels et polyglottes<\/strong> parlant <strong data-start=\"585\" data-end=\"625\">fran\u00e7ais, anglais, allemand et arabe<\/strong>, garantissant un accompagnement personnalis\u00e9 tout au long de votre voyage.<br data-start=\"700\" data-end=\"703\" \/>Vivez une <strong data-start=\"713\" data-end=\"752\">exp\u00e9rience authentique et immersive<\/strong>, entre <strong data-start=\"760\" data-end=\"781\">sites historiques<\/strong>, <strong data-start=\"783\" data-end=\"810\">paysages spectaculaires<\/strong>, <strong data-start=\"812\" data-end=\"835\">traditions berb\u00e8res<\/strong> et <strong data-start=\"839\" data-end=\"864\">hospitalit\u00e9 marocaine<\/strong>, pour un s\u00e9jour m\u00e9morable \u00e0 travers les plus belles r\u00e9gions du Royaume.[\/vc_column_text]\n<div class=\"atgrid\">\n\t<div class=\"row atgrid__row\">\n\t\t\t\t\t<div class=\"col-md-4 col-xs-6 atgrid__item-wrap\">\n\t\t\t<div class=\"atgrid__item\">\n\t\t\t\t<div class=\"atgrid__item__top\">\n\t\t\t\t\t<a href=\"https:\/\/facetours.ma\/fr\/meilleures-circuits-au-maroc\/circuit-nord-depart-agadir\/\" class=\"atgrid__item__top__image\"><img loading=\"lazy\" decoding=\"async\" width=\"360\" height=\"240\" src=\"https:\/\/facetours.ma\/wp-content\/uploads\/2022\/08\/Northern-tour-from-Agadir-min-360x240.jpg\" class=\"attachment-thumb_tour_listing_small size-thumb_tour_listing_small wp-post-image\" alt=\"6 Days Nothern Morocco tour From Agadir\" srcset=\"https:\/\/facetours.ma\/wp-content\/uploads\/2022\/08\/Northern-tour-from-Agadir-min-360x240.jpg 360w, https:\/\/facetours.ma\/wp-content\/uploads\/2022\/08\/Northern-tour-from-Agadir-min-531x354.jpg 531w, https:\/\/facetours.ma\/wp-content\/uploads\/2022\/08\/Northern-tour-from-Agadir-min-180x120.jpg 180w, https:\/\/facetours.ma\/wp-content\/uploads\/2022\/08\/Northern-tour-from-Agadir-min-600x400.jpg 600w, https:\/\/facetours.ma\/wp-content\/uploads\/2022\/08\/Northern-tour-from-Agadir-min-300x200.jpg 300w, https:\/\/facetours.ma\/wp-content\/uploads\/2022\/08\/Northern-tour-from-Agadir-min.jpg 720w\" sizes=\"auto, (max-width: 360px) 100vw, 360px\" \/><\/a>\t\t\t\t\t\t\t\t\t\t\t\t\t\t<\/div>\n\t\t\t\t<div class=\"atgrid__item__content\">\n\t\t\t\t\t<h3 class=\"atgrid__item__title\"><a href=\"https:\/\/facetours.ma\/fr\/meilleures-circuits-au-maroc\/circuit-nord-depart-agadir\/\">Circuit du Nord au d\u00e9part d&#039;Agadir<\/a><\/h3>\n\t\t\t\t\t\t\t\t\t<div class=\"atgrid__item__description\">Ce circuit commencera et se terminera \u00e0 Agadir, vous offrant l\u2019opportunit\u00e9 de d\u00e9couvrir certaines des villes les plus attrayantes du<\/div>\n\t\t\t\t\t\t\t\t<\/div>\n\t\t\t\t<div class=\"item-attributes\">\n\t\t\t\t\t<div class=\"item-attributes__item\"><div class=\"item-attributes__item__content\"><div class=\"item-attributes__item__content__item item-attributes__item__content__item--text\"><span>6 jours<\/span><\/div><\/div><\/div><div class=\"item-attributes__item\"><div class=\"item-attributes__item__content\"><div class=\"item-attributes__item__content__item item-attributes__item__content__item--text\"><span>Fran\u00e7ais, anglais, allemand et arabe<\/span><\/div><\/div><\/div>\t\t\t\t\t<div class=\"item-attributes__item\"><a href=\"https:\/\/facetours.ma\/fr\/meilleures-circuits-au-maroc\/circuit-nord-depart-agadir\/\" class=\"item-attributes__link\" aria-label=\"View the tour\"><i class=\"fa fa-eye\"><\/i><\/a><\/div>\n\t\t\t\t<\/div>\n\t\t\t<\/div>\n\t\t<\/div>\n\t\t\t\t\t<div class=\"col-md-4 col-xs-6 atgrid__item-wrap\">\n\t\t\t<div class=\"atgrid__item\">\n\t\t\t\t<div class=\"atgrid__item__top\">\n\t\t\t\t\t<a href=\"https:\/\/facetours.ma\/fr\/meilleures-circuits-au-maroc\/circuit-villes-imperiales-depart-agadir\/\" class=\"atgrid__item__top__image\"><img loading=\"lazy\" decoding=\"async\" width=\"360\" height=\"240\" src=\"https:\/\/facetours.ma\/wp-content\/uploads\/2022\/08\/Mdrassa-Attarine-fez-min-360x240.jpg\" class=\"attachment-thumb_tour_listing_small size-thumb_tour_listing_small wp-post-image\" alt=\"\" srcset=\"https:\/\/facetours.ma\/wp-content\/uploads\/2022\/08\/Mdrassa-Attarine-fez-min-360x240.jpg 360w, https:\/\/facetours.ma\/wp-content\/uploads\/2022\/08\/Mdrassa-Attarine-fez-min-531x354.jpg 531w, https:\/\/facetours.ma\/wp-content\/uploads\/2022\/08\/Mdrassa-Attarine-fez-min-180x120.jpg 180w, https:\/\/facetours.ma\/wp-content\/uploads\/2022\/08\/Mdrassa-Attarine-fez-min-600x400.jpg 600w, https:\/\/facetours.ma\/wp-content\/uploads\/2022\/08\/Mdrassa-Attarine-fez-min-300x200.jpg 300w, https:\/\/facetours.ma\/wp-content\/uploads\/2022\/08\/Mdrassa-Attarine-fez-min-768x512.jpg 768w, https:\/\/facetours.ma\/wp-content\/uploads\/2022\/08\/Mdrassa-Attarine-fez-min.jpg 849w\" sizes=\"auto, (max-width: 360px) 100vw, 360px\" \/><\/a>\t\t\t\t\t\t\t\t\t\t\t\t\t\t<\/div>\n\t\t\t\t<div class=\"atgrid__item__content\">\n\t\t\t\t\t<h3 class=\"atgrid__item__title\"><a href=\"https:\/\/facetours.ma\/fr\/meilleures-circuits-au-maroc\/circuit-villes-imperiales-depart-agadir\/\">Circuit villes imp\u00e9riales au d\u00e9part Agadir<\/a><\/h3>\n\t\t\t\t\t\t\t\t\t<div class=\"atgrid__item__description\">Circuit des villes imp\u00e9riales de 8 jours et 7 nuits, couvrant les principaux sites des villes imp\u00e9riales : Marrakech, F\u00e8s,<\/div>\n\t\t\t\t\t\t\t\t<\/div>\n\t\t\t\t<div class=\"item-attributes\">\n\t\t\t\t\t<div class=\"item-attributes__item\"><div class=\"item-attributes__item__content\"><div class=\"item-attributes__item__content__item item-attributes__item__content__item--text\"><span>8 jours<\/span><\/div><\/div><\/div><div class=\"item-attributes__item\"><div class=\"item-attributes__item__content\"><div class=\"item-attributes__item__content__item item-attributes__item__content__item--text\"><span>Fran\u00e7ais, anglais, allemand et arabe<\/span><\/div><\/div><\/div>\t\t\t\t\t<div class=\"item-attributes__item\"><a href=\"https:\/\/facetours.ma\/fr\/meilleures-circuits-au-maroc\/circuit-villes-imperiales-depart-agadir\/\" class=\"item-attributes__link\" aria-label=\"View the tour\"><i class=\"fa fa-eye\"><\/i><\/a><\/div>\n\t\t\t\t<\/div>\n\t\t\t<\/div>\n\t\t<\/div>\n\t\t\t<div class=\"atgrid__row-separator clearfix visible-sm visible-xs\"><\/div>\t\t<div class=\"col-md-4 col-xs-6 atgrid__item-wrap\">\n\t\t\t<div class=\"atgrid__item\">\n\t\t\t\t<div class=\"atgrid__item__top\">\n\t\t\t\t\t<a href=\"https:\/\/facetours.ma\/fr\/meilleures-circuits-au-maroc\/grand-tour-circuit-au-depart-agadir\/\" class=\"atgrid__item__top__image\"><img loading=\"lazy\" decoding=\"async\" width=\"360\" height=\"240\" src=\"https:\/\/facetours.ma\/wp-content\/uploads\/2022\/08\/small-group-ziz-valley-min-360x240.jpg\" class=\"attachment-thumb_tour_listing_small size-thumb_tour_listing_small wp-post-image\" alt=\"\" srcset=\"https:\/\/facetours.ma\/wp-content\/uploads\/2022\/08\/small-group-ziz-valley-min-360x240.jpg 360w, https:\/\/facetours.ma\/wp-content\/uploads\/2022\/08\/small-group-ziz-valley-min-531x354.jpg 531w, https:\/\/facetours.ma\/wp-content\/uploads\/2022\/08\/small-group-ziz-valley-min-180x120.jpg 180w, https:\/\/facetours.ma\/wp-content\/uploads\/2022\/08\/small-group-ziz-valley-min-600x400.jpg 600w, https:\/\/facetours.ma\/wp-content\/uploads\/2022\/08\/small-group-ziz-valley-min-300x200.jpg 300w, https:\/\/facetours.ma\/wp-content\/uploads\/2022\/08\/small-group-ziz-valley-min-768x512.jpg 768w, https:\/\/facetours.ma\/wp-content\/uploads\/2022\/08\/small-group-ziz-valley-min.jpg 849w\" sizes=\"auto, (max-width: 360px) 100vw, 360px\" \/><\/a>\t\t\t\t\t\t\t\t\t\t\t\t\t\t<\/div>\n\t\t\t\t<div class=\"atgrid__item__content\">\n\t\t\t\t\t<h3 class=\"atgrid__item__title\"><a href=\"https:\/\/facetours.ma\/fr\/meilleures-circuits-au-maroc\/grand-tour-circuit-au-depart-agadir\/\">Circuit grand tour et d\u00e9sert  au d\u00e9part d&#039;Agadir<\/a><\/h3>\n\t\t\t\t\t\t\t\t\t<div class=\"atgrid__item__description\">Le Grand Tour et D\u00e9sert de 12 jours et 11 nuits, au d\u00e9part d'Agadir, est l\u2019excursion id\u00e9ale pour les petits<\/div>\n\t\t\t\t\t\t\t\t<\/div>\n\t\t\t\t<div class=\"item-attributes\">\n\t\t\t\t\t<div class=\"item-attributes__item\"><div class=\"item-attributes__item__content\"><div class=\"item-attributes__item__content__item item-attributes__item__content__item--text\"><span>12 jours<\/span><\/div><\/div><\/div><div class=\"item-attributes__item\"><div class=\"item-attributes__item__content\"><div class=\"item-attributes__item__content__item item-attributes__item__content__item--text\"><span>Fran\u00e7ais, anglais, allemand et arabe<\/span><\/div><\/div><\/div>\t\t\t\t\t<div class=\"item-attributes__item\"><a href=\"https:\/\/facetours.ma\/fr\/meilleures-circuits-au-maroc\/grand-tour-circuit-au-depart-agadir\/\" class=\"item-attributes__link\" aria-label=\"View the tour\"><i class=\"fa fa-eye\"><\/i><\/a><\/div>\n\t\t\t\t<\/div>\n\t\t\t<\/div>\n\t\t<\/div>\n\t\t\t<div class=\"atgrid__row-separator clearfix hidden-sm hidden-xs\"><\/div>\t\t<div class=\"col-md-4 col-xs-6 atgrid__item-wrap\">\n\t\t\t<div class=\"atgrid__item\">\n\t\t\t\t<div class=\"atgrid__item__top\">\n\t\t\t\t\t<a href=\"https:\/\/facetours.ma\/fr\/meilleures-circuits-au-maroc\/circuit-4-jours-merzouga-au-depart-agadir\/\" class=\"atgrid__item__top__image\"><img loading=\"lazy\" decoding=\"async\" width=\"360\" height=\"240\" src=\"https:\/\/facetours.ma\/wp-content\/uploads\/2022\/08\/merzouga-sunrise-min-1-360x240.jpg\" class=\"attachment-thumb_tour_listing_small size-thumb_tour_listing_small wp-post-image\" alt=\"\" srcset=\"https:\/\/facetours.ma\/wp-content\/uploads\/2022\/08\/merzouga-sunrise-min-1-360x240.jpg 360w, https:\/\/facetours.ma\/wp-content\/uploads\/2022\/08\/merzouga-sunrise-min-1-531x354.jpg 531w, https:\/\/facetours.ma\/wp-content\/uploads\/2022\/08\/merzouga-sunrise-min-1-180x120.jpg 180w, https:\/\/facetours.ma\/wp-content\/uploads\/2022\/08\/merzouga-sunrise-min-1-600x400.jpg 600w, https:\/\/facetours.ma\/wp-content\/uploads\/2022\/08\/merzouga-sunrise-min-1-300x200.jpg 300w, https:\/\/facetours.ma\/wp-content\/uploads\/2022\/08\/merzouga-sunrise-min-1-768x512.jpg 768w, https:\/\/facetours.ma\/wp-content\/uploads\/2022\/08\/merzouga-sunrise-min-1.jpg 849w\" sizes=\"auto, (max-width: 360px) 100vw, 360px\" \/><\/a>\t\t\t\t\t\t\t\t\t\t\t\t\t\t<\/div>\n\t\t\t\t<div class=\"atgrid__item__content\">\n\t\t\t\t\t<h3 class=\"atgrid__item__title\"><a href=\"https:\/\/facetours.ma\/fr\/meilleures-circuits-au-maroc\/circuit-4-jours-merzouga-au-depart-agadir\/\">Circuit de 4 jours \u00e0 Merzouga au d\u00e9part d&#039;Agadir<\/a><\/h3>\n\t\t\t\t\t\t\t\t\t<div class=\"atgrid__item__description\">L'excursion de 4 jours et 3 nuits \u00e0 Merzouga au d\u00e9part d'Agadir offre un m\u00e9lange unique de couleurs saisissantes, d\u2019architecture<\/div>\n\t\t\t\t\t\t\t\t<\/div>\n\t\t\t\t<div class=\"item-attributes\">\n\t\t\t\t\t<div class=\"item-attributes__item\"><div class=\"item-attributes__item__content\"><div class=\"item-attributes__item__content__item item-attributes__item__content__item--text\"><span>4 jours<\/span><\/div><\/div><\/div><div class=\"item-attributes__item\"><div class=\"item-attributes__item__content\"><div class=\"item-attributes__item__content__item item-attributes__item__content__item--text\"><span>Fran\u00e7ais, anglais, allemand et arabe<\/span><\/div><\/div><\/div>\t\t\t\t\t<div class=\"item-attributes__item\"><a href=\"https:\/\/facetours.ma\/fr\/meilleures-circuits-au-maroc\/circuit-4-jours-merzouga-au-depart-agadir\/\" class=\"item-attributes__link\" aria-label=\"View the tour\"><i class=\"fa fa-eye\"><\/i><\/a><\/div>\n\t\t\t\t<\/div>\n\t\t\t<\/div>\n\t\t<\/div>\n\t\t\t<div class=\"atgrid__row-separator clearfix visible-sm visible-xs\"><\/div>\t\t<div class=\"col-md-4 col-xs-6 atgrid__item-wrap\">\n\t\t\t<div class=\"atgrid__item\">\n\t\t\t\t<div class=\"atgrid__item__top\">\n\t\t\t\t\t<a href=\"https:\/\/facetours.ma\/fr\/meilleures-circuits-au-maroc\/circuit-2-jours-zagora-au-depart-agadir\/\" class=\"atgrid__item__top__image\"><img loading=\"lazy\" decoding=\"async\" width=\"360\" height=\"240\" src=\"https:\/\/facetours.ma\/wp-content\/uploads\/2022\/08\/Ride-jeep-in-sand-dunes-min-360x240.jpg\" class=\"attachment-thumb_tour_listing_small size-thumb_tour_listing_small wp-post-image\" alt=\"\" srcset=\"https:\/\/facetours.ma\/wp-content\/uploads\/2022\/08\/Ride-jeep-in-sand-dunes-min-360x240.jpg 360w, https:\/\/facetours.ma\/wp-content\/uploads\/2022\/08\/Ride-jeep-in-sand-dunes-min-531x354.jpg 531w, https:\/\/facetours.ma\/wp-content\/uploads\/2022\/08\/Ride-jeep-in-sand-dunes-min-180x120.jpg 180w, https:\/\/facetours.ma\/wp-content\/uploads\/2022\/08\/Ride-jeep-in-sand-dunes-min-600x400.jpg 600w, https:\/\/facetours.ma\/wp-content\/uploads\/2022\/08\/Ride-jeep-in-sand-dunes-min-300x200.jpg 300w, https:\/\/facetours.ma\/wp-content\/uploads\/2022\/08\/Ride-jeep-in-sand-dunes-min-768x512.jpg 768w, https:\/\/facetours.ma\/wp-content\/uploads\/2022\/08\/Ride-jeep-in-sand-dunes-min-720x480.jpg 720w, https:\/\/facetours.ma\/wp-content\/uploads\/2022\/08\/Ride-jeep-in-sand-dunes-min.jpg 849w\" sizes=\"auto, (max-width: 360px) 100vw, 360px\" \/><\/a>\t\t\t\t\t\t\t\t\t\t\t\t\t\t<\/div>\n\t\t\t\t<div class=\"atgrid__item__content\">\n\t\t\t\t\t<h3 class=\"atgrid__item__title\"><a href=\"https:\/\/facetours.ma\/fr\/meilleures-circuits-au-maroc\/circuit-2-jours-zagora-au-depart-agadir\/\">Circuit de 2 jours \u00e0 Zagora au d\u00e9part d&#039;Agadir<\/a><\/h3>\n\t\t\t\t\t\t\t\t\t<div class=\"atgrid__item__description\">D\u00e9couvrez l\u2019itin\u00e9raire d\u2019un circuit de 2 jours dans le d\u00e9sert, au d\u00e9part d\u2019Agadir vers Zagora, incluant la visite de la<\/div>\n\t\t\t\t\t\t\t\t<\/div>\n\t\t\t\t<div class=\"item-attributes\">\n\t\t\t\t\t<div class=\"item-attributes__item\"><div class=\"item-attributes__item__content\"><div class=\"item-attributes__item__content__item item-attributes__item__content__item--text\"><span>2 jours<\/span><\/div><\/div><\/div><div class=\"item-attributes__item\"><div class=\"item-attributes__item__content\"><div class=\"item-attributes__item__content__item item-attributes__item__content__item--text\"><span>Fran\u00e7ais, anglais, allemand et arabe<\/span><\/div><\/div><\/div>\t\t\t\t\t<div class=\"item-attributes__item\"><a href=\"https:\/\/facetours.ma\/fr\/meilleures-circuits-au-maroc\/circuit-2-jours-zagora-au-depart-agadir\/\" class=\"item-attributes__link\" aria-label=\"View the tour\"><i class=\"fa fa-eye\"><\/i><\/a><\/div>\n\t\t\t\t<\/div>\n\t\t\t<\/div>\n\t\t<\/div>\n\t\t\t\t\t<div class=\"col-md-4 col-xs-6 atgrid__item-wrap\">\n\t\t\t<div class=\"atgrid__item\">\n\t\t\t\t<div class=\"atgrid__item__top\">\n\t\t\t\t\t<a href=\"https:\/\/facetours.ma\/fr\/meilleures-circuits-au-maroc\/circuit-de-2-jours-marrakech-au-depart-agadir\/\" class=\"atgrid__item__top__image\"><img loading=\"lazy\" decoding=\"async\" width=\"360\" height=\"240\" src=\"https:\/\/facetours.ma\/wp-content\/uploads\/2022\/08\/Marrakech-koutoubia-mosque-garden-min-360x240.jpg\" class=\"attachment-thumb_tour_listing_small size-thumb_tour_listing_small wp-post-image\" alt=\"\" srcset=\"https:\/\/facetours.ma\/wp-content\/uploads\/2022\/08\/Marrakech-koutoubia-mosque-garden-min-360x240.jpg 360w, https:\/\/facetours.ma\/wp-content\/uploads\/2022\/08\/Marrakech-koutoubia-mosque-garden-min-531x354.jpg 531w, https:\/\/facetours.ma\/wp-content\/uploads\/2022\/08\/Marrakech-koutoubia-mosque-garden-min-180x120.jpg 180w, https:\/\/facetours.ma\/wp-content\/uploads\/2022\/08\/Marrakech-koutoubia-mosque-garden-min-600x400.jpg 600w, https:\/\/facetours.ma\/wp-content\/uploads\/2022\/08\/Marrakech-koutoubia-mosque-garden-min-300x200.jpg 300w, https:\/\/facetours.ma\/wp-content\/uploads\/2022\/08\/Marrakech-koutoubia-mosque-garden-min-768x512.jpg 768w, https:\/\/facetours.ma\/wp-content\/uploads\/2022\/08\/Marrakech-koutoubia-mosque-garden-min-720x480.jpg 720w, https:\/\/facetours.ma\/wp-content\/uploads\/2022\/08\/Marrakech-koutoubia-mosque-garden-min.jpg 849w\" sizes=\"auto, (max-width: 360px) 100vw, 360px\" \/><\/a>\t\t\t\t\t\t\t\t\t\t\t\t\t\t<\/div>\n\t\t\t\t<div class=\"atgrid__item__content\">\n\t\t\t\t\t<h3 class=\"atgrid__item__title\"><a href=\"https:\/\/facetours.ma\/fr\/meilleures-circuits-au-maroc\/circuit-de-2-jours-marrakech-au-depart-agadir\/\">Circuit de 2 jours \u00e0 Marrakech au d\u00e9part d&#039;Agadir<\/a><\/h3>\n\t\t\t\t\t\t\t\t\t<div class=\"atgrid__item__description\">Bienvenue \u00e0 Marrakech pour un circuit de 2 jours au d\u00e9part d'Agadir, \u00e0 travers les montagnes du Haut Atlas, les<\/div>\n\t\t\t\t\t\t\t\t<\/div>\n\t\t\t\t<div class=\"item-attributes\">\n\t\t\t\t\t<div class=\"item-attributes__item\"><div class=\"item-attributes__item__content\"><div class=\"item-attributes__item__content__item item-attributes__item__content__item--text\"><span>2 jours<\/span><\/div><\/div><\/div><div class=\"item-attributes__item\"><div class=\"item-attributes__item__content\"><div class=\"item-attributes__item__content__item item-attributes__item__content__item--text\"><span>Fran\u00e7ais, anglais, allemand et arabe<\/span><\/div><\/div><\/div>\t\t\t\t\t<div class=\"item-attributes__item\"><a href=\"https:\/\/facetours.ma\/fr\/meilleures-circuits-au-maroc\/circuit-de-2-jours-marrakech-au-depart-agadir\/\" class=\"item-attributes__link\" aria-label=\"View the tour\"><i class=\"fa fa-eye\"><\/i><\/a><\/div>\n\t\t\t\t<\/div>\n\t\t\t<\/div>\n\t\t<\/div>\n\t\t\t<\/div>\n<\/div>\n[vc_empty_space height=&#8221;64px&#8221;]<div id=\"swiper1\" class=\"tours-type\">\n\t<div class=\"title title--big title--center title--underline title--decoration-bottom-center\">\n\t\t<h2 class=\"title__primary\">Choisissez Votre Destination de D\u00e9part<\/h2>\n<\/div>\n\t<div class=\"tours-type__slider\">\n\t\t<div class=\"tours-type__slider__controls\">\n\t\t\t<a class=\"tours-type__slider__prev\" href=\"#\" aria-label=\"Previous slider\"><i class=\"fa fa-chevron-left\"><\/i><\/a>\n\t\t\t<a class=\"tours-type__slider__next\" href=\"#\" aria-label=\"Next slider\"><i class=\"fa fa-chevron-right\"><\/i><\/a>\n\t\t<\/div>\n\n\t\t<div class=\"swiper-container swiper-slider\">\n\t\t\t<div class=\"swiper-wrapper\">\n\t\t\t\t\t\t\t\t\t\t\t<div class=\"swiper-slide tours-type__item\">\n\t\t\t\t\t<a href=\"https:\/\/facetours.ma\/fr\/categorie-de-tour\/circuits-a-partir-de-casablanca\/\" class=\"tours-type__item__image\"><img loading=\"lazy\" decoding=\"async\" src=\"https:\/\/facetours.ma\/wp-content\/uploads\/2022\/08\/Hassan-II-mosque-Casablanca-min.jpg\" alt=\"Circuits \u00e0 partir de Casablanca\" width=\"600\" height=\"600\" \/><\/a>\n\t\t\t\t\t<div class=\"tours-type__item__title\">Circuits \u00e0 partir de Casablanca<\/div>\n\t\t\t\t<\/div>\n\t\t\t\t\t\t\t\t\t\t\t<div class=\"swiper-slide tours-type__item\">\n\t\t\t\t\t<a href=\"https:\/\/facetours.ma\/fr\/categorie-de-tour\/circuits-a-partir-de-fes\/\" class=\"tours-type__item__image\"><img loading=\"lazy\" decoding=\"async\" src=\"https:\/\/facetours.ma\/wp-content\/uploads\/2022\/08\/Fez-gate-royal-palace-4-min.jpg\" alt=\"Circuits \u00e0 partir de Fes\" width=\"600\" height=\"600\" \/><\/a>\n\t\t\t\t\t<div class=\"tours-type__item__title\">Circuits \u00e0 partir de Fes<\/div>\n\t\t\t\t<\/div>\n\t\t\t\t\t\t\t\t\t\t\t<div class=\"swiper-slide tours-type__item\">\n\t\t\t\t\t<a href=\"https:\/\/facetours.ma\/fr\/categorie-de-tour\/circuits-a-partir-de-marrakech\/\" class=\"tours-type__item__image\"><img loading=\"lazy\" decoding=\"async\" src=\"https:\/\/facetours.ma\/wp-content\/uploads\/2022\/08\/Marrakech-Bahia-palace-square-2-min.jpg\" alt=\"Circuits \u00e0 partir de Marrakech\" width=\"600\" height=\"600\" \/><\/a>\n\t\t\t\t\t<div class=\"tours-type__item__title\">Circuits \u00e0 partir de Marrakech<\/div>\n\t\t\t\t<\/div>\n\t\t\t\t\t\t\t\t\t\t\t<div class=\"swiper-slide tours-type__item\">\n\t\t\t\t\t<a href=\"https:\/\/facetours.ma\/fr\/categorie-de-tour\/circuits-a-partir-de-rabat\/\" class=\"tours-type__item__image\"><img loading=\"lazy\" decoding=\"async\" src=\"https:\/\/facetours.ma\/wp-content\/uploads\/2022\/08\/tour-hassan-rabat-day-trip-from-casablanca-1.jpg\" alt=\"Circuits \u00e0 partir de Rabat\" width=\"600\" height=\"600\" \/><\/a>\n\t\t\t\t\t<div class=\"tours-type__item__title\">Circuits \u00e0 partir de Rabat<\/div>\n\t\t\t\t<\/div>\n\t\t\t\t\t\t\t\t\t\t\t<div class=\"swiper-slide tours-type__item\">\n\t\t\t\t\t<a href=\"https:\/\/facetours.ma\/fr\/categorie-de-tour\/circuits-a-partir-de-tanger\/\" class=\"tours-type__item__image\"><img loading=\"lazy\" decoding=\"async\" src=\"https:\/\/facetours.ma\/wp-content\/uploads\/2022\/11\/Tangier-grand-socco-square-min.jpg\" alt=\"Circuits \u00e0 partir de Tanger\" width=\"600\" height=\"600\" \/><\/a>\n\t\t\t\t\t<div class=\"tours-type__item__title\">Circuits \u00e0 partir de Tanger<\/div>\n\t\t\t\t<\/div>\n\t\t\t\t\t\t<\/div>\n\t\t<\/div>\n\t<\/div>\n<\/div>\n[\/vc_column][\/vc_row]<\/p>\n<\/div>","protected":false},"excerpt":{"rendered":"<p>[vc_row][vc_column][vc_column_text css=&#8221;&#8221;]D\u00e9couvrez les circuits au d\u00e9part d\u2019Agadir propos\u00e9s par Face Tours, offrant une grande diversit\u00e9 d\u2019exp\u00e9riences pour explorer les merveilles du Maroc. Parmi les itin\u00e9raires propos\u00e9s, retrouvez des voyages captivants vers le nord du pays, les villes imp\u00e9riales, le grand tour du Maroc avec le d\u00e9sert du Sahara, ainsi que des excursions inoubliables vers Merzouga,<\/p>\n<div class=\"padding-top text-center\"><a href=\"https:\/\/facetours.ma\/fr\/meilleures-circuits-au-maroc\/circuit-de-2-jours-marrakech-au-depart-agadir\/\" class=\"atbtn atbtn--medium atbtn--rounded atbtn--transparent\">Read more<i class=\"atbtn__icon atbtn__icon--right fa fa-long-arrow-right\"><\/i><\/a><\/div>\n","protected":false},"author":1,"featured_media":0,"parent":0,"menu_order":0,"comment_status":"closed","ping_status":"closed","template":"","meta":{"footnotes":""},"class_list":["post-2390","page","type-page","status-publish","hentry"],"_links":{"self":[{"href":"https:\/\/facetours.ma\/fr\/wp-json\/wp\/v2\/pages\/2390","targetHints":{"allow":["GET"]}}],"collection":[{"href":"https:\/\/facetours.ma\/fr\/wp-json\/wp\/v2\/pages"}],"about":[{"href":"https:\/\/facetours.ma\/fr\/wp-json\/wp\/v2\/types\/page"}],"author":[{"embeddable":true,"href":"https:\/\/facetours.ma\/fr\/wp-json\/wp\/v2\/users\/1"}],"replies":[{"embeddable":true,"href":"https:\/\/facetours.ma\/fr\/wp-json\/wp\/v2\/comments?post=2390"}],"version-history":[{"count":11,"href":"https:\/\/facetours.ma\/fr\/wp-json\/wp\/v2\/pages\/2390\/revisions"}],"predecessor-version":[{"id":4397,"href":"https:\/\/facetours.ma\/fr\/wp-json\/wp\/v2\/pages\/2390\/revisions\/4397"}],"wp:attachment":[{"href":"https:\/\/facetours.ma\/fr\/wp-json\/wp\/v2\/media?parent=2390"}],"curies":[{"name":"wp","href":"https:\/\/api.w.org\/{rel}","templated":true}]}}