{"id":2361,"date":"2022-08-28T10:03:53","date_gmt":"2022-08-28T09:03:53","guid":{"rendered":"https:\/\/facetours.ma\/?page_id=2361"},"modified":"2025-11-03T13:02:31","modified_gmt":"2025-11-03T12:02:31","slug":"circuits-depart-fes","status":"publish","type":"page","link":"https:\/\/facetours.ma\/fr\/circuits-depart-fes\/","title":{"rendered":"Circuits au d\u00e9part de F\u00e8s"},"content":{"rendered":"<div class=\"wpb-content-wrapper\"><p>[vc_row][vc_column]<div class=\"title title--big title--center\">\n\t\t<h2 class=\"title__primary\">Circuits personnalis\u00e9s au d\u00e9part de F\u00e8s<\/h2>\n<\/div>\n[vc_column_text css=&#8221;&#8221;]Les <strong data-start=\"107\" data-end=\"150\">circuits personnalis\u00e9s au d\u00e9part de F\u00e8s<\/strong> offrent une exp\u00e9rience unique pour d\u00e9couvrir les merveilles du Maroc. Que vous soyez passionn\u00e9 d\u2019histoire, de culture, de nature ou d\u2019aventure, chaque circuit peut \u00eatre adapt\u00e9 \u00e0 vos envies et \u00e0 votre emploi du temps. Partez \u00e0 la d\u00e9couverte des m\u00e9dinas ancestrales, visitez des monuments historiques, savourez la d\u00e9licieuse cuisine marocaine et contemplez des paysages \u00e0 couper le souffle, des montagnes majestueuses aux \u00e9tendues infinies du d\u00e9sert. Accompagn\u00e9s par des guides locaux exp\u00e9riment\u00e9s et profitant d\u2019itin\u00e9raires flexibles, les circuits personnalis\u00e9s au d\u00e9part de F\u00e8s vous garantissent une exp\u00e9rience authentique et inoubliable.[\/vc_column_text][vc_empty_space height=&#8221;16px&#8221;]\n<div class=\"atlist\">\n\t\t<div class=\"atlist__item margin-bottom\">\n\t\t<div class=\"atlist__item__image\">\n\t\t<a class=\"atlist__item__image-wrap\" href=\"https:\/\/facetours.ma\/fr\/meilleures-circuits-au-maroc\/circuit-marrakech-merzouga-depuis-fes\/\"><img loading=\"lazy\" decoding=\"async\" width=\"720\" height=\"480\" src=\"https:\/\/facetours.ma\/wp-content\/uploads\/2022\/08\/Bahia-palace-tour-from-fez-min.jpg\" class=\"attachment-thumb_tour_box size-thumb_tour_box wp-post-image\" alt=\"\" srcset=\"https:\/\/facetours.ma\/wp-content\/uploads\/2022\/08\/Bahia-palace-tour-from-fez-min.jpg 720w, https:\/\/facetours.ma\/wp-content\/uploads\/2022\/08\/Bahia-palace-tour-from-fez-min-531x354.jpg 531w, https:\/\/facetours.ma\/wp-content\/uploads\/2022\/08\/Bahia-palace-tour-from-fez-min-180x120.jpg 180w, https:\/\/facetours.ma\/wp-content\/uploads\/2022\/08\/Bahia-palace-tour-from-fez-min-600x400.jpg 600w, https:\/\/facetours.ma\/wp-content\/uploads\/2022\/08\/Bahia-palace-tour-from-fez-min-300x200.jpg 300w, https:\/\/facetours.ma\/wp-content\/uploads\/2022\/08\/Bahia-palace-tour-from-fez-min-360x240.jpg 360w\" sizes=\"auto, (max-width: 720px) 100vw, 720px\" \/><\/a>\t\t\t\t\t\t<\/div>\n\t\t<div class=\"atlist__item__content\">\n\t\t\t<div class=\"atlist__item__content__items\">\n\t\t\t\t<div class=\"atlist__item__content__item\">\n\t\t\t\t\t<h2 class=\"atlist__item__title\"><a href=\"https:\/\/facetours.ma\/fr\/meilleures-circuits-au-maroc\/circuit-marrakech-merzouga-depuis-fes\/\">Circuit 3 jours Marrakech via Merzouga: le d\u00e9sert depuis F\u00e8s<\/a><\/h2>\n\t\t\t\t\t\t\t\t\t\t\t<div class=\"atlist__item__description\">Partez de F\u00e8s pour un circuit de 3 jours vers Marrakech en passant par Merzouga. D\u00e9couvrez le d\u00e9sert du Sahara, les dunes dor\u00e9es de l\u2019Erg Chebbi et les villages berb\u00e8res authentiques. Un voyage inoubliable entre paysages, culture et magie du sud marocain.<\/div>\n\t\t\t\t\t\t\t\t\t<\/div>\n\t\t\t\t<div class=\"atlist__item__content__item atlist__item__content__item--alternative\">\n\t\t\t\t\t\n\t\t\t\t\t<div class=\"atlist__item__read-more\"><a href=\"https:\/\/facetours.ma\/fr\/meilleures-circuits-au-maroc\/circuit-marrakech-merzouga-depuis-fes\/\" class=\"atbtn atbtn--small atbtn--rounded atbtn--light\">Tour details<\/a><\/div>\n\t\t\t\t<\/div>\n\t\t\t<\/div>\n\t\t\t<div class=\"atlist__item__attributes\"><div class=\"item-attributes item-attributes--style2\"><div class=\"item-attributes__item\"><div class=\"item-attributes__item__content\"><div class=\"item-attributes__item__content__item item-attributes__item__content__item--text\"><span>3 jours<\/span><\/div><\/div><\/div><div class=\"item-attributes__item\"><div class=\"item-attributes__item__content\"><div class=\"item-attributes__item__content__item item-attributes__item__content__item--text\"><span>Fran\u00e7ais, anglais, allemand et arabe<\/span><\/div><\/div><\/div><\/div><\/div>\t\t<\/div>\n\t<\/div>\n\t\t<div class=\"atlist__item margin-bottom\">\n\t\t<div class=\"atlist__item__image\">\n\t\t<a class=\"atlist__item__image-wrap\" href=\"https:\/\/facetours.ma\/fr\/meilleures-circuits-au-maroc\/grand-tour-desert-depart-fes\/\"><img loading=\"lazy\" decoding=\"async\" width=\"720\" height=\"565\" src=\"https:\/\/facetours.ma\/wp-content\/uploads\/2022\/08\/Merzouga-min-720x565.jpg\" class=\"attachment-thumb_tour_box size-thumb_tour_box wp-post-image\" alt=\"\" \/><\/a>\t\t\t\t\t\t<\/div>\n\t\t<div class=\"atlist__item__content\">\n\t\t\t<div class=\"atlist__item__content__items\">\n\t\t\t\t<div class=\"atlist__item__content__item\">\n\t\t\t\t\t<h2 class=\"atlist__item__title\"><a href=\"https:\/\/facetours.ma\/fr\/meilleures-circuits-au-maroc\/grand-tour-desert-depart-fes\/\">Grand tour et d\u00e9sert de F\u00e8s<\/a><\/h2>\n\t\t\t\t\t\t\t\t\t\t\t<div class=\"atlist__item__description\">Le grand circuit du d\u00e9sert de 13 jours et 12 nuits au d\u00e9part de F\u00e8s vous fera d\u00e9couvrir le nord, l\u2019est, le d\u00e9sert du Sahara, le centre et l\u2019ouest du Maroc. Explorez villes imp\u00e9riales, montagnes, vall\u00e9es et paysages d\u00e9sertiques. Un voyage complet alliant culture, nature et aventure.<\/div>\n\t\t\t\t\t\t\t\t\t<\/div>\n\t\t\t\t<div class=\"atlist__item__content__item atlist__item__content__item--alternative\">\n\t\t\t\t\t\n\t\t\t\t\t<div class=\"atlist__item__read-more\"><a href=\"https:\/\/facetours.ma\/fr\/meilleures-circuits-au-maroc\/grand-tour-desert-depart-fes\/\" class=\"atbtn atbtn--small atbtn--rounded atbtn--light\">Tour details<\/a><\/div>\n\t\t\t\t<\/div>\n\t\t\t<\/div>\n\t\t\t<div class=\"atlist__item__attributes\"><div class=\"item-attributes item-attributes--style2\"><div class=\"item-attributes__item\"><div class=\"item-attributes__item__content\"><div class=\"item-attributes__item__content__item item-attributes__item__content__item--text\"><span>13 jours<\/span><\/div><\/div><\/div><div class=\"item-attributes__item\"><div class=\"item-attributes__item__content\"><div class=\"item-attributes__item__content__item item-attributes__item__content__item--text\"><span>Fran\u00e7ais, anglais, allemand et arabe<\/span><\/div><\/div><\/div><\/div><\/div>\t\t<\/div>\n\t<\/div>\n\t\t<div class=\"atlist__item margin-bottom\">\n\t\t<div class=\"atlist__item__image\">\n\t\t<a class=\"atlist__item__image-wrap\" href=\"https:\/\/facetours.ma\/fr\/meilleures-circuits-au-maroc\/circuit-villes-imperiales-depart-fes\/\"><img loading=\"lazy\" decoding=\"async\" width=\"720\" height=\"566\" src=\"https:\/\/facetours.ma\/wp-content\/uploads\/2022\/08\/Fez-boujloud-gate-min-720x566.jpg\" class=\"attachment-thumb_tour_box size-thumb_tour_box wp-post-image\" alt=\"\" \/><\/a>\t\t\t\t\t\t<\/div>\n\t\t<div class=\"atlist__item__content\">\n\t\t\t<div class=\"atlist__item__content__items\">\n\t\t\t\t<div class=\"atlist__item__content__item\">\n\t\t\t\t\t<h2 class=\"atlist__item__title\"><a href=\"https:\/\/facetours.ma\/fr\/meilleures-circuits-au-maroc\/circuit-villes-imperiales-depart-fes\/\">Circuit villes imp\u00e9riales d\u00e9part F\u00e8s<\/a><\/h2>\n\t\t\t\t\t\t\t\t\t\t\t<div class=\"atlist__item__description\">Un circuit des villes imp\u00e9riales de 8 jours et 7 nuits commence et se termine \u00e0 F\u00e8s, en passant par Mekn\u00e8s, Volubilis, Rabat, Casablanca, Marrakech et les impressionnantes chutes d\u2019Ouzoud. D\u00e9couvrez le charme des souks, l\u2019architecture des m\u00e9dinas et les tr\u00e9sors historiques de chaque ville. Un voyage riche en culture,<\/div>\n\t\t\t\t\t\t\t\t\t<\/div>\n\t\t\t\t<div class=\"atlist__item__content__item atlist__item__content__item--alternative\">\n\t\t\t\t\t\n\t\t\t\t\t<div class=\"atlist__item__read-more\"><a href=\"https:\/\/facetours.ma\/fr\/meilleures-circuits-au-maroc\/circuit-villes-imperiales-depart-fes\/\" class=\"atbtn atbtn--small atbtn--rounded atbtn--light\">Tour details<\/a><\/div>\n\t\t\t\t<\/div>\n\t\t\t<\/div>\n\t\t\t<div class=\"atlist__item__attributes\"><div class=\"item-attributes item-attributes--style2\"><div class=\"item-attributes__item\"><div class=\"item-attributes__item__content\"><div class=\"item-attributes__item__content__item item-attributes__item__content__item--text\"><span>8Jours<\/span><\/div><\/div><\/div><div class=\"item-attributes__item\"><div class=\"item-attributes__item__content\"><div class=\"item-attributes__item__content__item item-attributes__item__content__item--text\"><span>Fran\u00e7ais, anglais, allemand et arabe<\/span><\/div><\/div><\/div><\/div><\/div>\t\t<\/div>\n\t<\/div>\n\t\t<div class=\"atlist__item margin-bottom\">\n\t\t<div class=\"atlist__item__image\">\n\t\t<a class=\"atlist__item__image-wrap\" href=\"https:\/\/facetours.ma\/fr\/meilleures-circuits-au-maroc\/circuit-nord-depart-fes\/\"><img loading=\"lazy\" decoding=\"async\" width=\"720\" height=\"566\" src=\"https:\/\/facetours.ma\/wp-content\/uploads\/2022\/08\/Chefchaouen-blue-city-old-medina-min-720x566.jpg\" class=\"attachment-thumb_tour_box size-thumb_tour_box wp-post-image\" alt=\"\" \/><\/a>\t\t\t\t\t\t<\/div>\n\t\t<div class=\"atlist__item__content\">\n\t\t\t<div class=\"atlist__item__content__items\">\n\t\t\t\t<div class=\"atlist__item__content__item\">\n\t\t\t\t\t<h2 class=\"atlist__item__title\"><a href=\"https:\/\/facetours.ma\/fr\/meilleures-circuits-au-maroc\/circuit-nord-depart-fes\/\">Circuit du Nord au d\u00e9part de F\u00e8s<\/a><\/h2>\n\t\t\t\t\t\t\t\t\t\t\t<div class=\"atlist__item__description\">Le circuit du Nord au d\u00e9part de F\u00e8s, d'une dur\u00e9e de 7 jours et 6 nuits, permet de d\u00e9couvrir les villes moyennes et imp\u00e9riales, F\u00e8s et Mekn\u00e8s, les villes du Nord, Chefchaouen, T\u00e9touan et Tanger, ainsi que les villes de la c\u00f4te Est, Rabat et Casablanca. Nous terminerons notre itin\u00e9raire<\/div>\n\t\t\t\t\t\t\t\t\t<\/div>\n\t\t\t\t<div class=\"atlist__item__content__item atlist__item__content__item--alternative\">\n\t\t\t\t\t\n\t\t\t\t\t<div class=\"atlist__item__read-more\"><a href=\"https:\/\/facetours.ma\/fr\/meilleures-circuits-au-maroc\/circuit-nord-depart-fes\/\" class=\"atbtn atbtn--small atbtn--rounded atbtn--light\">Tour details<\/a><\/div>\n\t\t\t\t<\/div>\n\t\t\t<\/div>\n\t\t\t<div class=\"atlist__item__attributes\"><div class=\"item-attributes item-attributes--style2\"><div class=\"item-attributes__item\"><div class=\"item-attributes__item__content\"><div class=\"item-attributes__item__content__item item-attributes__item__content__item--text\"><span>7 jours<\/span><\/div><\/div><\/div><div class=\"item-attributes__item\"><div class=\"item-attributes__item__content\"><div class=\"item-attributes__item__content__item item-attributes__item__content__item--text\"><span>Fran\u00e7ais, anglais, allemand et arabe<\/span><\/div><\/div><\/div><\/div><\/div>\t\t<\/div>\n\t<\/div>\n<\/div>[vc_empty_space height=&#8221;64px&#8221;]<div id=\"swiper1\" class=\"tours-type\">\n\t<div class=\"title title--big title--center title--underline title--decoration-bottom-center\">\n\t\t\t<div class=\"title__subtitle\">Select Your Destination<\/div>\n\t\t<h2 class=\"title__primary\">Morocco Tour Packages<\/h2>\n<\/div>\n\t<div class=\"tours-type__slider\">\n\t\t<div class=\"tours-type__slider__controls\">\n\t\t\t<a class=\"tours-type__slider__prev\" href=\"#\" aria-label=\"Previous slider\"><i class=\"fa fa-chevron-left\"><\/i><\/a>\n\t\t\t<a class=\"tours-type__slider__next\" href=\"#\" aria-label=\"Next slider\"><i class=\"fa fa-chevron-right\"><\/i><\/a>\n\t\t<\/div>\n\n\t\t<div class=\"swiper-container swiper-slider\">\n\t\t\t<div class=\"swiper-wrapper\">\n\t\t\t\t\t\t\t\t\t\t\t<div class=\"swiper-slide tours-type__item\">\n\t\t\t\t\t<a href=\"https:\/\/facetours.ma\/fr\/categorie-de-tour\/circuits-a-partir-de-casablanca\/\" class=\"tours-type__item__image\"><img loading=\"lazy\" decoding=\"async\" src=\"https:\/\/facetours.ma\/wp-content\/uploads\/2022\/08\/Hassan-II-mosque-Casablanca-min.jpg\" alt=\"Circuits \u00e0 partir de Casablanca\" width=\"600\" height=\"600\" \/><\/a>\n\t\t\t\t\t<div class=\"tours-type__item__title\">Circuits \u00e0 partir de Casablanca<\/div>\n\t\t\t\t<\/div>\n\t\t\t\t\t\t\t\t\t\t\t<div class=\"swiper-slide tours-type__item\">\n\t\t\t\t\t<a href=\"https:\/\/facetours.ma\/fr\/categorie-de-tour\/circuits-a-partir-de-marrakech\/\" class=\"tours-type__item__image\"><img loading=\"lazy\" decoding=\"async\" src=\"https:\/\/facetours.ma\/wp-content\/uploads\/2022\/08\/Marrakech-Bahia-palace-square-2-min.jpg\" alt=\"Circuits \u00e0 partir de Marrakech\" width=\"600\" height=\"600\" \/><\/a>\n\t\t\t\t\t<div class=\"tours-type__item__title\">Circuits \u00e0 partir de Marrakech<\/div>\n\t\t\t\t<\/div>\n\t\t\t\t\t\t\t\t\t\t\t<div class=\"swiper-slide tours-type__item\">\n\t\t\t\t\t<a href=\"https:\/\/facetours.ma\/fr\/categorie-de-tour\/circuits-a-partir-de-rabat\/\" class=\"tours-type__item__image\"><img loading=\"lazy\" decoding=\"async\" src=\"https:\/\/facetours.ma\/wp-content\/uploads\/2022\/08\/tour-hassan-rabat-day-trip-from-casablanca-1.jpg\" alt=\"Circuits \u00e0 partir de Rabat\" width=\"600\" height=\"600\" \/><\/a>\n\t\t\t\t\t<div class=\"tours-type__item__title\">Circuits \u00e0 partir de Rabat<\/div>\n\t\t\t\t<\/div>\n\t\t\t\t\t\t\t\t\t\t\t<div class=\"swiper-slide tours-type__item\">\n\t\t\t\t\t<a href=\"https:\/\/facetours.ma\/fr\/categorie-de-tour\/circuits-a-partir-de-tanger\/\" class=\"tours-type__item__image\"><img loading=\"lazy\" decoding=\"async\" src=\"https:\/\/facetours.ma\/wp-content\/uploads\/2022\/11\/Tangier-grand-socco-square-min.jpg\" alt=\"Circuits \u00e0 partir de Tanger\" width=\"600\" height=\"600\" \/><\/a>\n\t\t\t\t\t<div class=\"tours-type__item__title\">Circuits \u00e0 partir de Tanger<\/div>\n\t\t\t\t<\/div>\n\t\t\t\t\t\t\t\t\t\t\t<div class=\"swiper-slide tours-type__item\">\n\t\t\t\t\t<a href=\"https:\/\/facetours.ma\/fr\/categorie-de-tour\/circuits-au-depart-agadir\/\" class=\"tours-type__item__image\"><img loading=\"lazy\" decoding=\"async\" src=\"https:\/\/facetours.ma\/wp-content\/uploads\/2022\/08\/Agadir-Ksbah-Oufella-min.jpg\" alt=\"Circuits au d\u00e9part d&#039;Agadir\" width=\"600\" height=\"600\" \/><\/a>\n\t\t\t\t\t<div class=\"tours-type__item__title\">Circuits au d\u00e9part d&#039;Agadir<\/div>\n\t\t\t\t<\/div>\n\t\t\t\t\t\t<\/div>\n\t\t<\/div>\n\t<\/div>\n<\/div>\n[\/vc_column][\/vc_row]<\/p>\n<\/div>","protected":false},"excerpt":{"rendered":"<p>[vc_row][vc_column][vc_column_text css=&#8221;&#8221;]Les circuits personnalis\u00e9s au d\u00e9part de F\u00e8s offrent une exp\u00e9rience unique pour d\u00e9couvrir les merveilles du Maroc. Que vous soyez passionn\u00e9 d\u2019histoire, de culture, de nature ou d\u2019aventure, chaque circuit peut \u00eatre adapt\u00e9 \u00e0 vos envies et \u00e0 votre emploi du temps. Partez \u00e0 la d\u00e9couverte des m\u00e9dinas ancestrales, visitez des monuments historiques, savourez<\/p>\n<div class=\"padding-top text-center\"><a href=\"https:\/\/facetours.ma\/fr\/meilleures-circuits-au-maroc\/circuit-nord-depart-fes\/\" class=\"atbtn atbtn--medium atbtn--rounded atbtn--transparent\">Read more<i class=\"atbtn__icon atbtn__icon--right fa fa-long-arrow-right\"><\/i><\/a><\/div>\n","protected":false},"author":1,"featured_media":0,"parent":0,"menu_order":0,"comment_status":"closed","ping_status":"closed","template":"","meta":{"footnotes":""},"class_list":["post-2361","page","type-page","status-publish","hentry"],"_links":{"self":[{"href":"https:\/\/facetours.ma\/fr\/wp-json\/wp\/v2\/pages\/2361","targetHints":{"allow":["GET"]}}],"collection":[{"href":"https:\/\/facetours.ma\/fr\/wp-json\/wp\/v2\/pages"}],"about":[{"href":"https:\/\/facetours.ma\/fr\/wp-json\/wp\/v2\/types\/page"}],"author":[{"embeddable":true,"href":"https:\/\/facetours.ma\/fr\/wp-json\/wp\/v2\/users\/1"}],"replies":[{"embeddable":true,"href":"https:\/\/facetours.ma\/fr\/wp-json\/wp\/v2\/comments?post=2361"}],"version-history":[{"count":9,"href":"https:\/\/facetours.ma\/fr\/wp-json\/wp\/v2\/pages\/2361\/revisions"}],"predecessor-version":[{"id":4372,"href":"https:\/\/facetours.ma\/fr\/wp-json\/wp\/v2\/pages\/2361\/revisions\/4372"}],"wp:attachment":[{"href":"https:\/\/facetours.ma\/fr\/wp-json\/wp\/v2\/media?parent=2361"}],"curies":[{"name":"wp","href":"https:\/\/api.w.org\/{rel}","templated":true}]}}