{"id":2205,"date":"2022-08-30T10:58:49","date_gmt":"2022-08-30T09:58:49","guid":{"rendered":"https:\/\/facetours.ma\/?page_id=2205"},"modified":"2025-10-31T14:49:53","modified_gmt":"2025-10-31T13:49:53","slug":"excursions-une-journee-agadir-taghazout","status":"publish","type":"page","link":"https:\/\/facetours.ma\/fr\/excursions-une-journee-agadir-taghazout\/","title":{"rendered":"Excursions d&#8217;une journ\u00e9e de Agadir &#038; Taghazout"},"content":{"rendered":"<div class=\"wpb-content-wrapper\"><p>[vc_row][vc_column]<div class=\"title title--big title--center\">\n\t\t<h2 class=\"title__primary\">Excursions d&#039;une journ\u00e9e depuis Agadir &amp; Taghazout<\/h2>\n<\/div>\n\n<div class=\"atgrid\">\n\t<div class=\"row atgrid__row\">\n\t\t\t\t\t<div class=\"col-md-4 col-xs-6 atgrid__item-wrap\">\n\t\t\t<div class=\"atgrid__item\">\n\t\t\t\t<div class=\"atgrid__item__top\">\n\t\t\t\t\t<a href=\"https:\/\/facetours.ma\/fr\/meilleures-circuits-au-maroc\/excursion-vallee-paradis-agadir-taghazout\/\" class=\"atgrid__item__top__image\"><img loading=\"lazy\" decoding=\"async\" width=\"360\" height=\"240\" src=\"https:\/\/facetours.ma\/wp-content\/uploads\/2022\/08\/paradise-valley-half-day-from-agadir-and-taghazout-360x240.jpg\" class=\"attachment-thumb_tour_listing_small size-thumb_tour_listing_small wp-post-image\" alt=\"\" srcset=\"https:\/\/facetours.ma\/wp-content\/uploads\/2022\/08\/paradise-valley-half-day-from-agadir-and-taghazout-360x240.jpg 360w, https:\/\/facetours.ma\/wp-content\/uploads\/2022\/08\/paradise-valley-half-day-from-agadir-and-taghazout-531x354.jpg 531w, https:\/\/facetours.ma\/wp-content\/uploads\/2022\/08\/paradise-valley-half-day-from-agadir-and-taghazout-180x120.jpg 180w, https:\/\/facetours.ma\/wp-content\/uploads\/2022\/08\/paradise-valley-half-day-from-agadir-and-taghazout-600x400.jpg 600w, https:\/\/facetours.ma\/wp-content\/uploads\/2022\/08\/paradise-valley-half-day-from-agadir-and-taghazout-300x200.jpg 300w, https:\/\/facetours.ma\/wp-content\/uploads\/2022\/08\/paradise-valley-half-day-from-agadir-and-taghazout.jpg 748w\" sizes=\"auto, (max-width: 360px) 100vw, 360px\" \/><\/a>\t\t\t\t\t\t\t\t\t\t\t\t\t\t<\/div>\n\t\t\t\t<div class=\"atgrid__item__content\">\n\t\t\t\t\t<h3 class=\"atgrid__item__title\"><a href=\"https:\/\/facetours.ma\/fr\/meilleures-circuits-au-maroc\/excursion-vallee-paradis-agadir-taghazout\/\">Excursion d\u2019une journ\u00e9e: La Vall\u00e9e Paradis depuis Agadir<\/a><\/h3>\n\t\t\t\t\t\t\t\t\t<div class=\"atgrid__item__description\">L'excursion d'une demi-journ\u00e9e dans la Vall\u00e9e du Paradis au d\u00e9part d'Agadir est une aventure inoubliable qui vous emm\u00e8ne de la<\/div>\n\t\t\t\t\t\t\t\t<\/div>\n\t\t\t\t<div class=\"item-attributes\">\n\t\t\t\t\t<div class=\"item-attributes__item\"><div class=\"item-attributes__item__content\"><div class=\"item-attributes__item__content__item item-attributes__item__content__item--text\"><span>1\/2 jour<\/span><\/div><\/div><\/div>\t\t\t\t\t<div class=\"item-attributes__item\"><a href=\"https:\/\/facetours.ma\/fr\/meilleures-circuits-au-maroc\/excursion-vallee-paradis-agadir-taghazout\/\" class=\"item-attributes__link\" aria-label=\"View the tour\"><i class=\"fa fa-eye\"><\/i><\/a><\/div>\n\t\t\t\t<\/div>\n\t\t\t<\/div>\n\t\t<\/div>\n\t\t\t\t\t<div class=\"col-md-4 col-xs-6 atgrid__item-wrap\">\n\t\t\t<div class=\"atgrid__item\">\n\t\t\t\t<div class=\"atgrid__item__top\">\n\t\t\t\t\t<a href=\"https:\/\/facetours.ma\/fr\/meilleures-circuits-au-maroc\/excursion-legzira-agadir-taghazout\/\" class=\"atgrid__item__top__image\"><img loading=\"lazy\" decoding=\"async\" width=\"360\" height=\"240\" src=\"https:\/\/facetours.ma\/wp-content\/uploads\/2022\/08\/legzira-beach-day-trip-from-agadir-and-taghazout-360x240.jpg\" class=\"attachment-thumb_tour_listing_small size-thumb_tour_listing_small wp-post-image\" alt=\"\" srcset=\"https:\/\/facetours.ma\/wp-content\/uploads\/2022\/08\/legzira-beach-day-trip-from-agadir-and-taghazout-360x240.jpg 360w, https:\/\/facetours.ma\/wp-content\/uploads\/2022\/08\/legzira-beach-day-trip-from-agadir-and-taghazout-531x354.jpg 531w, https:\/\/facetours.ma\/wp-content\/uploads\/2022\/08\/legzira-beach-day-trip-from-agadir-and-taghazout-180x120.jpg 180w, https:\/\/facetours.ma\/wp-content\/uploads\/2022\/08\/legzira-beach-day-trip-from-agadir-and-taghazout-600x400.jpg 600w, https:\/\/facetours.ma\/wp-content\/uploads\/2022\/08\/legzira-beach-day-trip-from-agadir-and-taghazout-300x200.jpg 300w, https:\/\/facetours.ma\/wp-content\/uploads\/2022\/08\/legzira-beach-day-trip-from-agadir-and-taghazout.jpg 612w\" sizes=\"auto, (max-width: 360px) 100vw, 360px\" \/><\/a>\t\t\t\t\t\t\t\t\t\t\t\t\t\t<\/div>\n\t\t\t\t<div class=\"atgrid__item__content\">\n\t\t\t\t\t<h3 class=\"atgrid__item__title\"><a href=\"https:\/\/facetours.ma\/fr\/meilleures-circuits-au-maroc\/excursion-legzira-agadir-taghazout\/\">Excursion d\u2019une journ\u00e9e: La plage de Legzira depuis Agadir<\/a><\/h3>\n\t\t\t\t\t\t\t\t\t<div class=\"atgrid__item__description\">D\u00e9part d\u2019Agadir t\u00f4t le matin pour une excursion \u00e0 Legzira, en passant par Tiznit, connue comme la ville de l\u2019argent,<\/div>\n\t\t\t\t\t\t\t\t<\/div>\n\t\t\t\t<div class=\"item-attributes\">\n\t\t\t\t\t<div class=\"item-attributes__item\"><div class=\"item-attributes__item__content\"><div class=\"item-attributes__item__content__item item-attributes__item__content__item--text\"><span>1 jour<\/span><\/div><\/div><\/div>\t\t\t\t\t<div class=\"item-attributes__item\"><a href=\"https:\/\/facetours.ma\/fr\/meilleures-circuits-au-maroc\/excursion-legzira-agadir-taghazout\/\" class=\"item-attributes__link\" aria-label=\"View the tour\"><i class=\"fa fa-eye\"><\/i><\/a><\/div>\n\t\t\t\t<\/div>\n\t\t\t<\/div>\n\t\t<\/div>\n\t\t\t<div class=\"atgrid__row-separator clearfix visible-sm visible-xs\"><\/div>\t\t<div class=\"col-md-4 col-xs-6 atgrid__item-wrap\">\n\t\t\t<div class=\"atgrid__item\">\n\t\t\t\t<div class=\"atgrid__item__top\">\n\t\t\t\t\t<a href=\"https:\/\/facetours.ma\/fr\/meilleures-circuits-au-maroc\/excursion-tour-de-ville-agadir-taghazout\/\" class=\"atgrid__item__top__image\"><img loading=\"lazy\" decoding=\"async\" width=\"360\" height=\"240\" src=\"https:\/\/facetours.ma\/wp-content\/uploads\/2022\/08\/marina-port-agadir-city-tour-from-agadir-and-taghazout-360x240.jpg\" class=\"attachment-thumb_tour_listing_small size-thumb_tour_listing_small wp-post-image\" alt=\"\" srcset=\"https:\/\/facetours.ma\/wp-content\/uploads\/2022\/08\/marina-port-agadir-city-tour-from-agadir-and-taghazout-360x240.jpg 360w, https:\/\/facetours.ma\/wp-content\/uploads\/2022\/08\/marina-port-agadir-city-tour-from-agadir-and-taghazout-531x354.jpg 531w, https:\/\/facetours.ma\/wp-content\/uploads\/2022\/08\/marina-port-agadir-city-tour-from-agadir-and-taghazout-180x120.jpg 180w, https:\/\/facetours.ma\/wp-content\/uploads\/2022\/08\/marina-port-agadir-city-tour-from-agadir-and-taghazout-600x400.jpg 600w, https:\/\/facetours.ma\/wp-content\/uploads\/2022\/08\/marina-port-agadir-city-tour-from-agadir-and-taghazout-300x200.jpg 300w, https:\/\/facetours.ma\/wp-content\/uploads\/2022\/08\/marina-port-agadir-city-tour-from-agadir-and-taghazout.jpg 612w\" sizes=\"auto, (max-width: 360px) 100vw, 360px\" \/><\/a>\t\t\t\t\t\t\t\t\t\t\t\t\t\t<\/div>\n\t\t\t\t<div class=\"atgrid__item__content\">\n\t\t\t\t\t<h3 class=\"atgrid__item__title\"><a href=\"https:\/\/facetours.ma\/fr\/meilleures-circuits-au-maroc\/excursion-tour-de-ville-agadir-taghazout\/\">Excursion d\u2019une journ\u00e9e: Tour ville  depuis Agadir &amp; Taghazout<\/a><\/h3>\n\t\t\t\t\t\t\t\t\t<div class=\"atgrid__item__description\">Partez pour une visite de la ville d\u2019Agadir en une demi-journ\u00e9e afin de d\u00e9couvrir la Kasbah d\u2019Agadir Oufella, perch\u00e9e sur<\/div>\n\t\t\t\t\t\t\t\t<\/div>\n\t\t\t\t<div class=\"item-attributes\">\n\t\t\t\t\t<div class=\"item-attributes__item\"><div class=\"item-attributes__item__content\"><div class=\"item-attributes__item__content__item item-attributes__item__content__item--text\"><span>1\/2 jour<\/span><\/div><\/div><\/div>\t\t\t\t\t<div class=\"item-attributes__item\"><a href=\"https:\/\/facetours.ma\/fr\/meilleures-circuits-au-maroc\/excursion-tour-de-ville-agadir-taghazout\/\" class=\"item-attributes__link\" aria-label=\"View the tour\"><i class=\"fa fa-eye\"><\/i><\/a><\/div>\n\t\t\t\t<\/div>\n\t\t\t<\/div>\n\t\t<\/div>\n\t\t\t<div class=\"atgrid__row-separator clearfix hidden-sm hidden-xs\"><\/div>\t\t<div class=\"col-md-4 col-xs-6 atgrid__item-wrap\">\n\t\t\t<div class=\"atgrid__item\">\n\t\t\t\t<div class=\"atgrid__item__top\">\n\t\t\t\t\t<a href=\"https:\/\/facetours.ma\/fr\/meilleures-circuits-au-maroc\/excursion-marrakech-agadir-taghazout\/\" class=\"atgrid__item__top__image\"><img loading=\"lazy\" decoding=\"async\" width=\"360\" height=\"240\" src=\"https:\/\/facetours.ma\/wp-content\/uploads\/2022\/08\/Marrrakech-Koutoubia-square-2-min-360x240.jpg\" class=\"attachment-thumb_tour_listing_small size-thumb_tour_listing_small wp-post-image\" alt=\"\" srcset=\"https:\/\/facetours.ma\/wp-content\/uploads\/2022\/08\/Marrrakech-Koutoubia-square-2-min-360x240.jpg 360w, https:\/\/facetours.ma\/wp-content\/uploads\/2022\/08\/Marrrakech-Koutoubia-square-2-min-531x354.jpg 531w, https:\/\/facetours.ma\/wp-content\/uploads\/2022\/08\/Marrrakech-Koutoubia-square-2-min-180x120.jpg 180w, https:\/\/facetours.ma\/wp-content\/uploads\/2022\/08\/Marrrakech-Koutoubia-square-2-min-600x399.jpg 600w, https:\/\/facetours.ma\/wp-content\/uploads\/2022\/08\/Marrrakech-Koutoubia-square-2-min-300x200.jpg 300w, https:\/\/facetours.ma\/wp-content\/uploads\/2022\/08\/Marrrakech-Koutoubia-square-2-min-768x511.jpg 768w, https:\/\/facetours.ma\/wp-content\/uploads\/2022\/08\/Marrrakech-Koutoubia-square-2-min-720x480.jpg 720w, https:\/\/facetours.ma\/wp-content\/uploads\/2022\/08\/Marrrakech-Koutoubia-square-2-min.jpg 849w\" sizes=\"auto, (max-width: 360px) 100vw, 360px\" \/><\/a>\t\t\t\t\t\t\t\t\t\t\t\t\t\t<\/div>\n\t\t\t\t<div class=\"atgrid__item__content\">\n\t\t\t\t\t<h3 class=\"atgrid__item__title\"><a href=\"https:\/\/facetours.ma\/fr\/meilleures-circuits-au-maroc\/excursion-marrakech-agadir-taghazout\/\">Excursion d\u2019une journ\u00e9e: Marrakech depuis Agadir &amp; Taghazout<\/a><\/h3>\n\t\t\t\t\t\t\t\t\t<div class=\"atgrid__item__description\">R\u00e9servez d\u00e8s maintenant votre excursion d'une journ\u00e9e \u00e0 Marrakech depuis Agadir et d\u00e9couvrez la richesse de la ville rouge, avec<\/div>\n\t\t\t\t\t\t\t\t<\/div>\n\t\t\t\t<div class=\"item-attributes\">\n\t\t\t\t\t<div class=\"item-attributes__item\"><div class=\"item-attributes__item__content\"><div class=\"item-attributes__item__content__item item-attributes__item__content__item--text\"><span>1 jour<\/span><\/div><\/div><\/div>\t\t\t\t\t<div class=\"item-attributes__item\"><a href=\"https:\/\/facetours.ma\/fr\/meilleures-circuits-au-maroc\/excursion-marrakech-agadir-taghazout\/\" class=\"item-attributes__link\" aria-label=\"View the tour\"><i class=\"fa fa-eye\"><\/i><\/a><\/div>\n\t\t\t\t<\/div>\n\t\t\t<\/div>\n\t\t<\/div>\n\t\t\t<div class=\"atgrid__row-separator clearfix visible-sm visible-xs\"><\/div>\t\t<div class=\"col-md-4 col-xs-6 atgrid__item-wrap\">\n\t\t\t<div class=\"atgrid__item\">\n\t\t\t\t<div class=\"atgrid__item__top\">\n\t\t\t\t\t<a href=\"https:\/\/facetours.ma\/fr\/meilleures-circuits-au-maroc\/excursion-tiout-taroudant-agadir-taghazout\/\" class=\"atgrid__item__top__image\"><img loading=\"lazy\" decoding=\"async\" width=\"360\" height=\"240\" src=\"https:\/\/facetours.ma\/wp-content\/uploads\/2022\/08\/tiout-palms-tiout-day-trip-from-agadir-and-taghazout-360x240.jpg\" class=\"attachment-thumb_tour_listing_small size-thumb_tour_listing_small wp-post-image\" alt=\"\" srcset=\"https:\/\/facetours.ma\/wp-content\/uploads\/2022\/08\/tiout-palms-tiout-day-trip-from-agadir-and-taghazout-360x240.jpg 360w, https:\/\/facetours.ma\/wp-content\/uploads\/2022\/08\/tiout-palms-tiout-day-trip-from-agadir-and-taghazout-531x354.jpg 531w, https:\/\/facetours.ma\/wp-content\/uploads\/2022\/08\/tiout-palms-tiout-day-trip-from-agadir-and-taghazout-180x120.jpg 180w, https:\/\/facetours.ma\/wp-content\/uploads\/2022\/08\/tiout-palms-tiout-day-trip-from-agadir-and-taghazout-600x400.jpg 600w, https:\/\/facetours.ma\/wp-content\/uploads\/2022\/08\/tiout-palms-tiout-day-trip-from-agadir-and-taghazout-300x200.jpg 300w, https:\/\/facetours.ma\/wp-content\/uploads\/2022\/08\/tiout-palms-tiout-day-trip-from-agadir-and-taghazout.jpg 748w\" sizes=\"auto, (max-width: 360px) 100vw, 360px\" \/><\/a>\t\t\t\t\t\t\t\t\t\t\t\t\t\t<\/div>\n\t\t\t\t<div class=\"atgrid__item__content\">\n\t\t\t\t\t<h3 class=\"atgrid__item__title\"><a href=\"https:\/\/facetours.ma\/fr\/meilleures-circuits-au-maroc\/excursion-tiout-taroudant-agadir-taghazout\/\">Excursion de Tiout &amp; Taroudant depuis Agadir &amp; Taghazout<\/a><\/h3>\n\t\t\t\t\t\t\t\t\t<div class=\"atgrid__item__description\">La journ\u00e9e Tiout &amp; Taroudant au d\u00e9part d'Agadir est une excellente excursion pour d\u00e9couvrir le village de Tiout et ses<\/div>\n\t\t\t\t\t\t\t\t<\/div>\n\t\t\t\t<div class=\"item-attributes\">\n\t\t\t\t\t<div class=\"item-attributes__item\"><div class=\"item-attributes__item__content\"><div class=\"item-attributes__item__content__item item-attributes__item__content__item--text\"><span>1 jour<\/span><\/div><\/div><\/div>\t\t\t\t\t<div class=\"item-attributes__item\"><a href=\"https:\/\/facetours.ma\/fr\/meilleures-circuits-au-maroc\/excursion-tiout-taroudant-agadir-taghazout\/\" class=\"item-attributes__link\" aria-label=\"View the tour\"><i class=\"fa fa-eye\"><\/i><\/a><\/div>\n\t\t\t\t<\/div>\n\t\t\t<\/div>\n\t\t<\/div>\n\t\t\t\t\t<div class=\"col-md-4 col-xs-6 atgrid__item-wrap\">\n\t\t\t<div class=\"atgrid__item\">\n\t\t\t\t<div class=\"atgrid__item__top\">\n\t\t\t\t\t<a href=\"https:\/\/facetours.ma\/fr\/meilleures-circuits-au-maroc\/excursion-tafraout-tiznit-agadir-taghazout\/\" class=\"atgrid__item__top__image\"><img loading=\"lazy\" decoding=\"async\" width=\"360\" height=\"240\" src=\"https:\/\/facetours.ma\/wp-content\/uploads\/2022\/08\/painted-rocks-tafraout-and-tiznit-day-trip-from-agadir-and-taghazout-360x240.jpg\" class=\"attachment-thumb_tour_listing_small size-thumb_tour_listing_small wp-post-image\" alt=\"\" srcset=\"https:\/\/facetours.ma\/wp-content\/uploads\/2022\/08\/painted-rocks-tafraout-and-tiznit-day-trip-from-agadir-and-taghazout-360x240.jpg 360w, https:\/\/facetours.ma\/wp-content\/uploads\/2022\/08\/painted-rocks-tafraout-and-tiznit-day-trip-from-agadir-and-taghazout-531x354.jpg 531w, https:\/\/facetours.ma\/wp-content\/uploads\/2022\/08\/painted-rocks-tafraout-and-tiznit-day-trip-from-agadir-and-taghazout-180x120.jpg 180w, https:\/\/facetours.ma\/wp-content\/uploads\/2022\/08\/painted-rocks-tafraout-and-tiznit-day-trip-from-agadir-and-taghazout-600x400.jpg 600w, https:\/\/facetours.ma\/wp-content\/uploads\/2022\/08\/painted-rocks-tafraout-and-tiznit-day-trip-from-agadir-and-taghazout-300x200.jpg 300w, https:\/\/facetours.ma\/wp-content\/uploads\/2022\/08\/painted-rocks-tafraout-and-tiznit-day-trip-from-agadir-and-taghazout.jpg 612w\" sizes=\"auto, (max-width: 360px) 100vw, 360px\" \/><\/a>\t\t\t\t\t\t\t\t\t\t\t\t\t\t<\/div>\n\t\t\t\t<div class=\"atgrid__item__content\">\n\t\t\t\t\t<h3 class=\"atgrid__item__title\"><a href=\"https:\/\/facetours.ma\/fr\/meilleures-circuits-au-maroc\/excursion-tafraout-tiznit-agadir-taghazout\/\">Excursion de Tafraout &amp; Tiznit depuis Agadir &amp; Taghazout<\/a><\/h3>\n\t\t\t\t\t\t\t\t\t<div class=\"atgrid__item__description\">L\u2019excursion \u00e0 Tafraout et Tiznit au d\u00e9part d\u2019Agadir est l\u2019une des plus belles exp\u00e9riences pour d\u00e9couvrir deux villes embl\u00e9matiques du<\/div>\n\t\t\t\t\t\t\t\t<\/div>\n\t\t\t\t<div class=\"item-attributes\">\n\t\t\t\t\t<div class=\"item-attributes__item\"><div class=\"item-attributes__item__content\"><div class=\"item-attributes__item__content__item item-attributes__item__content__item--text\"><span>1 jour<\/span><\/div><\/div><\/div>\t\t\t\t\t<div class=\"item-attributes__item\"><a href=\"https:\/\/facetours.ma\/fr\/meilleures-circuits-au-maroc\/excursion-tafraout-tiznit-agadir-taghazout\/\" class=\"item-attributes__link\" aria-label=\"View the tour\"><i class=\"fa fa-eye\"><\/i><\/a><\/div>\n\t\t\t\t<\/div>\n\t\t\t<\/div>\n\t\t<\/div>\n\t\t\t<div class=\"atgrid__row-separator clearfix hidden-sm hidden-xs\"><\/div><div class=\"atgrid__row-separator clearfix visible-sm visible-xs\"><\/div>\t\t<div class=\"col-md-4 col-xs-6 atgrid__item-wrap\">\n\t\t\t<div class=\"atgrid__item\">\n\t\t\t\t<div class=\"atgrid__item__top\">\n\t\t\t\t\t<a href=\"https:\/\/facetours.ma\/fr\/meilleures-circuits-au-maroc\/excursion-massa-dunes-agadir-taghazout\/\" class=\"atgrid__item__top__image\"><img loading=\"lazy\" decoding=\"async\" width=\"360\" height=\"240\" src=\"https:\/\/facetours.ma\/wp-content\/uploads\/2022\/08\/ride-camel-massa-and-small-dunes-from-agadir-and-taghazout-360x240.jpg\" class=\"attachment-thumb_tour_listing_small size-thumb_tour_listing_small wp-post-image\" alt=\"\" srcset=\"https:\/\/facetours.ma\/wp-content\/uploads\/2022\/08\/ride-camel-massa-and-small-dunes-from-agadir-and-taghazout-360x240.jpg 360w, https:\/\/facetours.ma\/wp-content\/uploads\/2022\/08\/ride-camel-massa-and-small-dunes-from-agadir-and-taghazout-531x354.jpg 531w, https:\/\/facetours.ma\/wp-content\/uploads\/2022\/08\/ride-camel-massa-and-small-dunes-from-agadir-and-taghazout-180x120.jpg 180w, https:\/\/facetours.ma\/wp-content\/uploads\/2022\/08\/ride-camel-massa-and-small-dunes-from-agadir-and-taghazout-600x400.jpg 600w, https:\/\/facetours.ma\/wp-content\/uploads\/2022\/08\/ride-camel-massa-and-small-dunes-from-agadir-and-taghazout-300x200.jpg 300w, https:\/\/facetours.ma\/wp-content\/uploads\/2022\/08\/ride-camel-massa-and-small-dunes-from-agadir-and-taghazout.jpg 748w\" sizes=\"auto, (max-width: 360px) 100vw, 360px\" \/><\/a>\t\t\t\t\t\t\t\t\t\t\t\t\t\t<\/div>\n\t\t\t\t<div class=\"atgrid__item__content\">\n\t\t\t\t\t<h3 class=\"atgrid__item__title\"><a href=\"https:\/\/facetours.ma\/fr\/meilleures-circuits-au-maroc\/excursion-massa-dunes-agadir-taghazout\/\">Massa et aux petites dunes depuis Agadir &amp; Taghazout<\/a><\/h3>\n\t\t\t\t\t\t\t\t\t<div class=\"atgrid__item__description\">Massa jeep et small dunes with lunch day trip from Agadir est une destination populaire pour explorer le sud de<\/div>\n\t\t\t\t\t\t\t\t<\/div>\n\t\t\t\t<div class=\"item-attributes\">\n\t\t\t\t\t<div class=\"item-attributes__item\"><div class=\"item-attributes__item__content\"><div class=\"item-attributes__item__content__item item-attributes__item__content__item--text\"><span>1 jour<\/span><\/div><\/div><\/div>\t\t\t\t\t<div class=\"item-attributes__item\"><a href=\"https:\/\/facetours.ma\/fr\/meilleures-circuits-au-maroc\/excursion-massa-dunes-agadir-taghazout\/\" class=\"item-attributes__link\" aria-label=\"View the tour\"><i class=\"fa fa-eye\"><\/i><\/a><\/div>\n\t\t\t\t<\/div>\n\t\t\t<\/div>\n\t\t<\/div>\n\t\t\t\t\t<div class=\"col-md-4 col-xs-6 atgrid__item-wrap\">\n\t\t\t<div class=\"atgrid__item\">\n\t\t\t\t<div class=\"atgrid__item__top\">\n\t\t\t\t\t<a href=\"https:\/\/facetours.ma\/fr\/meilleures-circuits-au-maroc\/excursion-essaouira-agadir-taghazout\/\" class=\"atgrid__item__top__image\"><img loading=\"lazy\" decoding=\"async\" width=\"360\" height=\"240\" src=\"https:\/\/facetours.ma\/wp-content\/uploads\/2022\/08\/Essaouira-port-min-360x240.jpg\" class=\"attachment-thumb_tour_listing_small size-thumb_tour_listing_small wp-post-image\" alt=\"\" srcset=\"https:\/\/facetours.ma\/wp-content\/uploads\/2022\/08\/Essaouira-port-min-360x240.jpg 360w, https:\/\/facetours.ma\/wp-content\/uploads\/2022\/08\/Essaouira-port-min-531x354.jpg 531w, https:\/\/facetours.ma\/wp-content\/uploads\/2022\/08\/Essaouira-port-min-180x120.jpg 180w, https:\/\/facetours.ma\/wp-content\/uploads\/2022\/08\/Essaouira-port-min-600x400.jpg 600w, https:\/\/facetours.ma\/wp-content\/uploads\/2022\/08\/Essaouira-port-min-300x200.jpg 300w, https:\/\/facetours.ma\/wp-content\/uploads\/2022\/08\/Essaouira-port-min-768x512.jpg 768w, https:\/\/facetours.ma\/wp-content\/uploads\/2022\/08\/Essaouira-port-min-720x480.jpg 720w, https:\/\/facetours.ma\/wp-content\/uploads\/2022\/08\/Essaouira-port-min.jpg 849w\" sizes=\"auto, (max-width: 360px) 100vw, 360px\" \/><\/a>\t\t\t\t\t\t\t\t\t\t\t\t\t\t<\/div>\n\t\t\t\t<div class=\"atgrid__item__content\">\n\t\t\t\t\t<h3 class=\"atgrid__item__title\"><a href=\"https:\/\/facetours.ma\/fr\/meilleures-circuits-au-maroc\/excursion-essaouira-agadir-taghazout\/\">Excursion d\u2019une journ\u00e9e: Essaouira depuis Agadir &amp; Taghazout<\/a><\/h3>\n\t\t\t\t\t\t\t\t\t<div class=\"atgrid__item__description\">L\u2019excursion \u00e0 Essaouira au d\u00e9part d\u2019Agadir est l\u2019une des plus populaires pour d\u00e9couvrir la culture marocaine ainsi que l\u2019h\u00e9ritage islamique<\/div>\n\t\t\t\t\t\t\t\t<\/div>\n\t\t\t\t<div class=\"item-attributes\">\n\t\t\t\t\t<div class=\"item-attributes__item\"><div class=\"item-attributes__item__content\"><div class=\"item-attributes__item__content__item item-attributes__item__content__item--text\"><span>1 jour<\/span><\/div><\/div><\/div>\t\t\t\t\t<div class=\"item-attributes__item\"><a href=\"https:\/\/facetours.ma\/fr\/meilleures-circuits-au-maroc\/excursion-essaouira-agadir-taghazout\/\" class=\"item-attributes__link\" aria-label=\"View the tour\"><i class=\"fa fa-eye\"><\/i><\/a><\/div>\n\t\t\t\t<\/div>\n\t\t\t<\/div>\n\t\t<\/div>\n\t\t\t<\/div>\n<\/div>\n[vc_empty_space height=&#8221;48px&#8221;]<div id=\"swiper1\" class=\"tours-type\">\n\t<div class=\"title title--big title--center title--underline title--decoration-bottom-center\">\n\t\t\t<div class=\"title__subtitle\">Choisissez votre destination<\/div>\n\t\t<h2 class=\"title__primary\">Forfaits touristiques au Maroc<\/h2>\n<\/div>\n\t<div class=\"tours-type__slider\">\n\t\t<div class=\"tours-type__slider__controls\">\n\t\t\t<a class=\"tours-type__slider__prev\" href=\"#\" aria-label=\"Previous slider\"><i class=\"fa fa-chevron-left\"><\/i><\/a>\n\t\t\t<a class=\"tours-type__slider__next\" href=\"#\" aria-label=\"Next slider\"><i class=\"fa fa-chevron-right\"><\/i><\/a>\n\t\t<\/div>\n\n\t\t<div class=\"swiper-container swiper-slider\">\n\t\t\t<div class=\"swiper-wrapper\">\n\t\t\t\t\t\t\t\t\t\t\t<div class=\"swiper-slide tours-type__item\">\n\t\t\t\t\t<a href=\"https:\/\/facetours.ma\/fr\/categorie-de-tour\/excursions-a-partir-casablanca\/\" class=\"tours-type__item__image\"><img loading=\"lazy\" decoding=\"async\" src=\"https:\/\/facetours.ma\/wp-content\/themes\/face-tours\/assets\/images\/placeholder.png\" alt=\"Excursions \u00e0 partir de Casablanca\" width=\"600\" height=\"600\" \/><\/a>\n\t\t\t\t\t<div class=\"tours-type__item__title\">Excursions \u00e0 partir de Casablanca<\/div>\n\t\t\t\t<\/div>\n\t\t\t\t\t\t\t\t\t\t\t<div class=\"swiper-slide tours-type__item\">\n\t\t\t\t\t<a href=\"https:\/\/facetours.ma\/fr\/categorie-de-tour\/excursions-a-partir-de-fes\/\" class=\"tours-type__item__image\"><img loading=\"lazy\" decoding=\"async\" src=\"https:\/\/facetours.ma\/wp-content\/themes\/face-tours\/assets\/images\/placeholder.png\" alt=\"Excursions \u00e0 partir de F\u00e8s\" width=\"600\" height=\"600\" \/><\/a>\n\t\t\t\t\t<div class=\"tours-type__item__title\">Excursions \u00e0 partir de F\u00e8s<\/div>\n\t\t\t\t<\/div>\n\t\t\t\t\t\t\t\t\t\t\t<div class=\"swiper-slide tours-type__item\">\n\t\t\t\t\t<a href=\"https:\/\/facetours.ma\/fr\/categorie-de-tour\/excursions-a-partir-de-marrakech\/\" class=\"tours-type__item__image\"><img loading=\"lazy\" decoding=\"async\" src=\"https:\/\/facetours.ma\/wp-content\/themes\/face-tours\/assets\/images\/placeholder.png\" alt=\"Excursions \u00e0 partir de Marrakech\" width=\"600\" height=\"600\" \/><\/a>\n\t\t\t\t\t<div class=\"tours-type__item__title\">Excursions \u00e0 partir de Marrakech<\/div>\n\t\t\t\t<\/div>\n\t\t\t\t\t\t\t\t\t\t\t<div class=\"swiper-slide tours-type__item\">\n\t\t\t\t\t<a href=\"https:\/\/facetours.ma\/fr\/categorie-de-tour\/excursions-a-partir-de-rabat\/\" class=\"tours-type__item__image\"><img loading=\"lazy\" decoding=\"async\" src=\"https:\/\/facetours.ma\/wp-content\/themes\/face-tours\/assets\/images\/placeholder.png\" alt=\"Excursions \u00e0 partir de Rabat\" width=\"600\" height=\"600\" \/><\/a>\n\t\t\t\t\t<div class=\"tours-type__item__title\">Excursions \u00e0 partir de Rabat<\/div>\n\t\t\t\t<\/div>\n\t\t\t\t\t\t<\/div>\n\t\t<\/div>\n\t<\/div>\n<\/div>\n[\/vc_column][\/vc_row]<\/p>\n<\/div>","protected":false},"excerpt":{"rendered":"<p>[vc_row][vc_column][vc_empty_space height=&#8221;48px&#8221;][\/vc_column][\/vc_row]<\/p>\n","protected":false},"author":1,"featured_media":0,"parent":0,"menu_order":0,"comment_status":"closed","ping_status":"closed","template":"","meta":{"footnotes":""},"class_list":["post-2205","page","type-page","status-publish","hentry"],"_links":{"self":[{"href":"https:\/\/facetours.ma\/fr\/wp-json\/wp\/v2\/pages\/2205","targetHints":{"allow":["GET"]}}],"collection":[{"href":"https:\/\/facetours.ma\/fr\/wp-json\/wp\/v2\/pages"}],"about":[{"href":"https:\/\/facetours.ma\/fr\/wp-json\/wp\/v2\/types\/page"}],"author":[{"embeddable":true,"href":"https:\/\/facetours.ma\/fr\/wp-json\/wp\/v2\/users\/1"}],"replies":[{"embeddable":true,"href":"https:\/\/facetours.ma\/fr\/wp-json\/wp\/v2\/comments?post=2205"}],"version-history":[{"count":8,"href":"https:\/\/facetours.ma\/fr\/wp-json\/wp\/v2\/pages\/2205\/revisions"}],"predecessor-version":[{"id":4242,"href":"https:\/\/facetours.ma\/fr\/wp-json\/wp\/v2\/pages\/2205\/revisions\/4242"}],"wp:attachment":[{"href":"https:\/\/facetours.ma\/fr\/wp-json\/wp\/v2\/media?parent=2205"}],"curies":[{"name":"wp","href":"https:\/\/api.w.org\/{rel}","templated":true}]}}