{"id":2201,"date":"2022-08-30T00:00:29","date_gmt":"2022-08-29T23:00:29","guid":{"rendered":"https:\/\/facetours.ma\/?page_id=2201"},"modified":"2025-11-01T10:35:21","modified_gmt":"2025-11-01T09:35:21","slug":"excursions-une-journee-casablanca","status":"publish","type":"page","link":"https:\/\/facetours.ma\/fr\/excursions-une-journee-casablanca\/","title":{"rendered":"Excursions d&#8217;une journ\u00e9e de Casablanca"},"content":{"rendered":"<div class=\"wpb-content-wrapper\"><p>[vc_row][vc_column]<div class=\"title title--big title--center\">\n\t\t<h2 class=\"title__primary\">Excursions d&#039;une journ\u00e9e depuis Casablanca<\/h2>\n<\/div>\n\n<div class=\"atgrid\">\n\t<div class=\"row atgrid__row\">\n\t\t\t\t\t<div class=\"col-md-4 col-xs-6 atgrid__item-wrap\">\n\t\t\t<div class=\"atgrid__item\">\n\t\t\t\t<div class=\"atgrid__item__top\">\n\t\t\t\t\t<a href=\"https:\/\/facetours.ma\/fr\/meilleures-circuits-au-maroc\/excursions-el-jadida-azemmour-casablanca\/\" class=\"atgrid__item__top__image\"><img loading=\"lazy\" decoding=\"async\" width=\"360\" height=\"240\" src=\"https:\/\/facetours.ma\/wp-content\/uploads\/2022\/08\/medina-el-jadida-day-trip-from-casablanca-360x240.jpg\" class=\"attachment-thumb_tour_listing_small size-thumb_tour_listing_small wp-post-image\" alt=\"El-Jadida and Azemmour day trip from Casablanca\" srcset=\"https:\/\/facetours.ma\/wp-content\/uploads\/2022\/08\/medina-el-jadida-day-trip-from-casablanca-360x240.jpg 360w, https:\/\/facetours.ma\/wp-content\/uploads\/2022\/08\/medina-el-jadida-day-trip-from-casablanca-531x354.jpg 531w, https:\/\/facetours.ma\/wp-content\/uploads\/2022\/08\/medina-el-jadida-day-trip-from-casablanca-180x120.jpg 180w, https:\/\/facetours.ma\/wp-content\/uploads\/2022\/08\/medina-el-jadida-day-trip-from-casablanca-600x400.jpg 600w, https:\/\/facetours.ma\/wp-content\/uploads\/2022\/08\/medina-el-jadida-day-trip-from-casablanca-300x200.jpg 300w, https:\/\/facetours.ma\/wp-content\/uploads\/2022\/08\/medina-el-jadida-day-trip-from-casablanca.jpg 612w\" sizes=\"auto, (max-width: 360px) 100vw, 360px\" \/><\/a>\t\t\t\t\t\t\t\t\t\t\t\t\t\t<\/div>\n\t\t\t\t<div class=\"atgrid__item__content\">\n\t\t\t\t\t<h3 class=\"atgrid__item__title\"><a href=\"https:\/\/facetours.ma\/fr\/meilleures-circuits-au-maroc\/excursions-el-jadida-azemmour-casablanca\/\">Excursion El-Jadida et Azemmour au d\u00e9part de Casablanca<\/a><\/h3>\n\t\t\t\t\t\t\t\t\t<div class=\"atgrid__item__description\">Profitez d\u2019une excursion d\u2019une journ\u00e9e \u00e0 El Jadida et Azemmour depuis Casablanca pour d\u00e9couvrir deux charmantes villes c\u00f4ti\u00e8res au caract\u00e8re<\/div>\n\t\t\t\t\t\t\t\t<\/div>\n\t\t\t\t<div class=\"item-attributes\">\n\t\t\t\t\t<div class=\"item-attributes__item\"><div class=\"item-attributes__item__content\"><div class=\"item-attributes__item__content__item item-attributes__item__content__item--text\"><span>1 jour<\/span><\/div><\/div><\/div><div class=\"item-attributes__item\"><div class=\"item-attributes__item__content\"><div class=\"item-attributes__item__content__item item-attributes__item__content__item--text\"><span>Chauffeur francophone<\/span><\/div><\/div><\/div>\t\t\t\t\t<div class=\"item-attributes__item\"><a href=\"https:\/\/facetours.ma\/fr\/meilleures-circuits-au-maroc\/excursions-el-jadida-azemmour-casablanca\/\" class=\"item-attributes__link\" aria-label=\"View the tour\"><i class=\"fa fa-eye\"><\/i><\/a><\/div>\n\t\t\t\t<\/div>\n\t\t\t<\/div>\n\t\t<\/div>\n\t\t\t\t\t<div class=\"col-md-4 col-xs-6 atgrid__item-wrap\">\n\t\t\t<div class=\"atgrid__item\">\n\t\t\t\t<div class=\"atgrid__item__top\">\n\t\t\t\t\t<a href=\"https:\/\/facetours.ma\/fr\/meilleures-circuits-au-maroc\/excursions-chefchaouen-depuis-casablanca\/\" class=\"atgrid__item__top__image\"><img loading=\"lazy\" decoding=\"async\" width=\"360\" height=\"240\" src=\"https:\/\/facetours.ma\/wp-content\/uploads\/2022\/08\/Chefchaouen-small-groups-with-local-colthes-min-360x240.jpg\" class=\"attachment-thumb_tour_listing_small size-thumb_tour_listing_small wp-post-image\" alt=\"\" srcset=\"https:\/\/facetours.ma\/wp-content\/uploads\/2022\/08\/Chefchaouen-small-groups-with-local-colthes-min-360x240.jpg 360w, https:\/\/facetours.ma\/wp-content\/uploads\/2022\/08\/Chefchaouen-small-groups-with-local-colthes-min-531x354.jpg 531w, https:\/\/facetours.ma\/wp-content\/uploads\/2022\/08\/Chefchaouen-small-groups-with-local-colthes-min-180x120.jpg 180w, https:\/\/facetours.ma\/wp-content\/uploads\/2022\/08\/Chefchaouen-small-groups-with-local-colthes-min-600x400.jpg 600w, https:\/\/facetours.ma\/wp-content\/uploads\/2022\/08\/Chefchaouen-small-groups-with-local-colthes-min-300x200.jpg 300w, https:\/\/facetours.ma\/wp-content\/uploads\/2022\/08\/Chefchaouen-small-groups-with-local-colthes-min-768x512.jpg 768w, https:\/\/facetours.ma\/wp-content\/uploads\/2022\/08\/Chefchaouen-small-groups-with-local-colthes-min-720x480.jpg 720w, https:\/\/facetours.ma\/wp-content\/uploads\/2022\/08\/Chefchaouen-small-groups-with-local-colthes-min.jpg 849w\" sizes=\"auto, (max-width: 360px) 100vw, 360px\" \/><\/a>\t\t\t\t\t\t\t\t\t\t\t\t\t\t<\/div>\n\t\t\t\t<div class=\"atgrid__item__content\">\n\t\t\t\t\t<h3 class=\"atgrid__item__title\"><a href=\"https:\/\/facetours.ma\/fr\/meilleures-circuits-au-maroc\/excursions-chefchaouen-depuis-casablanca\/\">Excursions d\u2019une journ\u00e9e: Chefchaouen au d\u00e9part de Casablanca<\/a><\/h3>\n\t\t\t\t\t\t\t\t\t<div class=\"atgrid__item__description\">Chefchaouen est une excursion d\u2019une journ\u00e9e au d\u00e9part de Casablanca. C\u2019est une exp\u00e9rience inoubliable qui vous permettra d\u2019explorer la c\u00e9l\u00e8bre<\/div>\n\t\t\t\t\t\t\t\t<\/div>\n\t\t\t\t<div class=\"item-attributes\">\n\t\t\t\t\t<div class=\"item-attributes__item\"><div class=\"item-attributes__item__content\"><div class=\"item-attributes__item__content__item item-attributes__item__content__item--text\"><span>1 jour<\/span><\/div><\/div><\/div><div class=\"item-attributes__item\"><div class=\"item-attributes__item__content\"><div class=\"item-attributes__item__content__item item-attributes__item__content__item--text\"><span>Chauffeur francophone<\/span><\/div><\/div><\/div>\t\t\t\t\t<div class=\"item-attributes__item\"><a href=\"https:\/\/facetours.ma\/fr\/meilleures-circuits-au-maroc\/excursions-chefchaouen-depuis-casablanca\/\" class=\"item-attributes__link\" aria-label=\"View the tour\"><i class=\"fa fa-eye\"><\/i><\/a><\/div>\n\t\t\t\t<\/div>\n\t\t\t<\/div>\n\t\t<\/div>\n\t\t\t<div class=\"atgrid__row-separator clearfix visible-sm visible-xs\"><\/div>\t\t<div class=\"col-md-4 col-xs-6 atgrid__item-wrap\">\n\t\t\t<div class=\"atgrid__item\">\n\t\t\t\t<div class=\"atgrid__item__top\">\n\t\t\t\t\t<a href=\"https:\/\/facetours.ma\/fr\/meilleures-circuits-au-maroc\/excursions-rabat-depuis-casablanca\/\" class=\"atgrid__item__top__image\"><img loading=\"lazy\" decoding=\"async\" width=\"360\" height=\"240\" src=\"https:\/\/facetours.ma\/wp-content\/uploads\/2022\/08\/tour-hassan-rabat-day-trip-from-casablanca-1-360x240.jpg\" class=\"attachment-thumb_tour_listing_small size-thumb_tour_listing_small wp-post-image\" alt=\"Rabat day trip from Casablanca\" srcset=\"https:\/\/facetours.ma\/wp-content\/uploads\/2022\/08\/tour-hassan-rabat-day-trip-from-casablanca-1-360x240.jpg 360w, https:\/\/facetours.ma\/wp-content\/uploads\/2022\/08\/tour-hassan-rabat-day-trip-from-casablanca-1-531x354.jpg 531w, https:\/\/facetours.ma\/wp-content\/uploads\/2022\/08\/tour-hassan-rabat-day-trip-from-casablanca-1-180x120.jpg 180w, https:\/\/facetours.ma\/wp-content\/uploads\/2022\/08\/tour-hassan-rabat-day-trip-from-casablanca-1-600x401.jpg 600w, https:\/\/facetours.ma\/wp-content\/uploads\/2022\/08\/tour-hassan-rabat-day-trip-from-casablanca-1-300x200.jpg 300w, https:\/\/facetours.ma\/wp-content\/uploads\/2022\/08\/tour-hassan-rabat-day-trip-from-casablanca-1.jpg 612w\" sizes=\"auto, (max-width: 360px) 100vw, 360px\" \/><\/a>\t\t\t\t\t\t\t\t\t\t\t\t\t\t<\/div>\n\t\t\t\t<div class=\"atgrid__item__content\">\n\t\t\t\t\t<h3 class=\"atgrid__item__title\"><a href=\"https:\/\/facetours.ma\/fr\/meilleures-circuits-au-maroc\/excursions-rabat-depuis-casablanca\/\">Excursions d\u2019une journ\u00e9e: Rabat au d\u00e9part de Casablanca<\/a><\/h3>\n\t\t\t\t\t\t\t\t\t<div class=\"atgrid__item__description\">Depuis Casablanca, profitez d'une excursion d'une journ\u00e9e \u00e0 Rabat, la ville lumi\u00e8re, pour d\u00e9couvrir la capitale du Royaume du Maroc<\/div>\n\t\t\t\t\t\t\t\t<\/div>\n\t\t\t\t<div class=\"item-attributes\">\n\t\t\t\t\t<div class=\"item-attributes__item\"><div class=\"item-attributes__item__content\"><div class=\"item-attributes__item__content__item item-attributes__item__content__item--text\"><span>1 jour<\/span><\/div><\/div><\/div>\t\t\t\t\t<div class=\"item-attributes__item\"><a href=\"https:\/\/facetours.ma\/fr\/meilleures-circuits-au-maroc\/excursions-rabat-depuis-casablanca\/\" class=\"item-attributes__link\" aria-label=\"View the tour\"><i class=\"fa fa-eye\"><\/i><\/a><\/div>\n\t\t\t\t<\/div>\n\t\t\t<\/div>\n\t\t<\/div>\n\t\t\t<div class=\"atgrid__row-separator clearfix hidden-sm hidden-xs\"><\/div>\t\t<div class=\"col-md-4 col-xs-6 atgrid__item-wrap\">\n\t\t\t<div class=\"atgrid__item\">\n\t\t\t\t<div class=\"atgrid__item__top\">\n\t\t\t\t\t<a href=\"https:\/\/facetours.ma\/fr\/meilleures-circuits-au-maroc\/excursions-marrakech-depuis-casablanca\/\" class=\"atgrid__item__top__image\"><img loading=\"lazy\" decoding=\"async\" width=\"360\" height=\"240\" src=\"https:\/\/facetours.ma\/wp-content\/uploads\/2022\/08\/Marrakech-Dar-El-Bacha-garden-4-min-360x240.jpg\" class=\"attachment-thumb_tour_listing_small size-thumb_tour_listing_small wp-post-image\" alt=\"Marrakech Day Trip From Casablanca\" srcset=\"https:\/\/facetours.ma\/wp-content\/uploads\/2022\/08\/Marrakech-Dar-El-Bacha-garden-4-min-360x240.jpg 360w, https:\/\/facetours.ma\/wp-content\/uploads\/2022\/08\/Marrakech-Dar-El-Bacha-garden-4-min-531x354.jpg 531w, https:\/\/facetours.ma\/wp-content\/uploads\/2022\/08\/Marrakech-Dar-El-Bacha-garden-4-min-180x120.jpg 180w, https:\/\/facetours.ma\/wp-content\/uploads\/2022\/08\/Marrakech-Dar-El-Bacha-garden-4-min-600x400.jpg 600w, https:\/\/facetours.ma\/wp-content\/uploads\/2022\/08\/Marrakech-Dar-El-Bacha-garden-4-min-300x200.jpg 300w, https:\/\/facetours.ma\/wp-content\/uploads\/2022\/08\/Marrakech-Dar-El-Bacha-garden-4-min-768x512.jpg 768w, https:\/\/facetours.ma\/wp-content\/uploads\/2022\/08\/Marrakech-Dar-El-Bacha-garden-4-min-720x480.jpg 720w, https:\/\/facetours.ma\/wp-content\/uploads\/2022\/08\/Marrakech-Dar-El-Bacha-garden-4-min.jpg 849w\" sizes=\"auto, (max-width: 360px) 100vw, 360px\" \/><\/a>\t\t\t\t\t\t\t\t\t\t\t\t\t\t<\/div>\n\t\t\t\t<div class=\"atgrid__item__content\">\n\t\t\t\t\t<h3 class=\"atgrid__item__title\"><a href=\"https:\/\/facetours.ma\/fr\/meilleures-circuits-au-maroc\/excursions-marrakech-depuis-casablanca\/\">Excursions d\u2019une journ\u00e9e: Marrakech au d\u00e9part de Casablanca<\/a><\/h3>\n\t\t\t\t\t\t\t\t\t<div class=\"atgrid__item__description\">R\u00e9servez et profitez d\u2019une excursion d\u2019une journ\u00e9e \u00e0 Marrakech depuis Casablanca pour explorer l\u2019une des destinations les plus embl\u00e9matiques du<\/div>\n\t\t\t\t\t\t\t\t<\/div>\n\t\t\t\t<div class=\"item-attributes\">\n\t\t\t\t\t<div class=\"item-attributes__item\"><div class=\"item-attributes__item__content\"><div class=\"item-attributes__item__content__item item-attributes__item__content__item--text\"><span>1 jour<\/span><\/div><\/div><\/div>\t\t\t\t\t<div class=\"item-attributes__item\"><a href=\"https:\/\/facetours.ma\/fr\/meilleures-circuits-au-maroc\/excursions-marrakech-depuis-casablanca\/\" class=\"item-attributes__link\" aria-label=\"View the tour\"><i class=\"fa fa-eye\"><\/i><\/a><\/div>\n\t\t\t\t<\/div>\n\t\t\t<\/div>\n\t\t<\/div>\n\t\t\t<div class=\"atgrid__row-separator clearfix visible-sm visible-xs\"><\/div>\t\t<div class=\"col-md-4 col-xs-6 atgrid__item-wrap\">\n\t\t\t<div class=\"atgrid__item\">\n\t\t\t\t<div class=\"atgrid__item__top\">\n\t\t\t\t\t<a href=\"https:\/\/facetours.ma\/fr\/meilleures-circuits-au-maroc\/casablanca-tour-de-ville\/\" class=\"atgrid__item__top__image\"><img loading=\"lazy\" decoding=\"async\" width=\"360\" height=\"240\" src=\"https:\/\/facetours.ma\/wp-content\/uploads\/2022\/08\/Hassan-II-mosque-Casablanca-min-360x240.jpg\" class=\"attachment-thumb_tour_listing_small size-thumb_tour_listing_small wp-post-image\" alt=\"Circuitos desde Casablanca\" srcset=\"https:\/\/facetours.ma\/wp-content\/uploads\/2022\/08\/Hassan-II-mosque-Casablanca-min-360x240.jpg 360w, https:\/\/facetours.ma\/wp-content\/uploads\/2022\/08\/Hassan-II-mosque-Casablanca-min-531x354.jpg 531w, https:\/\/facetours.ma\/wp-content\/uploads\/2022\/08\/Hassan-II-mosque-Casablanca-min-180x120.jpg 180w, https:\/\/facetours.ma\/wp-content\/uploads\/2022\/08\/Hassan-II-mosque-Casablanca-min-600x399.jpg 600w, https:\/\/facetours.ma\/wp-content\/uploads\/2022\/08\/Hassan-II-mosque-Casablanca-min-300x200.jpg 300w, https:\/\/facetours.ma\/wp-content\/uploads\/2022\/08\/Hassan-II-mosque-Casablanca-min-768x511.jpg 768w, https:\/\/facetours.ma\/wp-content\/uploads\/2022\/08\/Hassan-II-mosque-Casablanca-min-720x480.jpg 720w, https:\/\/facetours.ma\/wp-content\/uploads\/2022\/08\/Hassan-II-mosque-Casablanca-min.jpg 849w\" sizes=\"auto, (max-width: 360px) 100vw, 360px\" \/><\/a>\t\t\t\t\t\t\t\t\t\t\t\t\t\t<\/div>\n\t\t\t\t<div class=\"atgrid__item__content\">\n\t\t\t\t\t<h3 class=\"atgrid__item__title\"><a href=\"https:\/\/facetours.ma\/fr\/meilleures-circuits-au-maroc\/casablanca-tour-de-ville\/\">Casablanca: Tour de ville<\/a><\/h3>\n\t\t\t\t\t\t\t\t\t<div class=\"atgrid__item__description\">La ville de Casablanca est une destination fascinante, avec ses monuments embl\u00e9matiques tels que la mosqu\u00e9e Hassan II, la corniche<\/div>\n\t\t\t\t\t\t\t\t<\/div>\n\t\t\t\t<div class=\"item-attributes\">\n\t\t\t\t\t<div class=\"item-attributes__item\"><div class=\"item-attributes__item__content\"><div class=\"item-attributes__item__content__item item-attributes__item__content__item--text\"><span>1\/2 jour<\/span><\/div><\/div><\/div>\t\t\t\t\t<div class=\"item-attributes__item\"><a href=\"https:\/\/facetours.ma\/fr\/meilleures-circuits-au-maroc\/casablanca-tour-de-ville\/\" class=\"item-attributes__link\" aria-label=\"View the tour\"><i class=\"fa fa-eye\"><\/i><\/a><\/div>\n\t\t\t\t<\/div>\n\t\t\t<\/div>\n\t\t<\/div>\n\t\t\t<\/div>\n<\/div>\n[vc_empty_space height=&#8221;48px&#8221;]<div id=\"swiper1\" class=\"tours-type\">\n\t<div class=\"title title--big title--center title--underline title--decoration-bottom-center\">\n\t\t\t<div class=\"title__subtitle\">Choisissez votre destination<\/div>\n\t\t<h2 class=\"title__primary\">Forfaits touristiques au Maroc<\/h2>\n<\/div>\n\t<div class=\"tours-type__slider\">\n\t\t<div class=\"tours-type__slider__controls\">\n\t\t\t<a class=\"tours-type__slider__prev\" href=\"#\" aria-label=\"Previous slider\"><i class=\"fa fa-chevron-left\"><\/i><\/a>\n\t\t\t<a class=\"tours-type__slider__next\" href=\"#\" aria-label=\"Next slider\"><i class=\"fa fa-chevron-right\"><\/i><\/a>\n\t\t<\/div>\n\n\t\t<div class=\"swiper-container swiper-slider\">\n\t\t\t<div class=\"swiper-wrapper\">\n\t\t\t\t\t\t\t\t\t\t\t<div class=\"swiper-slide tours-type__item\">\n\t\t\t\t\t<a href=\"https:\/\/facetours.ma\/fr\/categorie-de-tour\/excursions-de-agadir-taghazout\/\" class=\"tours-type__item__image\"><img loading=\"lazy\" decoding=\"async\" src=\"https:\/\/facetours.ma\/wp-content\/themes\/face-tours\/assets\/images\/placeholder.png\" alt=\"Excursions \u00e0 partir d&#039;Agadir et Taghazout\" width=\"600\" height=\"600\" \/><\/a>\n\t\t\t\t\t<div class=\"tours-type__item__title\">Excursions \u00e0 partir d&#039;Agadir et Taghazout<\/div>\n\t\t\t\t<\/div>\n\t\t\t\t\t\t\t\t\t\t\t<div class=\"swiper-slide tours-type__item\">\n\t\t\t\t\t<a href=\"https:\/\/facetours.ma\/fr\/categorie-de-tour\/excursions-a-partir-de-fes\/\" class=\"tours-type__item__image\"><img loading=\"lazy\" decoding=\"async\" src=\"https:\/\/facetours.ma\/wp-content\/themes\/face-tours\/assets\/images\/placeholder.png\" alt=\"Excursions \u00e0 partir de F\u00e8s\" width=\"600\" height=\"600\" \/><\/a>\n\t\t\t\t\t<div class=\"tours-type__item__title\">Excursions \u00e0 partir de F\u00e8s<\/div>\n\t\t\t\t<\/div>\n\t\t\t\t\t\t\t\t\t\t\t<div class=\"swiper-slide tours-type__item\">\n\t\t\t\t\t<a href=\"https:\/\/facetours.ma\/fr\/categorie-de-tour\/excursions-a-partir-de-marrakech\/\" class=\"tours-type__item__image\"><img loading=\"lazy\" decoding=\"async\" src=\"https:\/\/facetours.ma\/wp-content\/themes\/face-tours\/assets\/images\/placeholder.png\" alt=\"Excursions \u00e0 partir de Marrakech\" width=\"600\" height=\"600\" \/><\/a>\n\t\t\t\t\t<div class=\"tours-type__item__title\">Excursions \u00e0 partir de Marrakech<\/div>\n\t\t\t\t<\/div>\n\t\t\t\t\t\t\t\t\t\t\t<div class=\"swiper-slide tours-type__item\">\n\t\t\t\t\t<a href=\"https:\/\/facetours.ma\/fr\/categorie-de-tour\/excursions-a-partir-de-rabat\/\" class=\"tours-type__item__image\"><img loading=\"lazy\" decoding=\"async\" src=\"https:\/\/facetours.ma\/wp-content\/themes\/face-tours\/assets\/images\/placeholder.png\" alt=\"Excursions \u00e0 partir de Rabat\" width=\"600\" height=\"600\" \/><\/a>\n\t\t\t\t\t<div class=\"tours-type__item__title\">Excursions \u00e0 partir de Rabat<\/div>\n\t\t\t\t<\/div>\n\t\t\t\t\t\t<\/div>\n\t\t<\/div>\n\t<\/div>\n<\/div>\n[\/vc_column][\/vc_row]<\/p>\n<\/div>","protected":false},"excerpt":{"rendered":"<p>[vc_row][vc_column][vc_empty_space height=&#8221;48px&#8221;][\/vc_column][\/vc_row]<\/p>\n","protected":false},"author":1,"featured_media":0,"parent":0,"menu_order":0,"comment_status":"closed","ping_status":"closed","template":"","meta":{"footnotes":""},"class_list":["post-2201","page","type-page","status-publish","hentry"],"_links":{"self":[{"href":"https:\/\/facetours.ma\/fr\/wp-json\/wp\/v2\/pages\/2201","targetHints":{"allow":["GET"]}}],"collection":[{"href":"https:\/\/facetours.ma\/fr\/wp-json\/wp\/v2\/pages"}],"about":[{"href":"https:\/\/facetours.ma\/fr\/wp-json\/wp\/v2\/types\/page"}],"author":[{"embeddable":true,"href":"https:\/\/facetours.ma\/fr\/wp-json\/wp\/v2\/users\/1"}],"replies":[{"embeddable":true,"href":"https:\/\/facetours.ma\/fr\/wp-json\/wp\/v2\/comments?post=2201"}],"version-history":[{"count":8,"href":"https:\/\/facetours.ma\/fr\/wp-json\/wp\/v2\/pages\/2201\/revisions"}],"predecessor-version":[{"id":4260,"href":"https:\/\/facetours.ma\/fr\/wp-json\/wp\/v2\/pages\/2201\/revisions\/4260"}],"wp:attachment":[{"href":"https:\/\/facetours.ma\/fr\/wp-json\/wp\/v2\/media?parent=2201"}],"curies":[{"name":"wp","href":"https:\/\/api.w.org\/{rel}","templated":true}]}}