{"id":2186,"date":"2022-08-30T12:16:37","date_gmt":"2022-08-30T11:16:37","guid":{"rendered":"https:\/\/facetours.ma\/?page_id=2186"},"modified":"2025-11-01T11:48:41","modified_gmt":"2025-11-01T10:48:41","slug":"excursions-une-journee-fes","status":"publish","type":"page","link":"https:\/\/facetours.ma\/fr\/excursions-une-journee-fes\/","title":{"rendered":"Excursions d&#8217;une journ\u00e9e de F\u00e8s"},"content":{"rendered":"<div class=\"wpb-content-wrapper\"><p>[vc_row][vc_column]<div class=\"title title--big title--center\">\n\t\t<h2 class=\"title__primary\">Excursions d&#039;une journ\u00e9e depuis F\u00e8s<\/h2>\n<\/div>\n\n<div class=\"atgrid\">\n\t<div class=\"row atgrid__row\">\n\t\t\t\t\t<div class=\"col-md-4 col-xs-6 atgrid__item-wrap\">\n\t\t\t<div class=\"atgrid__item\">\n\t\t\t\t<div class=\"atgrid__item__top\">\n\t\t\t\t\t<a href=\"https:\/\/facetours.ma\/fr\/meilleures-circuits-au-maroc\/excursion-ifrane-azrou-fes\/\" class=\"atgrid__item__top__image\"><img loading=\"lazy\" decoding=\"async\" width=\"360\" height=\"240\" src=\"https:\/\/facetours.ma\/wp-content\/uploads\/2022\/08\/Azrou-cedar-forest-2-min-360x240.jpg\" class=\"attachment-thumb_tour_listing_small size-thumb_tour_listing_small wp-post-image\" alt=\"\" srcset=\"https:\/\/facetours.ma\/wp-content\/uploads\/2022\/08\/Azrou-cedar-forest-2-min-360x240.jpg 360w, https:\/\/facetours.ma\/wp-content\/uploads\/2022\/08\/Azrou-cedar-forest-2-min-531x354.jpg 531w, https:\/\/facetours.ma\/wp-content\/uploads\/2022\/08\/Azrou-cedar-forest-2-min-180x120.jpg 180w, https:\/\/facetours.ma\/wp-content\/uploads\/2022\/08\/Azrou-cedar-forest-2-min-600x400.jpg 600w, https:\/\/facetours.ma\/wp-content\/uploads\/2022\/08\/Azrou-cedar-forest-2-min-300x200.jpg 300w, https:\/\/facetours.ma\/wp-content\/uploads\/2022\/08\/Azrou-cedar-forest-2-min-768x512.jpg 768w, https:\/\/facetours.ma\/wp-content\/uploads\/2022\/08\/Azrou-cedar-forest-2-min-720x480.jpg 720w, https:\/\/facetours.ma\/wp-content\/uploads\/2022\/08\/Azrou-cedar-forest-2-min.jpg 849w\" sizes=\"auto, (max-width: 360px) 100vw, 360px\" \/><\/a>\t\t\t\t\t\t\t\t\t\t\t\t\t\t<\/div>\n\t\t\t\t<div class=\"atgrid__item__content\">\n\t\t\t\t\t<h3 class=\"atgrid__item__title\"><a href=\"https:\/\/facetours.ma\/fr\/meilleures-circuits-au-maroc\/excursion-ifrane-azrou-fes\/\">Excursion d&#039;une journ\u00e9e \u00e0 Ifrane et Azrou depuis F\u00e8s<\/a><\/h3>\n\t\t\t\t\t\t\t\t\t<div class=\"atgrid__item__description\">Excursion d'une journ\u00e9e \u00e0 Ifrane et Azrou depuis F\u00e8s \u00e0 travers les montagnes du Moyen Atlas pour d\u00e9couvrir la charmante<\/div>\n\t\t\t\t\t\t\t\t<\/div>\n\t\t\t\t<div class=\"item-attributes\">\n\t\t\t\t\t<div class=\"item-attributes__item\"><div class=\"item-attributes__item__content\"><div class=\"item-attributes__item__content__item item-attributes__item__content__item--text\"><span>1 jour<\/span><\/div><\/div><\/div>\t\t\t\t\t<div class=\"item-attributes__item\"><a href=\"https:\/\/facetours.ma\/fr\/meilleures-circuits-au-maroc\/excursion-ifrane-azrou-fes\/\" class=\"item-attributes__link\" aria-label=\"View the tour\"><i class=\"fa fa-eye\"><\/i><\/a><\/div>\n\t\t\t\t<\/div>\n\t\t\t<\/div>\n\t\t<\/div>\n\t\t\t\t\t<div class=\"col-md-4 col-xs-6 atgrid__item-wrap\">\n\t\t\t<div class=\"atgrid__item\">\n\t\t\t\t<div class=\"atgrid__item__top\">\n\t\t\t\t\t<a href=\"https:\/\/facetours.ma\/fr\/meilleures-circuits-au-maroc\/excursions-une-journee-chefchaouen-fes\/\" class=\"atgrid__item__top__image\"><img loading=\"lazy\" decoding=\"async\" width=\"360\" height=\"240\" src=\"https:\/\/facetours.ma\/wp-content\/uploads\/2022\/08\/Chefchaouen-old-medina-6-min-360x240.jpg\" class=\"attachment-thumb_tour_listing_small size-thumb_tour_listing_small wp-post-image\" alt=\"\" srcset=\"https:\/\/facetours.ma\/wp-content\/uploads\/2022\/08\/Chefchaouen-old-medina-6-min-360x240.jpg 360w, https:\/\/facetours.ma\/wp-content\/uploads\/2022\/08\/Chefchaouen-old-medina-6-min-531x354.jpg 531w, https:\/\/facetours.ma\/wp-content\/uploads\/2022\/08\/Chefchaouen-old-medina-6-min-180x120.jpg 180w, https:\/\/facetours.ma\/wp-content\/uploads\/2022\/08\/Chefchaouen-old-medina-6-min-600x400.jpg 600w, https:\/\/facetours.ma\/wp-content\/uploads\/2022\/08\/Chefchaouen-old-medina-6-min-300x200.jpg 300w, https:\/\/facetours.ma\/wp-content\/uploads\/2022\/08\/Chefchaouen-old-medina-6-min-768x512.jpg 768w, https:\/\/facetours.ma\/wp-content\/uploads\/2022\/08\/Chefchaouen-old-medina-6-min-720x480.jpg 720w, https:\/\/facetours.ma\/wp-content\/uploads\/2022\/08\/Chefchaouen-old-medina-6-min.jpg 849w\" sizes=\"auto, (max-width: 360px) 100vw, 360px\" \/><\/a>\t\t\t\t\t\t\t\t\t\t\t\t\t\t<\/div>\n\t\t\t\t<div class=\"atgrid__item__content\">\n\t\t\t\t\t<h3 class=\"atgrid__item__title\"><a href=\"https:\/\/facetours.ma\/fr\/meilleures-circuits-au-maroc\/excursions-une-journee-chefchaouen-fes\/\">Excursions d&#039;une journ\u00e9e \u00e0 Chefchaouen au d\u00e9part de F\u00e8s<\/a><\/h3>\n\t\t\t\t\t\t\t\t\t<div class=\"atgrid__item__description\">Excursion d'une journ\u00e9e \u00e0 Chefchaouen depuis F\u00e8s : une exp\u00e9rience passionnante pour d\u00e9couvrir la ville bleue, sa vieille m\u00e9dina, la<\/div>\n\t\t\t\t\t\t\t\t<\/div>\n\t\t\t\t<div class=\"item-attributes\">\n\t\t\t\t\t<div class=\"item-attributes__item\"><div class=\"item-attributes__item__content\"><div class=\"item-attributes__item__content__item item-attributes__item__content__item--text\"><span>1 jour<\/span><\/div><\/div><\/div>\t\t\t\t\t<div class=\"item-attributes__item\"><a href=\"https:\/\/facetours.ma\/fr\/meilleures-circuits-au-maroc\/excursions-une-journee-chefchaouen-fes\/\" class=\"item-attributes__link\" aria-label=\"View the tour\"><i class=\"fa fa-eye\"><\/i><\/a><\/div>\n\t\t\t\t<\/div>\n\t\t\t<\/div>\n\t\t<\/div>\n\t\t\t<div class=\"atgrid__row-separator clearfix visible-sm visible-xs\"><\/div>\t\t<div class=\"col-md-4 col-xs-6 atgrid__item-wrap\">\n\t\t\t<div class=\"atgrid__item\">\n\t\t\t\t<div class=\"atgrid__item__top\">\n\t\t\t\t\t<a href=\"https:\/\/facetours.ma\/fr\/meilleures-circuits-au-maroc\/excursion-meknes-volubilis-fes\/\" class=\"atgrid__item__top__image\"><img loading=\"lazy\" decoding=\"async\" width=\"360\" height=\"240\" src=\"https:\/\/facetours.ma\/wp-content\/uploads\/2022\/08\/Volubilis-2-11-22-360x240.jpg\" class=\"attachment-thumb_tour_listing_small size-thumb_tour_listing_small wp-post-image\" alt=\"\" srcset=\"https:\/\/facetours.ma\/wp-content\/uploads\/2022\/08\/Volubilis-2-11-22-360x240.jpg 360w, https:\/\/facetours.ma\/wp-content\/uploads\/2022\/08\/Volubilis-2-11-22-531x354.jpg 531w, https:\/\/facetours.ma\/wp-content\/uploads\/2022\/08\/Volubilis-2-11-22-180x120.jpg 180w, https:\/\/facetours.ma\/wp-content\/uploads\/2022\/08\/Volubilis-2-11-22-600x400.jpg 600w, https:\/\/facetours.ma\/wp-content\/uploads\/2022\/08\/Volubilis-2-11-22-300x200.jpg 300w, https:\/\/facetours.ma\/wp-content\/uploads\/2022\/08\/Volubilis-2-11-22-768x512.jpg 768w, https:\/\/facetours.ma\/wp-content\/uploads\/2022\/08\/Volubilis-2-11-22.jpg 849w\" sizes=\"auto, (max-width: 360px) 100vw, 360px\" \/><\/a>\t\t\t\t\t\t\t\t\t\t\t\t\t\t<\/div>\n\t\t\t\t<div class=\"atgrid__item__content\">\n\t\t\t\t\t<h3 class=\"atgrid__item__title\"><a href=\"https:\/\/facetours.ma\/fr\/meilleures-circuits-au-maroc\/excursion-meknes-volubilis-fes\/\">Excursion d&#039;une journ\u00e9e \u00e0 Mekn\u00e8s et Volubilis au d\u00e9part de F\u00e8s<\/a><\/h3>\n\t\t\t\t\t\t\t\t\t<div class=\"atgrid__item__description\">Pr\u00e9voyez une merveilleuse excursion d'une journ\u00e9e \u00e0 Mekn\u00e8s et Volubilis depuis F\u00e8s, et explorez Mekn\u00e8s avec ses monuments historiques, la<\/div>\n\t\t\t\t\t\t\t\t<\/div>\n\t\t\t\t<div class=\"item-attributes\">\n\t\t\t\t\t<div class=\"item-attributes__item\"><div class=\"item-attributes__item__content\"><div class=\"item-attributes__item__content__item item-attributes__item__content__item--text\"><span>1 jour<\/span><\/div><\/div><\/div>\t\t\t\t\t<div class=\"item-attributes__item\"><a href=\"https:\/\/facetours.ma\/fr\/meilleures-circuits-au-maroc\/excursion-meknes-volubilis-fes\/\" class=\"item-attributes__link\" aria-label=\"View the tour\"><i class=\"fa fa-eye\"><\/i><\/a><\/div>\n\t\t\t\t<\/div>\n\t\t\t<\/div>\n\t\t<\/div>\n\t\t\t<div class=\"atgrid__row-separator clearfix hidden-sm hidden-xs\"><\/div>\t\t<div class=\"col-md-4 col-xs-6 atgrid__item-wrap\">\n\t\t\t<div class=\"atgrid__item\">\n\t\t\t\t<div class=\"atgrid__item__top\">\n\t\t\t\t\t<a href=\"https:\/\/facetours.ma\/fr\/meilleures-circuits-au-maroc\/fes-city-tour\/\" class=\"atgrid__item__top__image\"><img loading=\"lazy\" decoding=\"async\" width=\"360\" height=\"240\" src=\"https:\/\/facetours.ma\/wp-content\/uploads\/2022\/08\/Fez-View-Panoramic-min-360x240.jpg\" class=\"attachment-thumb_tour_listing_small size-thumb_tour_listing_small wp-post-image\" alt=\"\" srcset=\"https:\/\/facetours.ma\/wp-content\/uploads\/2022\/08\/Fez-View-Panoramic-min-360x240.jpg 360w, https:\/\/facetours.ma\/wp-content\/uploads\/2022\/08\/Fez-View-Panoramic-min-531x354.jpg 531w, https:\/\/facetours.ma\/wp-content\/uploads\/2022\/08\/Fez-View-Panoramic-min-180x120.jpg 180w, https:\/\/facetours.ma\/wp-content\/uploads\/2022\/08\/Fez-View-Panoramic-min-600x400.jpg 600w, https:\/\/facetours.ma\/wp-content\/uploads\/2022\/08\/Fez-View-Panoramic-min-300x200.jpg 300w, https:\/\/facetours.ma\/wp-content\/uploads\/2022\/08\/Fez-View-Panoramic-min-768x512.jpg 768w, https:\/\/facetours.ma\/wp-content\/uploads\/2022\/08\/Fez-View-Panoramic-min-720x480.jpg 720w, https:\/\/facetours.ma\/wp-content\/uploads\/2022\/08\/Fez-View-Panoramic-min.jpg 849w\" sizes=\"auto, (max-width: 360px) 100vw, 360px\" \/><\/a>\t\t\t\t\t\t\t\t\t\t\t\t\t\t<\/div>\n\t\t\t\t<div class=\"atgrid__item__content\">\n\t\t\t\t\t<h3 class=\"atgrid__item__title\"><a href=\"https:\/\/facetours.ma\/fr\/meilleures-circuits-au-maroc\/fes-city-tour\/\">Fes City Tour: une visite guid\u00e9e<\/a><\/h3>\n\t\t\t\t\t\t\t\t\t<div class=\"atgrid__item__description\">Explorez la ville de F\u00e8s et d\u00e9couvrez le c\u0153ur de la cit\u00e9 imp\u00e9riale, comprenant ses monuments historiques de F\u00e8s El<\/div>\n\t\t\t\t\t\t\t\t<\/div>\n\t\t\t\t<div class=\"item-attributes\">\n\t\t\t\t\t<div class=\"item-attributes__item\"><div class=\"item-attributes__item__content\"><div class=\"item-attributes__item__content__item item-attributes__item__content__item--text\"><span>1 jour<\/span><\/div><\/div><\/div>\t\t\t\t\t<div class=\"item-attributes__item\"><a href=\"https:\/\/facetours.ma\/fr\/meilleures-circuits-au-maroc\/fes-city-tour\/\" class=\"item-attributes__link\" aria-label=\"View the tour\"><i class=\"fa fa-eye\"><\/i><\/a><\/div>\n\t\t\t\t<\/div>\n\t\t\t<\/div>\n\t\t<\/div>\n\t\t\t<\/div>\n<\/div>\n[vc_empty_space height=&#8221;48px&#8221;]<div id=\"swiper1\" class=\"tours-type\">\n\t<div class=\"title title--big title--center title--underline title--decoration-bottom-center\">\n\t\t\t<div class=\"title__subtitle\">Choisissez votre destination<\/div>\n\t\t<h2 class=\"title__primary\">Forfaits touristiques au Maroc<\/h2>\n<\/div>\n\t<div class=\"tours-type__slider\">\n\t\t<div class=\"tours-type__slider__controls\">\n\t\t\t<a class=\"tours-type__slider__prev\" href=\"#\" aria-label=\"Previous slider\"><i class=\"fa fa-chevron-left\"><\/i><\/a>\n\t\t\t<a class=\"tours-type__slider__next\" href=\"#\" aria-label=\"Next slider\"><i class=\"fa fa-chevron-right\"><\/i><\/a>\n\t\t<\/div>\n\n\t\t<div class=\"swiper-container swiper-slider\">\n\t\t\t<div class=\"swiper-wrapper\">\n\t\t\t\t\t\t\t\t\t\t\t<div class=\"swiper-slide tours-type__item\">\n\t\t\t\t\t<a href=\"https:\/\/facetours.ma\/fr\/categorie-de-tour\/excursions-de-agadir-taghazout\/\" class=\"tours-type__item__image\"><img loading=\"lazy\" decoding=\"async\" src=\"https:\/\/facetours.ma\/wp-content\/themes\/face-tours\/assets\/images\/placeholder.png\" alt=\"Excursions \u00e0 partir d&#039;Agadir et Taghazout\" width=\"600\" height=\"600\" \/><\/a>\n\t\t\t\t\t<div class=\"tours-type__item__title\">Excursions \u00e0 partir d&#039;Agadir et Taghazout<\/div>\n\t\t\t\t<\/div>\n\t\t\t\t\t\t\t\t\t\t\t<div class=\"swiper-slide tours-type__item\">\n\t\t\t\t\t<a href=\"https:\/\/facetours.ma\/fr\/categorie-de-tour\/excursions-a-partir-casablanca\/\" class=\"tours-type__item__image\"><img loading=\"lazy\" decoding=\"async\" src=\"https:\/\/facetours.ma\/wp-content\/themes\/face-tours\/assets\/images\/placeholder.png\" alt=\"Excursions \u00e0 partir de Casablanca\" width=\"600\" height=\"600\" \/><\/a>\n\t\t\t\t\t<div class=\"tours-type__item__title\">Excursions \u00e0 partir de Casablanca<\/div>\n\t\t\t\t<\/div>\n\t\t\t\t\t\t\t\t\t\t\t<div class=\"swiper-slide tours-type__item\">\n\t\t\t\t\t<a href=\"https:\/\/facetours.ma\/fr\/categorie-de-tour\/excursions-a-partir-de-marrakech\/\" class=\"tours-type__item__image\"><img loading=\"lazy\" decoding=\"async\" src=\"https:\/\/facetours.ma\/wp-content\/themes\/face-tours\/assets\/images\/placeholder.png\" alt=\"Excursions \u00e0 partir de Marrakech\" width=\"600\" height=\"600\" \/><\/a>\n\t\t\t\t\t<div class=\"tours-type__item__title\">Excursions \u00e0 partir de Marrakech<\/div>\n\t\t\t\t<\/div>\n\t\t\t\t\t\t\t\t\t\t\t<div class=\"swiper-slide tours-type__item\">\n\t\t\t\t\t<a href=\"https:\/\/facetours.ma\/fr\/categorie-de-tour\/excursions-a-partir-de-rabat\/\" class=\"tours-type__item__image\"><img loading=\"lazy\" decoding=\"async\" src=\"https:\/\/facetours.ma\/wp-content\/themes\/face-tours\/assets\/images\/placeholder.png\" alt=\"Excursions \u00e0 partir de Rabat\" width=\"600\" height=\"600\" \/><\/a>\n\t\t\t\t\t<div class=\"tours-type__item__title\">Excursions \u00e0 partir de Rabat<\/div>\n\t\t\t\t<\/div>\n\t\t\t\t\t\t<\/div>\n\t\t<\/div>\n\t<\/div>\n<\/div>\n[\/vc_column][\/vc_row]<\/p>\n<\/div>","protected":false},"excerpt":{"rendered":"<p>[vc_row][vc_column][vc_empty_space height=&#8221;48px&#8221;][\/vc_column][\/vc_row]<\/p>\n","protected":false},"author":1,"featured_media":0,"parent":0,"menu_order":0,"comment_status":"closed","ping_status":"closed","template":"","meta":{"footnotes":""},"class_list":["post-2186","page","type-page","status-publish","hentry"],"_links":{"self":[{"href":"https:\/\/facetours.ma\/fr\/wp-json\/wp\/v2\/pages\/2186","targetHints":{"allow":["GET"]}}],"collection":[{"href":"https:\/\/facetours.ma\/fr\/wp-json\/wp\/v2\/pages"}],"about":[{"href":"https:\/\/facetours.ma\/fr\/wp-json\/wp\/v2\/types\/page"}],"author":[{"embeddable":true,"href":"https:\/\/facetours.ma\/fr\/wp-json\/wp\/v2\/users\/1"}],"replies":[{"embeddable":true,"href":"https:\/\/facetours.ma\/fr\/wp-json\/wp\/v2\/comments?post=2186"}],"version-history":[{"count":8,"href":"https:\/\/facetours.ma\/fr\/wp-json\/wp\/v2\/pages\/2186\/revisions"}],"predecessor-version":[{"id":4273,"href":"https:\/\/facetours.ma\/fr\/wp-json\/wp\/v2\/pages\/2186\/revisions\/4273"}],"wp:attachment":[{"href":"https:\/\/facetours.ma\/fr\/wp-json\/wp\/v2\/media?parent=2186"}],"curies":[{"name":"wp","href":"https:\/\/api.w.org\/{rel}","templated":true}]}}