{"id":2135,"date":"2022-08-15T17:07:07","date_gmt":"2022-08-15T16:07:07","guid":{"rendered":"https:\/\/facetours.ma\/?page_id=2135"},"modified":"2025-10-30T18:28:04","modified_gmt":"2025-10-30T17:28:04","slug":"activites-maroc","status":"publish","type":"page","link":"https:\/\/facetours.ma\/fr\/activites-maroc\/","title":{"rendered":"Les meilleures activit\u00e9s au Maroc"},"content":{"rendered":"<div class=\"wpb-content-wrapper\"><p>[vc_row][vc_column]<div class=\"title title--big title--center title--underline title--decoration-bottom-center\">\n\t\t<h2 class=\"title__primary\">Les Choses \u00e0 Faire au Maroc<\/h2>\n<\/div>\n[vc_column_text css=&#8221;&#8221;]<\/p>\n<p data-start=\"0\" data-end=\"114\"><strong data-start=\"0\" data-end=\"106\">Ne manquez pas les meilleures choses \u00e0 voir et \u00e0 faire au Maroc pendant vos vacances dans le Royaume !<\/strong><\/p>\n<p data-start=\"116\" data-end=\"333\">D\u00e9couvrez une <strong data-start=\"130\" data-end=\"175\">vaste s\u00e9lection d\u2019activit\u00e9s passionnantes<\/strong> con\u00e7ues pour rendre votre s\u00e9jour <strong data-start=\"209\" data-end=\"236\">agr\u00e9able et inoubliable<\/strong>, disponibles depuis <strong data-start=\"257\" data-end=\"312\">Marrakech, Agadir, F\u00e8s, Rabat, Casablanca, Merzouga<\/strong> et <strong data-start=\"316\" data-end=\"330\">Ouarzazate<\/strong>.<\/p>\n<p data-start=\"335\" data-end=\"817\">Parmi nos <strong data-start=\"345\" data-end=\"380\">exp\u00e9riences les plus populaires<\/strong>, retrouvez :<br data-start=\"393\" data-end=\"396\" \/>\ud83c\udf72 <strong data-start=\"399\" data-end=\"444\" data-is-only-node=\"\">Cours de cuisine marocaine traditionnelle<\/strong><br data-start=\"444\" data-end=\"447\" \/>\ud83c\udfdc\ufe0f <strong data-start=\"451\" data-end=\"511\">D\u00eeners dans des camps de luxe au d\u00e9sert sous les \u00e9toiles<\/strong><br data-start=\"511\" data-end=\"514\" \/>\ud83d\udc2b <strong data-start=\"517\" data-end=\"566\">Balades \u00e0 dos de chameau sur les dunes dor\u00e9es<\/strong><br data-start=\"566\" data-end=\"569\" \/>\ud83d\udc2c <strong data-start=\"572\" data-end=\"600\">Visites de Dolphin World<\/strong><br data-start=\"600\" data-end=\"603\" \/>\ud83d\udea0 <strong data-start=\"606\" data-end=\"645\">Balades en t\u00e9l\u00e9ph\u00e9rique panoramique<\/strong><br data-start=\"645\" data-end=\"648\" \/>\ud83c\udfad <strong data-start=\"651\" data-end=\"697\">Soir\u00e9es Fantasia avec spectacles \u00e9questres<\/strong><br data-start=\"697\" data-end=\"700\" \/>\ud83c\udfce\ufe0f <strong data-start=\"704\" data-end=\"750\">Excursions en quad et buggy dans le d\u00e9sert<\/strong><br data-start=\"750\" data-end=\"753\" \/>\ud83d\udc86 <strong data-start=\"756\" data-end=\"815\">Moments d\u00e9tente au spa ou s\u00e9ances de massage relaxantes<\/strong><\/p>\n<p data-start=\"819\" data-end=\"975\" data-is-last-node=\"\" data-is-only-node=\"\">Rejoignez <strong data-start=\"829\" data-end=\"851\">Face Tours Morocco<\/strong> pour vivre la <strong data-start=\"866\" data-end=\"911\">beaut\u00e9, la culture et l\u2019aventure du Maroc<\/strong>, o\u00f9 <strong data-start=\"916\" data-end=\"972\">chaque exp\u00e9rience devient un souvenir imp\u00e9rissable !<\/strong><\/p>\n<p>[\/vc_column_text]\n<div class=\"atgrid margin-bottom-large tour-list-home\">\n\t<div class=\"title-block-link title-block-link--with-button\">\n\t\t<div class=\"title-block-link__text-wrap\">\n\t\t\t\t\t<h3 class=\"title-block-link__title\">Attractions &amp; Choses \u00e0 Faire \u00e0 Agadir<\/h3>\n\t\t\t\t\t\t\t<div class=\"title-block-link__description\">Les meilleures choses \u00e0 faire \u00e0 Agadir sont le cours de cuisine, l&#039;excursion dans le monde des dauphins, le sandboarding, Crocoparc, le t\u00e9l\u00e9ph\u00e9rique, la nuit de Fantasia, la balade en bateau, la balade \u00e0 dos de chameau et de cheval, le vol en montgolfi\u00e8re, le quad et buggy et les massages.<\/div>\n\t\t\t\t<\/div>\n\t\t<div class=\"title-block-link__button-wrap\">\n\t\t\t<a href=\"https:\/\/facetours.ma\/fr\/attractions-activites-agadir\/\" class=\"atbtn atbtn--rounded\">Voir plus<i class=\"atbtn__icon atbtn__icon--right fa fa-long-arrow-right\"><\/i><\/a>\n\t\t<\/div>\n\t<\/div>\n\t<div class=\"row atgrid__row\">\n\t\t\t\t\t<div class=\"col-md-4 col-xs-6 atgrid__item-wrap\">\n\t\t\t<div class=\"atgrid__item\">\n\t\t\t\t<div class=\"atgrid__item__top\">\n\t\t\t\t\t<a href=\"https:\/\/facetours.ma\/fr\/meilleures-circuits-au-maroc\/agadir-dolphin-world-excursion\/\" class=\"atgrid__item__top__image\"><img loading=\"lazy\" decoding=\"async\" width=\"360\" height=\"240\" src=\"https:\/\/facetours.ma\/wp-content\/uploads\/2022\/08\/agadir-activites-dolphin-world-trip-360x240.jpg\" class=\"attachment-thumb_tour_listing_small size-thumb_tour_listing_small wp-post-image\" alt=\"Agadir Dolphin world trip\" srcset=\"https:\/\/facetours.ma\/wp-content\/uploads\/2022\/08\/agadir-activites-dolphin-world-trip-360x240.jpg 360w, https:\/\/facetours.ma\/wp-content\/uploads\/2022\/08\/agadir-activites-dolphin-world-trip-531x354.jpg 531w, https:\/\/facetours.ma\/wp-content\/uploads\/2022\/08\/agadir-activites-dolphin-world-trip-180x120.jpg 180w, https:\/\/facetours.ma\/wp-content\/uploads\/2022\/08\/agadir-activites-dolphin-world-trip-600x400.jpg 600w, https:\/\/facetours.ma\/wp-content\/uploads\/2022\/08\/agadir-activites-dolphin-world-trip-300x200.jpg 300w, https:\/\/facetours.ma\/wp-content\/uploads\/2022\/08\/agadir-activites-dolphin-world-trip.jpg 748w\" sizes=\"auto, (max-width: 360px) 100vw, 360px\" \/><\/a>\t\t\t\t\t\t\t\t\t\t\t\t\t\t<\/div>\n\t\t\t\t<div class=\"atgrid__item__content\">\n\t\t\t\t\t<h3 class=\"atgrid__item__title\"><a href=\"https:\/\/facetours.ma\/fr\/meilleures-circuits-au-maroc\/agadir-dolphin-world-excursion\/\">Excursion: Monde des Dauphins d&#039;Agadir<\/a><\/h3>\n\t\t\t\t\t\t\t\t\t<div class=\"atgrid__item__description\">D\u00e9couvrez le Monde des Dauphins d\u2019Agadir , un spectacle familial fascinant m\u00ealant divertissement et \u00e9motion. Admirez les acrobaties des dauphins<\/div>\n\t\t\t\t\t\t\t\t<\/div>\n\t\t\t\t<div class=\"item-attributes\">\n\t\t\t\t\t<div class=\"item-attributes__item\"><div class=\"item-attributes__item__content\"><div class=\"item-attributes__item__content__item item-attributes__item__content__item--text\"><span>1 heure<\/span><\/div><\/div><\/div><div class=\"item-attributes__item\"><div class=\"item-attributes__item__content\"><div class=\"item-attributes__item__content__item item-attributes__item__content__item--text\"><span>Agadir<\/span><\/div><\/div><\/div>\t\t\t\t\t<div class=\"item-attributes__item\"><a href=\"https:\/\/facetours.ma\/fr\/meilleures-circuits-au-maroc\/agadir-dolphin-world-excursion\/\" class=\"item-attributes__link\" aria-label=\"View the tour\"><i class=\"fa fa-eye\"><\/i><\/a><\/div>\n\t\t\t\t<\/div>\n\t\t\t<\/div>\n\t\t<\/div>\n\t\t\t\t\t<div class=\"col-md-4 col-xs-6 atgrid__item-wrap\">\n\t\t\t<div class=\"atgrid__item\">\n\t\t\t\t<div class=\"atgrid__item__top\">\n\t\t\t\t\t<a href=\"https:\/\/facetours.ma\/fr\/meilleures-circuits-au-maroc\/sandboarding-agadir\/\" class=\"atgrid__item__top__image\"><img loading=\"lazy\" decoding=\"async\" width=\"360\" height=\"240\" src=\"https:\/\/facetours.ma\/wp-content\/uploads\/2022\/08\/Sand-bording-Agadir.min_-360x240.jpg\" class=\"attachment-thumb_tour_listing_small size-thumb_tour_listing_small wp-post-image\" alt=\"Sandboarding in Agadir.\" srcset=\"https:\/\/facetours.ma\/wp-content\/uploads\/2022\/08\/Sand-bording-Agadir.min_-360x240.jpg 360w, https:\/\/facetours.ma\/wp-content\/uploads\/2022\/08\/Sand-bording-Agadir.min_-531x354.jpg 531w, https:\/\/facetours.ma\/wp-content\/uploads\/2022\/08\/Sand-bording-Agadir.min_-180x120.jpg 180w, https:\/\/facetours.ma\/wp-content\/uploads\/2022\/08\/Sand-bording-Agadir.min_-600x400.jpg 600w, https:\/\/facetours.ma\/wp-content\/uploads\/2022\/08\/Sand-bording-Agadir.min_-300x200.jpg 300w, https:\/\/facetours.ma\/wp-content\/uploads\/2022\/08\/Sand-bording-Agadir.min_-768x512.jpg 768w, https:\/\/facetours.ma\/wp-content\/uploads\/2022\/08\/Sand-bording-Agadir.min_.jpg 849w\" sizes=\"auto, (max-width: 360px) 100vw, 360px\" \/><\/a>\t\t\t\t\t\t\t\t\t\t\t\t\t\t<\/div>\n\t\t\t\t<div class=\"atgrid__item__content\">\n\t\t\t\t\t<h3 class=\"atgrid__item__title\"><a href=\"https:\/\/facetours.ma\/fr\/meilleures-circuits-au-maroc\/sandboarding-agadir\/\">Surf de sable sur les dunes d&#039;Agadir<\/a><\/h3>\n\t\t\t\t\t\t\t\t\t<div class=\"atgrid__item__description\">D\u00e9couvrez le surf de sable \u00e0 Agadir, une aventure excitante sur les dunes dor\u00e9es de Tamri. Glissez face \u00e0 l\u2019oc\u00e9an<\/div>\n\t\t\t\t\t\t\t\t<\/div>\n\t\t\t\t<div class=\"item-attributes\">\n\t\t\t\t\t<div class=\"item-attributes__item\"><div class=\"item-attributes__item__content\"><div class=\"item-attributes__item__content__item item-attributes__item__content__item--text\"><span>1 heure<\/span><\/div><\/div><\/div><div class=\"item-attributes__item\"><div class=\"item-attributes__item__content\"><div class=\"item-attributes__item__content__item item-attributes__item__content__item--text\"><span>Agadir<\/span><\/div><\/div><\/div>\t\t\t\t\t<div class=\"item-attributes__item\"><a href=\"https:\/\/facetours.ma\/fr\/meilleures-circuits-au-maroc\/sandboarding-agadir\/\" class=\"item-attributes__link\" aria-label=\"View the tour\"><i class=\"fa fa-eye\"><\/i><\/a><\/div>\n\t\t\t\t<\/div>\n\t\t\t<\/div>\n\t\t<\/div>\n\t\t\t<div class=\"atgrid__row-separator clearfix visible-sm visible-xs\"><\/div>\t\t<div class=\"col-md-4 col-xs-6 atgrid__item-wrap\">\n\t\t\t<div class=\"atgrid__item\">\n\t\t\t\t<div class=\"atgrid__item__top\">\n\t\t\t\t\t<a href=\"https:\/\/facetours.ma\/fr\/meilleures-circuits-au-maroc\/cours-cuisine-agadir\/\" class=\"atgrid__item__top__image\"><img loading=\"lazy\" decoding=\"async\" width=\"360\" height=\"240\" src=\"https:\/\/facetours.ma\/wp-content\/uploads\/2022\/08\/Agadir-cooking-class.min_-360x240.jpg\" class=\"attachment-thumb_tour_listing_small size-thumb_tour_listing_small wp-post-image\" alt=\"Cooking class in Agadir\" srcset=\"https:\/\/facetours.ma\/wp-content\/uploads\/2022\/08\/Agadir-cooking-class.min_-360x240.jpg 360w, https:\/\/facetours.ma\/wp-content\/uploads\/2022\/08\/Agadir-cooking-class.min_-531x354.jpg 531w, https:\/\/facetours.ma\/wp-content\/uploads\/2022\/08\/Agadir-cooking-class.min_-180x120.jpg 180w, https:\/\/facetours.ma\/wp-content\/uploads\/2022\/08\/Agadir-cooking-class.min_-600x400.jpg 600w, https:\/\/facetours.ma\/wp-content\/uploads\/2022\/08\/Agadir-cooking-class.min_-300x200.jpg 300w, https:\/\/facetours.ma\/wp-content\/uploads\/2022\/08\/Agadir-cooking-class.min_-768x512.jpg 768w, https:\/\/facetours.ma\/wp-content\/uploads\/2022\/08\/Agadir-cooking-class.min_.jpg 849w\" sizes=\"auto, (max-width: 360px) 100vw, 360px\" \/><\/a>\t\t\t\t\t\t\t\t\t\t\t\t\t\t<\/div>\n\t\t\t\t<div class=\"atgrid__item__content\">\n\t\t\t\t\t<h3 class=\"atgrid__item__title\"><a href=\"https:\/\/facetours.ma\/fr\/meilleures-circuits-au-maroc\/cours-cuisine-agadir\/\">Exp\u00e9rience de cours de cuisine d&#039;Agadir<\/a><\/h3>\n\t\t\t\t\t\t\t\t\t<div class=\"atgrid__item__description\">La cuisine marocaine lors d\u2019un atelier culinaire \u00e0 Agadir ! Apprenez \u00e0 pr\u00e9parer des plats traditionnels comme le tajine et<\/div>\n\t\t\t\t\t\t\t\t<\/div>\n\t\t\t\t<div class=\"item-attributes\">\n\t\t\t\t\t<div class=\"item-attributes__item\"><div class=\"item-attributes__item__content\"><div class=\"item-attributes__item__content__item item-attributes__item__content__item--text\"><span>1 heure<\/span><\/div><\/div><\/div><div class=\"item-attributes__item\"><div class=\"item-attributes__item__content\"><div class=\"item-attributes__item__content__item item-attributes__item__content__item--text\"><span>Agadir<\/span><\/div><\/div><\/div>\t\t\t\t\t<div class=\"item-attributes__item\"><a href=\"https:\/\/facetours.ma\/fr\/meilleures-circuits-au-maroc\/cours-cuisine-agadir\/\" class=\"item-attributes__link\" aria-label=\"View the tour\"><i class=\"fa fa-eye\"><\/i><\/a><\/div>\n\t\t\t\t<\/div>\n\t\t\t<\/div>\n\t\t<\/div>\n\t\t\t<\/div>\n<\/div>\n\n<div class=\"atgrid margin-bottom-large tour-list-home\">\n\t<div class=\"title-block-link title-block-link--with-button\">\n\t\t<div class=\"title-block-link__text-wrap\">\n\t\t\t\t\t<h3 class=\"title-block-link__title\">Attractions &amp; Choses \u00e0 Faire \u00e0 Marrakech<\/h3>\n\t\t\t\t\t\t\t<div class=\"title-block-link__description\">Les meilleures choses \u00e0 faire \u00e0 Marrakech sont le cours de cuisine, la nuit de Fantasia, la balade \u00e0 dos de chameau et de cheval, le vol en montgolfi\u00e8re, le d\u00eener de luxe dans un camp d\u00e9sertique, le quad et buggy, la balade en cal\u00e8che, le vol en montgolfi\u00e8re et les massages.<\/div>\n\t\t\t\t<\/div>\n\t\t<div class=\"title-block-link__button-wrap\">\n\t\t\t<a href=\"https:\/\/facetours.ma\/fr\/attractions-activites-marrakech\/\" class=\"atbtn atbtn--rounded\">Voir plus<i class=\"atbtn__icon atbtn__icon--right fa fa-long-arrow-right\"><\/i><\/a>\n\t\t<\/div>\n\t<\/div>\n\t<div class=\"row atgrid__row\">\n\t\t\t\t\t<div class=\"col-md-4 col-xs-6 atgrid__item-wrap\">\n\t\t\t<div class=\"atgrid__item\">\n\t\t\t\t<div class=\"atgrid__item__top\">\n\t\t\t\t\t<a href=\"https:\/\/facetours.ma\/fr\/meilleures-circuits-au-maroc\/diner-luxe-camp-desert-agafay\/\" class=\"atgrid__item__top__image\"><img loading=\"lazy\" decoding=\"async\" width=\"360\" height=\"240\" src=\"https:\/\/facetours.ma\/wp-content\/uploads\/2022\/08\/Agafay-camp-desert.min_-360x240.jpg\" class=\"attachment-thumb_tour_listing_small size-thumb_tour_listing_small wp-post-image\" alt=\"Agafay desert luxury camp dinner\" srcset=\"https:\/\/facetours.ma\/wp-content\/uploads\/2022\/08\/Agafay-camp-desert.min_-360x240.jpg 360w, https:\/\/facetours.ma\/wp-content\/uploads\/2022\/08\/Agafay-camp-desert.min_-531x354.jpg 531w, https:\/\/facetours.ma\/wp-content\/uploads\/2022\/08\/Agafay-camp-desert.min_-180x120.jpg 180w, https:\/\/facetours.ma\/wp-content\/uploads\/2022\/08\/Agafay-camp-desert.min_-600x400.jpg 600w, https:\/\/facetours.ma\/wp-content\/uploads\/2022\/08\/Agafay-camp-desert.min_.jpg 849w\" sizes=\"auto, (max-width: 360px) 100vw, 360px\" \/><\/a>\t\t\t\t\t\t\t\t\t\t\t\t\t\t<\/div>\n\t\t\t\t<div class=\"atgrid__item__content\">\n\t\t\t\t\t<h3 class=\"atgrid__item__title\"><a href=\"https:\/\/facetours.ma\/fr\/meilleures-circuits-au-maroc\/diner-luxe-camp-desert-agafay\/\">Bivouac de luxe dans le d\u00e9sert d\u2019Agafay<\/a><\/h3>\n\t\t\t\t\t\t\t\t\t<div class=\"atgrid__item__description\">Passer une nuit sp\u00e9ciale dans le d\u00e9sert d'Agafay est une exp\u00e9rience unique et inoubliable, o\u00f9 l'on peut admirer le coucher<\/div>\n\t\t\t\t\t\t\t\t<\/div>\n\t\t\t\t<div class=\"item-attributes\">\n\t\t\t\t\t<div class=\"item-attributes__item\"><div class=\"item-attributes__item__content\"><div class=\"item-attributes__item__content__item item-attributes__item__content__item--text\"><span>D\u00e9sert Agafay<\/span><\/div><\/div><\/div>\t\t\t\t\t<div class=\"item-attributes__item\"><a href=\"https:\/\/facetours.ma\/fr\/meilleures-circuits-au-maroc\/diner-luxe-camp-desert-agafay\/\" class=\"item-attributes__link\" aria-label=\"View the tour\"><i class=\"fa fa-eye\"><\/i><\/a><\/div>\n\t\t\t\t<\/div>\n\t\t\t<\/div>\n\t\t<\/div>\n\t\t\t\t\t<div class=\"col-md-4 col-xs-6 atgrid__item-wrap\">\n\t\t\t<div class=\"atgrid__item\">\n\t\t\t\t<div class=\"atgrid__item__top\">\n\t\t\t\t\t<a href=\"https:\/\/facetours.ma\/fr\/meilleures-circuits-au-maroc\/cours-cuisine-marrakech\/\" class=\"atgrid__item__top__image\"><img loading=\"lazy\" decoding=\"async\" width=\"360\" height=\"240\" src=\"https:\/\/facetours.ma\/wp-content\/uploads\/2022\/08\/Tajine-360x240.jpg\" class=\"attachment-thumb_tour_listing_small size-thumb_tour_listing_small wp-post-image\" alt=\"\" srcset=\"https:\/\/facetours.ma\/wp-content\/uploads\/2022\/08\/Tajine-360x240.jpg 360w, https:\/\/facetours.ma\/wp-content\/uploads\/2022\/08\/Tajine-531x354.jpg 531w, https:\/\/facetours.ma\/wp-content\/uploads\/2022\/08\/Tajine-180x120.jpg 180w, https:\/\/facetours.ma\/wp-content\/uploads\/2022\/08\/Tajine-600x400.jpg 600w, https:\/\/facetours.ma\/wp-content\/uploads\/2022\/08\/Tajine-300x200.jpg 300w, https:\/\/facetours.ma\/wp-content\/uploads\/2022\/08\/Tajine-768x512.jpg 768w, https:\/\/facetours.ma\/wp-content\/uploads\/2022\/08\/Tajine.jpg 849w\" sizes=\"auto, (max-width: 360px) 100vw, 360px\" \/><\/a>\t\t\t\t\t\t\t\t\t\t\t\t\t\t<\/div>\n\t\t\t\t<div class=\"atgrid__item__content\">\n\t\t\t\t\t<h3 class=\"atgrid__item__title\"><a href=\"https:\/\/facetours.ma\/fr\/meilleures-circuits-au-maroc\/cours-cuisine-marrakech\/\">Exp\u00e9rience de cours de cuisine de marrakech<\/a><\/h3>\n\t\t\t\t\t\t\t\t\t<div class=\"atgrid__item__description\">Nous vous d\u00e9voilerons les secrets de la plus pure tradition gastronomique marocaine, vous donnerons des astuces et vous apprendrons \u00e0<\/div>\n\t\t\t\t\t\t\t\t<\/div>\n\t\t\t\t<div class=\"item-attributes\">\n\t\t\t\t\t<div class=\"item-attributes__item\"><div class=\"item-attributes__item__content\"><div class=\"item-attributes__item__content__item item-attributes__item__content__item--text\"><span>1 heure<\/span><\/div><\/div><\/div>\t\t\t\t\t<div class=\"item-attributes__item\"><a href=\"https:\/\/facetours.ma\/fr\/meilleures-circuits-au-maroc\/cours-cuisine-marrakech\/\" class=\"item-attributes__link\" aria-label=\"View the tour\"><i class=\"fa fa-eye\"><\/i><\/a><\/div>\n\t\t\t\t<\/div>\n\t\t\t<\/div>\n\t\t<\/div>\n\t\t\t<div class=\"atgrid__row-separator clearfix visible-sm visible-xs\"><\/div>\t\t<div class=\"col-md-4 col-xs-6 atgrid__item-wrap\">\n\t\t\t<div class=\"atgrid__item\">\n\t\t\t\t<div class=\"atgrid__item__top\">\n\t\t\t\t\t<a href=\"https:\/\/facetours.ma\/fr\/meilleures-circuits-au-maroc\/promenade-chameaux-marrakech\/\" class=\"atgrid__item__top__image\"><img loading=\"lazy\" decoding=\"async\" width=\"360\" height=\"240\" src=\"https:\/\/facetours.ma\/wp-content\/uploads\/2022\/08\/Marrakech-ride-camel-min-360x240.jpg\" class=\"attachment-thumb_tour_listing_small size-thumb_tour_listing_small wp-post-image\" alt=\"\" srcset=\"https:\/\/facetours.ma\/wp-content\/uploads\/2022\/08\/Marrakech-ride-camel-min-360x240.jpg 360w, https:\/\/facetours.ma\/wp-content\/uploads\/2022\/08\/Marrakech-ride-camel-min-531x354.jpg 531w, https:\/\/facetours.ma\/wp-content\/uploads\/2022\/08\/Marrakech-ride-camel-min-180x120.jpg 180w, https:\/\/facetours.ma\/wp-content\/uploads\/2022\/08\/Marrakech-ride-camel-min-600x400.jpg 600w, https:\/\/facetours.ma\/wp-content\/uploads\/2022\/08\/Marrakech-ride-camel-min-300x200.jpg 300w, https:\/\/facetours.ma\/wp-content\/uploads\/2022\/08\/Marrakech-ride-camel-min-768x512.jpg 768w, https:\/\/facetours.ma\/wp-content\/uploads\/2022\/08\/Marrakech-ride-camel-min.jpg 849w\" sizes=\"auto, (max-width: 360px) 100vw, 360px\" \/><\/a>\t\t\t\t\t\t\t\t\t\t\t\t\t\t<\/div>\n\t\t\t\t<div class=\"atgrid__item__content\">\n\t\t\t\t\t<h3 class=\"atgrid__item__title\"><a href=\"https:\/\/facetours.ma\/fr\/meilleures-circuits-au-maroc\/promenade-chameaux-marrakech\/\">Promenade en chameaux \u00e0 marrakech<\/a><\/h3>\n\t\t\t\t\t\t\t\t\t<div class=\"atgrid__item__description\">Chevauchez un chameau et d\u00e9couvrez la palmeraie et les plaines d\u00e9sertiques de la ville de Marrakech. Profitez de 2 heures<\/div>\n\t\t\t\t\t\t\t\t<\/div>\n\t\t\t\t<div class=\"item-attributes\">\n\t\t\t\t\t<div class=\"item-attributes__item\"><div class=\"item-attributes__item__content\"><div class=\"item-attributes__item__content__item item-attributes__item__content__item--text\"><span>2 heures<\/span><\/div><\/div><\/div><div class=\"item-attributes__item\"><div class=\"item-attributes__item__content\"><div class=\"item-attributes__item__content__item item-attributes__item__content__item--text\"><span>Marrakech<\/span><\/div><\/div><\/div>\t\t\t\t\t<div class=\"item-attributes__item\"><a href=\"https:\/\/facetours.ma\/fr\/meilleures-circuits-au-maroc\/promenade-chameaux-marrakech\/\" class=\"item-attributes__link\" aria-label=\"View the tour\"><i class=\"fa fa-eye\"><\/i><\/a><\/div>\n\t\t\t\t<\/div>\n\t\t\t<\/div>\n\t\t<\/div>\n\t\t\t<\/div>\n<\/div>\n[\/vc_column][\/vc_row]<\/p>\n<\/div>","protected":false},"excerpt":{"rendered":"<p>[vc_row][vc_column][vc_column_text css=&#8221;&#8221;] Ne manquez pas les meilleures choses \u00e0 voir et \u00e0 faire au Maroc pendant vos vacances dans le Royaume ! D\u00e9couvrez une vaste s\u00e9lection d\u2019activit\u00e9s passionnantes con\u00e7ues pour rendre votre s\u00e9jour agr\u00e9able et inoubliable, disponibles depuis Marrakech, Agadir, F\u00e8s, Rabat, Casablanca, Merzouga et Ouarzazate. Parmi nos exp\u00e9riences les plus populaires, retrouvez :\ud83c\udf72 Cours<\/p>\n<div class=\"padding-top text-center\"><a href=\"https:\/\/facetours.ma\/fr\/meilleures-circuits-au-maroc\/promenade-chameaux-marrakech\/\" class=\"atbtn atbtn--medium atbtn--rounded atbtn--transparent\">Read more<i class=\"atbtn__icon atbtn__icon--right fa fa-long-arrow-right\"><\/i><\/a><\/div>\n","protected":false},"author":1,"featured_media":0,"parent":0,"menu_order":0,"comment_status":"closed","ping_status":"closed","template":"","meta":{"footnotes":""},"class_list":["post-2135","page","type-page","status-publish","hentry"],"_links":{"self":[{"href":"https:\/\/facetours.ma\/fr\/wp-json\/wp\/v2\/pages\/2135","targetHints":{"allow":["GET"]}}],"collection":[{"href":"https:\/\/facetours.ma\/fr\/wp-json\/wp\/v2\/pages"}],"about":[{"href":"https:\/\/facetours.ma\/fr\/wp-json\/wp\/v2\/types\/page"}],"author":[{"embeddable":true,"href":"https:\/\/facetours.ma\/fr\/wp-json\/wp\/v2\/users\/1"}],"replies":[{"embeddable":true,"href":"https:\/\/facetours.ma\/fr\/wp-json\/wp\/v2\/comments?post=2135"}],"version-history":[{"count":14,"href":"https:\/\/facetours.ma\/fr\/wp-json\/wp\/v2\/pages\/2135\/revisions"}],"predecessor-version":[{"id":4199,"href":"https:\/\/facetours.ma\/fr\/wp-json\/wp\/v2\/pages\/2135\/revisions\/4199"}],"wp:attachment":[{"href":"https:\/\/facetours.ma\/fr\/wp-json\/wp\/v2\/media?parent=2135"}],"curies":[{"name":"wp","href":"https:\/\/api.w.org\/{rel}","templated":true}]}}