{"id":2119,"date":"2022-08-15T15:43:02","date_gmt":"2022-08-15T14:43:02","guid":{"rendered":"https:\/\/facetours.ma\/?page_id=2119"},"modified":"2025-11-04T19:00:53","modified_gmt":"2025-11-04T18:00:53","slug":"politique-de-confidentialite","status":"publish","type":"page","link":"https:\/\/facetours.ma\/fr\/politique-de-confidentialite\/","title":{"rendered":"Politique de confidentialit\u00e9"},"content":{"rendered":"<div class=\"wpb-content-wrapper\"><p>[vc_row][vc_column]<div class=\"title title--underline title--decoration-bottom-left\">\n\t\t<h2 class=\"title__primary\">Votre vie priv\u00e9e est importante pour nous<\/h2>\n<\/div>\n[vc_column_text]Chez &#8220;Face Tours&#8221;, nous respectons votre droit de prendre des d\u00e9cisions \u00e9clair\u00e9es concernant l&#8217;utilisation des informations que vous fournissez. Cette page explique notre politique en mati\u00e8re de collecte, d&#8217;utilisation, de divulgation et de protection des informations personnelles que nous recevons, afin que vous puissiez \u00eatre confiant dans la mani\u00e8re dont nous traitons les informations personnelles que vous nous confiez en ligne.[\/vc_column_text][\/vc_column][\/vc_row][vc_row][vc_column]<div class=\"title title--decoration-bottom-left\">\n\t\t<h2 class=\"title__primary\">Informations que nous collectons<\/h2>\n<\/div>\n[vc_column_text]Nous ne collectons que des informations personnellement identifiables li\u00e9es \u00e0 votre service, afin de traiter une demande\/de r\u00e9servation. Ces donn\u00e9es personnelles peuvent inclure votre nom, votre adresse e-mail, votre num\u00e9ro de t\u00e9l\u00e9phone et des informations sur vos go\u00fbts et pr\u00e9f\u00e9rences de voyage, lorsque vous les soumettez volontairement en tant que visiteur. Ces informations sont uniquement utilis\u00e9es pour vous contacter avec des informations sur votre commande. Dans certains cas, nous pouvons \u00eatre amen\u00e9s \u00e0 partager vos coordonn\u00e9es avec les fournisseurs de services r\u00e9serv\u00e9s dans le cadre de votre visite (h\u00f4tels, billets de train, etc.), mais uniquement s&#8217;il s&#8217;agit de r\u00e9pondre \u00e0 une demande ou d&#8217;une r\u00e9servation. Nous ne vendons, ne partageons ni ne donnons les informations personnelles que vous nous fournissez volontairement \u00e0 des tiers.[\/vc_column_text]<div class=\"title\">\n\t\t<h2 class=\"title__primary\">Utilisation des informations<\/h2>\n<\/div>\n[vc_column_text]En fournissant des adresses e-mail, vous consentez \u00e9galement \u00e0 recevoir des communications de notre part. Nous collecterons les informations personnellement identifiables que vous fournissez pour r\u00e9pondre \u00e0 vos questions, commentaires ou demandes de voyage.<\/p>\n<p>Si vous vous abonnez \u00e0 notre newsletter, nous vous demanderons votre nom et votre adresse e-mail, et l&#8217;utiliserons pour vous envoyer notre newsletter r\u00e9guli\u00e8re, des actualit\u00e9s et mises \u00e0 jour, des promotions de produits et toute autre information que nous pensons susceptible de vous int\u00e9resser. Nous ne vous enverrons jamais de spams.<\/p>\n<p>Si vous ne souhaitez plus recevoir nos newsletters, vous pouvez vous d\u00e9sabonner de toute ou de toutes ces communications en nous envoyant un e-mail \u00e0 info@facetours.ma ou en cliquant sur le lien &#8220;se d\u00e9sabonner&#8221; trouv\u00e9 en bas de chaque newsletter.[\/vc_column_text]<div class=\"title\">\n\t\t<h2 class=\"title__primary\">Comment nous prot\u00e9geons les informations<\/h2>\n<\/div>\n[vc_column_text]Nous nous effor\u00e7ons de suivre les normes de l&#8217;industrie g\u00e9n\u00e9ralement accept\u00e9es pour prot\u00e9ger les informations personnelles, \u00e0 la fois pendant la transmission et une fois que nous les recevons. Nous faisons \u00e9galement de notre mieux pour nous assurer que les tiers qui travaillent avec nous acceptent de prot\u00e9ger les informations personnelles auxquelles ils doivent acc\u00e9der pour servir notre site et nos visiteurs. Cependant, vous devez comprendre qu&#8217;aucune m\u00e9thode de transmission sur Internet ou de stockage \u00e9lectronique n&#8217;est totalement s\u00e9curis\u00e9e. Par cons\u00e9quent, nous ne pouvons garantir sa s\u00e9curit\u00e9 absolue.<\/p>\n<p>Nous mettrons \u00e0 jour, modifierons ou supprimerons toutes les informations personnelles que vous nous avez fournies sur demande \u00e9crite de votre part. Nous ne pouvons pas restaurer les informations que nous avons supprim\u00e9es.[\/vc_column_text]<div class=\"title\">\n\t\t<h2 class=\"title__primary\">Tous droits r\u00e9serv\u00e9s<\/h2>\n<\/div>\n[vc_column_text]&#8221;Face Tours&#8221; se r\u00e9serve le droit de mettre \u00e0 jour cette politique de confidentialit\u00e9 \u00e0 tout moment. Tout changement dans notre politique de confidentialit\u00e9 ne sera que prospective. Nous n&#8217;apporterons aucun changement ayant un effet r\u00e9troactif \u00e0 moins que cela ne soit l\u00e9galement requis. Nous vous encourageons \u00e0 la revoir p\u00e9riodiquement.[\/vc_column_text][\/vc_column][\/vc_row]<\/p>\n<\/div>","protected":false},"excerpt":{"rendered":"<p>[vc_row][vc_column][vc_column_text]Chez &#8220;Face Tours&#8221;, nous respectons votre droit de prendre des d\u00e9cisions \u00e9clair\u00e9es concernant l&#8217;utilisation des informations que vous fournissez. Cette page explique notre politique en mati\u00e8re de collecte, d&#8217;utilisation, de divulgation et de protection des informations personnelles que nous recevons, afin que vous puissiez \u00eatre confiant dans la mani\u00e8re dont nous traitons les informations personnelles<\/p>\n<div class=\"padding-top text-center\"><a href=\"https:\/\/facetours.ma\/fr\/politique-de-confidentialite\/\" class=\"atbtn atbtn--medium atbtn--rounded atbtn--transparent\">Read more<i class=\"atbtn__icon atbtn__icon--right fa fa-long-arrow-right\"><\/i><\/a><\/div>\n","protected":false},"author":1,"featured_media":0,"parent":0,"menu_order":0,"comment_status":"closed","ping_status":"open","template":"","meta":{"footnotes":""},"class_list":["post-2119","page","type-page","status-publish","hentry"],"_links":{"self":[{"href":"https:\/\/facetours.ma\/fr\/wp-json\/wp\/v2\/pages\/2119","targetHints":{"allow":["GET"]}}],"collection":[{"href":"https:\/\/facetours.ma\/fr\/wp-json\/wp\/v2\/pages"}],"about":[{"href":"https:\/\/facetours.ma\/fr\/wp-json\/wp\/v2\/types\/page"}],"author":[{"embeddable":true,"href":"https:\/\/facetours.ma\/fr\/wp-json\/wp\/v2\/users\/1"}],"replies":[{"embeddable":true,"href":"https:\/\/facetours.ma\/fr\/wp-json\/wp\/v2\/comments?post=2119"}],"version-history":[{"count":3,"href":"https:\/\/facetours.ma\/fr\/wp-json\/wp\/v2\/pages\/2119\/revisions"}],"predecessor-version":[{"id":2122,"href":"https:\/\/facetours.ma\/fr\/wp-json\/wp\/v2\/pages\/2119\/revisions\/2122"}],"wp:attachment":[{"href":"https:\/\/facetours.ma\/fr\/wp-json\/wp\/v2\/media?parent=2119"}],"curies":[{"name":"wp","href":"https:\/\/api.w.org\/{rel}","templated":true}]}}