{"id":2106,"date":"2022-08-15T17:08:21","date_gmt":"2022-08-15T16:08:21","guid":{"rendered":"https:\/\/facetours.ma\/?page_id=2106"},"modified":"2025-10-29T17:42:00","modified_gmt":"2025-10-29T16:42:00","slug":"transferts-prives-aeroport-maroc","status":"publish","type":"page","link":"https:\/\/facetours.ma\/fr\/transferts-prives-aeroport-maroc\/","title":{"rendered":"Transferts priv\u00e9s Aeroport Maroc"},"content":{"rendered":"<div class=\"wpb-content-wrapper\"><p>[vc_row css=&#8221;.vc_custom_1664279530495{margin-bottom: 30px !important;}&#8221;][vc_column]<div class=\"title title--big\">\n\t\t\t<div class=\"title__subtitle\">Facilitez vos d\u00e9placements:<\/div>\n\t\t<h2 class=\"title__primary\">R\u00e9servez Votre Transfert depuis l&#039;A\u00e9roport d&#039;Agadir vers Marrakech, Casablanca et Rabat<\/h2>\n<\/div>\n[vc_column_text css=&#8221;&#8221;]Imaginez atterrir \u00e0 l&#8217;a\u00e9roport d&#8217;Agadir, pr\u00eat \u00e0 vous lancer dans votre aventure marocaine. Au lieu de vous soucier de naviguer parmi les options de transport, vous \u00eates accueilli par un service de transfert fluide attendant de vous emmener vers la vibrante Marrakech, la cosmopolite Casablanca ou la capitale historique, Rabat. Avec Face Tours, r\u00e9server votre transfert depuis l&#8217;a\u00e9roport est la premi\u00e8re \u00e9tape vers un voyage sans stress \u00e0 travers le Maroc.<\/p>\n<h3><strong>Effectuer Votre R\u00e9servation<\/strong><\/h3>\n<p>Arriver \u00e0 Agadir n&#8217;est que le d\u00e9but de votre exp\u00e9rience marocaine. Que vous vous dirigiez vers la m\u00e9dina anim\u00e9e de Marrakech, que vous exploriez le charme c\u00f4tier de Casablanca ou que vous plongiez dans la riche histoire de Rabat, s\u00e9curiser votre transfert \u00e0 l&#8217;avance assure une transition en douceur de l&#8217;a\u00e9roport \u00e0 votre destination.[\/vc_column_text][\/vc_column][\/vc_row][vc_row][vc_column]<div class=\"title title--big title--center\">\n\t\t<h2 class=\"title__primary\">Le v\u00e9hicule id\u00e9al pour vous<\/h2>\n<\/div>\n[\/vc_column][\/vc_row][vc_row css=&#8221;.vc_custom_1664279303257{background-color: #ffffff !important;}&#8221;][vc_column width=&#8221;1\/2&#8243;][vc_single_image image=&#8221;638&#8243; img_size=&#8221;full&#8221; onclick=&#8221;custom_link&#8221; css=&#8221;&#8221; link=&#8221;https:\/\/facetours.ma\/fr\/transferts-aeroport-agadir-al-massira\/&#8221;]<a href=\"https:\/\/facetours.ma\/fr\/transferts-aeroport-agadir-al-massira\/\" class=\"atbtn atbtn--secondary1 atbtn--medium atbtn--transparent\">\u00c0 partir d&#039;Agadir<\/a>[\/vc_column][vc_column width=&#8221;1\/2&#8243;][vc_single_image image=&#8221;576&#8243; img_size=&#8221;full&#8221;]<a href=\"https:\/\/facetours.ma\/marrakech-menara-airport-transfers\/\" class=\"atbtn atbtn--secondary1 atbtn--medium atbtn--transparent\">\u00c0 partir de Marrakech<\/a>[\/vc_column][\/vc_row][vc_row css=&#8221;.vc_custom_1664279415069{background-color: #ffffff !important;}&#8221;][vc_column][vc_empty_space][\/vc_column][\/vc_row][vc_row css=&#8221;.vc_custom_1664279321040{background-color: #ffffff !important;}&#8221;][vc_column width=&#8221;1\/2&#8243;][vc_single_image image=&#8221;618&#8243; img_size=&#8221;full&#8221; onclick=&#8221;custom_link&#8221; css=&#8221;&#8221; link=&#8221;https:\/\/facetours.ma\/fr\/transferts-depuis-aeroport-international-de-rabat-sale\/&#8221;]<a href=\"https:\/\/facetours.ma\/fr\/transferts-depuis-aeroport-international-de-rabat-sale\/\" class=\"atbtn atbtn--secondary1 atbtn--medium atbtn--transparent\">\u00c0 partir de Rabat<\/a>[\/vc_column][vc_column width=&#8221;1\/2&#8243;][vc_single_image image=&#8221;344&#8243; img_size=&#8221;full&#8221;]<a href=\"https:\/\/facetours.ma\/casablanca-mohammed-v-international-airport-transfers\/\" class=\"atbtn atbtn--secondary1 atbtn--medium atbtn--transparent\">\u00c0 partir de Casablanca<\/a>[\/vc_column][\/vc_row][vc_row css=&#8221;.vc_custom_1664279519250{background-color: #ffffff !important;}&#8221;][vc_column][vc_empty_space][\/vc_column][\/vc_row]<\/p>\n<\/div>","protected":false},"excerpt":{"rendered":"<p>[vc_row css=&#8221;.vc_custom_1664279530495{margin-bottom: 30px !important;}&#8221;][vc_column][vc_column_text css=&#8221;&#8221;]Imaginez atterrir \u00e0 l&#8217;a\u00e9roport d&#8217;Agadir, pr\u00eat \u00e0 vous lancer dans votre aventure marocaine. Au lieu de vous soucier de naviguer parmi les options de transport, vous \u00eates accueilli par un service de transfert fluide attendant de vous emmener vers la vibrante Marrakech, la cosmopolite Casablanca ou la capitale historique, Rabat. Avec<\/p>\n<div class=\"padding-top text-center\"><a href=\"https:\/\/facetours.ma\/fr\/transferts-prives-aeroport-maroc\/\" class=\"atbtn atbtn--medium atbtn--rounded atbtn--transparent\">Read more<i class=\"atbtn__icon atbtn__icon--right fa fa-long-arrow-right\"><\/i><\/a><\/div>\n","protected":false},"author":1,"featured_media":0,"parent":0,"menu_order":0,"comment_status":"closed","ping_status":"closed","template":"","meta":{"footnotes":""},"class_list":["post-2106","page","type-page","status-publish","hentry"],"_links":{"self":[{"href":"https:\/\/facetours.ma\/fr\/wp-json\/wp\/v2\/pages\/2106","targetHints":{"allow":["GET"]}}],"collection":[{"href":"https:\/\/facetours.ma\/fr\/wp-json\/wp\/v2\/pages"}],"about":[{"href":"https:\/\/facetours.ma\/fr\/wp-json\/wp\/v2\/types\/page"}],"author":[{"embeddable":true,"href":"https:\/\/facetours.ma\/fr\/wp-json\/wp\/v2\/users\/1"}],"replies":[{"embeddable":true,"href":"https:\/\/facetours.ma\/fr\/wp-json\/wp\/v2\/comments?post=2106"}],"version-history":[{"count":9,"href":"https:\/\/facetours.ma\/fr\/wp-json\/wp\/v2\/pages\/2106\/revisions"}],"predecessor-version":[{"id":4123,"href":"https:\/\/facetours.ma\/fr\/wp-json\/wp\/v2\/pages\/2106\/revisions\/4123"}],"wp:attachment":[{"href":"https:\/\/facetours.ma\/fr\/wp-json\/wp\/v2\/media?parent=2106"}],"curies":[{"name":"wp","href":"https:\/\/api.w.org\/{rel}","templated":true}]}}