{"id":3686,"date":"2022-08-28T10:02:10","date_gmt":"2022-08-28T09:02:10","guid":{"rendered":"https:\/\/facetours.ma\/?post_type=product&#038;p=3686"},"modified":"2025-01-26T10:37:37","modified_gmt":"2025-01-26T09:37:37","slug":"tour-norte-marruecos-desde-fez","status":"publish","type":"product","link":"https:\/\/facetours.ma\/es\/mejores-circuitos-marruecos\/tour-norte-marruecos-desde-fez\/","title":{"rendered":"Tour por el Norte de Marruecos de 7 d\u00edas desde Fez"},"content":{"rendered":"<div class=\"wpb-content-wrapper\"><p>[vc_row][vc_column][vc_column_text css=&#8221;&#8221;]Tour por el Norte de Marruecos desde Fez<br \/>\nEmb\u00e1rcate en un fascinante tour de 7 d\u00edas por el norte de Marruecos, comenzando en la hist\u00f3rica Fez, la primera ciudad imperial del pa\u00eds. A lo largo de este recorrido, disfrutar\u00e1s de la belleza natural y cultural de lugares como Chefchaouen, la ciudad azul, y T\u00e1nger, la perla del norte. Adem\u00e1s, visitar\u00e1s Rabat, la capital administrativa, y Casablanca, la capital econ\u00f3mica. Un viaje inolvidable por las joyas del norte marroqu\u00ed.<\/p>\n<table class=\"table table-bordered tours-tabs__table\" style=\"height: 233px;\" width=\"862\">\n<tbody>\n<tr>\n<td><strong>Incluye<\/strong><\/td>\n<td><i class=\"fa fa-check icon-tick icon-tick--on\"><\/i>Transporte con conductor profesional.<br \/>\n<i class=\"fa fa-check icon-tick icon-tick--on\"><\/i>Aire acondicionado y combustible.<br \/>\n<i class=\"fa fa-check icon-tick icon-tick--on\"><\/i>Impuesto tur\u00edstico y tarifas de estacionamiento.<br \/>\n<i class=\"fa fa-check icon-tick icon-tick--on\"><\/i>Alojamiento en hotel o riad con desayuno.<br \/>\n<i class=\"fa fa-check icon-tick icon-tick--on\"><\/i>Gu\u00eda local y tarifas de entrada a monumentos.<br \/>\n<i class=\"fa fa-check icon-tick icon-tick--on\"><\/i>Recogida y traslado al hotel.<\/td>\n<\/tr>\n<tr>\n<td><strong>No incluye<\/strong><\/td>\n<td><i class=\"fa fa-times icon-tick icon-tick--off\"><\/i>Propinas.<br \/>\n<i class=\"fa fa-times icon-tick icon-tick--off\"><\/i>Bebidas.<br \/>\n<i class=\"fa fa-times icon-tick icon-tick--off\"><\/i>Almuerzos y cenas.<\/td>\n<\/tr>\n<\/tbody>\n<\/table>\n<p>[\/vc_column_text][\/vc_column][\/vc_row]<\/p>\n<\/div>","protected":false},"excerpt":{"rendered":"<p>Recorre el norte de Marruecos en un tour de 7 d\u00edas desde Fez. Historia, naturaleza y cultura en lugares como Chefchaouen, T\u00e1nger y Casablanca.<\/p>\n","protected":false},"featured_media":3363,"template":"","meta":[],"product_brand":[],"product_cat":[155],"product_tag":[],"class_list":{"0":"post-3686","1":"product","2":"type-product","3":"status-publish","4":"has-post-thumbnail","6":"product_cat-circuitos-fez","7":"tour_category-circuitos-desde-fez","9":"first","10":"instock","11":"virtual","12":"purchasable","13":"product-type-tour"},"_links":{"self":[{"href":"https:\/\/facetours.ma\/es\/wp-json\/wp\/v2\/product\/3686","targetHints":{"allow":["GET"]}}],"collection":[{"href":"https:\/\/facetours.ma\/es\/wp-json\/wp\/v2\/product"}],"about":[{"href":"https:\/\/facetours.ma\/es\/wp-json\/wp\/v2\/types\/product"}],"wp:featuredmedia":[{"embeddable":true,"href":"https:\/\/facetours.ma\/es\/wp-json\/wp\/v2\/media\/3363"}],"wp:attachment":[{"href":"https:\/\/facetours.ma\/es\/wp-json\/wp\/v2\/media?parent=3686"}],"wp:term":[{"taxonomy":"product_brand","embeddable":true,"href":"https:\/\/facetours.ma\/es\/wp-json\/wp\/v2\/product_brand?post=3686"},{"taxonomy":"product_cat","embeddable":true,"href":"https:\/\/facetours.ma\/es\/wp-json\/wp\/v2\/product_cat?post=3686"},{"taxonomy":"product_tag","embeddable":true,"href":"https:\/\/facetours.ma\/es\/wp-json\/wp\/v2\/product_tag?post=3686"}],"curies":[{"name":"wp","href":"https:\/\/api.w.org\/{rel}","templated":true}]}}