{"id":3679,"date":"2022-08-28T10:15:38","date_gmt":"2022-08-28T09:15:38","guid":{"rendered":"https:\/\/facetours.ma\/?post_type=product&#038;p=3679"},"modified":"2025-01-26T10:18:30","modified_gmt":"2025-01-26T09:18:30","slug":"tour-ciudades-imperiales-desde-fez-marruecos","status":"publish","type":"product","link":"https:\/\/facetours.ma\/es\/mejores-circuitos-marruecos\/tour-ciudades-imperiales-desde-fez-marruecos\/","title":{"rendered":"Tour de 8 d\u00edas por las Ciudades Imperiales de Marruecos desde Fez"},"content":{"rendered":"<div class=\"wpb-content-wrapper\"><p>[vc_row][vc_column][vc_column_text css=&#8221;&#8221;]Disfruta de un recorrido \u00fanico de <strong>8 d\u00edas<\/strong> por las <strong>ciudades imperiales de Marruecos<\/strong>, donde descubrir\u00e1s un fascinante mestizaje de historia, cultura y arquitectura. Desde las calles medievales de Fez hasta las modernas avenidas de Casablanca, pasando por la majestuosa Marrakech, este viaje te ofrece una experiencia completa de Marruecos. A lo largo del recorrido, explorar\u00e1s antiguas medinas, hermosos palacios, monumentos hist\u00f3ricos y disfrutar\u00e1s de la deliciosa gastronom\u00eda local.<\/p>\n<table class=\"table table-bordered tours-tabs__table\" style=\"height: 233px;\" width=\"862\">\n<tbody>\n<tr>\n<td><strong>Incluye<\/strong><\/td>\n<td><i class=\"fa fa-check icon-tick icon-tick--on\"><\/i>Recogida y traslado al hotel.<br \/>\n<i class=\"fa fa-check icon-tick icon-tick--on\"><\/i>Transporte con conductor profesional.<br \/>\n<i class=\"fa fa-check icon-tick icon-tick--on\"><\/i>Combustible y aire acondicionado.<br \/>\n<i class=\"fa fa-check icon-tick icon-tick--on\"><\/i>Impuesto tur\u00edstico y tarifas de estacionamiento.<br \/>\n<i class=\"fa fa-check icon-tick icon-tick--on\"><\/i>Alojamiento en hoteles o riads con desayuno.<br \/>\n<i class=\"fa fa-check icon-tick icon-tick--on\"><\/i>Gu\u00eda local y tarifas de entrada a monumentos.<\/td>\n<\/tr>\n<tr>\n<td><strong>No incluye<\/strong><\/td>\n<td><i class=\"fa fa-times icon-tick icon-tick--off\"><\/i>Propinas.<br \/>\n<i class=\"fa fa-times icon-tick icon-tick--off\"><\/i>Almuerzos y cenas.<br \/>\n<i class=\"fa fa-times icon-tick icon-tick--off\"><\/i>Bebidas.<\/td>\n<\/tr>\n<\/tbody>\n<\/table>\n<p>[\/vc_column_text][\/vc_column][\/vc_row]<\/p>\n<\/div>","protected":false},"excerpt":{"rendered":"<p>Recorre las ciudades imperiales de Marruecos en un tour de 8 d\u00edas desde Fez. Historia, cultura, arquitectura y paisajes \u00fanicos.<\/p>\n","protected":false},"featured_media":3296,"template":"","meta":[],"product_brand":[],"product_cat":[155],"product_tag":[],"class_list":{"0":"post-3679","1":"product","2":"type-product","3":"status-publish","4":"has-post-thumbnail","6":"product_cat-circuitos-fez","7":"tour_category-circuitos-desde-fez","9":"first","10":"instock","11":"shipping-taxable","12":"purchasable","13":"product-type-tour"},"_links":{"self":[{"href":"https:\/\/facetours.ma\/es\/wp-json\/wp\/v2\/product\/3679","targetHints":{"allow":["GET"]}}],"collection":[{"href":"https:\/\/facetours.ma\/es\/wp-json\/wp\/v2\/product"}],"about":[{"href":"https:\/\/facetours.ma\/es\/wp-json\/wp\/v2\/types\/product"}],"wp:featuredmedia":[{"embeddable":true,"href":"https:\/\/facetours.ma\/es\/wp-json\/wp\/v2\/media\/3296"}],"wp:attachment":[{"href":"https:\/\/facetours.ma\/es\/wp-json\/wp\/v2\/media?parent=3679"}],"wp:term":[{"taxonomy":"product_brand","embeddable":true,"href":"https:\/\/facetours.ma\/es\/wp-json\/wp\/v2\/product_brand?post=3679"},{"taxonomy":"product_cat","embeddable":true,"href":"https:\/\/facetours.ma\/es\/wp-json\/wp\/v2\/product_cat?post=3679"},{"taxonomy":"product_tag","embeddable":true,"href":"https:\/\/facetours.ma\/es\/wp-json\/wp\/v2\/product_tag?post=3679"}],"curies":[{"name":"wp","href":"https:\/\/api.w.org\/{rel}","templated":true}]}}