{"id":3659,"date":"2022-08-28T10:30:43","date_gmt":"2022-08-28T09:30:43","guid":{"rendered":"https:\/\/facetours.ma\/?post_type=product&#038;p=3659"},"modified":"2025-01-26T09:49:59","modified_gmt":"2025-01-26T08:49:59","slug":"gran-tour-desierto-fez","status":"publish","type":"product","link":"https:\/\/facetours.ma\/es\/mejores-circuitos-marruecos\/gran-tour-desierto-fez\/","title":{"rendered":"Gran Tour y Desierto desde Fez: 13 d\u00edas por Marruecos"},"content":{"rendered":"<div class=\"wpb-content-wrapper\"><p>[vc_row][vc_column][vc_column_text css=&#8221;&#8221;]Este incre\u00edble <strong>tour de 13 d\u00edas desde Fez<\/strong> te llevar\u00e1 a trav\u00e9s de las hist\u00f3ricas ciudades de Marruecos y la magia del desierto. Viajar\u00e1s hasta <strong>Merzouga<\/strong>, donde pasar\u00e1s una noche en un campamento de lujo en el desierto. Continuar\u00e1s hacia el <strong>Desfiladero de Todra<\/strong> y la incre\u00edble carretera zigzagueante del <strong>Valle de Dades<\/strong>, visitando la <strong>Kasbah Taourirt<\/strong> y la <strong>Kasbah Ait Ben Haddou<\/strong>, ambas protegidas por la UNESCO. Luego, explorar\u00e1s <strong>Marrakech<\/strong> con sus ex\u00f3ticos zocos y mercados, para seguir hacia <strong>Essaouira<\/strong>, una ciudad costera protegida del siglo XVIII. La aventura contin\u00faa en la moderna <strong>Casablanca<\/strong>, las ciudades imperiales de <strong>Rabat<\/strong> y <strong>Meknes<\/strong>, y, por supuesto, la hist\u00f3rica <strong>Fez<\/strong>.<\/p>\n<table class=\"table table-bordered tours-tabs__table\" style=\"height: 233px;\" width=\"862\">\n<tbody>\n<tr>\n<td><strong>Incluye<\/strong><\/td>\n<td><i class=\"fa fa-check icon-tick icon-tick--on\"><\/i>Transporte con conductor.<br \/>\n<i class=\"fa fa-check icon-tick icon-tick--on\"><\/i>Aire acondicionado &amp; combustible.<br \/>\n<i class=\"fa fa-check icon-tick icon-tick--on\"><\/i>Impuesto tur\u00edstico &amp; tasas de estacionamiento.<br \/>\n<i class=\"fa fa-check icon-tick icon-tick--on\"><\/i>Alojamiento en hotel o riad con desayuno.<br \/>\n<i class=\"fa fa-check icon-tick icon-tick--on\"><\/i>Paseo en camello y alojamiento en campamento des\u00e9rtico est\u00e1ndar o de lujo en Merzouga.<br \/>\n<i class=\"fa fa-check icon-tick icon-tick--on\"><\/i>Gu\u00eda local &amp; entrada a monumentos.<br \/>\n<i class=\"fa fa-check icon-tick icon-tick--on\"><\/i>Recogida y traslado de regreso.<\/td>\n<\/tr>\n<tr>\n<td><strong>No incluye<\/strong><\/td>\n<td><i class=\"fa fa-times icon-tick icon-tick--off\"><\/i>Almuerzos y cenas.<br \/>\n<i class=\"fa fa-times icon-tick icon-tick--off\"><\/i>Propinas.<br \/>\n<i class=\"fa fa-times icon-tick icon-tick--off\"><\/i>Bebidas.<\/td>\n<\/tr>\n<\/tbody>\n<\/table>\n<p>[\/vc_column_text][\/vc_column][\/vc_row]<\/p>\n<\/div>","protected":false},"excerpt":{"rendered":"<p>Un tour de 13 d\u00edas desde Fez, explorando el desierto, kasbahs hist\u00f3ricas, las ciudades imperiales y paisajes \u00fanicos de Marruecos, desde Marrakech hasta Casablanca y Essaouira.<\/p>\n","protected":false},"featured_media":3400,"template":"","meta":[],"product_brand":[],"product_cat":[155],"product_tag":[],"class_list":{"0":"post-3659","1":"product","2":"type-product","3":"status-publish","4":"has-post-thumbnail","6":"product_cat-circuitos-fez","7":"tour_category-circuitos-desde-fez","9":"first","10":"instock","11":"virtual","12":"purchasable","13":"product-type-tour"},"_links":{"self":[{"href":"https:\/\/facetours.ma\/es\/wp-json\/wp\/v2\/product\/3659","targetHints":{"allow":["GET"]}}],"collection":[{"href":"https:\/\/facetours.ma\/es\/wp-json\/wp\/v2\/product"}],"about":[{"href":"https:\/\/facetours.ma\/es\/wp-json\/wp\/v2\/types\/product"}],"wp:featuredmedia":[{"embeddable":true,"href":"https:\/\/facetours.ma\/es\/wp-json\/wp\/v2\/media\/3400"}],"wp:attachment":[{"href":"https:\/\/facetours.ma\/es\/wp-json\/wp\/v2\/media?parent=3659"}],"wp:term":[{"taxonomy":"product_brand","embeddable":true,"href":"https:\/\/facetours.ma\/es\/wp-json\/wp\/v2\/product_brand?post=3659"},{"taxonomy":"product_cat","embeddable":true,"href":"https:\/\/facetours.ma\/es\/wp-json\/wp\/v2\/product_cat?post=3659"},{"taxonomy":"product_tag","embeddable":true,"href":"https:\/\/facetours.ma\/es\/wp-json\/wp\/v2\/product_tag?post=3659"}],"curies":[{"name":"wp","href":"https:\/\/api.w.org\/{rel}","templated":true}]}}