{"id":3636,"date":"2022-08-28T10:37:54","date_gmt":"2022-08-28T09:37:54","guid":{"rendered":"https:\/\/facetours.ma\/?post_type=product&#038;p=3636"},"modified":"2025-01-26T09:31:54","modified_gmt":"2025-01-26T08:31:54","slug":"tour-3-dias-fez-marrakech-merzouga","status":"publish","type":"product","link":"https:\/\/facetours.ma\/es\/mejores-circuitos-marruecos\/tour-3-dias-fez-marrakech-merzouga\/","title":{"rendered":"Tour de 3 D\u00edas desde Fez a Marrakech a trav\u00e9s de Merzouga"},"content":{"rendered":"<div class=\"wpb-content-wrapper\"><p>[vc_row][vc_column][vc_column_text css=&#8221;&#8221;]<\/p>\n<p align=\"justify\">Este tour de 3 d\u00edas y 2 noches desde Fez a Marrakech es una experiencia \u00fanica para explorar el desierto de Merzouga, atravesando paisajes impresionantes de Marruecos. Comenzamos en el Bosque de Azrou, hogar de los monos de Barbary, para luego dirigirnos hacia el desierto de Merzouga. Aqu\u00ed, viviremos una experiencia m\u00e1gica montando camellos y disfrutando de las vistas del atardecer y el amanecer sobre las dunas. Continuamos hacia el Desfiladero del Todra, una maravilla natural en las Monta\u00f1as del Alto Atlas, para llegar luego a Ouarzazate, conocida como el &#8220;Hollywood de Marruecos&#8221;. Visitaremos el famoso Kasbah Ait Ben Haddou, un sitio declarado Patrimonio de la Humanidad por la UNESCO. Finalmente, terminamos el recorrido en Marrakech, la segunda ciudad imperial de Marruecos.<\/p>\n<p>[\/vc_column_text][vc_column_text css=&#8221;&#8221;]<\/p>\n<table class=\"table table-bordered tours-tabs__table\" style=\"height: 233px;\" width=\"862\">\n<tbody>\n<tr>\n<td><strong>Incluye<\/strong><\/td>\n<td><i class=\"fa fa-check icon-tick icon-tick--on\"><\/i>Transporte con conductor<br \/>\n<i class=\"fa fa-check icon-tick icon-tick--on\"><\/i>Combustible y tasas de estacionamiento.<br \/>\n<i class=\"fa fa-check icon-tick icon-tick--on\"><\/i>Gu\u00eda o conductor profesional.<br \/>\n<i class=\"fa fa-check icon-tick icon-tick--on\"><\/i>Impuestos tur\u00edsticos y aire acondicionado.<br \/>\n<i class=\"fa fa-check icon-tick icon-tick--on\"><\/i>Alojamiento en hotel o riad con desayuno.<br \/>\n<i class=\"fa fa-check icon-tick icon-tick--on\"><\/i>Paseo en camello y alojamiento en campamento des\u00e9rtico est\u00e1ndar o de lujo en Merzouga con media pensi\u00f3n.<br \/>\n<i class=\"fa fa-check icon-tick icon-tick--on\"><\/i>Recogida y traslado de regreso.<br \/>\n<i class=\"fa fa-check icon-tick icon-tick--on\"><\/i>Entradas a monumentos y gu\u00eda local.<\/td>\n<\/tr>\n<tr>\n<td><strong>No incluye<\/strong><\/td>\n<td><i class=\"fa fa-times icon-tick icon-tick--off\"><\/i>Almuerzos y cena del segundo d\u00eda.<br \/>\n<i class=\"fa fa-times icon-tick icon-tick--off\"><\/i>Paseo en quad y sandboarding.<br \/>\n<i class=\"fa fa-times icon-tick icon-tick--off\"><\/i>Propinas.<\/td>\n<\/tr>\n<\/tbody>\n<\/table>\n<p>[\/vc_column_text][\/vc_column][\/vc_row]<\/p>\n<\/div>","protected":false},"excerpt":{"rendered":"<p>Emb\u00e1rcate en una aventura \u00fanica de 3 d\u00edas desde Fez a Marrakech, atravesando el desierto de Merzouga, el Valle del Todra y sitios Patrimonio de la Humanidad como la Kasbah Ait Ben Haddou.<\/p>\n","protected":false},"featured_media":3637,"template":"","meta":[],"product_brand":[],"product_cat":[155],"product_tag":[],"class_list":{"0":"post-3636","1":"product","2":"type-product","3":"status-publish","4":"has-post-thumbnail","6":"product_cat-circuitos-fez","7":"tour_category-circuitos-desde-fez","9":"first","10":"instock","11":"virtual","12":"purchasable","13":"product-type-tour"},"_links":{"self":[{"href":"https:\/\/facetours.ma\/es\/wp-json\/wp\/v2\/product\/3636","targetHints":{"allow":["GET"]}}],"collection":[{"href":"https:\/\/facetours.ma\/es\/wp-json\/wp\/v2\/product"}],"about":[{"href":"https:\/\/facetours.ma\/es\/wp-json\/wp\/v2\/types\/product"}],"wp:featuredmedia":[{"embeddable":true,"href":"https:\/\/facetours.ma\/es\/wp-json\/wp\/v2\/media\/3637"}],"wp:attachment":[{"href":"https:\/\/facetours.ma\/es\/wp-json\/wp\/v2\/media?parent=3636"}],"wp:term":[{"taxonomy":"product_brand","embeddable":true,"href":"https:\/\/facetours.ma\/es\/wp-json\/wp\/v2\/product_brand?post=3636"},{"taxonomy":"product_cat","embeddable":true,"href":"https:\/\/facetours.ma\/es\/wp-json\/wp\/v2\/product_cat?post=3636"},{"taxonomy":"product_tag","embeddable":true,"href":"https:\/\/facetours.ma\/es\/wp-json\/wp\/v2\/product_tag?post=3636"}],"curies":[{"name":"wp","href":"https:\/\/api.w.org\/{rel}","templated":true}]}}