{"id":3574,"date":"2022-08-27T10:08:31","date_gmt":"2022-08-27T09:08:31","guid":{"rendered":"https:\/\/facetours.ma\/?post_type=product&#038;p=3574"},"modified":"2025-01-25T10:49:06","modified_gmt":"2025-01-25T09:49:06","slug":"tour-merzouga-4-dias-desde-agadir","status":"publish","type":"product","link":"https:\/\/facetours.ma\/es\/mejores-circuitos-marruecos\/tour-merzouga-4-dias-desde-agadir\/","title":{"rendered":"Tour Merzouga desde Agadir | 4 D\u00edas al Desierto"},"content":{"rendered":"<div class=\"wpb-content-wrapper\"><p>[vc_row][vc_column][vc_column_text]Descubre la magia del desierto de Merzouga con este tour de 4 d\u00edas y 3 noches desde Agadir. Exploraremos el sureste de Marruecos, el impresionante Sahara, y disfrutaremos de la aut\u00e9ntica m\u00fasica Gnaoua. Cabalgaremos en camello hasta lo alto de las dunas para contemplar el atardecer, una experiencia de aventura y relajaci\u00f3n bajo las estrellas en un campamento en el desierto. Visitaremos la Kasbah de Ait Ben Haddou, un hist\u00f3rico Ksar declarado Patrimonio de la Humanidad por la UNESCO.<\/p>\n<table class=\"table table-bordered tours-tabs__table\" style=\"height: 233px;\" width=\"862\">\n<tbody>\n<tr>\n<td><strong>Incluido<\/strong><\/td>\n<td>\n<table class=\"table table-bordered\" style=\"height: 62px;\" width=\"300\">\n<tbody>\n<tr>\n<td><i class=\"fa fa-check icon-tick icon-tick--on\"><\/i>Transporte con conductor.<\/td>\n<\/tr>\n<tr>\n<td><i class=\"fa fa-check icon-tick icon-tick--on\"><\/i>Traslados de recogida y regreso.<\/td>\n<\/tr>\n<tr>\n<td><i class=\"fa fa-check icon-tick icon-tick--on\"><\/i>Gu\u00eda o conductor profesional.<\/td>\n<\/tr>\n<tr>\n<td><i class=\"fa fa-check icon-tick icon-tick--on\"><\/i>Aire acondicionado.<\/td>\n<\/tr>\n<tr>\n<td><i class=\"fa fa-check icon-tick icon-tick--on\"><\/i>Impuestos tur\u00edsticos y tasas de aparcamiento.<\/td>\n<\/tr>\n<tr>\n<td><i class=\"fa fa-check icon-tick icon-tick--on\"><\/i>Alojamiento en hotel o riad con desayuno.<\/td>\n<\/tr>\n<tr>\n<td><i class=\"fa fa-check icon-tick icon-tick--on\"><\/i>Paseo en camello y alojamiento en campamento de lujo o est\u00e1ndar en Merzouga.<\/td>\n<\/tr>\n<tr>\n<td><i class=\"fa fa-check icon-tick icon-tick--on\"><\/i>Gu\u00eda local y entradas a monumentos.<\/td>\n<\/tr>\n<\/tbody>\n<\/table>\n<\/td>\n<\/tr>\n<tr>\n<td><b>Excluido<\/b><\/td>\n<td>\n<table class=\"table table-bordered\" style=\"height: 62px;\" width=\"300\">\n<tbody>\n<tr>\n<td><i class=\"fa fa-times icon-tick icon-tick--off\"><\/i>Propinas.<\/td>\n<\/tr>\n<tr>\n<td><i class=\"fa fa-times icon-tick icon-tick--off\"><\/i>Almuerzos y cenas.<\/td>\n<\/tr>\n<tr>\n<td><i class=\"fa fa-times icon-tick icon-tick--off\"><\/i>Bebidas.<\/td>\n<\/tr>\n<\/tbody>\n<\/table>\n<\/td>\n<\/tr>\n<\/tbody>\n<\/table>\n<p>[\/vc_column_text][\/vc_column][\/vc_row]<\/p>\n<\/div>","protected":false},"excerpt":{"rendered":"<p>Vive una experiencia inolvidable en el desierto de Merzouga con este tour de 4 d\u00edas desde Agadir, explorando el Sahara, disfrutando de la m\u00fasica Gnaoua y admirando paisajes \u00fanicos.<\/p>\n","protected":false},"featured_media":3145,"template":"","meta":[],"product_brand":[],"product_cat":[153],"product_tag":[],"class_list":{"0":"post-3574","1":"product","2":"type-product","3":"status-publish","4":"has-post-thumbnail","6":"product_cat-circuitos-agadir","7":"tour_category-circuitos-desde-agadir","9":"first","10":"instock","11":"virtual","12":"purchasable","13":"product-type-tour"},"_links":{"self":[{"href":"https:\/\/facetours.ma\/es\/wp-json\/wp\/v2\/product\/3574","targetHints":{"allow":["GET"]}}],"collection":[{"href":"https:\/\/facetours.ma\/es\/wp-json\/wp\/v2\/product"}],"about":[{"href":"https:\/\/facetours.ma\/es\/wp-json\/wp\/v2\/types\/product"}],"wp:featuredmedia":[{"embeddable":true,"href":"https:\/\/facetours.ma\/es\/wp-json\/wp\/v2\/media\/3145"}],"wp:attachment":[{"href":"https:\/\/facetours.ma\/es\/wp-json\/wp\/v2\/media?parent=3574"}],"wp:term":[{"taxonomy":"product_brand","embeddable":true,"href":"https:\/\/facetours.ma\/es\/wp-json\/wp\/v2\/product_brand?post=3574"},{"taxonomy":"product_cat","embeddable":true,"href":"https:\/\/facetours.ma\/es\/wp-json\/wp\/v2\/product_cat?post=3574"},{"taxonomy":"product_tag","embeddable":true,"href":"https:\/\/facetours.ma\/es\/wp-json\/wp\/v2\/product_tag?post=3574"}],"curies":[{"name":"wp","href":"https:\/\/api.w.org\/{rel}","templated":true}]}}