{"id":3470,"date":"2022-08-28T09:43:25","date_gmt":"2022-08-28T08:43:25","guid":{"rendered":"https:\/\/facetours.ma\/?post_type=product&#038;p=3470"},"modified":"2025-01-24T23:17:30","modified_gmt":"2025-01-24T22:17:30","slug":"tour-fez-3-dias-desde-marrakech-merzouga","status":"publish","type":"product","link":"https:\/\/facetours.ma\/es\/mejores-circuitos-marruecos\/tour-fez-3-dias-desde-marrakech-merzouga\/","title":{"rendered":"Tour a Fez desde Marrakech v\u00eda Merzouga | 3 D\u00edas"},"content":{"rendered":"<div class=\"wpb-content-wrapper\"><p>[vc_row][vc_column][vc_column_text]Explora el tour de 3 d\u00edas y 2 noches a Fez desde Marrakech a trav\u00e9s de Merzouga. Es el tour m\u00e1s vendido, elegido por nuestros clientes, para explorar dos ciudades imperiales, Fez y Marrakech, y el desierto. El tour nos lleva desde el norte de Marruecos hasta el sureste, en Merzouga, Erg Chebbi, donde pasaremos una noche bajo una tienda de campa\u00f1a alrededor de una fogata y disfrutaremos de m\u00fasica local animada por j\u00f3venes de la zona. Al d\u00eda siguiente, descubriremos Todra, las gargantas del Dades y Ait Ben Haddou, para terminar nuestro recorrido en Fez.<\/p>\n<table class=\"table table-bordered tours-tabs__table\" style=\"height: 233px;\" width=\"862\">\n<tbody>\n<tr>\n<td><strong>Incluido<\/strong><\/td>\n<td>\n<table class=\"table table-bordered\" style=\"height: 62px;\" width=\"300\">\n<tbody>\n<tr>\n<td><i class=\"fa fa-check icon-tick icon-tick--on\"><\/i>Transporte con conductor.<\/td>\n<\/tr>\n<tr>\n<td><i class=\"fa fa-check icon-tick icon-tick--on\"><\/i>Combustible y aire acondicionado.<\/td>\n<\/tr>\n<tr>\n<td><i class=\"fa fa-check icon-tick icon-tick--on\"><\/i>Impuestos tur\u00edsticos y gastos de estacionamiento.<\/td>\n<\/tr>\n<tr>\n<td><i class=\"fa fa-check icon-tick icon-tick--on\"><\/i>Gu\u00eda o conductor profesional.<\/td>\n<\/tr>\n<tr>\n<td><i class=\"fa fa-check icon-tick icon-tick--on\"><\/i>Gu\u00eda local y entradas a monumentos.<\/td>\n<\/tr>\n<tr>\n<td><i class=\"fa fa-check icon-tick icon-tick--on\"><\/i>Alojamiento en hotel o riad con desayuno.<\/td>\n<\/tr>\n<tr>\n<td><i class=\"fa fa-check icon-tick icon-tick--on\"><\/i>Paseo en camello y alojamiento en campamento est\u00e1ndar o de lujo en el desierto de Merzouga con media pensi\u00f3n.<\/td>\n<\/tr>\n<\/tbody>\n<\/table>\n<\/td>\n<\/tr>\n<tr>\n<td><b>Excluido<\/b><\/td>\n<td>\n<table class=\"table table-bordered\" style=\"height: 62px;\" width=\"300\">\n<tbody>\n<tr>\n<td><i class=\"fa fa-times icon-tick icon-tick--off\"><\/i>Bebidas.<\/td>\n<\/tr>\n<tr>\n<td><i class=\"fa fa-times icon-tick icon-tick--off\"><\/i>Propinas.<\/td>\n<\/tr>\n<tr>\n<td><i class=\"fa fa-times icon-tick icon-tick--off\"><\/i>Almuerzos y cenas.<\/td>\n<\/tr>\n<\/tbody>\n<\/table>\n<\/td>\n<\/tr>\n<\/tbody>\n<\/table>\n<p>[\/vc_column_text][\/vc_column][\/vc_row]<\/p>\n<\/div>","protected":false},"excerpt":{"rendered":"<p>Viaja de Marrakech a Fez a trav\u00e9s del desierto de Merzouga en 3 d\u00edas. Experimenta la cultura bereber, paisajes \u00fanicos y ciudades imperiales.<\/p>\n","protected":false},"featured_media":3358,"template":"","meta":[],"product_brand":[],"product_cat":[156],"product_tag":[],"class_list":{"0":"post-3470","1":"product","2":"type-product","3":"status-publish","4":"has-post-thumbnail","6":"product_cat-circuitos-marrakech","7":"tour_category-circuitos-desde-marrakech","9":"first","10":"instock","11":"virtual","12":"purchasable","13":"product-type-tour"},"_links":{"self":[{"href":"https:\/\/facetours.ma\/es\/wp-json\/wp\/v2\/product\/3470","targetHints":{"allow":["GET"]}}],"collection":[{"href":"https:\/\/facetours.ma\/es\/wp-json\/wp\/v2\/product"}],"about":[{"href":"https:\/\/facetours.ma\/es\/wp-json\/wp\/v2\/types\/product"}],"wp:featuredmedia":[{"embeddable":true,"href":"https:\/\/facetours.ma\/es\/wp-json\/wp\/v2\/media\/3358"}],"wp:attachment":[{"href":"https:\/\/facetours.ma\/es\/wp-json\/wp\/v2\/media?parent=3470"}],"wp:term":[{"taxonomy":"product_brand","embeddable":true,"href":"https:\/\/facetours.ma\/es\/wp-json\/wp\/v2\/product_brand?post=3470"},{"taxonomy":"product_cat","embeddable":true,"href":"https:\/\/facetours.ma\/es\/wp-json\/wp\/v2\/product_cat?post=3470"},{"taxonomy":"product_tag","embeddable":true,"href":"https:\/\/facetours.ma\/es\/wp-json\/wp\/v2\/product_tag?post=3470"}],"curies":[{"name":"wp","href":"https:\/\/api.w.org\/{rel}","templated":true}]}}