{"id":3343,"date":"2022-08-26T13:38:32","date_gmt":"2022-08-26T12:38:32","guid":{"rendered":"https:\/\/facetours.ma\/?post_type=product&#038;p=3343"},"modified":"2025-01-24T22:39:18","modified_gmt":"2025-01-24T21:39:18","slug":"circuito-ciudades-imperiales-marruecos-casablanca","status":"publish","type":"product","link":"https:\/\/facetours.ma\/es\/mejores-circuitos-marruecos\/circuito-ciudades-imperiales-marruecos-casablanca\/","title":{"rendered":"Tour Ciudades Imperiales Marruecos desde Casablanca | 8 D\u00edas"},"content":{"rendered":"<div class=\"wpb-content-wrapper\"><p>[vc_row][vc_column][vc_column_text css=&#8221;&#8221;]Tour por las Ciudades Imperiales desde Casablanca, de 8 d\u00edas y 7 noches. Es un excelente itinerario para descubrir las cuatro ciudades hist\u00f3ricas capitales de Marruecos: Fez, Marrakech, Meknes y Rabat. Rabat es la capital actual de Marruecos. Estas ciudades contienen antiguas medinas y zocos, t\u00edpicamente amuralladas, con muchas calles estrechas y laber\u00ednticas, que mezclan el patrimonio hist\u00f3rico isl\u00e1mico con un patrimonio jud\u00edo \u00fanico.[\/vc_column_text][vc_column_text css=&#8221;&#8221;]<\/p>\n<table class=\"table table-bordered tours-tabs__table\" style=\"height: 233px;\" width=\"862\">\n<tbody>\n<tr>\n<td><strong>Incluido<\/strong><\/td>\n<td><i class=\"fa fa-check icon-tick icon-tick--on\"><\/i>Transporte con ch\u00f3fer.<br \/>\n<i class=\"fa fa-check icon-tick icon-tick--on\"><\/i>Gu\u00eda o ch\u00f3fer profesional.<br \/>\n<i class=\"fa fa-check icon-tick icon-tick--on\"><\/i>Combustible y aire acondicionado.<br \/>\n<i class=\"fa fa-check icon-tick icon-tick--on\"><\/i>Impuestos tur\u00edsticos y gastos de estacionamiento.<br \/>\n<i class=\"fa fa-check icon-tick icon-tick--on\"><\/i>Alojamiento en hotel o Riad con desayuno incluido.<br \/>\n<i class=\"fa fa-check icon-tick icon-tick--on\"><\/i>Gu\u00eda local y entradas a los monumentos.<\/td>\n<\/tr>\n<tr>\n<td><b>No incluido<\/b><\/td>\n<td><i class=\"fa fa-times icon-tick icon-tick--off\"><\/i>Bebidas.<br \/>\n<i class=\"fa fa-times icon-tick icon-tick--off\"><\/i>Propinas.<br \/>\n<i class=\"fa fa-times icon-tick icon-tick--off\"><\/i>Almuerzos y cenas.<\/td>\n<\/tr>\n<\/tbody>\n<\/table>\n<p>[\/vc_column_text][\/vc_column][\/vc_row]<\/p>\n<\/div>","protected":false},"excerpt":{"rendered":"<p>Viaje inolvidable por las ciudades imperiales de Marruecos desde Casablanca. Explora la rica historia y cultura de Fez, Marrakech, Meknes y Rabat.<\/p>\n","protected":false},"featured_media":3014,"template":"","meta":[],"product_brand":[],"product_cat":[154],"product_tag":[],"class_list":{"0":"post-3343","1":"product","2":"type-product","3":"status-publish","4":"has-post-thumbnail","6":"product_cat-circuitos-casablanca","7":"tour_category-circuitos-desde-casablanca","9":"first","10":"instock","11":"shipping-taxable","12":"purchasable","13":"product-type-tour"},"_links":{"self":[{"href":"https:\/\/facetours.ma\/es\/wp-json\/wp\/v2\/product\/3343","targetHints":{"allow":["GET"]}}],"collection":[{"href":"https:\/\/facetours.ma\/es\/wp-json\/wp\/v2\/product"}],"about":[{"href":"https:\/\/facetours.ma\/es\/wp-json\/wp\/v2\/types\/product"}],"wp:featuredmedia":[{"embeddable":true,"href":"https:\/\/facetours.ma\/es\/wp-json\/wp\/v2\/media\/3014"}],"wp:attachment":[{"href":"https:\/\/facetours.ma\/es\/wp-json\/wp\/v2\/media?parent=3343"}],"wp:term":[{"taxonomy":"product_brand","embeddable":true,"href":"https:\/\/facetours.ma\/es\/wp-json\/wp\/v2\/product_brand?post=3343"},{"taxonomy":"product_cat","embeddable":true,"href":"https:\/\/facetours.ma\/es\/wp-json\/wp\/v2\/product_cat?post=3343"},{"taxonomy":"product_tag","embeddable":true,"href":"https:\/\/facetours.ma\/es\/wp-json\/wp\/v2\/product_tag?post=3343"}],"curies":[{"name":"wp","href":"https:\/\/api.w.org\/{rel}","templated":true}]}}