{"id":3238,"date":"2022-08-30T12:05:48","date_gmt":"2022-08-30T11:05:48","guid":{"rendered":"https:\/\/facetours.ma\/?post_type=product&#038;p=3238"},"modified":"2025-01-24T16:09:29","modified_gmt":"2025-01-24T15:09:29","slug":"fez-city-tour","status":"publish","type":"product","link":"https:\/\/facetours.ma\/es\/mejores-circuitos-marruecos\/fez-city-tour\/","title":{"rendered":"Excursi\u00f3n por Fez | Descubre la Ciudad Imperial"},"content":{"rendered":"<div class=\"wpb-content-wrapper\"><p>[vc_row][vc_column][vc_column_text css=&#8221;&#8221;]Por la ma\u00f1ana, realizaremos una visita por la ciudad de Fez, cuyo nombre significa &#8220;pico&#8221; en \u00e1rabe. Fez es una de las primeras ciudades imperiales de Marruecos, ubicada en el interior norte del pa\u00eds. Fez se compone de dos antiguos barrios de la medina: Fez el Bali y Fez el Jdid.<\/p>\n<p>Comenzaremos nuestro recorrido en Fez el Jdid, en la Puerta Real Dorada, y visitaremos el Mellah (el antiguo barrio jud\u00edo). Despu\u00e9s, nos trasladaremos al Borj Sur, una colina con vistas a la antigua Medina de Fez el Bali. A continuaci\u00f3n, visitaremos una f\u00e1brica de cer\u00e1mica y continuaremos hacia Fez el Bali para descubrir sus monumentos hist\u00f3ricos.<\/p>\n<p>Visitaremos la Medersa El-Attarine, una madraza en Fez cerca de la Mezquita Al-Qarawiyyin, construida por el sult\u00e1n marin\u00ed Uthman II Abu Said en 1323. Despu\u00e9s, veremos la Mezquita Al-Qarawiyyin, fundada como mezquita por F\u00e1tima al-Fihri entre 857 y 859, que posteriormente se convirti\u00f3 en uno de los principales centros espirituales y educativos del patrimonio mundial musulm\u00e1n.<\/p>\n<p>Al final de nuestra visita, exploraremos las Curtidur\u00edas Chouara de Fez, que, al igual que las de Marrakech, no han cambiado desde la \u00e9poca medieval. Despu\u00e9s, regresaremos al hotel.<\/p>\n<table class=\"table table-bordered tours-tabs__table\" style=\"height: 233px;\" width=\"862\">\n<tbody>\n<tr>\n<td><strong>Incluido<\/strong><\/td>\n<td>\n<table class=\"table table-bordered\" style=\"height: 62px;\" width=\"300\">\n<tbody>\n<tr>\n<td><i class=\"fa fa-check icon-tick icon-tick--on\"><\/i>Transporte con conductor.<\/td>\n<\/tr>\n<tr>\n<td><i class=\"fa fa-check icon-tick icon-tick--on\"><\/i>Gu\u00eda local.<\/td>\n<\/tr>\n<tr>\n<td><i class=\"fa fa-check icon-tick icon-tick--on\"><\/i>Entrada a monumentos.<\/td>\n<\/tr>\n<tr>\n<td><i class=\"fa fa-check icon-tick icon-tick--on\"><\/i>Combustible y aire acondicionado.<\/td>\n<\/tr>\n<tr>\n<td><i class=\"fa fa-check icon-tick icon-tick--on\"><\/i>Impuestos tur\u00edsticos y gastos de aparcamiento.<\/td>\n<\/tr>\n<\/tbody>\n<\/table>\n<\/td>\n<\/tr>\n<tr>\n<td><b>No incluido<\/b><\/td>\n<td>\n<table class=\"table table-bordered\" style=\"height: 62px;\" width=\"300\">\n<tbody>\n<tr>\n<td><i class=\"fa fa-times icon-tick icon-tick--off\"><\/i>Almuerzo.<\/td>\n<\/tr>\n<tr>\n<td><i class=\"fa fa-times icon-tick icon-tick--off\"><\/i>Bebidas.<\/td>\n<\/tr>\n<tr>\n<td><i class=\"fa fa-times icon-tick icon-tick--off\"><\/i>Propinas.<\/td>\n<\/tr>\n<\/tbody>\n<\/table>\n<\/td>\n<\/tr>\n<\/tbody>\n<\/table>\n<p>[\/vc_column_text][\/vc_column][\/vc_row]<\/p>\n<\/div>","protected":false},"excerpt":{"rendered":"<p>Recorrido por la ciudad de Fez, incluyendo la Puerta Real Dorada, el Mellah, la Medersa El-Attarine, la Mezquita Al-Qarawiyyin y las Curtidur\u00edas Chouara.<\/p>\n","protected":false},"featured_media":3240,"template":"","meta":[],"product_brand":[],"product_cat":[150],"product_tag":[],"class_list":{"0":"post-3238","1":"product","2":"type-product","3":"status-publish","4":"has-post-thumbnail","6":"product_cat-excursiones-fez","7":"tour_category-excursiones-desde-fez","9":"first","10":"instock","11":"shipping-taxable","12":"purchasable","13":"product-type-tour"},"_links":{"self":[{"href":"https:\/\/facetours.ma\/es\/wp-json\/wp\/v2\/product\/3238","targetHints":{"allow":["GET"]}}],"collection":[{"href":"https:\/\/facetours.ma\/es\/wp-json\/wp\/v2\/product"}],"about":[{"href":"https:\/\/facetours.ma\/es\/wp-json\/wp\/v2\/types\/product"}],"wp:featuredmedia":[{"embeddable":true,"href":"https:\/\/facetours.ma\/es\/wp-json\/wp\/v2\/media\/3240"}],"wp:attachment":[{"href":"https:\/\/facetours.ma\/es\/wp-json\/wp\/v2\/media?parent=3238"}],"wp:term":[{"taxonomy":"product_brand","embeddable":true,"href":"https:\/\/facetours.ma\/es\/wp-json\/wp\/v2\/product_brand?post=3238"},{"taxonomy":"product_cat","embeddable":true,"href":"https:\/\/facetours.ma\/es\/wp-json\/wp\/v2\/product_cat?post=3238"},{"taxonomy":"product_tag","embeddable":true,"href":"https:\/\/facetours.ma\/es\/wp-json\/wp\/v2\/product_tag?post=3238"}],"curies":[{"name":"wp","href":"https:\/\/api.w.org\/{rel}","templated":true}]}}