{"id":3236,"date":"2022-08-30T12:08:46","date_gmt":"2022-08-30T11:08:46","guid":{"rendered":"https:\/\/facetours.ma\/?post_type=product&#038;p=3236"},"modified":"2025-01-24T15:55:28","modified_gmt":"2025-01-24T14:55:28","slug":"meknes-volubilis-excursion-fez","status":"publish","type":"product","link":"https:\/\/facetours.ma\/es\/mejores-circuitos-marruecos\/meknes-volubilis-excursion-fez\/","title":{"rendered":"Excursi\u00f3n a Meknes y Volubilis desde Fez | Ciudades Imperiales"},"content":{"rendered":"<div class=\"wpb-content-wrapper\"><p>[vc_row][vc_column][vc_column_text]Excursi\u00f3n de un d\u00eda a Volubilis y Meknes desde Fez. Descubre Volubilis, las ruinas romanas protegidas por la UNESCO, explorando casas de comerciantes, templos y numerosos mosaicos in situ. Despu\u00e9s, pasaremos por la ciudad sagrada de Moulay Idriss Zerhoun y continuaremos hacia Meknes, la capital ismail\u00ed bajo el reinado del sult\u00e1n Moulay Ismail (1672\u20131727). Meknes es una de las cuatro ciudades imperiales de Marruecos, situada en el centro norte del pa\u00eds, fundada en el siglo XI por los almor\u00e1vides como un asentamiento militar.<\/p>\n<p>Visitaremos Bab Mansour, una monumental puerta en la ciudad de Meknes, ubicada en el lado sur de la Plaza el-Hedim. Despu\u00e9s, continuaremos nuestra visita a la Madrasa Bou Inania y finalizaremos nuestro recorrido en el Mausoleo de Moulay Ismail. Tras disfrutar de nuestra visita a Meknes, almorzaremos en un restaurante local (no incluido) y, despu\u00e9s de una deliciosa comida, regresaremos a Fez.<\/p>\n<table class=\"table table-bordered tours-tabs__table\" style=\"height: 233px;\" width=\"862\">\n<tbody>\n<tr>\n<td><strong>Incluido<\/strong><\/td>\n<td>\n<table class=\"table table-bordered\" style=\"height: 62px;\" width=\"300\">\n<tbody>\n<tr>\n<td><i class=\"fa fa-check icon-tick icon-tick--on\"><\/i>Transporte con conductor.<\/td>\n<\/tr>\n<tr>\n<td><i class=\"fa fa-check icon-tick icon-tick--on\"><\/i>Gu\u00eda o conductor profesional.<\/td>\n<\/tr>\n<tr>\n<td><i class=\"fa fa-check icon-tick icon-tick--on\"><\/i>Gu\u00eda local y entrada a monumentos.<\/td>\n<\/tr>\n<tr>\n<td><i class=\"fa fa-check icon-tick icon-tick--on\"><\/i>Combustible y aire acondicionado.<\/td>\n<\/tr>\n<tr>\n<td><i class=\"fa fa-check icon-tick icon-tick--on\"><\/i>Impuestos tur\u00edsticos y gastos de aparcamiento.<\/td>\n<\/tr>\n<\/tbody>\n<\/table>\n<\/td>\n<\/tr>\n<tr>\n<td><b>No incluido<\/b><\/td>\n<td>\n<table class=\"table table-bordered\" style=\"height: 62px;\" width=\"300\">\n<tbody>\n<tr>\n<td><i class=\"fa fa-times icon-tick icon-tick--off\"><\/i>Almuerzo.<\/td>\n<\/tr>\n<tr>\n<td><i class=\"fa fa-times icon-tick icon-tick--off\"><\/i>Bebidas.<\/td>\n<\/tr>\n<tr>\n<td><i class=\"fa fa-times icon-tick icon-tick--off\"><\/i>Propinas.<\/td>\n<\/tr>\n<\/tbody>\n<\/table>\n<\/td>\n<\/tr>\n<\/tbody>\n<\/table>\n<p>[\/vc_column][\/vc_row]<\/p>\n<\/div>","protected":false},"excerpt":{"rendered":"<p>Excursi\u00f3n de un d\u00eda desde Fez a Meknes y Volubilis. Incluye visita a Bab Mansour, la Madrasa Bou Inania y el Mausoleo de Moulay Ismail.<\/p>\n","protected":false},"featured_media":3174,"template":"","meta":[],"product_brand":[],"product_cat":[150],"product_tag":[],"class_list":{"0":"post-3236","1":"product","2":"type-product","3":"status-publish","4":"has-post-thumbnail","6":"product_cat-excursiones-fez","7":"tour_category-excursiones-desde-fez","9":"first","10":"instock","11":"shipping-taxable","12":"purchasable","13":"product-type-tour"},"_links":{"self":[{"href":"https:\/\/facetours.ma\/es\/wp-json\/wp\/v2\/product\/3236","targetHints":{"allow":["GET"]}}],"collection":[{"href":"https:\/\/facetours.ma\/es\/wp-json\/wp\/v2\/product"}],"about":[{"href":"https:\/\/facetours.ma\/es\/wp-json\/wp\/v2\/types\/product"}],"wp:featuredmedia":[{"embeddable":true,"href":"https:\/\/facetours.ma\/es\/wp-json\/wp\/v2\/media\/3174"}],"wp:attachment":[{"href":"https:\/\/facetours.ma\/es\/wp-json\/wp\/v2\/media?parent=3236"}],"wp:term":[{"taxonomy":"product_brand","embeddable":true,"href":"https:\/\/facetours.ma\/es\/wp-json\/wp\/v2\/product_brand?post=3236"},{"taxonomy":"product_cat","embeddable":true,"href":"https:\/\/facetours.ma\/es\/wp-json\/wp\/v2\/product_cat?post=3236"},{"taxonomy":"product_tag","embeddable":true,"href":"https:\/\/facetours.ma\/es\/wp-json\/wp\/v2\/product_tag?post=3236"}],"curies":[{"name":"wp","href":"https:\/\/api.w.org\/{rel}","templated":true}]}}