{"id":3219,"date":"2022-08-30T12:10:17","date_gmt":"2022-08-30T11:10:17","guid":{"rendered":"https:\/\/facetours.ma\/?post_type=product&#038;p=3219"},"modified":"2025-01-24T15:47:32","modified_gmt":"2025-01-24T14:47:32","slug":"chefchaouen-excursion-fez","status":"publish","type":"product","link":"https:\/\/facetours.ma\/es\/mejores-circuitos-marruecos\/chefchaouen-excursion-fez\/","title":{"rendered":"Excursi\u00f3n a Chefchaouen desde Fez | La Ciudad Azul de Marruecos"},"content":{"rendered":"<div class=\"wpb-content-wrapper\"><p>[vc_row][vc_column][vc_column_text]Excursi\u00f3n de un d\u00eda a Chefchaouen, la ciudad azul, desde Fez. Temprano en la ma\u00f1ana, viajaremos hacia Chefchaouen, esta incre\u00edble ciudad ubicada en el coraz\u00f3n de las monta\u00f1as del Rif. En esta peque\u00f1a ciudad, todo est\u00e1 pintado de azul: edificios, paredes, ventanas, escaleras, callejuelas y arcos, como un cielo azul.<\/p>\n<p>Conduciremos durante cinco horas a trav\u00e9s de varios pueblos, paisajes impresionantes, las llanuras de Ghareb, bosques y las monta\u00f1as del Rif. Al llegar a Chaouen, disfrutaremos de nuestro d\u00eda visitando la plaza Outa el-Hammam, llamada as\u00ed por la cantidad de hammams (ba\u00f1os p\u00fablicos). Alrededor de la plaza se encuentran la Kasbah, la mezquita antigua, el restaurante con domo y la cafeter\u00eda de la Medina antigua, con sus caracter\u00edsticos edificios y callejones azules. Luego, continuaremos hacia las cascadas de Ras El Maa. Despu\u00e9s de un delicioso almuerzo en un restaurante local (no incluido), por la tarde dejaremos Chefchaouen atr\u00e1s y regresaremos a Fez.<\/p>\n<table class=\"table table-bordered tours-tabs__table\" style=\"height: 233px;\" width=\"862\">\n<tbody>\n<tr>\n<td><strong>Incluido<\/strong><\/td>\n<td>\n<table class=\"table table-bordered\" style=\"height: 62px;\" width=\"300\">\n<tbody>\n<tr>\n<td><i class=\"fa fa-check icon-tick icon-tick--on\"><\/i>Transporte con conductor.<\/td>\n<\/tr>\n<tr>\n<td><i class=\"fa fa-check icon-tick icon-tick--on\"><\/i>Gu\u00eda o conductor profesional.<\/td>\n<\/tr>\n<tr>\n<td><i class=\"fa fa-check icon-tick icon-tick--on\"><\/i>Combustible y aire acondicionado.<\/td>\n<\/tr>\n<tr>\n<td><i class=\"fa fa-check icon-tick icon-tick--on\"><\/i>Impuestos tur\u00edsticos y gastos de aparcamiento.<\/td>\n<\/tr>\n<\/tbody>\n<\/table>\n<\/td>\n<\/tr>\n<tr>\n<td><b>No incluido<\/b><\/td>\n<td>\n<table class=\"table table-bordered\" style=\"height: 62px;\" width=\"300\">\n<tbody>\n<tr>\n<td><i class=\"fa fa-times icon-tick icon-tick--off\"><\/i>Almuerzo.<\/td>\n<\/tr>\n<tr>\n<td><i class=\"fa fa-times icon-tick icon-tick--off\"><\/i>Bebidas.<\/td>\n<\/tr>\n<tr>\n<td><i class=\"fa fa-times icon-tick icon-tick--off\"><\/i>Propinas.<\/td>\n<\/tr>\n<\/tbody>\n<\/table>\n<\/td>\n<\/tr>\n<\/tbody>\n<\/table>\n<p>[\/vc_column_text][\/vc_column][\/vc_row]<\/p>\n<\/div>","protected":false},"excerpt":{"rendered":"<p>Excursi\u00f3n de un d\u00eda a Chefchaouen, la &#8220;Ciudad Azul,&#8221; desde Fez. Incluye visita a la Medina, la Kasbah, las cascadas de Ras El Maa y tiempo libre para explorar la ciudad.<\/p>\n","protected":false},"featured_media":2980,"template":"","meta":[],"product_brand":[],"product_cat":[150],"product_tag":[],"class_list":{"0":"post-3219","1":"product","2":"type-product","3":"status-publish","4":"has-post-thumbnail","6":"product_cat-excursiones-fez","7":"tour_category-excursiones-desde-fez","9":"first","10":"instock","11":"shipping-taxable","12":"purchasable","13":"product-type-tour"},"_links":{"self":[{"href":"https:\/\/facetours.ma\/es\/wp-json\/wp\/v2\/product\/3219","targetHints":{"allow":["GET"]}}],"collection":[{"href":"https:\/\/facetours.ma\/es\/wp-json\/wp\/v2\/product"}],"about":[{"href":"https:\/\/facetours.ma\/es\/wp-json\/wp\/v2\/types\/product"}],"wp:featuredmedia":[{"embeddable":true,"href":"https:\/\/facetours.ma\/es\/wp-json\/wp\/v2\/media\/2980"}],"wp:attachment":[{"href":"https:\/\/facetours.ma\/es\/wp-json\/wp\/v2\/media?parent=3219"}],"wp:term":[{"taxonomy":"product_brand","embeddable":true,"href":"https:\/\/facetours.ma\/es\/wp-json\/wp\/v2\/product_brand?post=3219"},{"taxonomy":"product_cat","embeddable":true,"href":"https:\/\/facetours.ma\/es\/wp-json\/wp\/v2\/product_cat?post=3219"},{"taxonomy":"product_tag","embeddable":true,"href":"https:\/\/facetours.ma\/es\/wp-json\/wp\/v2\/product_tag?post=3219"}],"curies":[{"name":"wp","href":"https:\/\/api.w.org\/{rel}","templated":true}]}}