{"id":3210,"date":"2022-08-30T12:13:35","date_gmt":"2022-08-30T11:13:35","guid":{"rendered":"https:\/\/facetours.ma\/?post_type=product&#038;p=3210"},"modified":"2025-01-24T15:43:22","modified_gmt":"2025-01-24T14:43:22","slug":"ifrane-azrou-excursion-fez","status":"publish","type":"product","link":"https:\/\/facetours.ma\/es\/mejores-circuitos-marruecos\/ifrane-azrou-excursion-fez\/","title":{"rendered":"Excursi\u00f3n a Ifrane y Azrou desde Fez | La Suiza de Marruecos"},"content":{"rendered":"<div class=\"wpb-content-wrapper\"><p>[vc_row][vc_column][vc_column_text]Despu\u00e9s del desayuno en el hotel o Riad, partiremos hacia Ifrane y Azrou en una excursi\u00f3n de un d\u00eda desde Fez. Atravesaremos las llanuras de Saiss, una de las zonas agr\u00edcolas m\u00e1s f\u00e9rtiles del pa\u00eds, bosques de cedros y las monta\u00f1as del Atlas Medio.<\/p>\n<p>Al llegar a Ifrane, te sorprender\u00e1 su arquitectura de estilo alpino y las cercanas pistas de esqu\u00ed. Con sus impecables casas de tejados rojos, coloridos parterres, parques con lagos e inviernos nevados, estaRemarkable ciudad de estilo europeo a menudo se conoce como la &#8220;Suiza de Marruecos&#8221;. Disfrutaremos de su exuberante vegetaci\u00f3n y bosques de cedros. Nos detendremos para fotografiar la estatua del le\u00f3n y pasear por las calles de Ifrane.<\/p>\n<p>Despu\u00e9s, continuaremos hacia el bosque de Azrou para observar los macacos de Berber\u00eda, una especie de mono aut\u00f3ctona de Marruecos. Tras un delicioso almuerzo en Azrou (no incluido), regresaremos a Fez.<\/p>\n<table class=\"table table-bordered tours-tabs__table\" style=\"height: 233px;\" width=\"862\">\n<tbody>\n<tr>\n<td><strong>Incluido<\/strong><\/td>\n<td>\n<table class=\"table table-bordered\" style=\"height: 62px;\" width=\"300\">\n<tbody>\n<tr>\n<td><i class=\"fa fa-check icon-tick icon-tick--on\"><\/i>Transporte con conductor.<\/td>\n<\/tr>\n<tr>\n<td><i class=\"fa fa-check icon-tick icon-tick--on\"><\/i>Gu\u00eda o conductor profesional.<\/td>\n<\/tr>\n<tr>\n<td><i class=\"fa fa-check icon-tick icon-tick--on\"><\/i>Combustible y aire acondicionado.<\/td>\n<\/tr>\n<tr>\n<td><i class=\"fa fa-check icon-tick icon-tick--on\"><\/i>Impuestos tur\u00edsticos y gastos de aparcamiento.<\/td>\n<\/tr>\n<\/tbody>\n<\/table>\n<\/td>\n<\/tr>\n<tr>\n<td><b>No incluido<\/b><\/td>\n<td>\n<table class=\"table table-bordered\" style=\"height: 62px;\" width=\"300\">\n<tbody>\n<tr>\n<td><i class=\"fa fa-times icon-tick icon-tick--off\"><\/i>Almuerzo.<\/td>\n<\/tr>\n<tr>\n<td><i class=\"fa fa-times icon-tick icon-tick--off\"><\/i>Bebidas.<\/td>\n<\/tr>\n<tr>\n<td><i class=\"fa fa-times icon-tick icon-tick--off\"><\/i>Propinas.<\/td>\n<\/tr>\n<\/tbody>\n<\/table>\n<\/td>\n<\/tr>\n<\/tbody>\n<\/table>\n<p>[\/vc_column][\/vc_row]<\/p>\n<\/div>","protected":false},"excerpt":{"rendered":"<p>Excursi\u00f3n de un d\u00eda desde Fez a Ifrane (la &#8220;Suiza de Marruecos&#8221;) y Azrou. Incluye visita al bosque de cedros y avistamiento de macacos.<\/p>\n","protected":false},"featured_media":3215,"template":"","meta":[],"product_brand":[],"product_cat":[150],"product_tag":[],"class_list":{"0":"post-3210","1":"product","2":"type-product","3":"status-publish","4":"has-post-thumbnail","6":"product_cat-excursiones-fez","7":"tour_category-excursiones-desde-fez","9":"first","10":"instock","11":"shipping-taxable","12":"purchasable","13":"product-type-tour"},"_links":{"self":[{"href":"https:\/\/facetours.ma\/es\/wp-json\/wp\/v2\/product\/3210","targetHints":{"allow":["GET"]}}],"collection":[{"href":"https:\/\/facetours.ma\/es\/wp-json\/wp\/v2\/product"}],"about":[{"href":"https:\/\/facetours.ma\/es\/wp-json\/wp\/v2\/types\/product"}],"wp:featuredmedia":[{"embeddable":true,"href":"https:\/\/facetours.ma\/es\/wp-json\/wp\/v2\/media\/3215"}],"wp:attachment":[{"href":"https:\/\/facetours.ma\/es\/wp-json\/wp\/v2\/media?parent=3210"}],"wp:term":[{"taxonomy":"product_brand","embeddable":true,"href":"https:\/\/facetours.ma\/es\/wp-json\/wp\/v2\/product_brand?post=3210"},{"taxonomy":"product_cat","embeddable":true,"href":"https:\/\/facetours.ma\/es\/wp-json\/wp\/v2\/product_cat?post=3210"},{"taxonomy":"product_tag","embeddable":true,"href":"https:\/\/facetours.ma\/es\/wp-json\/wp\/v2\/product_tag?post=3210"}],"curies":[{"name":"wp","href":"https:\/\/api.w.org\/{rel}","templated":true}]}}