{"id":3195,"date":"2022-08-30T11:49:58","date_gmt":"2022-08-30T10:49:58","guid":{"rendered":"https:\/\/facetours.ma\/?post_type=product&#038;p=3195"},"modified":"2025-01-25T12:13:27","modified_gmt":"2025-01-25T11:13:27","slug":"rabat-city-tour","status":"publish","type":"product","link":"https:\/\/facetours.ma\/es\/mejores-circuitos-marruecos\/rabat-city-tour\/","title":{"rendered":"Excursi\u00f3n por Rabat | Descubre la Capital de Marruecos"},"content":{"rendered":"<div class=\"wpb-content-wrapper\"><p>[vc_row][vc_column][vc_column_text css=&#8221;&#8221;]Por la ma\u00f1ana, exploraremos la ciudad de Rabat, la capital administrativa y una de las ciudades imperiales de Marruecos, situada en el noroeste del Reino. Comenzaremos nuestro recorrido por la &#8220;Ciudad de las Luces&#8221; en la Chellah, una necr\u00f3polis musulmana fortificada de la \u00e9poca medieval, ubicada en el \u00e1rea metropolitana de Rabat. Este lugar tambi\u00e9n fue el emplazamiento de una antigua colonia romana en la provincia de la Mauritania Tingitana.<\/p>\n<p>Continuaremos hacia el Mausoleo de Mohammed V, que alberga las tumbas del rey marroqu\u00ed Mohammed V y sus dos hijos, el difunto rey Hassan II y el pr\u00edncipe Abdallah. Se encuentra frente a la Torre Hassan, el minarete de una mezquita inconclusa en Rabat, encargada por Abu Yusuf Yaqub al-Mansur, el tercer califa del califato almohade, a finales del siglo XII.<\/p>\n<p>Despu\u00e9s, visitaremos la Kasbah de los Oudayas, ubicada en la desembocadura del r\u00edo Bou Regreg y declarada Patrimonio de la Humanidad por la UNESCO en 2012. Tras nuestra visita, regresaremos al hotel.<\/p>\n<table class=\"table table-bordered tours-tabs__table\" width=\"862\">\n<tbody>\n<tr>\n<td><strong>Incluido<\/strong><\/td>\n<td>\n<table class=\"table table-bordered\" width=\"300\">\n<tbody>\n<tr>\n<td><i class=\"fa fa-check icon-tick icon-tick--on\"><\/i>Transporte con conductor.<\/td>\n<\/tr>\n<tr>\n<td><i class=\"fa fa-check icon-tick icon-tick--on\"><\/i>Gu\u00eda o conductor profesional.<\/td>\n<\/tr>\n<tr>\n<td><i class=\"fa fa-check icon-tick icon-tick--on\"><\/i>Combustible y aire acondicionado.<\/td>\n<\/tr>\n<tr>\n<td><i class=\"fa fa-check icon-tick icon-tick--on\"><\/i>Impuestos tur\u00edsticos y gastos de aparcamiento.<\/td>\n<\/tr>\n<tr>\n<td><i class=\"fa fa-check icon-tick icon-tick--on\"><\/i>Gu\u00eda local y entrada a monumentos.<\/td>\n<\/tr>\n<\/tbody>\n<\/table>\n<\/td>\n<\/tr>\n<tr>\n<td><b>No incluido<\/b><\/td>\n<td>\n<table class=\"table table-bordered\" width=\"300\">\n<tbody>\n<tr>\n<td><i class=\"fa fa-times icon-tick icon-tick--off\"><\/i>Almuerzo.<\/td>\n<\/tr>\n<tr>\n<td><i class=\"fa fa-times icon-tick icon-tick--off\"><\/i>Bebidas.<\/td>\n<\/tr>\n<tr>\n<td><i class=\"fa fa-times icon-tick icon-tick--off\"><\/i>Propinas.<\/td>\n<\/tr>\n<\/tbody>\n<\/table>\n<\/td>\n<\/tr>\n<\/tbody>\n<\/table>\n<p>[\/vc_column_text][\/vc_column][\/vc_row]<\/p>\n<\/div>","protected":false},"excerpt":{"rendered":"<p>Recorrido por Rabat, incluyendo la Chellah, el Mausoleo de Mohammed V, la Torre Hassan y la Kasbah de los Oudayas.<\/p>\n","protected":false},"featured_media":3198,"template":"","meta":[],"product_brand":[],"product_cat":[152],"product_tag":[],"class_list":{"0":"post-3195","1":"product","2":"type-product","3":"status-publish","4":"has-post-thumbnail","6":"product_cat-excursiones-rabat","7":"tour_category-excursiones-desde-rabat","9":"first","10":"instock","11":"shipping-taxable","12":"purchasable","13":"product-type-tour"},"_links":{"self":[{"href":"https:\/\/facetours.ma\/es\/wp-json\/wp\/v2\/product\/3195","targetHints":{"allow":["GET"]}}],"collection":[{"href":"https:\/\/facetours.ma\/es\/wp-json\/wp\/v2\/product"}],"about":[{"href":"https:\/\/facetours.ma\/es\/wp-json\/wp\/v2\/types\/product"}],"wp:featuredmedia":[{"embeddable":true,"href":"https:\/\/facetours.ma\/es\/wp-json\/wp\/v2\/media\/3198"}],"wp:attachment":[{"href":"https:\/\/facetours.ma\/es\/wp-json\/wp\/v2\/media?parent=3195"}],"wp:term":[{"taxonomy":"product_brand","embeddable":true,"href":"https:\/\/facetours.ma\/es\/wp-json\/wp\/v2\/product_brand?post=3195"},{"taxonomy":"product_cat","embeddable":true,"href":"https:\/\/facetours.ma\/es\/wp-json\/wp\/v2\/product_cat?post=3195"},{"taxonomy":"product_tag","embeddable":true,"href":"https:\/\/facetours.ma\/es\/wp-json\/wp\/v2\/product_tag?post=3195"}],"curies":[{"name":"wp","href":"https:\/\/api.w.org\/{rel}","templated":true}]}}