{"id":3191,"date":"2022-08-30T11:53:37","date_gmt":"2022-08-30T10:53:37","guid":{"rendered":"https:\/\/facetours.ma\/?post_type=product&#038;p=3191"},"modified":"2025-01-24T15:23:30","modified_gmt":"2025-01-24T14:23:30","slug":"casablanca-excursion-rabat","status":"publish","type":"product","link":"https:\/\/facetours.ma\/es\/mejores-circuitos-marruecos\/casablanca-excursion-rabat\/","title":{"rendered":"Excursi\u00f3n a Casablanca desde Rabat | Descubre la Casa Blanca"},"content":{"rendered":"<div class=\"wpb-content-wrapper\"><p>[vc_row][vc_column][vc_column_text]Descubre Casablanca, la &#8220;Casa Blanca&#8221;, en una completa excursi\u00f3n de un d\u00eda desde Rabat. Comenzaremos nuestra visita en la playa de La Corniche, en Ain Diab, donde podr\u00e1s disfrutar de un tiempo para tomar fotograf\u00edas y admirar la costa. Luego, nos dirigiremos a Anfa, con sus modernos edificios.<\/p>\n<p>Continuaremos hacia la majestuosa Mezquita Hassan II, la segunda mezquita en funcionamiento m\u00e1s grande de \u00c1frica y la s\u00e9ptima m\u00e1s grande del mundo. Su minarete, con 210 metros de altura, es el segundo m\u00e1s alto del mundo. Exploraremos tanto el interior como el exterior de la Mezquita Hassan II, incluyendo su museo.<\/p>\n<p>Nuestro recorrido contin\u00faa hacia la Plaza Mohammed V, una plaza p\u00fablica de gran importancia hist\u00f3rica y simb\u00f3lica ubicada en el centro de Casablanca, tambi\u00e9n conocida como la &#8220;Plaza de las Palomas&#8221;. Despu\u00e9s, disfrutaremos de un delicioso almuerzo en un restaurante local (no incluido) y luego regresaremos a Rabat.<\/p>\n<table class=\"table table-bordered tours-tabs__table\" style=\"height: 233px;\" width=\"862\">\n<tbody>\n<tr>\n<td><strong>Incluido<\/strong><\/td>\n<td>\n<table class=\"table table-bordered\" style=\"height: 62px;\" width=\"300\">\n<tbody>\n<tr>\n<td><i class=\"fa fa-check icon-tick icon-tick--on\"><\/i>Transporte con conductor.<\/td>\n<\/tr>\n<tr>\n<td><i class=\"fa fa-check icon-tick icon-tick--on\"><\/i>Gu\u00eda o conductor profesional.<\/td>\n<\/tr>\n<tr>\n<td><i class=\"fa fa-check icon-tick icon-tick--on\"><\/i>Combustible y aire acondicionado.<\/td>\n<\/tr>\n<tr>\n<td><i class=\"fa fa-check icon-tick icon-tick--on\"><\/i>Gu\u00eda local y entrada a monumentos.<\/td>\n<\/tr>\n<tr>\n<td><i class=\"fa fa-check icon-tick icon-tick--on\"><\/i>Impuestos tur\u00edsticos y gastos de aparcamiento.<\/td>\n<\/tr>\n<\/tbody>\n<\/table>\n<\/td>\n<\/tr>\n<tr>\n<td><b>No incluido<\/b><\/td>\n<td>\n<table class=\"table table-bordered\" style=\"height: 62px;\" width=\"300\">\n<tbody>\n<tr>\n<td><i class=\"fa fa-times icon-tick icon-tick--off\"><\/i>Almuerzo.<\/td>\n<\/tr>\n<tr>\n<td><i class=\"fa fa-times icon-tick icon-tick--off\"><\/i>Bebidas.<\/td>\n<\/tr>\n<tr>\n<td><i class=\"fa fa-times icon-tick icon-tick--off\"><\/i>Propinas.<\/td>\n<\/tr>\n<\/tbody>\n<\/table>\n<\/td>\n<\/tr>\n<\/tbody>\n<\/table>\n<p>[\/vc_column][\/vc_row]<\/p>\n<\/div>","protected":false},"excerpt":{"rendered":"<p>Excursi\u00f3n de un d\u00eda a Casablanca desde Rabat. Recorrido por los principales lugares de inter\u00e9s, incluyendo la Mezquita Hassan II.<\/p>\n","protected":false},"featured_media":3017,"template":"","meta":[],"product_brand":[],"product_cat":[152],"product_tag":[],"class_list":{"0":"post-3191","1":"product","2":"type-product","3":"status-publish","4":"has-post-thumbnail","6":"product_cat-excursiones-rabat","7":"tour_category-excursiones-desde-rabat","9":"first","10":"instock","11":"shipping-taxable","12":"purchasable","13":"product-type-tour"},"_links":{"self":[{"href":"https:\/\/facetours.ma\/es\/wp-json\/wp\/v2\/product\/3191","targetHints":{"allow":["GET"]}}],"collection":[{"href":"https:\/\/facetours.ma\/es\/wp-json\/wp\/v2\/product"}],"about":[{"href":"https:\/\/facetours.ma\/es\/wp-json\/wp\/v2\/types\/product"}],"wp:featuredmedia":[{"embeddable":true,"href":"https:\/\/facetours.ma\/es\/wp-json\/wp\/v2\/media\/3017"}],"wp:attachment":[{"href":"https:\/\/facetours.ma\/es\/wp-json\/wp\/v2\/media?parent=3191"}],"wp:term":[{"taxonomy":"product_brand","embeddable":true,"href":"https:\/\/facetours.ma\/es\/wp-json\/wp\/v2\/product_brand?post=3191"},{"taxonomy":"product_cat","embeddable":true,"href":"https:\/\/facetours.ma\/es\/wp-json\/wp\/v2\/product_cat?post=3191"},{"taxonomy":"product_tag","embeddable":true,"href":"https:\/\/facetours.ma\/es\/wp-json\/wp\/v2\/product_tag?post=3191"}],"curies":[{"name":"wp","href":"https:\/\/api.w.org\/{rel}","templated":true}]}}