{"id":3104,"date":"2022-08-30T11:56:19","date_gmt":"2022-08-30T10:56:19","guid":{"rendered":"https:\/\/facetours.ma\/?post_type=product&#038;p=3104"},"modified":"2025-01-24T15:18:49","modified_gmt":"2025-01-24T14:18:49","slug":"chefchaouen-excursion-rabat","status":"publish","type":"product","link":"https:\/\/facetours.ma\/es\/mejores-circuitos-marruecos\/chefchaouen-excursion-rabat\/","title":{"rendered":"Excursi\u00f3n a Chefchaouen desde Rabat | Ciudad Azul"},"content":{"rendered":"<div class=\"wpb-content-wrapper\"><p>[vc_row][vc_column][vc_column_text]Descubre Chefchaouen, la &#8220;Ciudad Azul&#8221;, en una fascinante excursi\u00f3n de un d\u00eda desde Rabat. Esta incre\u00edble ciudad, enclavada en el coraz\u00f3n de las monta\u00f1as del Rif, te cautivar\u00e1 con su encanto \u00fanico. En Chefchaouen, todo se ti\u00f1e de azul: edificios, muros, ventanas, escaleras, callejuelas y arcos, creando un paisaje celestial.<\/p>\n<p>El viaje en coche dura aproximadamente cinco horas y nos llevar\u00e1 a trav\u00e9s de diversas ciudades, paisajes impresionantes, las llanuras de Ghareb, bosques y las monta\u00f1as del Rif. Al llegar a Chefchaouen, comenzaremos nuestra visita en la plaza Outa el-Hammam, llamada as\u00ed por la cantidad de hammams (ba\u00f1os p\u00fablicos) que la rodean. Alrededor de la plaza se encuentran la Kasbah, la antigua mezquita, restaurantes y cafeter\u00edas en la antigua medina, con sus caracter\u00edsticos edificios y callejuelas azules. Continuaremos hacia las cascadas de Ras Al Maa. Despu\u00e9s, disfrutaremos de un delicioso almuerzo en un restaurante local (no incluido). Por la tarde, dejaremos atr\u00e1s Chefchaouen para regresar a Rabat.<\/p>\n<table class=\"table table-bordered tours-tabs__table\" style=\"height: 233px;\" width=\"862\">\n<tbody>\n<tr>\n<td><strong>Incluido<\/strong><\/td>\n<td>\n<table class=\"table table-bordered\" style=\"height: 62px;\" width=\"300\">\n<tbody>\n<tr>\n<td><i class=\"fa fa-check icon-tick icon-tick--on\"><\/i>Transporte con conductor.<\/td>\n<\/tr>\n<tr>\n<td><i class=\"fa fa-check icon-tick icon-tick--on\"><\/i>Gu\u00eda local.<\/td>\n<\/tr>\n<tr>\n<td><i class=\"fa fa-check icon-tick icon-tick--on\"><\/i>Gu\u00eda o conductor profesional.<\/td>\n<\/tr>\n<tr>\n<td><i class=\"fa fa-check icon-tick icon-tick--on\"><\/i>Combustible y aire acondicionado.<\/td>\n<\/tr>\n<tr>\n<td><i class=\"fa fa-check icon-tick icon-tick--on\"><\/i>Impuestos tur\u00edsticos y gastos de aparcamiento.<\/td>\n<\/tr>\n<\/tbody>\n<\/table>\n<\/td>\n<\/tr>\n<tr>\n<td><b>No incluido<\/b><\/td>\n<td>\n<table class=\"table table-bordered\" style=\"height: 62px;\" width=\"300\">\n<tbody>\n<tr>\n<td><i class=\"fa fa-times icon-tick icon-tick--off\"><\/i>Almuerzo.<\/td>\n<\/tr>\n<tr>\n<td><i class=\"fa fa-times icon-tick icon-tick--off\"><\/i>Bebidas.<\/td>\n<\/tr>\n<tr>\n<td><i class=\"fa fa-times icon-tick icon-tick--off\"><\/i>Propinas.<\/td>\n<\/tr>\n<\/tbody>\n<\/table>\n<\/td>\n<\/tr>\n<\/tbody>\n<\/table>\n<p>[\/vc_column][\/vc_row]<\/p>\n<\/div>","protected":false},"excerpt":{"rendered":"<p>Excursi\u00f3n de un d\u00eda a Chefchaouen desde Rabat. Recorrido por la medina, la plaza Outa el-Hammam y las cascadas Ras Al Maa.<\/p>\n","protected":false},"featured_media":3189,"template":"","meta":[],"product_brand":[],"product_cat":[152],"product_tag":[],"class_list":{"0":"post-3104","1":"product","2":"type-product","3":"status-publish","4":"has-post-thumbnail","6":"product_cat-excursiones-rabat","7":"tour_category-excursiones-desde-rabat","9":"first","10":"instock","11":"shipping-taxable","12":"purchasable","13":"product-type-tour"},"_links":{"self":[{"href":"https:\/\/facetours.ma\/es\/wp-json\/wp\/v2\/product\/3104","targetHints":{"allow":["GET"]}}],"collection":[{"href":"https:\/\/facetours.ma\/es\/wp-json\/wp\/v2\/product"}],"about":[{"href":"https:\/\/facetours.ma\/es\/wp-json\/wp\/v2\/types\/product"}],"wp:featuredmedia":[{"embeddable":true,"href":"https:\/\/facetours.ma\/es\/wp-json\/wp\/v2\/media\/3189"}],"wp:attachment":[{"href":"https:\/\/facetours.ma\/es\/wp-json\/wp\/v2\/media?parent=3104"}],"wp:term":[{"taxonomy":"product_brand","embeddable":true,"href":"https:\/\/facetours.ma\/es\/wp-json\/wp\/v2\/product_brand?post=3104"},{"taxonomy":"product_cat","embeddable":true,"href":"https:\/\/facetours.ma\/es\/wp-json\/wp\/v2\/product_cat?post=3104"},{"taxonomy":"product_tag","embeddable":true,"href":"https:\/\/facetours.ma\/es\/wp-json\/wp\/v2\/product_tag?post=3104"}],"curies":[{"name":"wp","href":"https:\/\/api.w.org\/{rel}","templated":true}]}}