{"id":3089,"date":"2022-08-30T11:14:17","date_gmt":"2022-08-30T10:14:17","guid":{"rendered":"https:\/\/facetours.ma\/?post_type=product&#038;p=3089"},"modified":"2025-01-24T15:07:42","modified_gmt":"2025-01-24T14:07:42","slug":"essaouira-excursion-marrakech","status":"publish","type":"product","link":"https:\/\/facetours.ma\/es\/mejores-circuitos-marruecos\/essaouira-excursion-marrakech\/","title":{"rendered":"Excursi\u00f3n a Essaouira desde Marrakech | Costa Atl\u00e1ntica"},"content":{"rendered":"<div class=\"wpb-content-wrapper\"><p>[vc_row][vc_column][vc_column_text]Temprano por la ma\u00f1ana, partiremos hacia Essaouira, antiguamente conocida como Mogador, en la costa oeste de Marruecos. El viaje nos llevar\u00e1 a trav\u00e9s de extensos campos y huertos de olivos y arg\u00e1n. Haremos una parada para observar y fotografiar las famosas cabras que se alimentan de los frutos del arg\u00e1n en las ramas de los \u00e1rboles. Tambi\u00e9n visitaremos una cooperativa de mujeres de arg\u00e1n para aprender sobre el proceso de producci\u00f3n del aceite de arg\u00e1n para uso alimentario y cosm\u00e9tico.<\/p>\n<p>Al llegar a Essaouira, comenzaremos nuestro recorrido en el puerto, famoso por su flota de barcos azules y su importante actividad pesquera, especialmente de sardinas. Continuaremos hacia la Sqala de la Kasbah, tambi\u00e9n llamada Sqala de la Ciudad o Sqala de la Medina, una plataforma de artiller\u00eda del siglo XVIII y una de las principales fortificaciones de Essaouira, ubicada junto al oc\u00e9ano Atl\u00e1ntico.<\/p>\n<p>Visitaremos la Plaza Moulay Al Hassan, la plaza m\u00e1s vibrante de Essaouira, rodeada de cafeter\u00edas, restaurantes, tiendas y bancos. Su ubicaci\u00f3n entre el puerto y la entrada a la antigua medina, con sus estrechas callejuelas, zocos y bazares, la convierte en un punto neur\u00e1lgico de la ciudad. Despu\u00e9s, visitaremos Bayt Dakira, o la Casa de la Memoria, un museo jud\u00edo ubicado en el barrio jud\u00edo &#8220;Mellah&#8221;. Tras disfrutar de un delicioso almuerzo de pescado (no incluido), regresaremos a Marrakech.<\/p>\n<table class=\"table table-bordered tours-tabs__table\" style=\"height: 233px;\" width=\"862\">\n<tbody>\n<tr>\n<td><strong>Incluido<\/strong><\/td>\n<td>\n<table class=\"table table-bordered\" style=\"height: 62px;\" width=\"300\">\n<tbody>\n<tr>\n<td><i class=\"fa fa-check icon-tick icon-tick--on\"><\/i>Transporte con conductor.<\/td>\n<\/tr>\n<tr>\n<td><i class=\"fa fa-check icon-tick icon-tick--on\"><\/i>Gu\u00eda o conductor profesional.<\/td>\n<\/tr>\n<tr>\n<td><i class=\"fa fa-check icon-tick icon-tick--on\"><\/i>Combustible y aire acondicionado.<\/td>\n<\/tr>\n<tr>\n<td><i class=\"fa fa-check icon-tick icon-tick--on\"><\/i>Impuestos tur\u00edsticos y gastos de aparcamiento.<\/td>\n<\/tr>\n<tr>\n<td><i class=\"fa fa-check icon-tick icon-tick--on\"><\/i>Gu\u00eda local y entrada a monumentos.<\/td>\n<\/tr>\n<\/tbody>\n<\/table>\n<\/td>\n<\/tr>\n<tr>\n<td><b>No incluido<\/b><\/td>\n<td>\n<table class=\"table table-bordered\" style=\"height: 62px;\" width=\"300\">\n<tbody>\n<tr>\n<td><i class=\"fa fa-times icon-tick icon-tick--off\"><\/i>Almuerzo.<\/td>\n<\/tr>\n<tr>\n<td><i class=\"fa fa-times icon-tick icon-tick--off\"><\/i>Bebidas.<\/td>\n<\/tr>\n<tr>\n<td><i class=\"fa fa-times icon-tick icon-tick--off\"><\/i>Propinas.<\/td>\n<\/tr>\n<\/tbody>\n<\/table>\n<\/td>\n<\/tr>\n<\/tbody>\n<\/table>\n<p>[\/vc_column][\/vc_row]<\/p>\n<\/div>","protected":false},"excerpt":{"rendered":"<p>Excursi\u00f3n de un d\u00eda a Essaouira desde Marrakech. Recorrido por el puerto, la Sqala, la Plaza Moulay Al Hassan y la Medina.<\/p>\n","protected":false},"featured_media":2733,"template":"","meta":[],"product_brand":[],"product_cat":[151],"product_tag":[],"class_list":{"0":"post-3089","1":"product","2":"type-product","3":"status-publish","4":"has-post-thumbnail","6":"product_cat-excursiones-marrakech","7":"tour_category-excursiones-desde-marrakech","9":"first","10":"instock","11":"shipping-taxable","12":"purchasable","13":"product-type-tour"},"_links":{"self":[{"href":"https:\/\/facetours.ma\/es\/wp-json\/wp\/v2\/product\/3089","targetHints":{"allow":["GET"]}}],"collection":[{"href":"https:\/\/facetours.ma\/es\/wp-json\/wp\/v2\/product"}],"about":[{"href":"https:\/\/facetours.ma\/es\/wp-json\/wp\/v2\/types\/product"}],"wp:featuredmedia":[{"embeddable":true,"href":"https:\/\/facetours.ma\/es\/wp-json\/wp\/v2\/media\/2733"}],"wp:attachment":[{"href":"https:\/\/facetours.ma\/es\/wp-json\/wp\/v2\/media?parent=3089"}],"wp:term":[{"taxonomy":"product_brand","embeddable":true,"href":"https:\/\/facetours.ma\/es\/wp-json\/wp\/v2\/product_brand?post=3089"},{"taxonomy":"product_cat","embeddable":true,"href":"https:\/\/facetours.ma\/es\/wp-json\/wp\/v2\/product_cat?post=3089"},{"taxonomy":"product_tag","embeddable":true,"href":"https:\/\/facetours.ma\/es\/wp-json\/wp\/v2\/product_tag?post=3089"}],"curies":[{"name":"wp","href":"https:\/\/api.w.org\/{rel}","templated":true}]}}