{"id":3082,"date":"2022-08-30T11:21:39","date_gmt":"2022-08-30T10:21:39","guid":{"rendered":"https:\/\/facetours.ma\/?post_type=product&#038;p=3082"},"modified":"2025-01-24T15:03:17","modified_gmt":"2025-01-24T14:03:17","slug":"cascadas-ouzoud-excursion-marrakech","status":"publish","type":"product","link":"https:\/\/facetours.ma\/es\/mejores-circuitos-marruecos\/cascadas-ouzoud-excursion-marrakech\/","title":{"rendered":"Excursi\u00f3n a las Cascadas de Ouzoud desde Marrakech"},"content":{"rendered":"<div class=\"wpb-content-wrapper\"><p>[vc_row][vc_column][vc_column_text]Tu excursi\u00f3n de un d\u00eda a las Cascadas de Ouzoud comenzar\u00e1 a las 8:00 y el trayecto durar\u00e1 aproximadamente tres horas. Ouzoud, un nombre bereber que significa &#8220;el acto de moler grano&#8221;, te espera con un espect\u00e1culo natural impresionante. A trav\u00e9s de un paisaje rural salpicado de peque\u00f1os pueblos bereberes, llegaremos a Ouzoud, donde descubrir\u00e1s una forma maravillosa de experimentar la belleza natural de Marruecos.<\/p>\n<p>Seguiremos a nuestro gu\u00eda por un sendero que atraviesa olivares y donde, con suerte, podremos avistar algunos monos de Berber\u00eda. Al llegar a las cascadas, tendr\u00e1s tiempo para pasear por los alrededores, admirar las cascadas y tomar fotograf\u00edas. Despu\u00e9s, disfrutaremos de un delicioso almuerzo preparado por una familia bereber, degustando la cocina tradicional marroqu\u00ed con vistas a las cascadas.<\/p>\n<p>Al finalizar el almuerzo, regresaremos a Marrakech pasando por IminIfri, que significa &#8220;La puerta de la cueva&#8221;, antes de llegar a la ciudad.<\/p>\n<table class=\"table table-bordered tours-tabs__table\" style=\"height: 233px;\" width=\"862\">\n<tbody>\n<tr>\n<td><strong>Incluido<\/strong><\/td>\n<td>\n<table class=\"table table-bordered\" style=\"height: 62px;\" width=\"300\">\n<tbody>\n<tr>\n<td><i class=\"fa fa-check icon-tick icon-tick--on\"><\/i>Transporte con conductor.<\/td>\n<\/tr>\n<tr>\n<td><i class=\"fa fa-check icon-tick icon-tick--on\"><\/i>Gu\u00eda o conductor profesional.<\/td>\n<\/tr>\n<tr>\n<td><i class=\"fa fa-check icon-tick icon-tick--on\"><\/i>Combustible y aire acondicionado.<\/td>\n<\/tr>\n<tr>\n<td><i class=\"fa fa-check icon-tick icon-tick--on\"><\/i>Impuestos tur\u00edsticos y gastos de aparcamiento.<\/td>\n<\/tr>\n<\/tbody>\n<\/table>\n<\/td>\n<\/tr>\n<tr>\n<td><b>No incluido<\/b><\/td>\n<td>\n<table class=\"table table-bordered\" style=\"height: 62px;\" width=\"300\">\n<tbody>\n<tr>\n<td><i class=\"fa fa-times icon-tick icon-tick--off\"><\/i>Almuerzo.<\/td>\n<\/tr>\n<tr>\n<td><i class=\"fa fa-times icon-tick icon-tick--off\"><\/i>Bebidas.<\/td>\n<\/tr>\n<tr>\n<td><i class=\"fa fa-times icon-tick icon-tick--off\"><\/i>Propinas.<\/td>\n<\/tr>\n<\/tbody>\n<\/table>\n<\/td>\n<\/tr>\n<\/tbody>\n<\/table>\n<p>[\/vc_column_text][\/vc_column][\/vc_row]<\/p>\n<\/div>","protected":false},"excerpt":{"rendered":"<p>Excursi\u00f3n de un d\u00eda a las Cascadas de Ouzoud desde Marrakech. Incluye paseo por las cascadas, avistamiento de monos y paisaje bereber.<\/p>\n","protected":false},"featured_media":3083,"template":"","meta":[],"product_brand":[],"product_cat":[151],"product_tag":[],"class_list":{"0":"post-3082","1":"product","2":"type-product","3":"status-publish","4":"has-post-thumbnail","6":"product_cat-excursiones-marrakech","7":"tour_category-excursiones-desde-marrakech","9":"first","10":"instock","11":"shipping-taxable","12":"purchasable","13":"product-type-tour"},"_links":{"self":[{"href":"https:\/\/facetours.ma\/es\/wp-json\/wp\/v2\/product\/3082","targetHints":{"allow":["GET"]}}],"collection":[{"href":"https:\/\/facetours.ma\/es\/wp-json\/wp\/v2\/product"}],"about":[{"href":"https:\/\/facetours.ma\/es\/wp-json\/wp\/v2\/types\/product"}],"wp:featuredmedia":[{"embeddable":true,"href":"https:\/\/facetours.ma\/es\/wp-json\/wp\/v2\/media\/3083"}],"wp:attachment":[{"href":"https:\/\/facetours.ma\/es\/wp-json\/wp\/v2\/media?parent=3082"}],"wp:term":[{"taxonomy":"product_brand","embeddable":true,"href":"https:\/\/facetours.ma\/es\/wp-json\/wp\/v2\/product_brand?post=3082"},{"taxonomy":"product_cat","embeddable":true,"href":"https:\/\/facetours.ma\/es\/wp-json\/wp\/v2\/product_cat?post=3082"},{"taxonomy":"product_tag","embeddable":true,"href":"https:\/\/facetours.ma\/es\/wp-json\/wp\/v2\/product_tag?post=3082"}],"curies":[{"name":"wp","href":"https:\/\/api.w.org\/{rel}","templated":true}]}}