{"id":3078,"date":"2022-08-30T11:22:44","date_gmt":"2022-08-30T10:22:44","guid":{"rendered":"https:\/\/facetours.ma\/?post_type=product&#038;p=3078"},"modified":"2025-01-24T14:20:46","modified_gmt":"2025-01-24T13:20:46","slug":"tres-valles-excursion-marrakech","status":"publish","type":"product","link":"https:\/\/facetours.ma\/es\/mejores-circuitos-marruecos\/tres-valles-excursion-marrakech\/","title":{"rendered":"Excursi\u00f3n a los Tres Valles desde Marrakech"},"content":{"rendered":"<div class=\"wpb-content-wrapper\"><p>[vc_row][vc_column][vc_column_text]Descubre tres valles impresionantes en las monta\u00f1as del Atlas en una excursi\u00f3n de un d\u00eda desde Marrakech. Nuestro recorrido comienza en el Valle del Ourika, donde exploraremos paisajes asombrosos y cascadas. Nos detendremos en Setti Fatma, un encantador pueblo conocido por sus siete cascadas. Luego, visitaremos una cooperativa de arg\u00e1n gestionada por mujeres bereberes para aprender sobre la producci\u00f3n de aceite de arg\u00e1n para uso alimentario y cosm\u00e9tico.<\/p>\n<p>Continuaremos hacia el segundo valle, Oukaimeden, pasando por pueblos bereberes tradicionales. En Oukaimeden se encuentra una estaci\u00f3n de esqu\u00ed que alberga el pico m\u00e1s alto de \u00c1frica, el monte Toubkal, con 4167 metros de altitud.<\/p>\n<p>Finalmente, llegaremos al tercer valle, Asni, una regi\u00f3n famosa por sus \u00e1rboles frutales, como manzanos, nogales, almendros y melocotoneros. Despu\u00e9s de disfrutar de este recorrido por los valles, regresaremos a Marrakech.<\/p>\n<table class=\"table table-bordered tours-tabs__table\" style=\"height: 233px;\" width=\"862\">\n<tbody>\n<tr>\n<td><strong>Incluido<\/strong><\/td>\n<td>\n<table class=\"table table-bordered\" style=\"height: 62px;\" width=\"300\">\n<tbody>\n<tr>\n<td><i class=\"fa fa-check icon-tick icon-tick--on\"><\/i>Transporte con conductor.<\/td>\n<\/tr>\n<tr>\n<td><i class=\"fa fa-check icon-tick icon-tick--on\"><\/i>Gu\u00eda o conductor profesional.<\/td>\n<\/tr>\n<tr>\n<td><i class=\"fa fa-check icon-tick icon-tick--on\"><\/i>Combustible y aire acondicionado.<\/td>\n<\/tr>\n<tr>\n<td><i class=\"fa fa-check icon-tick icon-tick--on\"><\/i>Impuestos tur\u00edsticos y gastos de aparcamiento.<\/td>\n<\/tr>\n<\/tbody>\n<\/table>\n<\/td>\n<\/tr>\n<tr>\n<td><b>No incluido<\/b><\/td>\n<td>\n<table class=\"table table-bordered\" style=\"height: 62px;\" width=\"300\">\n<tbody>\n<tr>\n<td><i class=\"fa fa-times icon-tick icon-tick--off\"><\/i>Almuerzo.<\/td>\n<\/tr>\n<tr>\n<td><i class=\"fa fa-times icon-tick icon-tick--off\"><\/i>Bebidas.<\/td>\n<\/tr>\n<tr>\n<td><i class=\"fa fa-times icon-tick icon-tick--off\"><\/i>Propinas.<\/td>\n<\/tr>\n<\/tbody>\n<\/table>\n<\/td>\n<\/tr>\n<\/tbody>\n<\/table>\n<p>[\/vc_column_text][\/vc_column][\/vc_row]<\/p>\n<\/div>","protected":false},"excerpt":{"rendered":"<p>Excursi\u00f3n de un d\u00eda desde Marrakech a los valles de Ourika, Oukaimeden (con el monte Toubkal) y Asni.<\/p>\n","protected":false},"featured_media":3079,"template":"","meta":[],"product_brand":[],"product_cat":[151],"product_tag":[],"class_list":{"0":"post-3078","1":"product","2":"type-product","3":"status-publish","4":"has-post-thumbnail","6":"product_cat-excursiones-marrakech","7":"tour_category-excursiones-desde-marrakech","9":"first","10":"instock","11":"shipping-taxable","12":"purchasable","13":"product-type-tour"},"_links":{"self":[{"href":"https:\/\/facetours.ma\/es\/wp-json\/wp\/v2\/product\/3078","targetHints":{"allow":["GET"]}}],"collection":[{"href":"https:\/\/facetours.ma\/es\/wp-json\/wp\/v2\/product"}],"about":[{"href":"https:\/\/facetours.ma\/es\/wp-json\/wp\/v2\/types\/product"}],"wp:featuredmedia":[{"embeddable":true,"href":"https:\/\/facetours.ma\/es\/wp-json\/wp\/v2\/media\/3079"}],"wp:attachment":[{"href":"https:\/\/facetours.ma\/es\/wp-json\/wp\/v2\/media?parent=3078"}],"wp:term":[{"taxonomy":"product_brand","embeddable":true,"href":"https:\/\/facetours.ma\/es\/wp-json\/wp\/v2\/product_brand?post=3078"},{"taxonomy":"product_cat","embeddable":true,"href":"https:\/\/facetours.ma\/es\/wp-json\/wp\/v2\/product_cat?post=3078"},{"taxonomy":"product_tag","embeddable":true,"href":"https:\/\/facetours.ma\/es\/wp-json\/wp\/v2\/product_tag?post=3078"}],"curies":[{"name":"wp","href":"https:\/\/api.w.org\/{rel}","templated":true}]}}