{"id":3076,"date":"2022-08-30T11:24:53","date_gmt":"2022-08-30T10:24:53","guid":{"rendered":"https:\/\/facetours.ma\/?post_type=product&#038;p=3076"},"modified":"2025-01-24T14:15:27","modified_gmt":"2025-01-24T13:15:27","slug":"ouarzazate-ait-ben-haddou-excursion-marrakech","status":"publish","type":"product","link":"https:\/\/facetours.ma\/es\/mejores-circuitos-marruecos\/ouarzazate-ait-ben-haddou-excursion-marrakech\/","title":{"rendered":"Excursi\u00f3n a Ouarzazate y Ait Ben Haddou desde Marrakech"},"content":{"rendered":"<div class=\"wpb-content-wrapper\"><p>[vc_row][vc_column][vc_column_text]Descubre Ouarzazate y Ait Ben Haddou en una fascinante excursi\u00f3n de un d\u00eda desde Marrakech. El recorrido nos llevar\u00e1 a trav\u00e9s de pintorescos pueblos bereberes, las imponentes monta\u00f1as del Alto Atlas y paisajes asombrosos. Seguiremos la carretera serpenteante del Atlas y el puerto de Tizi n&#8217;Tichka, deteni\u00e9ndonos para admirar las vistas panor\u00e1micas.<\/p>\n<p>Continuaremos hacia Ouarzazate, donde visitaremos la Kasbah de Taourirt, una residencia fortificada hist\u00f3rica construida originalmente en el siglo XVII por la poderosa familia local Imzwarn y ampliada por la familia Glaoui en el siglo XIX. Luego, exploraremos los Estudios Atlas, un famoso estudio cinematogr\u00e1fico en Ouarzazate, conocido como el &#8220;Hollywood de Marruecos&#8221;, donde se conservan decorados de pel\u00edculas y se ofrece a los turistas una experiencia \u00fanica en el mundo del cine.<\/p>\n<p>Despu\u00e9s, nos dirigiremos a la Kasbah de Ait Ben Haddou, un ksar (pueblo fortificado) declarado Patrimonio de la Humanidad por la UNESCO en 1987. Situado en la antigua ruta de caravanas entre el Sahara y Marrakech, este lugar ha sido escenario de numerosas pel\u00edculas, como La Momia (1999), Gladiator (2000), Alejandro Magno (2004), El Reino de los Cielos (2005) y Babel (2006). Tras un recorrido por el pueblo, disfrutaremos de un delicioso almuerzo (no incluido) antes de regresar a Marrakech.<\/p>\n<table class=\"table table-bordered tours-tabs__table\" style=\"height: 233px;\" width=\"862\">\n<tbody>\n<tr>\n<td><strong>Incluido<\/strong><\/td>\n<td>\n<table class=\"table table-bordered\" style=\"height: 62px;\" width=\"300\">\n<tbody>\n<tr>\n<td><i class=\"fa fa-check icon-tick icon-tick--on\"><\/i>Transporte con conductor.<\/td>\n<\/tr>\n<tr>\n<td><i class=\"fa fa-check icon-tick icon-tick--on\"><\/i>Gu\u00eda o conductor profesional.<\/td>\n<\/tr>\n<tr>\n<td><i class=\"fa fa-check icon-tick icon-tick--on\"><\/i>Gu\u00eda local y entrada a monumentos.<\/td>\n<\/tr>\n<tr>\n<td><i class=\"fa fa-check icon-tick icon-tick--on\"><\/i>Combustible y aire acondicionado.<\/td>\n<\/tr>\n<tr>\n<td><i class=\"fa fa-check icon-tick icon-tick--on\"><\/i>Impuestos tur\u00edsticos y gastos de aparcamiento.<\/td>\n<\/tr>\n<\/tbody>\n<\/table>\n<\/td>\n<\/tr>\n<tr>\n<td><b>No incluido<\/b><\/td>\n<td>\n<table class=\"table table-bordered\" style=\"height: 62px;\" width=\"300\">\n<tbody>\n<tr>\n<td><i class=\"fa fa-times icon-tick icon-tick--off\"><\/i>Almuerzo.<\/td>\n<\/tr>\n<tr>\n<td><i class=\"fa fa-times icon-tick icon-tick--off\"><\/i>Bebidas.<\/td>\n<\/tr>\n<tr>\n<td><i class=\"fa fa-times icon-tick icon-tick--off\"><\/i>Propinas.<\/td>\n<\/tr>\n<\/tbody>\n<\/table>\n<\/td>\n<\/tr>\n<\/tbody>\n<\/table>\n<p>[\/vc_column_text][\/vc_column][\/vc_row]<\/p>\n<\/div>","protected":false},"excerpt":{"rendered":"<p>Excursi\u00f3n de un d\u00eda desde Marrakech a Ouarzazate y Ait Ben Haddou. Recorrido por kasbahs hist\u00f3ricas y los Estudios Atlas.<\/p>\n","protected":false},"featured_media":3050,"template":"","meta":[],"product_brand":[],"product_cat":[151],"product_tag":[],"class_list":{"0":"post-3076","1":"product","2":"type-product","3":"status-publish","4":"has-post-thumbnail","6":"product_cat-excursiones-marrakech","7":"tour_category-excursiones-desde-marrakech","9":"first","10":"instock","11":"shipping-taxable","12":"purchasable","13":"product-type-tour"},"_links":{"self":[{"href":"https:\/\/facetours.ma\/es\/wp-json\/wp\/v2\/product\/3076","targetHints":{"allow":["GET"]}}],"collection":[{"href":"https:\/\/facetours.ma\/es\/wp-json\/wp\/v2\/product"}],"about":[{"href":"https:\/\/facetours.ma\/es\/wp-json\/wp\/v2\/types\/product"}],"wp:featuredmedia":[{"embeddable":true,"href":"https:\/\/facetours.ma\/es\/wp-json\/wp\/v2\/media\/3050"}],"wp:attachment":[{"href":"https:\/\/facetours.ma\/es\/wp-json\/wp\/v2\/media?parent=3076"}],"wp:term":[{"taxonomy":"product_brand","embeddable":true,"href":"https:\/\/facetours.ma\/es\/wp-json\/wp\/v2\/product_brand?post=3076"},{"taxonomy":"product_cat","embeddable":true,"href":"https:\/\/facetours.ma\/es\/wp-json\/wp\/v2\/product_cat?post=3076"},{"taxonomy":"product_tag","embeddable":true,"href":"https:\/\/facetours.ma\/es\/wp-json\/wp\/v2\/product_tag?post=3076"}],"curies":[{"name":"wp","href":"https:\/\/api.w.org\/{rel}","templated":true}]}}