{"id":3049,"date":"2022-08-30T11:28:02","date_gmt":"2022-08-30T10:28:02","guid":{"rendered":"https:\/\/facetours.ma\/?post_type=product&#038;p=3049"},"modified":"2025-01-24T14:07:14","modified_gmt":"2025-01-24T13:07:14","slug":"ait-ben-haddou-telouet-excursion-marrakech","status":"publish","type":"product","link":"https:\/\/facetours.ma\/es\/mejores-circuitos-marruecos\/ait-ben-haddou-telouet-excursion-marrakech\/","title":{"rendered":"Excursi\u00f3n a Ait Ben Haddou y Telouet desde Marrakech"},"content":{"rendered":"<div class=\"wpb-content-wrapper\"><p>[vc_row][vc_column][vc_column_text]Descubre los impresionantes paisajes y la rica historia del sur de Marruecos con una excursi\u00f3n de un d\u00eda desde Marrakech a las kasbahs de Ait Ben Haddou y Telouet. El viaje nos llevar\u00e1 a trav\u00e9s de numerosos pueblos bereberes, las majestuosas monta\u00f1as del Alto Atlas y paisajes espectaculares.<\/p>\n<p>Seguiremos la carretera serpenteante del Alto Atlas y el puerto de Tizi n&#8217;Tichka, deteni\u00e9ndonos despu\u00e9s de aproximadamente 2 horas para admirar las vistas panor\u00e1micas. Continuaremos hacia la Kasbah de Ait Ben Haddou, un ksar hist\u00f3rico (pueblo fortificado) que se encuentra en la antigua ruta de caravanas entre el Sahara y Marrakech. Declarada Patrimonio de la Humanidad por la UNESCO en 1987, Ait Ben Haddou ha sido escenario de numerosas pel\u00edculas, como La Momia (1999), Gladiator (2000), Alejandro Magno (2004), El Reino de los Cielos (2005) y Babel (2006).<\/p>\n<p>Despu\u00e9s de un recorrido por Ait Ben Haddou, disfrutaremos de un delicioso almuerzo (no incluido) y nos dirigiremos a la Kasbah de Telouet, pasando por m\u00e1s pueblos bereberes. El valle del Ounila fue el principal paso entre Marrakech y las rutas de caravanas del Sahara. Llegaremos a la Kasbah de Telouet, que fue la sede del poder de la familia El Glaoui, por lo que a veces tambi\u00e9n se le llama el Palacio del Glaoui. Su construcci\u00f3n comenz\u00f3 en 1860 y se ampli\u00f3 en a\u00f1os posteriores. Despu\u00e9s de fotografiar la Kasbah de Telouet, regresaremos a Marrakech.<\/p>\n<table class=\"table table-bordered tours-tabs__table\" style=\"height: 233px;\" width=\"862\">\n<tbody>\n<tr>\n<td><strong>Incluido<\/strong><\/td>\n<td>\n<table class=\"table table-bordered\" style=\"height: 62px;\" width=\"300\">\n<tbody>\n<tr>\n<td><i class=\"fa fa-check icon-tick icon-tick--on\"><\/i>Transporte con conductor.<\/td>\n<\/tr>\n<tr>\n<td><i class=\"fa fa-check icon-tick icon-tick--on\"><\/i>Gu\u00eda o conductor profesional.<\/td>\n<\/tr>\n<tr>\n<td><i class=\"fa fa-check icon-tick icon-tick--on\"><\/i>Combustible y aire acondicionado.<\/td>\n<\/tr>\n<tr>\n<td><i class=\"fa fa-check icon-tick icon-tick--on\"><\/i>Impuestos tur\u00edsticos y gastos de aparcamiento.<\/td>\n<\/tr>\n<tr>\n<td><i class=\"fa fa-check icon-tick icon-tick--on\"><\/i>Gu\u00eda local y entrada a monumentos.<\/td>\n<\/tr>\n<\/tbody>\n<\/table>\n<\/td>\n<\/tr>\n<tr>\n<td><b>No incluido<\/b><\/td>\n<td>\n<table class=\"table table-bordered\" style=\"height: 62px;\" width=\"300\">\n<tbody>\n<tr>\n<td><i class=\"fa fa-times icon-tick icon-tick--off\"><\/i>Almuerzo.<\/td>\n<\/tr>\n<tr>\n<td><i class=\"fa fa-times icon-tick icon-tick--off\"><\/i>Bebidas.<\/td>\n<\/tr>\n<tr>\n<td><i class=\"fa fa-times icon-tick icon-tick--off\"><\/i>Propinas.<\/td>\n<\/tr>\n<\/tbody>\n<\/table>\n<\/td>\n<\/tr>\n<\/tbody>\n<\/table>\n<p>[\/vc_column_text][\/vc_column][\/vc_row]<\/p>\n<\/div>","protected":false},"excerpt":{"rendered":"<p>Excursi\u00f3n de un d\u00eda desde Marrakech a Ait Ben Haddou y Telouet. Visita kasbahs hist\u00f3ricas y disfruta de paisajes impresionantes.<\/p>\n","protected":false},"featured_media":3051,"template":"","meta":[],"product_brand":[],"product_cat":[151],"product_tag":[],"class_list":{"0":"post-3049","1":"product","2":"type-product","3":"status-publish","4":"has-post-thumbnail","6":"product_cat-excursiones-marrakech","7":"tour_category-excursiones-desde-marrakech","9":"first","10":"instock","11":"shipping-taxable","12":"purchasable","13":"product-type-tour"},"_links":{"self":[{"href":"https:\/\/facetours.ma\/es\/wp-json\/wp\/v2\/product\/3049","targetHints":{"allow":["GET"]}}],"collection":[{"href":"https:\/\/facetours.ma\/es\/wp-json\/wp\/v2\/product"}],"about":[{"href":"https:\/\/facetours.ma\/es\/wp-json\/wp\/v2\/types\/product"}],"wp:featuredmedia":[{"embeddable":true,"href":"https:\/\/facetours.ma\/es\/wp-json\/wp\/v2\/media\/3051"}],"wp:attachment":[{"href":"https:\/\/facetours.ma\/es\/wp-json\/wp\/v2\/media?parent=3049"}],"wp:term":[{"taxonomy":"product_brand","embeddable":true,"href":"https:\/\/facetours.ma\/es\/wp-json\/wp\/v2\/product_brand?post=3049"},{"taxonomy":"product_cat","embeddable":true,"href":"https:\/\/facetours.ma\/es\/wp-json\/wp\/v2\/product_cat?post=3049"},{"taxonomy":"product_tag","embeddable":true,"href":"https:\/\/facetours.ma\/es\/wp-json\/wp\/v2\/product_tag?post=3049"}],"curies":[{"name":"wp","href":"https:\/\/api.w.org\/{rel}","templated":true}]}}