{"id":3045,"date":"2022-08-30T11:31:40","date_gmt":"2022-08-30T10:31:40","guid":{"rendered":"https:\/\/facetours.ma\/?post_type=product&#038;p=3045"},"modified":"2025-01-24T14:01:12","modified_gmt":"2025-01-24T13:01:12","slug":"casablanca-excursion-marrakech","status":"publish","type":"product","link":"https:\/\/facetours.ma\/es\/mejores-circuitos-marruecos\/casablanca-excursion-marrakech\/","title":{"rendered":"Excursi\u00f3n a Casablanca desde Marrakech | Un D\u00eda"},"content":{"rendered":"<div class=\"wpb-content-wrapper\"><p>[vc_row][vc_column][vc_column_text]Descubre Casablanca, la capital econ\u00f3mica de Marruecos, en una excursi\u00f3n de un d\u00eda desde Marrakech. Viajaremos por autopista durante aproximadamente 3 horas hasta llegar a esta vibrante ciudad.<\/p>\n<p>Comenzaremos nuestra visita en la playa de La Corniche, en Ain Diab, donde podr\u00e1s disfrutar del ambiente costero y tomar fotograf\u00edas. Continuaremos hacia Anfa, admirando sus modernos edificios.<\/p>\n<p>Luego, visitaremos la impresionante Mezquita Hassan II, la segunda mezquita en funcionamiento m\u00e1s grande de \u00c1frica y la s\u00e9ptima m\u00e1s grande del mundo. Su minarete, con 210 metros de altura, es el segundo m\u00e1s alto del mundo. Exploraremos tanto el interior como el exterior de la mezquita, incluyendo su museo.<\/p>\n<p>Nuestro recorrido continuar\u00e1 hacia la Plaza Mohammed V, una plaza p\u00fablica de gran importancia hist\u00f3rica y simb\u00f3lica en el centro de Casablanca, conocida tambi\u00e9n como la &#8220;Plaza de las Palomas&#8221;. Despu\u00e9s de disfrutar de un delicioso almuerzo (no incluido), regresaremos a Marrakech, la &#8220;Ciudad Roja&#8221;.<\/p>\n<table class=\"table table-bordered tours-tabs__table\" style=\"height: 233px;\" width=\"862\">\n<tbody>\n<tr>\n<td><strong>Incluido<\/strong><\/td>\n<td>\n<table class=\"table table-bordered\" style=\"height: 62px;\" width=\"300\">\n<tbody>\n<tr>\n<td><i class=\"fa fa-check icon-tick icon-tick--on\"><\/i>Transporte con conductor.<\/td>\n<\/tr>\n<tr>\n<td><i class=\"fa fa-check icon-tick icon-tick--on\"><\/i>Gu\u00eda o conductor profesional.<\/td>\n<\/tr>\n<tr>\n<td><i class=\"fa fa-check icon-tick icon-tick--on\"><\/i>Gu\u00eda local y entrada a monumentos.<\/td>\n<\/tr>\n<tr>\n<td><i class=\"fa fa-check icon-tick icon-tick--on\"><\/i>Combustible y aire acondicionado.<\/td>\n<\/tr>\n<tr>\n<td><i class=\"fa fa-check icon-tick icon-tick--on\"><\/i>Impuestos tur\u00edsticos y gastos de aparcamiento.<\/td>\n<\/tr>\n<\/tbody>\n<\/table>\n<\/td>\n<\/tr>\n<tr>\n<td><b>No incluido<\/b><\/td>\n<td>\n<table class=\"table table-bordered\" style=\"height: 62px;\" width=\"300\">\n<tbody>\n<tr>\n<td><i class=\"fa fa-times icon-tick icon-tick--off\"><\/i>Almuerzo.<\/td>\n<\/tr>\n<tr>\n<td><i class=\"fa fa-times icon-tick icon-tick--off\"><\/i>Bebidas.<\/td>\n<\/tr>\n<tr>\n<td><i class=\"fa fa-times icon-tick icon-tick--off\"><\/i>Propinas.<\/td>\n<\/tr>\n<\/tbody>\n<\/table>\n<\/td>\n<\/tr>\n<\/tbody>\n<\/table>\n<p>[\/vc_column_text][\/vc_column][\/vc_row]<\/p>\n<\/div>","protected":false},"excerpt":{"rendered":"<p>Excursi\u00f3n de un d\u00eda a Casablanca desde Marrakech. Recorrido por los principales lugares de inter\u00e9s, incluyendo la Mezquita Hassan II.<\/p>\n","protected":false},"featured_media":3017,"template":"","meta":[],"product_brand":[],"product_cat":[151],"product_tag":[],"class_list":{"0":"post-3045","1":"product","2":"type-product","3":"status-publish","4":"has-post-thumbnail","6":"product_cat-excursiones-marrakech","7":"tour_category-excursiones-desde-marrakech","9":"first","10":"instock","11":"shipping-taxable","12":"purchasable","13":"product-type-tour"},"_links":{"self":[{"href":"https:\/\/facetours.ma\/es\/wp-json\/wp\/v2\/product\/3045","targetHints":{"allow":["GET"]}}],"collection":[{"href":"https:\/\/facetours.ma\/es\/wp-json\/wp\/v2\/product"}],"about":[{"href":"https:\/\/facetours.ma\/es\/wp-json\/wp\/v2\/types\/product"}],"wp:featuredmedia":[{"embeddable":true,"href":"https:\/\/facetours.ma\/es\/wp-json\/wp\/v2\/media\/3017"}],"wp:attachment":[{"href":"https:\/\/facetours.ma\/es\/wp-json\/wp\/v2\/media?parent=3045"}],"wp:term":[{"taxonomy":"product_brand","embeddable":true,"href":"https:\/\/facetours.ma\/es\/wp-json\/wp\/v2\/product_brand?post=3045"},{"taxonomy":"product_cat","embeddable":true,"href":"https:\/\/facetours.ma\/es\/wp-json\/wp\/v2\/product_cat?post=3045"},{"taxonomy":"product_tag","embeddable":true,"href":"https:\/\/facetours.ma\/es\/wp-json\/wp\/v2\/product_tag?post=3045"}],"curies":[{"name":"wp","href":"https:\/\/api.w.org\/{rel}","templated":true}]}}