{"id":3037,"date":"2022-08-30T11:40:49","date_gmt":"2022-08-30T10:40:49","guid":{"rendered":"https:\/\/facetours.ma\/?post_type=product&#038;p=3037"},"modified":"2025-01-24T13:45:35","modified_gmt":"2025-01-24T12:45:35","slug":"valle-ourika-marrakech","status":"publish","type":"product","link":"https:\/\/facetours.ma\/es\/mejores-circuitos-marruecos\/valle-ourika-marrakech\/","title":{"rendered":"Excursi\u00f3n al Valle del Ourika desde Marrakech | Medio D\u00eda"},"content":{"rendered":"<div class=\"wpb-content-wrapper\"><p>[vc_row][vc_column][vc_column_text]Emb\u00e1rcate en una excursi\u00f3n de medio d\u00eda al Valle del Ourika, un para\u00edso natural a las puertas de Marrakech. Viajaremos a trav\u00e9s de las monta\u00f1as del Alto Atlas y seguiremos el curso del r\u00edo Ourika hasta llegar a este hermoso valle, ubicado a unos 30 km de la ciudad.<\/p>\n<p>Prep\u00e1rate para admirar paisajes impresionantes y cascadas de agua cristalina. Haremos una parada en Setti Fatma, un pueblo encantador conocido por sus siete cascadas. Disfruta de un refrescante descanso junto al r\u00edo Ourika antes de regresar a Marrakech.<\/p>\n<table class=\"table table-bordered tours-tabs__table\" style=\"height: 233px;\" width=\"862\">\n<tbody>\n<tr>\n<td><strong>Incluye<\/strong><\/td>\n<td>\n<table class=\"table table-bordered\" style=\"height: 62px;\" width=\"300\">\n<tbody>\n<tr>\n<td><i class=\"fa fa-check icon-tick icon-tick--on\"><\/i>Transporte con conductor.<\/td>\n<\/tr>\n<tr>\n<td><i class=\"fa fa-check icon-tick icon-tick--on\"><\/i>Gu\u00eda o conductor profesional.<\/td>\n<\/tr>\n<tr>\n<td><i class=\"fa fa-check icon-tick icon-tick--on\"><\/i>Combustible y aire acondicionado.<\/td>\n<\/tr>\n<tr>\n<td><i class=\"fa fa-check icon-tick icon-tick--on\"><\/i>Impuestos tur\u00edsticos y gastos de aparcamiento.<\/td>\n<\/tr>\n<\/tbody>\n<\/table>\n<\/td>\n<\/tr>\n<tr>\n<td><b>No incluido<\/b><\/td>\n<td>\n<table class=\"table table-bordered\" style=\"height: 62px;\" width=\"300\">\n<tbody>\n<tr>\n<td><i class=\"fa fa-times icon-tick icon-tick--off\"><\/i>Almuerzo.<\/td>\n<\/tr>\n<tr>\n<td><i class=\"fa fa-times icon-tick icon-tick--off\"><\/i>Bebidas.<\/td>\n<\/tr>\n<tr>\n<td><i class=\"fa fa-times icon-tick icon-tick--off\"><\/i>Propinas.<\/td>\n<\/tr>\n<\/tbody>\n<\/table>\n<\/td>\n<\/tr>\n<\/tbody>\n<\/table>\n<p>[\/vc_column_text][\/vc_column][\/vc_row]<\/p>\n<\/div>","protected":false},"excerpt":{"rendered":"<p>Excursi\u00f3n de medio d\u00eda al Valle del Ourika desde Marrakech. Explora cascadas, paisajes del Alto Atlas y Setti Fatma.<\/p>\n","protected":false},"featured_media":3038,"template":"","meta":[],"product_brand":[],"product_cat":[151],"product_tag":[],"class_list":{"0":"post-3037","1":"product","2":"type-product","3":"status-publish","4":"has-post-thumbnail","6":"product_cat-excursiones-marrakech","7":"tour_category-excursiones-desde-marrakech","9":"first","10":"instock","11":"shipping-taxable","12":"purchasable","13":"product-type-tour"},"_links":{"self":[{"href":"https:\/\/facetours.ma\/es\/wp-json\/wp\/v2\/product\/3037","targetHints":{"allow":["GET"]}}],"collection":[{"href":"https:\/\/facetours.ma\/es\/wp-json\/wp\/v2\/product"}],"about":[{"href":"https:\/\/facetours.ma\/es\/wp-json\/wp\/v2\/types\/product"}],"wp:featuredmedia":[{"embeddable":true,"href":"https:\/\/facetours.ma\/es\/wp-json\/wp\/v2\/media\/3038"}],"wp:attachment":[{"href":"https:\/\/facetours.ma\/es\/wp-json\/wp\/v2\/media?parent=3037"}],"wp:term":[{"taxonomy":"product_brand","embeddable":true,"href":"https:\/\/facetours.ma\/es\/wp-json\/wp\/v2\/product_brand?post=3037"},{"taxonomy":"product_cat","embeddable":true,"href":"https:\/\/facetours.ma\/es\/wp-json\/wp\/v2\/product_cat?post=3037"},{"taxonomy":"product_tag","embeddable":true,"href":"https:\/\/facetours.ma\/es\/wp-json\/wp\/v2\/product_tag?post=3037"}],"curies":[{"name":"wp","href":"https:\/\/api.w.org\/{rel}","templated":true}]}}