{"id":2989,"date":"2022-08-29T23:37:17","date_gmt":"2022-08-29T22:37:17","guid":{"rendered":"https:\/\/facetours.ma\/?post_type=product&#038;p=2989"},"modified":"2025-01-24T12:57:36","modified_gmt":"2025-01-24T11:57:36","slug":"rabat-excursion-casablanca","status":"publish","type":"product","link":"https:\/\/facetours.ma\/es\/mejores-circuitos-marruecos\/rabat-excursion-casablanca\/","title":{"rendered":"Excursi\u00f3n a Rabat desde Casablanca | Ciudad Imperial"},"content":{"rendered":"<div class=\"wpb-content-wrapper\"><p>[vc_row][vc_column][vc_column_text]Descubre Rabat, la capital administrativa y una de las ciudades imperiales de Marruecos, en una excursi\u00f3n de un d\u00eda desde Casablanca. Situada en el noroeste del Reino de Marruecos, Rabat, tambi\u00e9n conocida como la &#8220;Ciudad de las Luces&#8221;, te espera con un rico patrimonio hist\u00f3rico.<\/p>\n<p>Comenzaremos nuestro recorrido en la Chellah, una necr\u00f3polis musulmana fortificada de la \u00e9poca medieval, ubicada en el \u00e1rea metropolitana de Rabat. Este lugar tambi\u00e9n fue el emplazamiento de una antigua colonia romana en la provincia de la Mauritania Tingitana.<\/p>\n<p>Continuaremos hacia el Mausoleo de Mohammed V, que alberga las tumbas del rey marroqu\u00ed Mohammed V y sus dos hijos, el difunto rey Hassan II y el pr\u00edncipe Abdallah. Se encuentra frente a la Torre Hassan, el minarete de una mezquita inconclusa en Rabat, encargada por Abu Yusuf Yaqub al-Mansur, el tercer califa del califato almohade, a finales del siglo XII.<\/p>\n<p>Finalmente, visitaremos la Kasbah de los Oudayas, ubicada en la desembocadura del r\u00edo Bou Regreg y declarada Patrimonio de la Humanidad por la UNESCO en 2012. Despu\u00e9s de este recorrido completo, regresaremos a Casablanca.<\/p>\n<table class=\"table table-bordered tours-tabs__table\" style=\"height: 233px;\" width=\"862\">\n<tbody>\n<tr>\n<td><strong>Incluido<\/strong><\/td>\n<td>\n<table class=\"table table-bordered\" style=\"height: 62px;\" width=\"300\">\n<tbody>\n<tr>\n<td><i class=\"fa fa-check icon-tick icon-tick--on\"><\/i>Transporte con conductor.<\/td>\n<\/tr>\n<tr>\n<td><i class=\"fa fa-check icon-tick icon-tick--on\"><\/i>Gu\u00eda o conductor profesional.<\/td>\n<\/tr>\n<tr>\n<td><i class=\"fa fa-check icon-tick icon-tick--on\"><\/i>Combustible y aire acondicionado.<\/td>\n<\/tr>\n<tr>\n<td><i class=\"fa fa-check icon-tick icon-tick--on\"><\/i>Gu\u00eda local y entrada a monumentos.<\/td>\n<\/tr>\n<tr>\n<td><i class=\"fa fa-check icon-tick icon-tick--on\"><\/i>Impuestos tur\u00edsticos y gastos de aparcamiento.<\/td>\n<\/tr>\n<\/tbody>\n<\/table>\n<\/td>\n<\/tr>\n<tr>\n<td><b>No incluido<\/b><\/td>\n<td>\n<table class=\"table table-bordered\" style=\"height: 62px;\" width=\"300\">\n<tbody>\n<tr>\n<td><i class=\"fa fa-times icon-tick icon-tick--off\"><\/i>Almuerzo.<\/td>\n<\/tr>\n<tr>\n<td><i class=\"fa fa-times icon-tick icon-tick--off\"><\/i>Bebidas.<\/td>\n<\/tr>\n<tr>\n<td><i class=\"fa fa-times icon-tick icon-tick--off\"><\/i>Propinas.<\/td>\n<\/tr>\n<\/tbody>\n<\/table>\n<\/td>\n<\/tr>\n<\/tbody>\n<\/table>\n<p>[\/vc_column_text][\/vc_column][\/vc_row]<\/p>\n<\/div>","protected":false},"excerpt":{"rendered":"<p>Excursi\u00f3n a Rabat desde Casablanca. Recorrido por la Chellah, Mausoleo de Mohammed V, Torre Hassan y la Kasbah de los Oudayas.<\/p>\n","protected":false},"featured_media":2990,"template":"","meta":[],"product_brand":[],"product_cat":[149],"product_tag":[],"class_list":{"0":"post-2989","1":"product","2":"type-product","3":"status-publish","4":"has-post-thumbnail","6":"product_cat-excursiones-casablanca","7":"tour_category-excursiones-desde-casablanca","9":"first","10":"instock","11":"shipping-taxable","12":"purchasable","13":"product-type-tour"},"_links":{"self":[{"href":"https:\/\/facetours.ma\/es\/wp-json\/wp\/v2\/product\/2989","targetHints":{"allow":["GET"]}}],"collection":[{"href":"https:\/\/facetours.ma\/es\/wp-json\/wp\/v2\/product"}],"about":[{"href":"https:\/\/facetours.ma\/es\/wp-json\/wp\/v2\/types\/product"}],"wp:featuredmedia":[{"embeddable":true,"href":"https:\/\/facetours.ma\/es\/wp-json\/wp\/v2\/media\/2990"}],"wp:attachment":[{"href":"https:\/\/facetours.ma\/es\/wp-json\/wp\/v2\/media?parent=2989"}],"wp:term":[{"taxonomy":"product_brand","embeddable":true,"href":"https:\/\/facetours.ma\/es\/wp-json\/wp\/v2\/product_brand?post=2989"},{"taxonomy":"product_cat","embeddable":true,"href":"https:\/\/facetours.ma\/es\/wp-json\/wp\/v2\/product_cat?post=2989"},{"taxonomy":"product_tag","embeddable":true,"href":"https:\/\/facetours.ma\/es\/wp-json\/wp\/v2\/product_tag?post=2989"}],"curies":[{"name":"wp","href":"https:\/\/api.w.org\/{rel}","templated":true}]}}