{"id":2955,"date":"2022-08-30T00:30:54","date_gmt":"2022-08-29T23:30:54","guid":{"rendered":"https:\/\/facetours.ma\/?post_type=product&#038;p=2955"},"modified":"2025-01-24T12:03:10","modified_gmt":"2025-01-24T11:03:10","slug":"tafraout-tiznit-excursion-agadir-taghazout","status":"publish","type":"product","link":"https:\/\/facetours.ma\/es\/mejores-circuitos-marruecos\/tafraout-tiznit-excursion-agadir-taghazout\/","title":{"rendered":"Excursi\u00f3n a Tafraout y Tiznit desde Agadir y Taghazout"},"content":{"rendered":"<div class=\"wpb-content-wrapper\"><p>[vc_row][vc_column][vc_column_text]Descubre Tafraout y Tiznit en una fascinante excursi\u00f3n de un d\u00eda desde Agadir y Taghazout. Conduciremos hacia Tafraout, cuyo nombre bereber significa &#8220;cuenca donde se vierte el agua extra\u00edda de un pozo&#8221;. Atravesaremos las monta\u00f1as del Anti-Atlas y pintorescos pueblos bereberes.<\/p>\n<p>Nuestra primera parada ser\u00e1 en la Kasbah de Tizourgane, donde podr\u00e1s fotografiar la autenticidad de la tierra de Ida Ougnidif, un peque\u00f1o pueblo fortificado que data del siglo XIII. Continuaremos hacia Tafraout, famosa por sus babuchas amarillas y rojas. Rodeada por las colinas rojizas del Anti-Atlas, Tafraout es un destino popular para escaladores que vienen a escalar picos cercanos, como la monta\u00f1a conocida como el Sombrero de Napole\u00f3n. Disfrutaremos de un almuerzo en un restaurante local.<\/p>\n<p>Despu\u00e9s, nos dirigiremos a Tiznit, una hermosa ciudad considerada el centro de las t\u00e9cnicas de joyer\u00eda bereber y conocida por su trabajo en plata. Tendremos tiempo para visitar la ciudad y realizar algunas compras antes de regresar a Agadir.<\/p>\n<table class=\"table table-bordered tours-tabs__table\" style=\"height: 233px;\" width=\"862\">\n<tbody>\n<tr>\n<td><strong>Incluido<\/strong><\/td>\n<td>\n<table class=\"table table-bordered\" style=\"height: 62px;\" width=\"300\">\n<tbody>\n<tr>\n<td><i class=\"fa fa-check icon-tick icon-tick--on\"><\/i>Transporte con conductor.<\/td>\n<\/tr>\n<tr>\n<td><i class=\"fa fa-check icon-tick icon-tick--on\"><\/i>Combustible y aire acondicionado.<\/td>\n<\/tr>\n<tr>\n<td><i class=\"fa fa-check icon-tick icon-tick--on\"><\/i>Impuestos tur\u00edsticos y gastos de aparcamiento.<\/td>\n<\/tr>\n<tr>\n<td><i class=\"fa fa-check icon-tick icon-tick--on\"><\/i>Gu\u00eda o conductor que habla ingl\u00e9s.<\/td>\n<\/tr>\n<\/tbody>\n<\/table>\n<\/td>\n<\/tr>\n<tr>\n<td><b>No incluido<\/b><\/td>\n<td>\n<table class=\"table table-bordered\" style=\"height: 62px;\" width=\"300\">\n<tbody>\n<tr>\n<td><i class=\"fa fa-times icon-tick icon-tick--off\"><\/i>Bebidas.<\/td>\n<\/tr>\n<tr>\n<td><i class=\"fa fa-times icon-tick icon-tick--off\"><\/i>Almuerzo.<\/td>\n<\/tr>\n<tr>\n<td><i class=\"fa fa-times icon-tick icon-tick--off\"><\/i>Propinas.<\/td>\n<\/tr>\n<\/tbody>\n<\/table>\n<\/td>\n<\/tr>\n<\/tbody>\n<\/table>\n<p>[\/vc_column_text][\/vc_column][\/vc_row]<\/p>\n<\/div>","protected":false},"excerpt":{"rendered":"<p>Excursi\u00f3n a Tafraout y Tiznit desde Agadir y Taghazout. Incluye visita a la Kasbah, Tafraout y sus alrededores, y la ciudad de Tiznit.<\/p>\n","protected":false},"featured_media":2956,"template":"","meta":[],"product_brand":[],"product_cat":[148],"product_tag":[],"class_list":{"0":"post-2955","1":"product","2":"type-product","3":"status-publish","4":"has-post-thumbnail","6":"product_cat-excursiones-agadir-taghazout","7":"tour_category-excursiones-desde-agadir-taghazout","9":"first","10":"instock","11":"shipping-taxable","12":"purchasable","13":"product-type-tour"},"_links":{"self":[{"href":"https:\/\/facetours.ma\/es\/wp-json\/wp\/v2\/product\/2955","targetHints":{"allow":["GET"]}}],"collection":[{"href":"https:\/\/facetours.ma\/es\/wp-json\/wp\/v2\/product"}],"about":[{"href":"https:\/\/facetours.ma\/es\/wp-json\/wp\/v2\/types\/product"}],"wp:featuredmedia":[{"embeddable":true,"href":"https:\/\/facetours.ma\/es\/wp-json\/wp\/v2\/media\/2956"}],"wp:attachment":[{"href":"https:\/\/facetours.ma\/es\/wp-json\/wp\/v2\/media?parent=2955"}],"wp:term":[{"taxonomy":"product_brand","embeddable":true,"href":"https:\/\/facetours.ma\/es\/wp-json\/wp\/v2\/product_brand?post=2955"},{"taxonomy":"product_cat","embeddable":true,"href":"https:\/\/facetours.ma\/es\/wp-json\/wp\/v2\/product_cat?post=2955"},{"taxonomy":"product_tag","embeddable":true,"href":"https:\/\/facetours.ma\/es\/wp-json\/wp\/v2\/product_tag?post=2955"}],"curies":[{"name":"wp","href":"https:\/\/api.w.org\/{rel}","templated":true}]}}