{"id":2938,"date":"2022-08-30T10:37:55","date_gmt":"2022-08-30T09:37:55","guid":{"rendered":"https:\/\/facetours.ma\/?post_type=product&#038;p=2938"},"modified":"2025-01-24T11:58:34","modified_gmt":"2025-01-24T10:58:34","slug":"marrakech-excursion-agadir-taghazout","status":"publish","type":"product","link":"https:\/\/facetours.ma\/es\/mejores-circuitos-marruecos\/marrakech-excursion-agadir-taghazout\/","title":{"rendered":"Excursi\u00f3n a Marrakech desde Agadir y Taghazout"},"content":{"rendered":"<div class=\"wpb-content-wrapper\"><p>[vc_row][vc_column][vc_column_text]Emb\u00e1rcate en una excursi\u00f3n de un d\u00eda a Marrakech, la &#8220;Ciudad Roja&#8221;, desde Agadir y Taghazout. Viajaremos por autopista, atravesando pueblos bereberes, hasta llegar a Marrakech en aproximadamente 3 horas.<\/p>\n<p>Marrakech, famosa por sus murallas y edificios de piedra arenisca roja, te cautivar\u00e1 con su encanto. Comenzaremos nuestro recorrido visitando la mezquita y jardines de Koutoubia, cuyo minarete de 77 metros es el m\u00e1s alto de la ciudad. Luego, nos adentraremos en el Palacio de Bahia, una joya arquitect\u00f3nica de mediados del siglo XIX.<\/p>\n<p>Por la tarde, prep\u00e1rate para sumergirte en el bullicio de la plaza Jemaa el-Fnaa, declarada Patrimonio Cultural Inmaterial de la Humanidad por la UNESCO. Aqu\u00ed encontrar\u00e1s encantadores de serpientes, artistas callejeros, vendedores ambulantes y mucho m\u00e1s, que crean una atm\u00f3sfera \u00fanica.<\/p>\n<p>Despu\u00e9s de un tiempo libre para explorar la ciudad a tu ritmo, regresaremos a Agadir.<\/p>\n<table class=\"table table-bordered tours-tabs__table\" style=\"height: 233px;\" width=\"862\">\n<tbody>\n<tr>\n<td><strong>Incluido<\/strong><\/td>\n<td>\n<table class=\"table table-bordered\" style=\"height: 62px;\" width=\"300\">\n<tbody>\n<tr>\n<td><i class=\"fa fa-check icon-tick icon-tick--on\"><\/i>Transporte con conductor.<\/td>\n<\/tr>\n<tr>\n<td><i class=\"fa fa-check icon-tick icon-tick--on\"><\/i>Combustible y aire acondicionado.<\/td>\n<\/tr>\n<tr>\n<td><i class=\"fa fa-check icon-tick icon-tick--on\"><\/i>Impuestos tur\u00edsticos y gastos de aparcamiento.<\/td>\n<\/tr>\n<tr>\n<td><i class=\"fa fa-check icon-tick icon-tick--on\"><\/i>Gu\u00eda o conductor profesional.<\/td>\n<\/tr>\n<tr>\n<td><i class=\"fa fa-check icon-tick icon-tick--on\"><\/i>Gu\u00eda local y entrada a monumentos.<\/td>\n<\/tr>\n<\/tbody>\n<\/table>\n<\/td>\n<\/tr>\n<tr>\n<td><b>No incluido<\/b><\/td>\n<td>\n<table class=\"table table-bordered\" style=\"height: 62px;\" width=\"300\">\n<tbody>\n<tr>\n<td><i class=\"fa fa-times icon-tick icon-tick--off\"><\/i>Almuerzo.<\/td>\n<\/tr>\n<tr>\n<td><i class=\"fa fa-times icon-tick icon-tick--off\"><\/i>Bebidas.<\/td>\n<\/tr>\n<tr>\n<td><i class=\"fa fa-times icon-tick icon-tick--off\"><\/i>Propinas.<\/td>\n<\/tr>\n<\/tbody>\n<\/table>\n<\/td>\n<\/tr>\n<\/tbody>\n<\/table>\n<p>[\/vc_column_text][\/vc_column][\/vc_row]<\/p>\n<\/div>","protected":false},"excerpt":{"rendered":"<p>Excursi\u00f3n a Marrakech desde Agadir y Taghazout. Visita la mezquita Koutoubia, el Palacio de Bahia y la plaza Jemaa el-Fnaa.<\/p>\n","protected":false},"featured_media":2944,"template":"","meta":[],"product_brand":[],"product_cat":[148],"product_tag":[],"class_list":{"0":"post-2938","1":"product","2":"type-product","3":"status-publish","4":"has-post-thumbnail","6":"product_cat-excursiones-agadir-taghazout","7":"tour_category-excursiones-desde-agadir-taghazout","9":"first","10":"instock","11":"shipping-taxable","12":"purchasable","13":"product-type-tour"},"_links":{"self":[{"href":"https:\/\/facetours.ma\/es\/wp-json\/wp\/v2\/product\/2938","targetHints":{"allow":["GET"]}}],"collection":[{"href":"https:\/\/facetours.ma\/es\/wp-json\/wp\/v2\/product"}],"about":[{"href":"https:\/\/facetours.ma\/es\/wp-json\/wp\/v2\/types\/product"}],"wp:featuredmedia":[{"embeddable":true,"href":"https:\/\/facetours.ma\/es\/wp-json\/wp\/v2\/media\/2944"}],"wp:attachment":[{"href":"https:\/\/facetours.ma\/es\/wp-json\/wp\/v2\/media?parent=2938"}],"wp:term":[{"taxonomy":"product_brand","embeddable":true,"href":"https:\/\/facetours.ma\/es\/wp-json\/wp\/v2\/product_brand?post=2938"},{"taxonomy":"product_cat","embeddable":true,"href":"https:\/\/facetours.ma\/es\/wp-json\/wp\/v2\/product_cat?post=2938"},{"taxonomy":"product_tag","embeddable":true,"href":"https:\/\/facetours.ma\/es\/wp-json\/wp\/v2\/product_tag?post=2938"}],"curies":[{"name":"wp","href":"https:\/\/api.w.org\/{rel}","templated":true}]}}