{"id":2928,"date":"2022-08-30T00:26:24","date_gmt":"2022-08-29T23:26:24","guid":{"rendered":"https:\/\/facetours.ma\/?post_type=product&#038;p=2928"},"modified":"2025-01-24T11:53:27","modified_gmt":"2025-01-24T10:53:27","slug":"massa-dunas-excursion-agadir-taghazout","status":"publish","type":"product","link":"https:\/\/facetours.ma\/es\/mejores-circuitos-marruecos\/massa-dunas-excursion-agadir-taghazout\/","title":{"rendered":"Excursi\u00f3n a Massa y Dunas desde Agadir y Taghazout"},"content":{"rendered":"<div class=\"wpb-content-wrapper\"><p>[vc_row][vc_column][vc_column_text]Prep\u00e1rate para una emocionante excursi\u00f3n en jeep a Massa y las peque\u00f1as dunas, partiendo desde Agadir y Taghazout. Nos dirigiremos primero a un pueblo alfarero para descubrir el arte de la cer\u00e1mica local. Luego, nos dirigiremos a la presa de Youssef ben Tachfine, donde disfrutaremos de una vista panor\u00e1mica desde la cima de la monta\u00f1a.<\/p>\n<p>Continuaremos hacia las peque\u00f1as dunas, donde tendr\u00e1s la oportunidad de dar un breve paseo en camello y disfrutar del paisaje des\u00e9rtico. Despu\u00e9s, disfrutaremos de un delicioso almuerzo en una casa bereber local.<\/p>\n<p>Dejando atr\u00e1s las dunas, nos adentraremos en el Parque Nacional Souss-Massa, un para\u00edso natural donde podremos observar aves, incluyendo flamencos rosados, la gaviota de Audouin y el ibis eremita, una especie rara y en peligro de extinci\u00f3n.<\/p>\n<p>Finalmente, nos dirigiremos a la salvaje playa de Sidi Rbat, donde exploraremos cuevas costeras y aprenderemos sobre las t\u00e9cnicas de pesca locales. Conduciremos por pistas y terrenos arenosos hasta el pueblo y la playa de Tifnit, donde disfrutaremos de este entorno natural antes de regresar a Agadir.<\/p>\n<table class=\"table table-bordered tours-tabs__table\" style=\"height: 233px;\" width=\"862\">\n<tbody>\n<tr>\n<td><strong>Incluido<\/strong><\/td>\n<td>\n<table class=\"table table-bordered\" style=\"height: 62px;\" width=\"300\">\n<tbody>\n<tr>\n<td><i class=\"fa fa-check icon-tick icon-tick--on\"><\/i>Transporte con conductor.<\/td>\n<\/tr>\n<tr>\n<td><i class=\"fa fa-check icon-tick icon-tick--on\"><\/i>Gu\u00eda o conductor profesional.<\/td>\n<\/tr>\n<tr>\n<td><i class=\"fa fa-check icon-tick icon-tick--on\"><\/i>Combustible y aire acondicionado.<\/td>\n<\/tr>\n<tr>\n<td><i class=\"fa fa-check icon-tick icon-tick--on\"><\/i>Impuestos tur\u00edsticos y gastos de aparcamiento.<\/td>\n<\/tr>\n<tr>\n<td><i class=\"fa fa-check icon-tick icon-tick--on\"><\/i>Almuerzo.<\/td>\n<\/tr>\n<\/tbody>\n<\/table>\n<\/td>\n<\/tr>\n<tr>\n<td><b>No incluido<\/b><\/td>\n<td>\n<table class=\"table table-bordered\" style=\"height: 62px;\" width=\"300\">\n<tbody>\n<tr>\n<td><i class=\"fa fa-times icon-tick icon-tick--off\"><\/i>Bebidas.<\/td>\n<\/tr>\n<tr>\n<td><i class=\"fa fa-times icon-tick icon-tick--off\"><\/i>Propinas.<\/td>\n<\/tr>\n<\/tbody>\n<\/table>\n<\/td>\n<\/tr>\n<\/tbody>\n<\/table>\n<p>[\/vc_column_text][\/vc_column][\/vc_row]<\/p>\n<\/div>","protected":false},"excerpt":{"rendered":"<p>Excursi\u00f3n a Massa y las dunas desde Agadir y Taghazout. Incluye visita a pueblo alfarero, paseo en camello y almuerzo.<\/p>\n","protected":false},"featured_media":2929,"template":"","meta":[],"product_brand":[],"product_cat":[148],"product_tag":[],"class_list":{"0":"post-2928","1":"product","2":"type-product","3":"status-publish","4":"has-post-thumbnail","6":"product_cat-excursiones-agadir-taghazout","7":"tour_category-excursiones-desde-agadir-taghazout","9":"first","10":"instock","11":"shipping-taxable","12":"purchasable","13":"product-type-tour"},"_links":{"self":[{"href":"https:\/\/facetours.ma\/es\/wp-json\/wp\/v2\/product\/2928","targetHints":{"allow":["GET"]}}],"collection":[{"href":"https:\/\/facetours.ma\/es\/wp-json\/wp\/v2\/product"}],"about":[{"href":"https:\/\/facetours.ma\/es\/wp-json\/wp\/v2\/types\/product"}],"wp:featuredmedia":[{"embeddable":true,"href":"https:\/\/facetours.ma\/es\/wp-json\/wp\/v2\/media\/2929"}],"wp:attachment":[{"href":"https:\/\/facetours.ma\/es\/wp-json\/wp\/v2\/media?parent=2928"}],"wp:term":[{"taxonomy":"product_brand","embeddable":true,"href":"https:\/\/facetours.ma\/es\/wp-json\/wp\/v2\/product_brand?post=2928"},{"taxonomy":"product_cat","embeddable":true,"href":"https:\/\/facetours.ma\/es\/wp-json\/wp\/v2\/product_cat?post=2928"},{"taxonomy":"product_tag","embeddable":true,"href":"https:\/\/facetours.ma\/es\/wp-json\/wp\/v2\/product_tag?post=2928"}],"curies":[{"name":"wp","href":"https:\/\/api.w.org\/{rel}","templated":true}]}}