{"id":2918,"date":"2022-08-30T10:50:34","date_gmt":"2022-08-30T09:50:34","guid":{"rendered":"https:\/\/facetours.ma\/?post_type=product&#038;p=2918"},"modified":"2025-01-24T11:47:03","modified_gmt":"2025-01-24T10:47:03","slug":"excursion-legzira-agadir-taghazout","status":"publish","type":"product","link":"https:\/\/facetours.ma\/es\/mejores-circuitos-marruecos\/excursion-legzira-agadir-taghazout\/","title":{"rendered":"Excursi\u00f3n a la Playa de Legzira desde Agadir y Taghazout"},"content":{"rendered":"<div class=\"wpb-content-wrapper\"><p>[vc_row][vc_column][vc_column_text]Prep\u00e1rate para un d\u00eda de playa inolvidable en Legzira, un lugar favorito para surfistas y amantes del sol. Disfrutaremos de una de las playas m\u00e1s hermosas y limpias de Marruecos. Nuestra excursi\u00f3n comenzar\u00e1 con una parada en Tiznit, conocida como la &#8220;Ciudad de Plata&#8221;. Continuaremos nuestro recorrido por la carretera costera, pasando por Aglou y Mirleft, disfrutando de impresionantes vistas del Atl\u00e1ntico.<\/p>\n<p>Al llegar a la playa de Legzira, bajaremos a la costa para disfrutar de toda la ma\u00f1ana y parte de la tarde. Podr\u00e1s pasear por la orilla, relajarte bajo el sol, disfrutar de las olas del oc\u00e9ano y capturar las famosas formaciones rocosas. Despu\u00e9s de tiempo libre para disfrutar de la playa y almorzar pescado fresco (no incluido), regresaremos a Agadir.<\/p>\n<table class=\"table table-bordered tours-tabs__table\" style=\"height: 233px;\" width=\"862\">\n<tbody>\n<tr>\n<td><strong>Incluido<\/strong><\/td>\n<td>\n<table class=\"table table-bordered\" style=\"height: 62px;\" width=\"300\">\n<tbody>\n<tr>\n<td><i class=\"fa fa-check icon-tick icon-tick--on\"><\/i>Transporte con conductor.<\/td>\n<\/tr>\n<tr>\n<td><i class=\"fa fa-check icon-tick icon-tick--on\"><\/i>Gu\u00eda o conductor profesional.<\/td>\n<\/tr>\n<tr>\n<td><i class=\"fa fa-check icon-tick icon-tick--on\"><\/i>Combustible y aire acondicionado.<\/td>\n<\/tr>\n<tr>\n<td><i class=\"fa fa-check icon-tick icon-tick--on\"><\/i>Impuestos tur\u00edsticos y gastos de aparcamiento.<\/td>\n<\/tr>\n<\/tbody>\n<\/table>\n<\/td>\n<\/tr>\n<tr>\n<td><b>No incluido<\/b><\/td>\n<td>\n<table class=\"table table-bordered\" style=\"height: 62px;\" width=\"300\">\n<tbody>\n<tr>\n<td><i class=\"fa fa-times icon-tick icon-tick--off\"><\/i>Almuerzo.<\/td>\n<\/tr>\n<tr>\n<td><i class=\"fa fa-times icon-tick icon-tick--off\"><\/i>Bebidas.<\/td>\n<\/tr>\n<tr>\n<td><i class=\"fa fa-times icon-tick icon-tick--off\"><\/i>Propinas.<\/td>\n<\/tr>\n<\/tbody>\n<\/table>\n<\/td>\n<\/tr>\n<\/tbody>\n<\/table>\n<p>[\/vc_column_text][\/vc_column][\/vc_row]<\/p>\n<\/div>","protected":false},"excerpt":{"rendered":"<p>Excursi\u00f3n a la playa de Legzira desde Agadir y Taghazout. Visita Tiznit, disfruta de la playa y sus formaciones rocosas.<\/p>\n","protected":false},"featured_media":2919,"template":"","meta":[],"product_brand":[],"product_cat":[148],"product_tag":[],"class_list":{"0":"post-2918","1":"product","2":"type-product","3":"status-publish","4":"has-post-thumbnail","6":"product_cat-excursiones-agadir-taghazout","7":"tour_category-excursiones-desde-agadir-taghazout","9":"first","10":"instock","11":"shipping-taxable","12":"purchasable","13":"product-type-tour"},"_links":{"self":[{"href":"https:\/\/facetours.ma\/es\/wp-json\/wp\/v2\/product\/2918","targetHints":{"allow":["GET"]}}],"collection":[{"href":"https:\/\/facetours.ma\/es\/wp-json\/wp\/v2\/product"}],"about":[{"href":"https:\/\/facetours.ma\/es\/wp-json\/wp\/v2\/types\/product"}],"wp:featuredmedia":[{"embeddable":true,"href":"https:\/\/facetours.ma\/es\/wp-json\/wp\/v2\/media\/2919"}],"wp:attachment":[{"href":"https:\/\/facetours.ma\/es\/wp-json\/wp\/v2\/media?parent=2918"}],"wp:term":[{"taxonomy":"product_brand","embeddable":true,"href":"https:\/\/facetours.ma\/es\/wp-json\/wp\/v2\/product_brand?post=2918"},{"taxonomy":"product_cat","embeddable":true,"href":"https:\/\/facetours.ma\/es\/wp-json\/wp\/v2\/product_cat?post=2918"},{"taxonomy":"product_tag","embeddable":true,"href":"https:\/\/facetours.ma\/es\/wp-json\/wp\/v2\/product_tag?post=2918"}],"curies":[{"name":"wp","href":"https:\/\/api.w.org\/{rel}","templated":true}]}}